{"id":2320,"date":"2018-10-25T15:43:08","date_gmt":"2018-10-25T14:43:08","guid":{"rendered":"http:\/\/wordpress.nibis.de\/gs-klint\/?page_id=2320"},"modified":"2024-02-11T19:59:26","modified_gmt":"2024-02-11T18:59:26","slug":"gesundes-fruehstueck","status":"publish","type":"page","link":"https:\/\/wordpress.nibis.de\/gs-klint\/schulalltag\/gesundes-fruehstueck\/","title":{"rendered":"Gesundes Fr\u00fchst\u00fcck"},"content":{"rendered":"<p style=\"text-align: justify\">Ein gesundes Fr\u00fchst\u00fcck ist die Grundlage f\u00fcr einen guten Start in den<br \/>\nTag.<\/p>\n<p>Und somit hei\u00dft es f\u00fcr die Eltern vom Fr\u00fchst\u00fccksteam der<br \/>\nGrundschule Klint einmal pro Monat:<br \/>\nSch\u00fcrzen umgebunden, Messer gesch\u00e4rft und ran ans Schnippeln!!!<br \/>\nDas Bio-Obst und Bio-Gem\u00fcse wird morgens vom Bioladen im Magniviertel<br \/>\nabgeholt und in der Schulk\u00fcche verzehrfertig angerichtet. Dazu gibt es<br \/>\nK\u00e4sestangen oder M\u00fcslibr\u00f6tchen ebenfalls vom Bio-Brotladen, also alles<br \/>\n&#8222;Bio&#8220; und vegetarisch.<\/p>\n<p style=\"text-align: justify\">P\u00fcnktlich zur Fr\u00fchst\u00fcckspause steht dann das gesunde Buffet im 1.<br \/>\nObergeschoss f\u00fcr die Sch\u00fclerinnen und Sch\u00fcler bereit.<br \/>\nDie Lehrerinnen sind informiert und schicken die Sch\u00fcler ans Buffet.<br \/>\nDie Kinder suchen sich aus, was und wieviel sie m\u00f6chten. F\u00fcr eine halbe<br \/>\nK\u00e4sestange bezahlen die Kinder 1 Euro und ein<br \/>\nSch\u00e4lchen Obst und Gem\u00fcse kostet ebenfalls 1 Euro. Obst und Gem\u00fcse kann jederzeit<br \/>\nnachgeholt werden.<\/p>\n<p style=\"text-align: justify\">Das Buffet ist jedes Mal gepl\u00fcndert \u2026 was uns zeigt, dass die<br \/>\nSch\u00fclerinnen und Sch\u00fcler gro\u00dfen Spa\u00df und Appetit an dieser Abwechslung<br \/>\nvom Schulalltag haben.<\/p>\n<div id='gallery-1' class='gallery galleryid-2320 gallery-columns-3 gallery-size-thumbnail'><figure class='gallery-item'>\n\t\t\t<div class='gallery-icon landscape'>\n\t\t\t\t<a href='https:\/\/wordpress.nibis.de\/gs-klint\/schulalltag\/gesundes-fruehstueck\/20181019_083404_resized\/'><img loading=\"lazy\" decoding=\"async\" width=\"141\" height=\"141\" src=\"https:\/\/wordpress.nibis.de\/gs-klint\/files\/20181019_083404_resized-150x150.jpg\" class=\"attachment-thumbnail size-thumbnail\" alt=\"\" \/><\/a>\n\t\t\t<\/div><\/figure><figure class='gallery-item'>\n\t\t\t<div class='gallery-icon landscape'>\n\t\t\t\t<a href='https:\/\/wordpress.nibis.de\/gs-klint\/schulalltag\/gesundes-fruehstueck\/20181019_083414_resized\/'><img loading=\"lazy\" decoding=\"async\" width=\"141\" height=\"141\" src=\"https:\/\/wordpress.nibis.de\/gs-klint\/files\/20181019_083414_resized-150x150.jpg\" class=\"attachment-thumbnail size-thumbnail\" alt=\"\" \/><\/a>\n\t\t\t<\/div><\/figure><figure class='gallery-item'>\n\t\t\t<div class='gallery-icon landscape'>\n\t\t\t\t<a href='https:\/\/wordpress.nibis.de\/gs-klint\/schulalltag\/gesundes-fruehstueck\/20181019_083449_resized\/'><img loading=\"lazy\" decoding=\"async\" width=\"141\" height=\"141\" src=\"https:\/\/wordpress.nibis.de\/gs-klint\/files\/20181019_083449_resized-150x150.jpg\" class=\"attachment-thumbnail size-thumbnail\" alt=\"\" \/><\/a>\n\t\t\t<\/div><\/figure><figure class='gallery-item'>\n\t\t\t<div class='gallery-icon landscape'>\n\t\t\t\t<a href='https:\/\/wordpress.nibis.de\/gs-klint\/schulalltag\/gesundes-fruehstueck\/20181019_083526_resized\/'><img loading=\"lazy\" decoding=\"async\" width=\"141\" height=\"141\" src=\"https:\/\/wordpress.nibis.de\/gs-klint\/files\/20181019_083526_resized-150x150.jpg\" class=\"attachment-thumbnail size-thumbnail\" alt=\"\" \/><\/a>\n\t\t\t<\/div><\/figure><figure class='gallery-item'>\n\t\t\t<div class='gallery-icon portrait'>\n\t\t\t\t<a href='https:\/\/wordpress.nibis.de\/gs-klint\/schulalltag\/gesundes-fruehstueck\/20181019_085901_resized\/'><img loading=\"lazy\" decoding=\"async\" width=\"141\" height=\"141\" src=\"https:\/\/wordpress.nibis.de\/gs-klint\/files\/20181019_085901_resized-150x150.jpg\" class=\"attachment-thumbnail size-thumbnail\" alt=\"\" \/><\/a>\n\t\t\t<\/div><\/figure><figure class='gallery-item'>\n\t\t\t<div class='gallery-icon landscape'>\n\t\t\t\t<a href='https:\/\/wordpress.nibis.de\/gs-klint\/schulalltag\/gesundes-fruehstueck\/img_3510\/'><img loading=\"lazy\" decoding=\"async\" width=\"141\" height=\"141\" src=\"https:\/\/wordpress.nibis.de\/gs-klint\/files\/IMG_3510-150x150.jpeg\" class=\"attachment-thumbnail size-thumbnail\" alt=\"\" \/><\/a>\n\t\t\t<\/div><\/figure><figure class='gallery-item'>\n\t\t\t<div class='gallery-icon portrait'>\n\t\t\t\t<a href='https:\/\/wordpress.nibis.de\/gs-klint\/schulalltag\/gesundes-fruehstueck\/img_9417\/'><img loading=\"lazy\" decoding=\"async\" width=\"141\" height=\"141\" src=\"https:\/\/wordpress.nibis.de\/gs-klint\/files\/IMG_9417-150x150.jpg\" class=\"attachment-thumbnail size-thumbnail\" alt=\"\" \/><\/a>\n\t\t\t<\/div><\/figure><figure class='gallery-item'>\n\t\t\t<div class='gallery-icon portrait'>\n\t\t\t\t<a href='https:\/\/wordpress.nibis.de\/gs-klint\/schulalltag\/gesundes-fruehstueck\/img_9420\/'><img loading=\"lazy\" decoding=\"async\" width=\"141\" height=\"141\" src=\"https:\/\/wordpress.nibis.de\/gs-klint\/files\/IMG_9420-150x150.jpg\" class=\"attachment-thumbnail size-thumbnail\" alt=\"\" \/><\/a>\n\t\t\t<\/div><\/figure><figure class='gallery-item'>\n\t\t\t<div class='gallery-icon landscape'>\n\t\t\t\t<a href='https:\/\/wordpress.nibis.de\/gs-klint\/schulalltag\/gesundes-fruehstueck\/img_9434\/'><img loading=\"lazy\" decoding=\"async\" width=\"141\" height=\"141\" src=\"https:\/\/wordpress.nibis.de\/gs-klint\/files\/IMG_9434-150x150.jpg\" class=\"attachment-thumbnail size-thumbnail\" alt=\"\" \/><\/a>\n\t\t\t<\/div><\/figure><figure class='gallery-item'>\n\t\t\t<div class='gallery-icon portrait'>\n\t\t\t\t<a href='https:\/\/wordpress.nibis.de\/gs-klint\/schulalltag\/gesundes-fruehstueck\/img_9437\/'><img loading=\"lazy\" decoding=\"async\" width=\"141\" height=\"141\" src=\"https:\/\/wordpress.nibis.de\/gs-klint\/files\/IMG_9437-e1540478067302-150x150.jpg\" class=\"attachment-thumbnail size-thumbnail\" alt=\"\" \/><\/a>\n\t\t\t<\/div><\/figure><figure class='gallery-item'>\n\t\t\t<div class='gallery-icon portrait'>\n\t\t\t\t<a href='https:\/\/wordpress.nibis.de\/gs-klint\/schulalltag\/gesundes-fruehstueck\/img_9441\/'><img loading=\"lazy\" decoding=\"async\" width=\"141\" height=\"141\" src=\"https:\/\/wordpress.nibis.de\/gs-klint\/files\/IMG_9441-150x150.jpg\" class=\"attachment-thumbnail size-thumbnail\" alt=\"\" \/><\/a>\n\t\t\t<\/div><\/figure>\n\t\t<\/div>\n\n<p>&nbsp;<\/p>\n","protected":false},"excerpt":{"rendered":"<p>Ein gesundes Fr\u00fchst\u00fcck ist die Grundlage f\u00fcr einen guten Start in den Tag. Und somit hei\u00dft es f\u00fcr die Eltern vom Fr\u00fchst\u00fccksteam der Grundschule Klint einmal pro Monat: Sch\u00fcrzen umgebunden, Messer gesch\u00e4rft und ran ans Schnippeln!!! Das Bio-Obst und Bio-Gem\u00fcse wird morgens vom Bioladen im Magniviertel abgeholt und in der Schulk\u00fcche verzehrfertig angerichtet. Dazu gibt &hellip; <a href=\"https:\/\/wordpress.nibis.de\/gs-klint\/schulalltag\/gesundes-fruehstueck\/\" class=\"more-link\"><span class=\"screen-reader-text\">Gesundes Fr\u00fchst\u00fcck<\/span> weiterlesen <span class=\"meta-nav\">&rarr;<\/span><\/a><\/p>\n","protected":false},"author":9192438,"featured_media":0,"parent":878,"menu_order":0,"comment_status":"closed","ping_status":"closed","template":"","meta":{"footnotes":""},"class_list":["post-2320","page","type-page","status-publish","hentry"],"_links":{"self":[{"href":"https:\/\/wordpress.nibis.de\/gs-klint\/wp-json\/wp\/v2\/pages\/2320","targetHints":{"allow":["GET"]}}],"collection":[{"href":"https:\/\/wordpress.nibis.de\/gs-klint\/wp-json\/wp\/v2\/pages"}],"about":[{"href":"https:\/\/wordpress.nibis.de\/gs-klint\/wp-json\/wp\/v2\/types\/page"}],"author":[{"embeddable":true,"href":"https:\/\/wordpress.nibis.de\/gs-klint\/wp-json\/wp\/v2\/users\/9192438"}],"replies":[{"embeddable":true,"href":"https:\/\/wordpress.nibis.de\/gs-klint\/wp-json\/wp\/v2\/comments?post=2320"}],"version-history":[{"count":6,"href":"https:\/\/wordpress.nibis.de\/gs-klint\/wp-json\/wp\/v2\/pages\/2320\/revisions"}],"predecessor-version":[{"id":4098,"href":"https:\/\/wordpress.nibis.de\/gs-klint\/wp-json\/wp\/v2\/pages\/2320\/revisions\/4098"}],"up":[{"embeddable":true,"href":"https:\/\/wordpress.nibis.de\/gs-klint\/wp-json\/wp\/v2\/pages\/878"}],"wp:attachment":[{"href":"https:\/\/wordpress.nibis.de\/gs-klint\/wp-json\/wp\/v2\/media?parent=2320"}],"curies":[{"name":"wp","href":"https:\/\/api.w.org\/{rel}","templated":true}]}}