{"id":2657,"date":"2019-09-08T12:17:18","date_gmt":"2019-09-08T11:17:18","guid":{"rendered":"https:\/\/wordpress.nibis.de\/gs-klint\/?page_id=2657"},"modified":"2024-02-20T17:35:52","modified_gmt":"2024-02-20T16:35:52","slug":"schulgarten","status":"publish","type":"page","link":"https:\/\/wordpress.nibis.de\/gs-klint\/schulgarten\/","title":{"rendered":"Schulgarten"},"content":{"rendered":"<p><img loading=\"lazy\" decoding=\"async\" class=\" wp-image-2842 aligncenter\" src=\"https:\/\/wordpress.nibis.de\/gs-klint\/files\/IMG_20190923_072325-150x150.jpg\" alt=\"\" width=\"145\" height=\"145\" \/><\/p>\n<div id='gallery-1' class='gallery galleryid-2657 gallery-columns-3 gallery-size-thumbnail'><figure class='gallery-item'>\n\t\t\t<div class='gallery-icon landscape'>\n\t\t\t\t<a href='https:\/\/wordpress.nibis.de\/gs-klint\/schulgarten\/burda_text-2\/'><img loading=\"lazy\" decoding=\"async\" width=\"141\" height=\"141\" src=\"https:\/\/wordpress.nibis.de\/gs-klint\/files\/Burda_Text-2-150x150.jpg\" class=\"attachment-thumbnail size-thumbnail\" alt=\"\" \/><\/a>\n\t\t\t<\/div><\/figure><figure class='gallery-item'>\n\t\t\t<div class='gallery-icon landscape'>\n\t\t\t\t<a href='https:\/\/wordpress.nibis.de\/gs-klint\/schulgarten\/burda_text-3\/'><img loading=\"lazy\" decoding=\"async\" width=\"141\" height=\"141\" src=\"https:\/\/wordpress.nibis.de\/gs-klint\/files\/Burda_Text-3-150x150.jpg\" class=\"attachment-thumbnail size-thumbnail\" alt=\"\" \/><\/a>\n\t\t\t<\/div><\/figure><figure class='gallery-item'>\n\t\t\t<div class='gallery-icon landscape'>\n\t\t\t\t<a href='https:\/\/wordpress.nibis.de\/gs-klint\/schulgarten\/burda_text-bild-0\/'><img loading=\"lazy\" decoding=\"async\" width=\"141\" height=\"141\" src=\"https:\/\/wordpress.nibis.de\/gs-klint\/files\/Burda_Text-Bild-0-150x150.jpg\" class=\"attachment-thumbnail size-thumbnail\" alt=\"\" \/><\/a>\n\t\t\t<\/div><\/figure><figure class='gallery-item'>\n\t\t\t<div class='gallery-icon landscape'>\n\t\t\t\t<a href='https:\/\/wordpress.nibis.de\/gs-klint\/schulgarten\/burda_text4\/'><img loading=\"lazy\" decoding=\"async\" width=\"141\" height=\"141\" src=\"https:\/\/wordpress.nibis.de\/gs-klint\/files\/Burda_Text4-150x150.jpg\" class=\"attachment-thumbnail size-thumbnail\" alt=\"\" \/><\/a>\n\t\t\t<\/div><\/figure><figure class='gallery-item'>\n\t\t\t<div class='gallery-icon landscape'>\n\t\t\t\t<a href='https:\/\/wordpress.nibis.de\/gs-klint\/schulgarten\/burda_zeichnung1\/'><img loading=\"lazy\" decoding=\"async\" width=\"141\" height=\"141\" src=\"https:\/\/wordpress.nibis.de\/gs-klint\/files\/Burda_Zeichnung1-150x150.jpg\" class=\"attachment-thumbnail size-thumbnail\" alt=\"\" \/><\/a>\n\t\t\t<\/div><\/figure><figure class='gallery-item'>\n\t\t\t<div class='gallery-icon landscape'>\n\t\t\t\t<a href='https:\/\/wordpress.nibis.de\/gs-klint\/schulgarten\/text-erde\/'><img loading=\"lazy\" decoding=\"async\" width=\"141\" height=\"141\" src=\"https:\/\/wordpress.nibis.de\/gs-klint\/files\/Text-Erde-150x150.jpg\" class=\"attachment-thumbnail size-thumbnail\" alt=\"\" \/><\/a>\n\t\t\t<\/div><\/figure>\n\t\t<\/div>\n\n<p>In der Klimakrisen-gesch\u00fcttelten Zeit wird es immer wichtiger, m\u00f6glichst fr\u00fch Kindern die M\u00f6glichkeit zu geben, die Neugierde f\u00fcr Alltagsph\u00e4nomene in ihrer nahen Umwelt zu wecken. Lehrende im Kindergarten und in der Grundschule werden zunehmend gefordert, Naturph\u00e4nomeneauf ihrem Schulgel\u00e4nde\/ Schulhof zu erkennen und zu nutzen und diese zu einem handlungsorientierten und nachhaltigen Lern-und Erlebnisumfeld f\u00fcr Kind und Eltern gleicherma\u00dfen wachsen zu lassen. Ausgew\u00e4hlte Projekte im Unterricht bzw. Nachmittagsangebote gemeinsam mit den Eltern k\u00f6nnen ein weiterer Schritt im Prozess der nachhaltigen Entwicklung werden.<\/p>\n<p>Die Grundschule Klint liegt inmitten der Stadt Braunschweig und wird besucht von vielen Kindern, die u.U. bisher wenig Zugang zu naturwissenschaftlichen Themen hatten. Das Schulgel\u00e4nde der GS Klint ist in seiner Gr\u00f6\u00dfe begrenzt, bietet aber bei genauer Betrachtung viele M\u00f6glichkeiten sich zu einem nachhaltigen und jahresbegleitenden (ph\u00e4nologischen) Lern-und Erlebnisort f\u00fcr Sch\u00fcler und Eltern zu entwickeln.<\/p>\n<p>Zurzeit besteht der Schulgarten aus sechs Hochbeeten, jedes mit einer unterschiedlichen geometrischen Grundfl\u00e4che: Rechteck (Zucchinibeet), Quadrat (K\u00fcrbis), Dreieck (Salat\/ Zwiebeln), Parallelogramm\/Trapez (Fr\u00fchbl\u00fcher\/ Herbststauden) und 2 Kreisen (Kartoffel\/ Hornveilchen). Zus\u00e4tzlich existiert ein Kr\u00e4uterbeet ohne Hochbeete.<\/p>\n<p>Der Schulgarten ist f\u00fcr die Sch\u00fcler frei zug\u00e4nglich in das Schulhofgel\u00e4nde integriert, bietet interessierten Kindern und auch Eltern w\u00e4hrend der Pausen bzw. am Ende des Schultages die M\u00f6glichkeit in den Garten abzutauchen und Naturph\u00e4nomene zu entdecken.<\/p>\n<div id='gallery-2' class='gallery galleryid-2657 gallery-columns-4 gallery-size-medium'><figure class='gallery-item'>\n\t\t\t<div class='gallery-icon landscape'>\n\t\t\t\t<img loading=\"lazy\" decoding=\"async\" width=\"300\" height=\"225\" src=\"https:\/\/wordpress.nibis.de\/gs-klint\/files\/IMG_8379-300x225.jpg\" class=\"attachment-medium size-medium\" alt=\"\" srcset=\"https:\/\/wordpress.nibis.de\/gs-klint\/files\/IMG_8379-300x225.jpg 300w, https:\/\/wordpress.nibis.de\/gs-klint\/files\/IMG_8379-768x576.jpg 768w, https:\/\/wordpress.nibis.de\/gs-klint\/files\/IMG_8379.jpg 1024w\" sizes=\"auto, (max-width: 300px) 100vw, 300px\" \/>\n\t\t\t<\/div><\/figure><figure class='gallery-item'>\n\t\t\t<div class='gallery-icon landscape'>\n\t\t\t\t<img loading=\"lazy\" decoding=\"async\" width=\"300\" height=\"169\" src=\"https:\/\/wordpress.nibis.de\/gs-klint\/files\/Schulgartenumgestaltung-49-300x169.jpg\" class=\"attachment-medium size-medium\" alt=\"\" srcset=\"https:\/\/wordpress.nibis.de\/gs-klint\/files\/Schulgartenumgestaltung-49-300x169.jpg 300w, https:\/\/wordpress.nibis.de\/gs-klint\/files\/Schulgartenumgestaltung-49-768x431.jpg 768w, https:\/\/wordpress.nibis.de\/gs-klint\/files\/Schulgartenumgestaltung-49-1024x575.jpg 1024w\" sizes=\"auto, (max-width: 300px) 100vw, 300px\" \/>\n\t\t\t<\/div><\/figure><figure class='gallery-item'>\n\t\t\t<div class='gallery-icon landscape'>\n\t\t\t\t<img loading=\"lazy\" decoding=\"async\" width=\"300\" height=\"169\" src=\"https:\/\/wordpress.nibis.de\/gs-klint\/files\/Schulgartenumgestaltung-47-300x169.jpg\" class=\"attachment-medium size-medium\" alt=\"\" srcset=\"https:\/\/wordpress.nibis.de\/gs-klint\/files\/Schulgartenumgestaltung-47-300x169.jpg 300w, https:\/\/wordpress.nibis.de\/gs-klint\/files\/Schulgartenumgestaltung-47-768x431.jpg 768w, https:\/\/wordpress.nibis.de\/gs-klint\/files\/Schulgartenumgestaltung-47-1024x575.jpg 1024w\" sizes=\"auto, (max-width: 300px) 100vw, 300px\" \/>\n\t\t\t<\/div><\/figure><figure class='gallery-item'>\n\t\t\t<div class='gallery-icon portrait'>\n\t\t\t\t<img loading=\"lazy\" decoding=\"async\" width=\"169\" height=\"300\" src=\"https:\/\/wordpress.nibis.de\/gs-klint\/files\/Schulgartenumgestaltung-48-169x300.jpg\" class=\"attachment-medium size-medium\" alt=\"\" srcset=\"https:\/\/wordpress.nibis.de\/gs-klint\/files\/Schulgartenumgestaltung-48-169x300.jpg 169w, https:\/\/wordpress.nibis.de\/gs-klint\/files\/Schulgartenumgestaltung-48-768x1367.jpg 768w, https:\/\/wordpress.nibis.de\/gs-klint\/files\/Schulgartenumgestaltung-48-575x1024.jpg 575w, https:\/\/wordpress.nibis.de\/gs-klint\/files\/Schulgartenumgestaltung-48.jpg 1456w\" sizes=\"auto, (max-width: 169px) 100vw, 169px\" \/>\n\t\t\t<\/div><\/figure><figure class='gallery-item'>\n\t\t\t<div class='gallery-icon landscape'>\n\t\t\t\t<img loading=\"lazy\" decoding=\"async\" width=\"300\" height=\"169\" src=\"https:\/\/wordpress.nibis.de\/gs-klint\/files\/Schulgartenumgestaltung-57-300x169.jpg\" class=\"attachment-medium size-medium\" alt=\"\" srcset=\"https:\/\/wordpress.nibis.de\/gs-klint\/files\/Schulgartenumgestaltung-57-300x169.jpg 300w, https:\/\/wordpress.nibis.de\/gs-klint\/files\/Schulgartenumgestaltung-57-768x431.jpg 768w, https:\/\/wordpress.nibis.de\/gs-klint\/files\/Schulgartenumgestaltung-57-1024x575.jpg 1024w\" sizes=\"auto, (max-width: 300px) 100vw, 300px\" \/>\n\t\t\t<\/div><\/figure><figure class='gallery-item'>\n\t\t\t<div class='gallery-icon landscape'>\n\t\t\t\t<img loading=\"lazy\" decoding=\"async\" width=\"300\" height=\"169\" src=\"https:\/\/wordpress.nibis.de\/gs-klint\/files\/Schulgartenumgestaltung-56-300x169.jpg\" class=\"attachment-medium size-medium\" alt=\"\" srcset=\"https:\/\/wordpress.nibis.de\/gs-klint\/files\/Schulgartenumgestaltung-56-300x169.jpg 300w, https:\/\/wordpress.nibis.de\/gs-klint\/files\/Schulgartenumgestaltung-56-768x431.jpg 768w, https:\/\/wordpress.nibis.de\/gs-klint\/files\/Schulgartenumgestaltung-56-1024x575.jpg 1024w\" sizes=\"auto, (max-width: 300px) 100vw, 300px\" \/>\n\t\t\t<\/div><\/figure><figure class='gallery-item'>\n\t\t\t<div class='gallery-icon landscape'>\n\t\t\t\t<img loading=\"lazy\" decoding=\"async\" width=\"300\" height=\"168\" src=\"https:\/\/wordpress.nibis.de\/gs-klint\/files\/IMG_8386-300x168.jpg\" class=\"attachment-medium size-medium\" alt=\"\" srcset=\"https:\/\/wordpress.nibis.de\/gs-klint\/files\/IMG_8386-300x168.jpg 300w, https:\/\/wordpress.nibis.de\/gs-klint\/files\/IMG_8386-768x431.jpg 768w, https:\/\/wordpress.nibis.de\/gs-klint\/files\/IMG_8386.jpg 1024w\" sizes=\"auto, (max-width: 300px) 100vw, 300px\" \/>\n\t\t\t<\/div><\/figure><figure class='gallery-item'>\n\t\t\t<div class='gallery-icon portrait'>\n\t\t\t\t<img loading=\"lazy\" decoding=\"async\" width=\"180\" height=\"300\" src=\"https:\/\/wordpress.nibis.de\/gs-klint\/files\/20170912_140621-180x300.jpg\" class=\"attachment-medium size-medium\" alt=\"\" srcset=\"https:\/\/wordpress.nibis.de\/gs-klint\/files\/20170912_140621-180x300.jpg 180w, https:\/\/wordpress.nibis.de\/gs-klint\/files\/20170912_140621-768x1280.jpg 768w, https:\/\/wordpress.nibis.de\/gs-klint\/files\/20170912_140621-614x1024.jpg 614w, https:\/\/wordpress.nibis.de\/gs-klint\/files\/20170912_140621.jpg 1536w\" sizes=\"auto, (max-width: 180px) 100vw, 180px\" \/>\n\t\t\t<\/div><\/figure>\n\t\t<\/div>\n\n<p>Bauen und reparieren<\/p>\n<div id='gallery-3' class='gallery galleryid-2657 gallery-columns-3 gallery-size-thumbnail'><figure class='gallery-item'>\n\t\t\t<div class='gallery-icon landscape'>\n\t\t\t\t<a href='https:\/\/wordpress.nibis.de\/gs-klint\/schulgarten\/img_20230725_120044\/'><img loading=\"lazy\" decoding=\"async\" width=\"141\" height=\"141\" src=\"https:\/\/wordpress.nibis.de\/gs-klint\/files\/IMG_20230725_120044-150x150.jpg\" class=\"attachment-thumbnail size-thumbnail\" alt=\"\" \/><\/a>\n\t\t\t<\/div><\/figure><figure class='gallery-item'>\n\t\t\t<div class='gallery-icon landscape'>\n\t\t\t\t<a href='https:\/\/wordpress.nibis.de\/gs-klint\/schulgarten\/incollage_20220315_164559897\/'><img loading=\"lazy\" decoding=\"async\" width=\"141\" height=\"141\" src=\"https:\/\/wordpress.nibis.de\/gs-klint\/files\/InCollage_20220315_164559897-150x150.jpg\" class=\"attachment-thumbnail size-thumbnail\" alt=\"\" \/><\/a>\n\t\t\t<\/div><\/figure>\n\t\t<\/div>\n\n<p>S\u00e4en und pflanzen<\/p>\n<div id='gallery-4' class='gallery galleryid-2657 gallery-columns-3 gallery-size-thumbnail'><figure class='gallery-item'>\n\t\t\t<div class='gallery-icon landscape'>\n\t\t\t\t<a href='https:\/\/wordpress.nibis.de\/gs-klint\/schulgarten\/img_20230915_210613\/'><img loading=\"lazy\" decoding=\"async\" width=\"141\" height=\"141\" src=\"https:\/\/wordpress.nibis.de\/gs-klint\/files\/IMG_20230915_210613-150x150.jpg\" class=\"attachment-thumbnail size-thumbnail\" alt=\"\" \/><\/a>\n\t\t\t<\/div><\/figure><figure class='gallery-item'>\n\t\t\t<div class='gallery-icon portrait'>\n\t\t\t\t<a href='https:\/\/wordpress.nibis.de\/gs-klint\/schulgarten\/img_20230915_211250\/'><img loading=\"lazy\" decoding=\"async\" width=\"141\" height=\"141\" src=\"https:\/\/wordpress.nibis.de\/gs-klint\/files\/IMG_20230915_211250-150x150.jpg\" class=\"attachment-thumbnail size-thumbnail\" alt=\"\" \/><\/a>\n\t\t\t<\/div><\/figure>\n\t\t<\/div>\n\n<p>Wachsen und reifen<\/p>\n<div id='gallery-5' class='gallery galleryid-2657 gallery-columns-4 gallery-size-thumbnail'><figure class='gallery-item'>\n\t\t\t<div class='gallery-icon portrait'>\n\t\t\t\t<a href='https:\/\/wordpress.nibis.de\/gs-klint\/schulgarten\/img_20190904_095337\/'><img loading=\"lazy\" decoding=\"async\" width=\"141\" height=\"141\" src=\"https:\/\/wordpress.nibis.de\/gs-klint\/files\/IMG_20190904_095337-150x150.jpg\" class=\"attachment-thumbnail size-thumbnail\" alt=\"\" \/><\/a>\n\t\t\t<\/div><\/figure><figure class='gallery-item'>\n\t\t\t<div class='gallery-icon portrait'>\n\t\t\t\t<a href='https:\/\/wordpress.nibis.de\/gs-klint\/schulgarten\/img_20190904_095352\/'><img loading=\"lazy\" decoding=\"async\" width=\"141\" height=\"141\" src=\"https:\/\/wordpress.nibis.de\/gs-klint\/files\/IMG_20190904_095352-150x150.jpg\" class=\"attachment-thumbnail size-thumbnail\" alt=\"\" \/><\/a>\n\t\t\t<\/div><\/figure><figure class='gallery-item'>\n\t\t\t<div class='gallery-icon portrait'>\n\t\t\t\t<a href='https:\/\/wordpress.nibis.de\/gs-klint\/schulgarten\/img_20190904_095611\/'><img loading=\"lazy\" decoding=\"async\" width=\"141\" height=\"141\" src=\"https:\/\/wordpress.nibis.de\/gs-klint\/files\/IMG_20190904_095611-150x150.jpg\" class=\"attachment-thumbnail size-thumbnail\" alt=\"\" \/><\/a>\n\t\t\t<\/div><\/figure>\n\t\t<\/div>\n\n<p>&nbsp;<\/p>\n<p>Ernten und genie\u00dfen<\/p>\n<div id='gallery-6' class='gallery galleryid-2657 gallery-columns-3 gallery-size-thumbnail'><figure class='gallery-item'>\n\t\t\t<div class='gallery-icon landscape'>\n\t\t\t\t<a href='https:\/\/wordpress.nibis.de\/gs-klint\/schulgarten\/img_20230915_212113\/'><img loading=\"lazy\" decoding=\"async\" width=\"141\" height=\"141\" src=\"https:\/\/wordpress.nibis.de\/gs-klint\/files\/IMG_20230915_212113-150x150.jpg\" class=\"attachment-thumbnail size-thumbnail\" alt=\"\" \/><\/a>\n\t\t\t<\/div><\/figure><figure class='gallery-item'>\n\t\t\t<div class='gallery-icon portrait'>\n\t\t\t\t<a href='https:\/\/wordpress.nibis.de\/gs-klint\/schulgarten\/img_20231221_151224\/'><img loading=\"lazy\" decoding=\"async\" width=\"141\" height=\"141\" src=\"https:\/\/wordpress.nibis.de\/gs-klint\/files\/IMG_20231221_151224-150x150.jpg\" class=\"attachment-thumbnail size-thumbnail\" alt=\"\" \/><\/a>\n\t\t\t<\/div><\/figure>\n\t\t<\/div>\n\n<p>&nbsp;<\/p>\n<p><a href=\"https:\/\/wordpress.nibis.de\/gs-klint\/schulgarten-experimente\/\" target=\"_blank\" rel=\"noopener\">Schulgarten Experimente<\/a><\/p>\n<p><a href=\"https:\/\/wordpress.nibis.de\/gs-klint\/schulhoftiere\/\" target=\"_blank\" rel=\"noopener\">Schulhoftiere<\/a><\/p>\n","protected":false},"excerpt":{"rendered":"<p>In der Klimakrisen-gesch\u00fcttelten Zeit wird es immer wichtiger, m\u00f6glichst fr\u00fch Kindern die M\u00f6glichkeit zu geben, die Neugierde f\u00fcr Alltagsph\u00e4nomene in ihrer nahen Umwelt zu wecken. Lehrende im Kindergarten und in der Grundschule werden zunehmend gefordert, Naturph\u00e4nomeneauf ihrem Schulgel\u00e4nde\/ Schulhof zu erkennen und zu nutzen und diese zu einem handlungsorientierten und nachhaltigen Lern-und Erlebnisumfeld f\u00fcr Kind &hellip; <a href=\"https:\/\/wordpress.nibis.de\/gs-klint\/schulgarten\/\" class=\"more-link\"><span class=\"screen-reader-text\">Schulgarten<\/span> weiterlesen <span class=\"meta-nav\">&rarr;<\/span><\/a><\/p>\n","protected":false},"author":9192438,"featured_media":0,"parent":0,"menu_order":0,"comment_status":"closed","ping_status":"closed","template":"","meta":{"footnotes":""},"class_list":["post-2657","page","type-page","status-publish","hentry"],"_links":{"self":[{"href":"https:\/\/wordpress.nibis.de\/gs-klint\/wp-json\/wp\/v2\/pages\/2657","targetHints":{"allow":["GET"]}}],"collection":[{"href":"https:\/\/wordpress.nibis.de\/gs-klint\/wp-json\/wp\/v2\/pages"}],"about":[{"href":"https:\/\/wordpress.nibis.de\/gs-klint\/wp-json\/wp\/v2\/types\/page"}],"author":[{"embeddable":true,"href":"https:\/\/wordpress.nibis.de\/gs-klint\/wp-json\/wp\/v2\/users\/9192438"}],"replies":[{"embeddable":true,"href":"https:\/\/wordpress.nibis.de\/gs-klint\/wp-json\/wp\/v2\/comments?post=2657"}],"version-history":[{"count":13,"href":"https:\/\/wordpress.nibis.de\/gs-klint\/wp-json\/wp\/v2\/pages\/2657\/revisions"}],"predecessor-version":[{"id":3674,"href":"https:\/\/wordpress.nibis.de\/gs-klint\/wp-json\/wp\/v2\/pages\/2657\/revisions\/3674"}],"wp:attachment":[{"href":"https:\/\/wordpress.nibis.de\/gs-klint\/wp-json\/wp\/v2\/media?parent=2657"}],"curies":[{"name":"wp","href":"https:\/\/api.w.org\/{rel}","templated":true}]}}