{"id":2782,"date":"2019-12-02T13:06:26","date_gmt":"2019-12-02T12:06:26","guid":{"rendered":"https:\/\/wordpress.nibis.de\/gs-klint\/?page_id=2782"},"modified":"2024-05-07T09:45:49","modified_gmt":"2024-05-07T08:45:49","slug":"sportveranstaltungen","status":"publish","type":"page","link":"https:\/\/wordpress.nibis.de\/gs-klint\/sportveranstaltungen\/","title":{"rendered":"Sportveranstaltungen"},"content":{"rendered":"<p>TT- Mini-Olympiade<br \/>\nTT- Minimeisterschaften<br \/>\nRundlaufTeamCup<\/p>\n<p><em><strong>Integration durch Sport<\/strong><\/em><br \/>\nInterkulturelle TT- Familien<br \/>\nInterkultureller TT- Familien-Rundlaufcup\u00a0\u00a0\u00a0\u00a0\u00a0\u00a0\u00a0\u00a0\u00a0\u00a0 Termin im Juni\/Juli 2020<\/p>\n<p><!--more--><!--more--><\/p>\n<p><strong><span style=\"color: #000000\">TT- Mini-Olympiade<\/span><\/strong><br \/>\n<span style=\"color: #000000\"><span style=\"font-size: medium\">Traditionell im November\/ Dezember erhalten die J\u00fcngsten der GS Klint die im Rahmen der \u201eTischtennis- Mini-Olympiade\u201c Geschicklichkeit in einem \u201eKoordinations-Parcours\u201c auszuprobieren und zu zeigen. In einem zweiten Teil stehen erste Spiele und \u00dcbungen mit Tischtennisball und Tischtennistisch auf dem Programm: Tuch-Jonglage, Pusteball, Schiebeball, Tischtennis-Golf durch ein Tor. <\/span><span style=\"font-size: medium\">Dadurch motivierte Kinder erhalten die M\u00f6glichkeit, sich bei den zwei \u201eFamilien- Tischtennis-AGs\u201c(Mo. 15.00- 16.00 und 16.00- 17.00) anzumelden und zu schnuppern. Ebenso erhalten Kinder mit hohen Punktzahlen aus dem \u201eKoordinations-Parcours\u201c eine Einladung f\u00fcr beide Tischtennis-AGs (Talentsichtung) inclusive die Eltern.<\/span><\/span><\/p>\n<p><strong><span style=\"color: #000000\">TT- Minimeisterschaften<\/span><\/strong><br \/>\n<span style=\"color: #000000\"><span style=\"font-size: medium\">Die Tischtennis-Minimeisterschaften sind eine Aktion des Deutschen Tischtennisverbandes (DTTB). Mitmachen d\u00fcrfen Kinder, die vor dem Ortsentscheid noch nicht f\u00fcr eine Mannschaft in einem Verein spielberechtigt sind. Am 24. Januar f\u00fchrt Frau Walter diesen Ortsentscheid f\u00fcr ca. 60 Jungen und M\u00e4dchen aus dem 2.-4. Jahrgang mit Unterst\u00fctzung des ehrenamtlichen RSV-Teams und 2 Lehrkr\u00e4ften zum 23. Mal in der Sporthalle Klingt durch. Die Vorrunde wird in Vierergruppen gespielt. Die Erst- und Zweitplatzierten spielen anschlie\u00dfend nach dem K.O.-System gegeneinander. Die 4 Bestplatzierten jeder Altersklasse qualifizieren sich f\u00fcr den Regionsentscheid (BS\/WF\/SZ). Dieser Wettbewerb endet im Mai mit den Deutschen Meisterschaften. <\/span><\/span><\/p>\n<p><a href=\"https:\/\/wordpress.nibis.de\/gs-klint\/2019\/02\/06\/tischtennis-meisterschaften\/\" target=\"_blank\" rel=\"noopener noreferrer\">unsere Erfolge<\/a><br \/>\n<a href=\"https:\/\/wordpress.nibis.de\/gs-klint\/2019\/05\/09\/tischtennis-minimeisterschaften\/\" target=\"_blank\" rel=\"noopener noreferrer\">weitere Erfolge<\/a><\/p>\n<p><strong><span style=\"color: #000000\">RundlaufTeamCup<\/span><\/strong><br \/>\n<span style=\"color: #000000\">D<span style=\"font-size: medium\">er RTC ist eine Veranstaltung, die vom Nieders\u00e4chsischen Tischtennisverband vor 8 Jahren als Schulveranstaltung initiiert wurde. Zun\u00e4chst werden an den Schulen die \u201eKlassenmeister\u201c des 3. und 4. Jahrgangs jahrgangsintern ermittelt. Die zwei Jahrgangsmeister qualifizieren sich f\u00fcr die RTC- Stadtmeisterschaften, die in den letzten Jahren in Waggum ausgetragen wurden. Sehr gew\u00fcnscht ist es vom Veranstalter, dass die Mitsch\u00fcler ihr Team nach Waggum begleiten und dort mit viel Beifall unterst\u00fctzen. Ein Rahmenprogramm mit viel Tischtennis erwartet auch dort die angereisten Fans. Die Siegermannschaft gewinnt einen \u201eMini-TT-Tisch\u201c mit Teamfoto auf dem Tisch.<\/span><\/span><\/p>\n<p><span style=\"color: #000000\"><strong><em>Integration durch Sport<\/em><br \/>\n<\/strong><a href=\"https:\/\/wordpress.nibis.de\/gs-klint\/2019\/10\/18\/integration-durch-sport\/\" target=\"_blank\" rel=\"noopener noreferrer\">weitere Informationen<\/a><strong><br \/>\n<\/strong><\/span><\/p>\n<p><span style=\"color: #000000\"><strong>Interkulturelle TT- Familien-AG<\/strong><\/span><br \/>\n<span style=\"font-family: Calibri, serif;color: #000000\"><span style=\"font-family: Arial, serif\"><span style=\"font-size: medium\">Mit der Interkulturellen-Tischtennis-AG f\u00fcr Kinder und Eltern engagiert sich der RSV Braunschweig seit acht Jahren an der Grundschule Klint. zum Thema \u201eIntegration\u201c. Die Idee entstand im Rahmen einer schon lange bestehenden Tischtennis-AG f\u00fcr Kinder. Es zeigten immer wieder Eltern Interesse am Tischtennis, wenn sie ihre Kinder von der AG abholten. So kamen einige Eltern etwas fr\u00fcher und spielten in der AG zusammen mit Ihren und anderen Sch\u00fclern der GS Klint. Angela Walter als Lehrerin an der Grundschule Klint und Vorstandsmitglied beim RSV griff diesen Wunsch auf Tischtennis auf und organisierte ein spezielles AG-Angebot f\u00fcr die Kinder und Eltern als \u201eTT-Familien- AG\u201c. Zwei \u00dcbungsleiter des RSV Braunschweig komplettieren das AG-Team in diesem Projekt. Aufgrund des multikulturellen Bev\u00f6lkerungsumfeldes der Schule kommen die Teilnehmer aus vielen unterschiedlichen L\u00e4ndern der Welt.<\/span><\/span><\/span><\/p>\n<p class=\"western\"><span style=\"font-family: Calibri, serif;color: #000000\"><span style=\"font-family: Arial, serif\"><span style=\"font-size: medium\">Zus\u00e4tzlich erhalten motivierte und talentierte Dritt- und Viertkl\u00e4ssler im 2. Halbjahr die Gelegenheit, donnerstags von 17.00- 19.00 beim RSV ins Jugend-Vereinstraining hinein zu schnuppern. Dieses \u201eSchnuppertraining ist bis zum Ende des Schuljahres kostenfrei.<\/span><\/span><\/span><\/p>\n<p class=\"western\"><span style=\"font-family: Calibri, serif;color: #000000\"><span style=\"font-family: Arial, serif\"><span style=\"font-size: medium\">Am Ende jedes Schuljahres und beim \u00dcbergang in die weiterf\u00fchrende Schule entscheiden sich durchschnittlich 5-6 Grundsch\u00fcler, aus der Tischtennis-AG der GS Klint Mitglied der Tischtennisabteilung des RSV Braunschweig zu werden. Sie werden je nach ihrem K\u00f6nnen m\u00f6glichst schnell in einer Mannschaft gemeldet und spielen erfolgreich in Mannschafts-, Meisterschafts- und Ranglistenwettbewerben mit. <\/span><\/span><\/span><\/p>\n<p class=\"western\"><span style=\"font-family: Calibri, serif;color: #000000\"><span style=\"font-family: Arial, serif\"><span style=\"font-size: medium\">Dieses \u201eGesamt-Projekt\u201c l\u00e4uft unter \u201eIntegration durch Sport\u201c beim LSB Niedersachsen und wird bis Ende Dezember 2019 vom Deutschen Olympischen Sportbund und vom Landessportbund unterst\u00fctzt.<\/span><\/span><\/span><\/p>\n<p class=\"western\"><span style=\"font-family: Calibri, serif;color: #000000\"><span style=\"font-family: Arial, serif\"><span style=\"font-size: medium\">Im Eingangsbereich der GS Klint h\u00e4ngen die aktuellen Terminpl\u00e4ne in 12 verschiedenen Sprachen aus.<\/span><\/span><\/span><\/p>\n<p><span style=\"color: #000000\"><strong>Interkultureller TT- Familien-Rundlaufcup<br \/>\n<\/strong><span style=\"font-family: Calibri, serif\"><span style=\"font-family: Arial, serif\"><span style=\"font-size: medium\">Zum Abschluss des Schuljahres bildet der \u201eInterkulturelle- Familien- Rundlaufcup\u201c den sportlichen H\u00f6hepunkt, bei dem die Eltern gemeinsam mit ihren Kindern in sportlichen Wettkampf gegen andere Familien treten. F\u00fcr das leibliche Wohl sorgt ein interkulturelles Buffet, zu dem jede Familie eine spezielle K\u00f6stlichkeit beisteuert, der RSV Braunschweig stellt Getr\u00e4nke und zus\u00e4tzliche kulinarische Angebote.<\/span><\/span><\/span><\/span><\/p>\n<p class=\"western\"><span style=\"font-family: Calibri, serif;color: #000000\"><span style=\"font-family: Arial, serif\"><span style=\"font-size: medium\">Die Organisatoren und ehrenamtlichen Helfer des RSV Braunschweig geben den Familien sportlichen Wettkampf viele Gelegenheiten, ins Gespr\u00e4ch zu kommen.<\/span><\/span><\/span><\/p>\n<p class=\"western\"><span style=\"font-family: Calibri, serif;color: #000000\"><span style=\"font-family: Arial, serif\"><span style=\"font-size: medium\">M\u00f6glich wird diese Veranstaltung durch die Unterst\u00fctzung des FSJ-lers und der 6 ehrenamtlichen Helfer des RSV Braunschweig, die mit viel Engagement diese Veranstaltung vorbereiten, durchf\u00fchren und nachbereiten. Einladungen und Veranstaltungsinfos werden erstellt, in der Schule ausgeh\u00e4ngt und in den AGs verteilt, zus\u00e4tzliche Emails an die Eltern mit der Einladung werden versendet. Kleine Pr\u00e4sente f\u00fcr die Siegerehrung werden organisiert. Fotos aus der Veranstaltung werden f\u00fcr die Schulhomepage und ein Tischtennismagazin gesichtet, Mannschaftsfotos werden f\u00fcr die Urkunde individuell in die Urkunde eingesetzt und an die Teilnehmer gemailt.<\/span><\/span><\/span><\/p>\n<p><a href=\"https:\/\/wordpress.nibis.de\/gs-klint\/2019\/06\/17\/internationaler-familien-tt-rundlaufcup-2019\/\" target=\"_blank\" rel=\"noopener noreferrer\">weitere Informationen<\/a><\/p>\n","protected":false},"excerpt":{"rendered":"<p>TT- Mini-Olympiade TT- Minimeisterschaften RundlaufTeamCup Integration durch Sport Interkulturelle TT- Familien Interkultureller TT- Familien-Rundlaufcup\u00a0\u00a0\u00a0\u00a0\u00a0\u00a0\u00a0\u00a0\u00a0\u00a0 Termin im Juni\/Juli 2020<\/p>\n","protected":false},"author":9192438,"featured_media":0,"parent":0,"menu_order":0,"comment_status":"closed","ping_status":"closed","template":"","meta":{"footnotes":""},"class_list":["post-2782","page","type-page","status-publish","hentry"],"_links":{"self":[{"href":"https:\/\/wordpress.nibis.de\/gs-klint\/wp-json\/wp\/v2\/pages\/2782","targetHints":{"allow":["GET"]}}],"collection":[{"href":"https:\/\/wordpress.nibis.de\/gs-klint\/wp-json\/wp\/v2\/pages"}],"about":[{"href":"https:\/\/wordpress.nibis.de\/gs-klint\/wp-json\/wp\/v2\/types\/page"}],"author":[{"embeddable":true,"href":"https:\/\/wordpress.nibis.de\/gs-klint\/wp-json\/wp\/v2\/users\/9192438"}],"replies":[{"embeddable":true,"href":"https:\/\/wordpress.nibis.de\/gs-klint\/wp-json\/wp\/v2\/comments?post=2782"}],"version-history":[{"count":15,"href":"https:\/\/wordpress.nibis.de\/gs-klint\/wp-json\/wp\/v2\/pages\/2782\/revisions"}],"predecessor-version":[{"id":4231,"href":"https:\/\/wordpress.nibis.de\/gs-klint\/wp-json\/wp\/v2\/pages\/2782\/revisions\/4231"}],"wp:attachment":[{"href":"https:\/\/wordpress.nibis.de\/gs-klint\/wp-json\/wp\/v2\/media?parent=2782"}],"curies":[{"name":"wp","href":"https:\/\/api.w.org\/{rel}","templated":true}]}}