{"id":2920,"date":"2020-03-18T09:07:14","date_gmt":"2020-03-18T08:07:14","guid":{"rendered":"https:\/\/wordpress.nibis.de\/gs-klint\/?page_id=2920"},"modified":"2020-03-18T09:07:14","modified_gmt":"2020-03-18T08:07:14","slug":"unser-leitbild","status":"publish","type":"page","link":"https:\/\/wordpress.nibis.de\/gs-klint\/unser-leitbild\/","title":{"rendered":"Unser Leitbild"},"content":{"rendered":"<p style=\"text-align: left\" align=\"CENTER\"><span style=\"color: #000000\"><span style=\"font-family: Century Gothic, sans-serif\"><span style=\"font-size: large\"><b>Lernen mit Herz und mitten im Leben<\/b><\/span><\/span><\/span><\/p>\n<ul style=\"list-style-type: circle\">\n<li>\n<p align=\"JUSTIFY\"><span style=\"color: #000000\"><span style=\"font-family: Calibri, sans-serif\"><span style=\"font-size: x-large\">Unsere Schule ist ein Ort, an dem Kinder und Erwachsene mit Freude arbeiten und lernen. <\/span><\/span><\/span><\/p>\n<\/li>\n<li>\n<p align=\"JUSTIFY\"><span style=\"color: #000000\"><span style=\"font-family: Calibri, sans-serif\"><span style=\"font-size: x-large\">Die Sch\u00fclerinnen und Sch\u00fcler mit ihren individuellen St\u00e4rken und Entwicklungspotenzialen stehen im Mittelpunkt. Wir unterst\u00fctzen den Erwerb fachlicher Schl\u00fcsselqualifikationen ebenso wie die Pers\u00f6nlichkeitsentwicklung und die Entfaltung sozialer Kompetenzen, um den vielf\u00e4ltigen Anforderungen des Lebens gewachsen zu sein. <\/span><\/span><\/span><\/p>\n<\/li>\n<li>\n<p align=\"JUSTIFY\"><span style=\"color: #000000\"><span style=\"font-family: Calibri, sans-serif\"><span style=\"font-size: x-large\">Wir &#8211; alle Mitglieder der Schulgemeinschaft &#8211; \u00fcbernehmen Verantwortung und gestalten den Tag gemeinsam. <\/span><\/span><\/span><\/p>\n<\/li>\n<li>\n<p align=\"JUSTIFY\"><span style=\"color: #000000\"><span style=\"font-family: Calibri, sans-serif\"><span style=\"font-size: x-large\">Wir legen Wert auf eine positiv gestaltete Lernumwelt und schaffen eine angenehme Lernatmosph\u00e4re. <\/span><\/span><\/span><\/p>\n<\/li>\n<li>\n<p align=\"JUSTIFY\"><span style=\"color: #000000\"><span style=\"font-family: Calibri, sans-serif\"><span style=\"font-size: x-large\">Wir achten einander und gehen wertsch\u00e4tzend miteinander um. <\/span><\/span><\/span><\/p>\n<\/li>\n<\/ul>\n","protected":false},"excerpt":{"rendered":"<p>Lernen mit Herz und mitten im Leben Unsere Schule ist ein Ort, an dem Kinder und Erwachsene mit Freude arbeiten und lernen. Die Sch\u00fclerinnen und Sch\u00fcler mit ihren individuellen St\u00e4rken und Entwicklungspotenzialen stehen im Mittelpunkt. Wir unterst\u00fctzen den Erwerb fachlicher Schl\u00fcsselqualifikationen ebenso wie die Pers\u00f6nlichkeitsentwicklung und die Entfaltung sozialer Kompetenzen, um den vielf\u00e4ltigen Anforderungen des &hellip; <a href=\"https:\/\/wordpress.nibis.de\/gs-klint\/unser-leitbild\/\" class=\"more-link\"><span class=\"screen-reader-text\">Unser Leitbild<\/span> weiterlesen <span class=\"meta-nav\">&rarr;<\/span><\/a><\/p>\n","protected":false},"author":9192438,"featured_media":0,"parent":0,"menu_order":0,"comment_status":"closed","ping_status":"closed","template":"","meta":{"footnotes":""},"class_list":["post-2920","page","type-page","status-publish","hentry"],"_links":{"self":[{"href":"https:\/\/wordpress.nibis.de\/gs-klint\/wp-json\/wp\/v2\/pages\/2920","targetHints":{"allow":["GET"]}}],"collection":[{"href":"https:\/\/wordpress.nibis.de\/gs-klint\/wp-json\/wp\/v2\/pages"}],"about":[{"href":"https:\/\/wordpress.nibis.de\/gs-klint\/wp-json\/wp\/v2\/types\/page"}],"author":[{"embeddable":true,"href":"https:\/\/wordpress.nibis.de\/gs-klint\/wp-json\/wp\/v2\/users\/9192438"}],"replies":[{"embeddable":true,"href":"https:\/\/wordpress.nibis.de\/gs-klint\/wp-json\/wp\/v2\/comments?post=2920"}],"version-history":[{"count":3,"href":"https:\/\/wordpress.nibis.de\/gs-klint\/wp-json\/wp\/v2\/pages\/2920\/revisions"}],"predecessor-version":[{"id":2923,"href":"https:\/\/wordpress.nibis.de\/gs-klint\/wp-json\/wp\/v2\/pages\/2920\/revisions\/2923"}],"wp:attachment":[{"href":"https:\/\/wordpress.nibis.de\/gs-klint\/wp-json\/wp\/v2\/media?parent=2920"}],"curies":[{"name":"wp","href":"https:\/\/api.w.org\/{rel}","templated":true}]}}