{"id":3536,"date":"2021-12-30T09:14:19","date_gmt":"2021-12-30T08:14:19","guid":{"rendered":"https:\/\/wordpress.nibis.de\/gs-klint\/?page_id=3536"},"modified":"2022-01-04T20:07:05","modified_gmt":"2022-01-04T19:07:05","slug":"projekt-umweltschule-wer-wie-was","status":"publish","type":"page","link":"https:\/\/wordpress.nibis.de\/gs-klint\/projekt-umweltschule-wer-wie-was\/","title":{"rendered":"Projekt Umweltschule ,,Wer? Wie? Was?&#8220;"},"content":{"rendered":"<p><strong>WAS<\/strong> ist eigentlich Umweltschule?<br \/>\nIn einem WELTWEITEN NETZWERK (Eco Schools) engagieren sich bundesweit 800 Schulen und niedersachsenweit \u00fcber 350 Schulen in einem zweij\u00e4hrigen Projekt f\u00fcr ihre Umwelt.<br \/>\nDie Schulen verpflichten sich, durch konkrete Ma\u00dfnahmen zu NACHHALTIGEM und GERECHTEM HANDELN.<br \/>\nDabei sollen Kinder und Jugendliche mehr Mitspracherechte bei der Gestaltung ihrer Schulumwelt erhalten.<br \/>\nEs gibt eine j\u00e4hrliche Ausschreibung, die bei erfolgreicher Teilnahme zu einer Auszeichnung als Umweltschule f\u00fchrt.<\/p>\n<p><strong>WER<\/strong> ist Initiator oder Unterst\u00fctzer?<br \/>\nTr\u00e4ger: Deutsche Gesellschaft f\u00fcr Umwelterziehung (DGU)<br \/>\nUnterst\u00fctzung und Hilfe: Nieders\u00e4chsische Landesschulbeh\u00f6rde<br \/>\nSchirmherrschaft: Kultusminister(in) und Umweltminister(in)<br \/>\nJ\u00e4hrliche Auszeichnung \u201eUmweltschule in Europa\u201c durch<br \/>\ndie Landesregierung<\/p>\n<p><strong>WER<\/strong> ist daran beteiligt?<br \/>\nDie gesamte Schulgemeinschaft:<br \/>\nDie Sch\u00fclerinnen und Sch\u00fcler<br \/>\ndas Lehrerkollegium<br \/>\ndie Erzieherinnen und Sozialp\u00e4dagoginnen<br \/>\ndie P\u00e4dagogischen Mitarbeiter<br \/>\nalle Mitarbeiter (Hausmeister, Sekret\u00e4rin)<br \/>\nFamilien unserer Sch\u00fcler<br \/>\nPraktikantInnen (GHR, ASP, BFD, FSJ)<br \/>\nExterne Spezialisten<\/p>\n<p><strong>WARUM<\/strong> nehmen wir daran teil?<br \/>\nWir m\u00f6chten den Kindern unserer Schule die Gelegenheit geben, ihre Umwelt aktiv zu gestalten und VERANTWORTUNG f\u00fcr ihre Lebensumwelt zu \u00fcbernehmen.<br \/>\nDabei sollen sie zu einem NACHHALTIGEN und GERECHTEN HANDELN bef\u00e4higt werden.<\/p>\n<p><strong>WIE<\/strong> funktioniert das?<br \/>\nMit zwei Handlungsfeldern aus dem Bereich Nachhaltigkeitsbildung durchlaufen die Schulen die zweij\u00e4hrige Projektphase:<\/p>\n<ul>\n<li>Erstellen eines KONZEPTES f\u00fcr mehr Umweltvertr\u00e4glichkeit sowie dessen<br \/>\nUMSETZUNG und DOKUMENTATION<\/li>\n<li>BEURTEILUNG durch ein Gutachterteam, ob die selbst gesetzten Ziele erreicht und<br \/>\ndie Teilnahmekriterien beachtet wurden<\/li>\n<li>AUSZEICHNUNG \u201cUmweltschule in Europa\u201d (Flagge, Urkunde und Berechtigung,<br \/>\nden Titel \u201cUmweltschule in Europa\u201d f\u00fcr den Projektzeitraum zu f\u00fchren)<\/li>\n<li>Eine weitere Beteiligung mit neuen Zielen ist m\u00f6glich und erw\u00fcnscht.<br \/>\nDie Umweltprojekte sollen m\u00f6glichst als dauerhafte Bausteine im<br \/>\nSchulprogramm verankert werden.<\/li>\n<\/ul>\n<p><strong>WANN <\/strong>findet das Projekt f\u00fcr uns statt?<br \/>\nJanuar 2021- November 2022<\/p>\n<p><strong>WAS<\/strong> ist unser Plan?<br \/>\nWir haben uns f\u00fcr ZWEI HANDLUNGSFELDER aus dem Bereich NACHHALTIGKEITSBILDUNG entschieden, in denen wir unsere Schule weiter voranbringen wollen:<br \/>\nBIOLOGISCHE VIELFALT &amp; DEMOKRATIEBILDUNG<\/p>\n<p><a href=\"https:\/\/wordpress.nibis.de\/gs-klint\/files\/Umweltschule-Teil-1-Kurz_Homepage_Umweltschule.pdf\" target=\"_blank\" rel=\"noopener\">Hier finden Sie weitere Informationen zum Projekt<\/a><\/p>\n","protected":false},"excerpt":{"rendered":"<p>WAS ist eigentlich Umweltschule? In einem WELTWEITEN NETZWERK (Eco Schools) engagieren sich bundesweit 800 Schulen und niedersachsenweit \u00fcber 350 Schulen in einem zweij\u00e4hrigen Projekt f\u00fcr ihre Umwelt. Die Schulen verpflichten sich, durch konkrete Ma\u00dfnahmen zu NACHHALTIGEM und GERECHTEM HANDELN. Dabei sollen Kinder und Jugendliche mehr Mitspracherechte bei der Gestaltung ihrer Schulumwelt erhalten. Es gibt eine &hellip; <a href=\"https:\/\/wordpress.nibis.de\/gs-klint\/projekt-umweltschule-wer-wie-was\/\" class=\"more-link\"><span class=\"screen-reader-text\">Projekt Umweltschule ,,Wer? Wie? Was?&#8220;<\/span> weiterlesen <span class=\"meta-nav\">&rarr;<\/span><\/a><\/p>\n","protected":false},"author":9192438,"featured_media":0,"parent":0,"menu_order":0,"comment_status":"closed","ping_status":"closed","template":"","meta":{"footnotes":""},"class_list":["post-3536","page","type-page","status-publish","hentry"],"_links":{"self":[{"href":"https:\/\/wordpress.nibis.de\/gs-klint\/wp-json\/wp\/v2\/pages\/3536","targetHints":{"allow":["GET"]}}],"collection":[{"href":"https:\/\/wordpress.nibis.de\/gs-klint\/wp-json\/wp\/v2\/pages"}],"about":[{"href":"https:\/\/wordpress.nibis.de\/gs-klint\/wp-json\/wp\/v2\/types\/page"}],"author":[{"embeddable":true,"href":"https:\/\/wordpress.nibis.de\/gs-klint\/wp-json\/wp\/v2\/users\/9192438"}],"replies":[{"embeddable":true,"href":"https:\/\/wordpress.nibis.de\/gs-klint\/wp-json\/wp\/v2\/comments?post=3536"}],"version-history":[{"count":8,"href":"https:\/\/wordpress.nibis.de\/gs-klint\/wp-json\/wp\/v2\/pages\/3536\/revisions"}],"predecessor-version":[{"id":3558,"href":"https:\/\/wordpress.nibis.de\/gs-klint\/wp-json\/wp\/v2\/pages\/3536\/revisions\/3558"}],"wp:attachment":[{"href":"https:\/\/wordpress.nibis.de\/gs-klint\/wp-json\/wp\/v2\/media?parent=3536"}],"curies":[{"name":"wp","href":"https:\/\/api.w.org\/{rel}","templated":true}]}}