{"id":3583,"date":"2022-02-18T18:08:32","date_gmt":"2022-02-18T17:08:32","guid":{"rendered":"https:\/\/wordpress.nibis.de\/gs-klint\/?page_id=3583"},"modified":"2024-02-27T10:48:43","modified_gmt":"2024-02-27T09:48:43","slug":"demokratie-und-partizipation","status":"publish","type":"page","link":"https:\/\/wordpress.nibis.de\/gs-klint\/demokratie-und-partizipation\/","title":{"rendered":"Demokratie und Partizipation"},"content":{"rendered":"<p><a href=\"https:\/\/wordpress.nibis.de\/gs-klint\/files\/Demokratiebezogener-Kompetenzerwerb.jpg\"><img loading=\"lazy\" decoding=\"async\" class=\"alignnone wp-image-3584\" src=\"https:\/\/wordpress.nibis.de\/gs-klint\/files\/Demokratiebezogener-Kompetenzerwerb-300x217.jpg\" alt=\"\" width=\"337\" height=\"244\" srcset=\"https:\/\/wordpress.nibis.de\/gs-klint\/files\/Demokratiebezogener-Kompetenzerwerb-300x217.jpg 300w, https:\/\/wordpress.nibis.de\/gs-klint\/files\/Demokratiebezogener-Kompetenzerwerb-768x556.jpg 768w, https:\/\/wordpress.nibis.de\/gs-klint\/files\/Demokratiebezogener-Kompetenzerwerb.jpg 800w\" sizes=\"auto, (max-width: 337px) 100vw, 337px\" \/><\/a><\/p>\n<audio class=\"wp-audio-shortcode\" id=\"audio-3583-1\" preload=\"none\" style=\"width: 100%;\" controls=\"controls\"><source type=\"audio\/mpeg\" src=\"https:\/\/wordpress.nibis.de\/gs-klint\/files\/Demokratie-ist-schoen-macht-aber-viel-Arbeit.mp3?_=1\" \/><a href=\"https:\/\/wordpress.nibis.de\/gs-klint\/files\/Demokratie-ist-schoen-macht-aber-viel-Arbeit.mp3\">https:\/\/wordpress.nibis.de\/gs-klint\/files\/Demokratie-ist-schoen-macht-aber-viel-Arbeit.mp3<\/a><\/audio>\n<p>Demokratie ist sch\u00f6n, macht aber viel Arbeit.<\/p>\n<p><a href=\"https:\/\/wordpress.nibis.de\/gs-klint\/was-ist-eigentlich-demokratie\/\" target=\"_blank\" rel=\"noopener\"><strong>Was ist eigentlich Demokratie?<\/strong><\/a><\/p>\n<p><a href=\"https:\/\/wordpress.nibis.de\/gs-klint\/klassenrat-klassensprecher-und-schuelerparlament\/\" target=\"_blank\" rel=\"noopener\"><strong>Klassenrat, Klassensprecher und Sch\u00fclerparlament<\/strong><\/a><\/p>\n<p><a href=\"https:\/\/wordpress.nibis.de\/gs-klint\/aktionen-zum-umwelt-und-klimaschutz\/\" target=\"_blank\" rel=\"noopener\"><strong>Aktionen zum Umwelt- und Klimaschutz<\/strong><\/a><\/p>\n<p><strong><a href=\"https:\/\/wordpress.nibis.de\/gs-klint\/besondere-aktionen\/\" target=\"_blank\" rel=\"noopener\">Politische Aktionen<\/a><\/strong><\/p>\n<p><a href=\"https:\/\/wordpress.nibis.de\/gs-klint\/gewaltpraevention\/\" target=\"_blank\" rel=\"noopener\"><strong>Gewaltpr\u00e4vention<\/strong><\/a><\/p>\n<p><a href=\"https:\/\/wordpress.nibis.de\/gs-klint\/muellschulung\/\" target=\"_blank\" rel=\"noopener\"><strong>M\u00fcllschulung<\/strong><\/a><\/p>\n","protected":false},"excerpt":{"rendered":"<p>Demokratie ist sch\u00f6n, macht aber viel Arbeit. Was ist eigentlich Demokratie? Klassenrat, Klassensprecher und Sch\u00fclerparlament Aktionen zum Umwelt- und Klimaschutz Politische Aktionen Gewaltpr\u00e4vention M\u00fcllschulung<\/p>\n","protected":false},"author":9192438,"featured_media":0,"parent":0,"menu_order":0,"comment_status":"closed","ping_status":"closed","template":"","meta":{"footnotes":""},"class_list":["post-3583","page","type-page","status-publish","hentry"],"_links":{"self":[{"href":"https:\/\/wordpress.nibis.de\/gs-klint\/wp-json\/wp\/v2\/pages\/3583","targetHints":{"allow":["GET"]}}],"collection":[{"href":"https:\/\/wordpress.nibis.de\/gs-klint\/wp-json\/wp\/v2\/pages"}],"about":[{"href":"https:\/\/wordpress.nibis.de\/gs-klint\/wp-json\/wp\/v2\/types\/page"}],"author":[{"embeddable":true,"href":"https:\/\/wordpress.nibis.de\/gs-klint\/wp-json\/wp\/v2\/users\/9192438"}],"replies":[{"embeddable":true,"href":"https:\/\/wordpress.nibis.de\/gs-klint\/wp-json\/wp\/v2\/comments?post=3583"}],"version-history":[{"count":5,"href":"https:\/\/wordpress.nibis.de\/gs-klint\/wp-json\/wp\/v2\/pages\/3583\/revisions"}],"predecessor-version":[{"id":4170,"href":"https:\/\/wordpress.nibis.de\/gs-klint\/wp-json\/wp\/v2\/pages\/3583\/revisions\/4170"}],"wp:attachment":[{"href":"https:\/\/wordpress.nibis.de\/gs-klint\/wp-json\/wp\/v2\/media?parent=3583"}],"curies":[{"name":"wp","href":"https:\/\/api.w.org\/{rel}","templated":true}]}}