{"id":3613,"date":"2022-02-19T09:42:13","date_gmt":"2022-02-19T08:42:13","guid":{"rendered":"https:\/\/wordpress.nibis.de\/gs-klint\/?page_id=3613"},"modified":"2025-01-16T13:19:13","modified_gmt":"2025-01-16T12:19:13","slug":"gewaltpraevention","status":"publish","type":"page","link":"https:\/\/wordpress.nibis.de\/gs-klint\/gewaltpraevention\/","title":{"rendered":"Gewaltpr\u00e4vention"},"content":{"rendered":"<p>Lubo aus dem All<\/p>\n<div id='gallery-1' class='gallery galleryid-3613 gallery-columns-2 gallery-size-thumbnail'><figure class='gallery-item'>\n\t\t\t<div class='gallery-icon portrait'>\n\t\t\t\t<a href='https:\/\/wordpress.nibis.de\/gs-klint\/gewaltpraevention\/330a2723\/'><img loading=\"lazy\" decoding=\"async\" width=\"141\" height=\"141\" src=\"https:\/\/wordpress.nibis.de\/gs-klint\/files\/330A2723-150x150.jpg\" class=\"attachment-thumbnail size-thumbnail\" alt=\"\" \/><\/a>\n\t\t\t<\/div><\/figure><figure class='gallery-item'>\n\t\t\t<div class='gallery-icon landscape'>\n\t\t\t\t<a href='https:\/\/wordpress.nibis.de\/gs-klint\/gewaltpraevention\/330a2714\/'><img loading=\"lazy\" decoding=\"async\" width=\"141\" height=\"141\" src=\"https:\/\/wordpress.nibis.de\/gs-klint\/files\/330A2714-150x150.jpg\" class=\"attachment-thumbnail size-thumbnail\" alt=\"\" \/><\/a>\n\t\t\t<\/div><\/figure><figure class='gallery-item'>\n\t\t\t<div class='gallery-icon landscape'>\n\t\t\t\t<a href='https:\/\/wordpress.nibis.de\/gs-klint\/gewaltpraevention\/330a2709\/'><img loading=\"lazy\" decoding=\"async\" width=\"141\" height=\"141\" src=\"https:\/\/wordpress.nibis.de\/gs-klint\/files\/330A2709-150x150.jpg\" class=\"attachment-thumbnail size-thumbnail\" alt=\"\" \/><\/a>\n\t\t\t<\/div><\/figure><figure class='gallery-item'>\n\t\t\t<div class='gallery-icon portrait'>\n\t\t\t\t<a href='https:\/\/wordpress.nibis.de\/gs-klint\/gewaltpraevention\/330a2697\/'><img loading=\"lazy\" decoding=\"async\" width=\"141\" height=\"141\" src=\"https:\/\/wordpress.nibis.de\/gs-klint\/files\/330A2697-150x150.jpg\" class=\"attachment-thumbnail size-thumbnail\" alt=\"\" \/><\/a>\n\t\t\t<\/div><\/figure>\n\t\t<\/div>\n\n<p>&nbsp;<\/p>\n<p><i>&#8222;Der kleine Au\u00dferirdische Lubo besucht die Erde und m\u00f6chte lernen, wie man auf der Welt freunde findet und wie man sich auf der Erde richtig verh\u00e4lt. Lubo st\u00f6\u00dft bei seinen Ausfl\u00fcgen immer wieder auf R\u00e4tsel und Probleme der Gef\u00fchle und des Miteinanders. Die Kinder helfen ihm bei der Probleml\u00f6sung. Lubo begleitet die Kinder in Form einer Handpuppe durch alle Trainingsstunden.&#8220;<\/i> <span style=\"font-size: small\">(vgl. Hillebrank Hennemann, Hens, H\u00f6vel, 2018:9) <\/span><\/p>\n<p>&#8222;Lubo aus dem All!&#8220; &#8211; 1. und 2. Klasse ist eine Trainingsprogramm zur fr\u00fchzeitigen F\u00f6rderung sozial-emotionaler Basiskompetenzen, um unangemessenem Verhalten und dem Entstehen von Gewalt an Schulen entgegenzuwirken und Lernvoraussetzungen zu verbessern. Zentrale Ziele sind:<\/p>\n<p>&#8211; F\u00f6rderung sozial-emotionaler Basiskompetenzen (Selbst- und Fremdwahrnehmung, Emotionsausdruck, Emotionssprache, usw.)<\/p>\n<p>&#8211; F\u00f6rderung der Emotionsregulation und Selbststeuerungsf\u00e4higkeit<\/p>\n<p>&#8211; F\u00f6rderung der Zielkl\u00e4rungsf\u00e4higkeit<\/p>\n<p>&#8211; F\u00f6rderung sozialer Probleml\u00f6sungsstrategien<\/p>\n<p>&#8211; F\u00f6rderung eines angemessenen Handlungsrepertoires und sozialer Skills f\u00fcr alterstypische Problemsituationen (z.B. mitspielen wollen, Umgang mit Schimpfw\u00f6rtern, Streit kl\u00e4ren usw.)&#8220;<\/p>\n<p><span style=\"font-size: small\"><i>(vgl. Hillenbrand, Hennemann, Hens, H\u00f6vel, 2018:9) <\/i><\/span><\/p>\n<p>Die einzelnen Stunden werden an die Erfahrungen und Kenntnisse, sowie Bed\u00fcrfnisse der einzelnen Klassen angepasst und vertieft oder komprimiert.<\/p>\n<p>Das Training findet in den ersten Klassen statt und wird von unserer Schulsozialarbeiterin Laura Falkenthal (<a href=\"mail&#116;&#111;&#58;&#108;&#97;&#x75;&#x72;&#x61;&#x2e;&#x66;&#x61;&#x6c;kent&#104;&#97;&#108;&#64;&#103;&#x73;&#x2d;&#x6b;&#x6c;&#x69;&#x6e;&#x74;&#x2e;de\" target=\"_blank\" rel=\"noopener\">laura.falkenthal(at)gs-klint.de<\/a>) durchgef\u00fchrt.<\/p>\n","protected":false},"excerpt":{"rendered":"<p>Lubo aus dem All &nbsp; &#8222;Der kleine Au\u00dferirdische Lubo besucht die Erde und m\u00f6chte lernen, wie man auf der Welt freunde findet und wie man sich auf der Erde richtig verh\u00e4lt. Lubo st\u00f6\u00dft bei seinen Ausfl\u00fcgen immer wieder auf R\u00e4tsel und Probleme der Gef\u00fchle und des Miteinanders. Die Kinder helfen ihm bei der Probleml\u00f6sung. Lubo &hellip; <a href=\"https:\/\/wordpress.nibis.de\/gs-klint\/gewaltpraevention\/\" class=\"more-link\"><span class=\"screen-reader-text\">Gewaltpr\u00e4vention<\/span> weiterlesen <span class=\"meta-nav\">&rarr;<\/span><\/a><\/p>\n","protected":false},"author":9192438,"featured_media":0,"parent":0,"menu_order":0,"comment_status":"closed","ping_status":"closed","template":"","meta":{"footnotes":""},"class_list":["post-3613","page","type-page","status-publish","hentry"],"_links":{"self":[{"href":"https:\/\/wordpress.nibis.de\/gs-klint\/wp-json\/wp\/v2\/pages\/3613","targetHints":{"allow":["GET"]}}],"collection":[{"href":"https:\/\/wordpress.nibis.de\/gs-klint\/wp-json\/wp\/v2\/pages"}],"about":[{"href":"https:\/\/wordpress.nibis.de\/gs-klint\/wp-json\/wp\/v2\/types\/page"}],"author":[{"embeddable":true,"href":"https:\/\/wordpress.nibis.de\/gs-klint\/wp-json\/wp\/v2\/users\/9192438"}],"replies":[{"embeddable":true,"href":"https:\/\/wordpress.nibis.de\/gs-klint\/wp-json\/wp\/v2\/comments?post=3613"}],"version-history":[{"count":4,"href":"https:\/\/wordpress.nibis.de\/gs-klint\/wp-json\/wp\/v2\/pages\/3613\/revisions"}],"predecessor-version":[{"id":4379,"href":"https:\/\/wordpress.nibis.de\/gs-klint\/wp-json\/wp\/v2\/pages\/3613\/revisions\/4379"}],"wp:attachment":[{"href":"https:\/\/wordpress.nibis.de\/gs-klint\/wp-json\/wp\/v2\/media?parent=3613"}],"curies":[{"name":"wp","href":"https:\/\/api.w.org\/{rel}","templated":true}]}}