{"id":4,"date":"2014-02-01T19:08:12","date_gmt":"2014-02-01T18:08:12","guid":{"rendered":"http:\/\/wordpress.nibis.de\/gs-klint\/?page_id=4"},"modified":"2026-04-08T15:51:34","modified_gmt":"2026-04-08T14:51:34","slug":"homepage-gs-klint-wird-ueberarbeitet-aktuelles","status":"publish","type":"page","link":"https:\/\/wordpress.nibis.de\/gs-klint\/","title":{"rendered":"Herzlich Willkommen!"},"content":{"rendered":"<p>&nbsp;<\/p>\n\n\t\t<!-- MasterSlider -->\n\t\t<div id=\"P_MS69e4c4c8c333d\" class=\"master-slider-parent msl ms-parent-id-7\" style=\"max-width:800px;\">\n\n\t\t\t\n\t\t\t<!-- MasterSlider Main -->\n\t\t\t<div id=\"MS69e4c4c8c333d\" class=\"master-slider ms-skin-light-3\" >\n\t\t\t\t \t\t\t\t \n\t\t\t\t<div  class=\"ms-slide\" data-delay=\"3\" data-fill-mode=\"fill\"  >\n\t\t\t\t\t<img decoding=\"async\" src=\"https:\/\/wordpress.nibis.de\/gs-klint\/wp-content\/plugins\/master-slider\/public\/assets\/css\/blank.gif\" alt=\"\" title=\"\" data-src=\"https:\/\/wordpress.nibis.de\/gs-klint\/files\/BD174510-83A7-4312-8A41-440089AA1BF1.jpeg\" \/>\n\n\n\t<div class=\"ms-thumb\" ><div class=\"ms-tab-context\"><div class=\"&quot;ms-tab-context&quot;\"><\/div><\/div>\n<\/div>\n\t\t\t\t<\/div>\n\t\t\t\t<div  class=\"ms-slide\" data-delay=\"3\" data-fill-mode=\"fill\"  >\n\t\t\t\t\t<img decoding=\"async\" src=\"https:\/\/wordpress.nibis.de\/gs-klint\/wp-content\/plugins\/master-slider\/public\/assets\/css\/blank.gif\" alt=\"\" title=\"\" data-src=\"https:\/\/wordpress.nibis.de\/gs-klint\/files\/B06535A6-59FC-44B5-88F6-3CE9737DB766-e1584526380701.jpeg\" \/>\n\n\n\t<div class=\"ms-thumb\" ><div class=\"ms-tab-context\"><div class=\"&quot;ms-tab-context&quot;\"><\/div><\/div>\n<\/div>\n\t\t\t\t<\/div>\n\t\t\t\t<div  class=\"ms-slide\" data-delay=\"3\" data-fill-mode=\"fill\"  >\n\t\t\t\t\t<img decoding=\"async\" src=\"https:\/\/wordpress.nibis.de\/gs-klint\/wp-content\/plugins\/master-slider\/public\/assets\/css\/blank.gif\" alt=\"\" title=\"\" data-src=\"https:\/\/wordpress.nibis.de\/gs-klint\/files\/64EEAA8C-9E1A-4773-81B0-CEC6AB2B13FD-e1584526142420.jpeg\" \/>\n\n\n\t<div class=\"ms-thumb\" ><div class=\"ms-tab-context\"><div class=\"&quot;ms-tab-context&quot;\"><\/div><\/div>\n<\/div>\n\t\t\t\t<\/div>\n\t\t\t\t<div  class=\"ms-slide\" data-delay=\"3\" data-fill-mode=\"fill\"  >\n\t\t\t\t\t<img decoding=\"async\" src=\"https:\/\/wordpress.nibis.de\/gs-klint\/wp-content\/plugins\/master-slider\/public\/assets\/css\/blank.gif\" alt=\"\" title=\"\" data-src=\"https:\/\/wordpress.nibis.de\/gs-klint\/files\/4E3DEDFE-3407-4420-BE77-CF9A21B9C71E-e1584526748179.jpeg\" \/>\n\n\n\t<div class=\"ms-thumb\" ><div class=\"ms-tab-context\"><div class=\"&quot;ms-tab-context&quot;\"><\/div><\/div>\n<\/div>\n\t\t\t\t<\/div>\n\n\t\t\t<\/div>\n\t\t\t<!-- END MasterSlider Main -->\n\n\t\t\t \n\t\t<\/div>\n\t\t<!-- END MasterSlider -->\n\n\t\t<script>\n\t\t(function ( $ ) {\n\t\t\t\"use strict\";\n\n\t\t\t$(function () {\n\t\t\t\tvar masterslider_333d = new MasterSlider();\n\n\t\t\t\t\/\/ slider controls\n\t\t\t\tmasterslider_333d.control('arrows'     ,{ autohide:false, overVideo:true  });\t\t\t\tmasterslider_333d.control('bullets'    ,{ autohide:true, overVideo:true, dir:'h', align:'bottom' , margin:10  });\n\n\t\t\t\tmasterslider_333d.control('circletimer',{ autohide:false, overVideo:true, color:'#434343', radius:10, stroke:3   });\n\t\t\t\tmasterslider_333d.control('timebar'    ,{ autohide:false, overVideo:true, align:'bottom', color:'#FFFFFF'  , width:4 });\n\t\t\t\t\/\/ slider setup\n\t\t\t\tmasterslider_333d.setup(\"MS69e4c4c8c333d\", {\n\t\t\t\t\t\twidth           : 800,\n\t\t\t\t\t\theight          : 480,\n\t\t\t\t\t\tminHeight       : 0,\n\t\t\t\t\t\tspace           : 0,\n\t\t\t\t\t\tstart           : 1,\n\t\t\t\t\t\tgrabCursor      : true,\n\t\t\t\t\t\tswipe           : true,\n\t\t\t\t\t\tmouse           : true,\n\t\t\t\t\t\tlayout          : \"boxed\",\n\t\t\t\t\t\twheel           : false,\n\t\t\t\t\t\tautoplay        : true,\n\t\t\t\t\t\tinstantStartLayers:false,\n\t\t\t\t\t\tloop            : true,\n\t\t\t\t\t\tshuffle         : false,\n\t\t\t\t\t\tpreload         : 0,\n\t\t\t\t\t\theightLimit     : true,\n\t\t\t\t\t\tautoHeight      : false,\n\t\t\t\t\t\tsmoothHeight    : true,\n\t\t\t\t\t\tendPause        : false,\n\t\t\t\t\t\toverPause       : true,\n\t\t\t\t\t\tfillMode        : \"fill\",\n\t\t\t\t\t\tcenterControls  : true,\n\t\t\t\t\t\tstartOnAppear   : false,\n\t\t\t\t\t\tlayersMode      : \"center\",\n\t\t\t\t\t\thideLayers      : false,\n\t\t\t\t\t\tfullscreenMargin: 0,\n\t\t\t\t\t\tspeed           : 20,\n\t\t\t\t\t\tdir             : \"h\",\n\t\t\t\t\t\tparallaxMode    : 'swipe',\n\t\t\t\t\t\tview            : \"basic\"\n\t\t\t\t});\n\n\t\t\t\t\n\t\t\t\twindow.masterslider_instances = window.masterslider_instances || [];\n\t\t\t\twindow.masterslider_instances.push( masterslider_333d );\n\t\t\t });\n\n\t\t})(jQuery);\n\t\t<\/script>\n\n\n<p>&nbsp;<\/p>\n<p>Sehr geehrte Eltern,<\/p>\n<p>wir hoffen, Sie und Ihre Familie hatten eine sch\u00f6ne und erholsame Osterzeit!<\/p>\n<p>Nun ist der Schulalltag wieder eingekehrt und wir m\u00f6chten Ihrem Kind \/ Ihren Kindern weiterhin eine sch\u00f6ne, spannende und lernwirksame Grundschulzeit erm\u00f6glichen.<\/p>\n<p>&nbsp;<\/p>\n<p>Allgemeine Hinweise:<\/p>\n<p>Wenn Sie an einer Ganztagsbetreuung interessiert sind (f\u00fcr Ihr\u00a0 bereits eingeschultes Kind bzw. f\u00fcr ein k\u00fcnftiges Einschulungskind), dann f\u00fcllen Sie bitte das Online-Formular auf unserer Schulhomepage unter Einschulung -&gt; Anmeldeformulare zur Ganztags-Betreuung aus und senden es unterschrieben an unsere Schule zur\u00fcck.<\/p>\n<p>Eltern geben Adress-\u00c4nderungen bitte umgehend auch im Schulsekretariat bekannt. So bleibt die notwendige Kommunikation zwischen Elternhaus und Schule stets gew\u00e4hrleistet.<\/p>\n<p>Termine:<\/p>\n<p>Mi 29. April 2026: Radfahrpr\u00fcfung der Kinder des 4. Schuljahrgangs<\/p>\n<p>Mi 20. Mai 2026 um 18.30 Uhr: Einschulungselternabend der neuen Schulkinder<\/p>\n<p>Mi 24. Juni 2026: Schulfest und Umwelttag an der Grundschule Klint<\/p>\n<p>Vorschau:<\/p>\n<p>Der Einschulungstag ist im Jahr 2026 der Samstag, 15. August. Um 10 Uhr findet traditionell die Andacht in der Kirche St. Magni statt und anschlie\u00dfend um 11 Uhr die Einschulungsfeier auf unserem Schulhof der Grundschule Klint.<\/p>\n<p>R\u00fcckblick:<\/p>\n<p>Am Mittwoch 25. und Freitag 27. Februar 2026 fand das Hockey-Turnier mit zehn Braunschweiger Schulen in der Turnhalle der Grundschule Klint statt. Die M\u00e4dchen vom Klint haben sich f\u00fcr das Endspiel am 13. M\u00e4rz in der Alten Waage qualifiziert &#8211; eine tolle Leistung, Gl\u00fcckwunsch!<\/p>\n<p>Eltern unserer Schule haben am Freitag 27. Februar 2026 im Schulgarten die neue Kr\u00e4uterspirale und die Pflanzk\u00fcbel mit frischer Erde bef\u00fcllt &#8211; jetzt kann der Fr\u00fchling kommen. Herzlichen Dank den flei\u00dfigen helfenden H\u00e4nden und unserem Schulverein!<\/p>\n<p>Am 30. September 2025 fand auf dem Schulhof das Elterntreffen &#8222;Meet &amp; Greet&#8220; statt, zu dem unser <strong>aktiver Schulverein<\/strong> einlud. Es war ein sch\u00f6nes Beisammensein und viele Eltern nutzten das Angebot, sich gegenseitig besser kennenzulernen. Herzlichen Dank unseren engagierten Mitgliedern des Schulvereins und allen teilnehmenden, mit kulinarischen K\u00f6stlichkeiten unterst\u00fctzenden Eltern! Den Familien mit vielen Kindern hat es sicher gut gefallen, am Nachmittag bis abends 19.30 Uhr auf dem Schulhof der Grundschule Klint\u00a0 zu verweilen.<\/p>\n<p>Am Nachmittag des 24. Juni 2025 fand wieder unser <strong>Umwelt- und<\/strong> <strong>Schulgartentag<\/strong> statt; unsere Schulgemeinschaft und mit ihr verbundene Personen waren herzlich eingeladen. Ein erneut gut besuchtes Ereignis auf unserem Schulgel\u00e4nde bei angenehmem Fr\u00fchsommerwetter.<\/p>\n<p>Die Kinder hatten vielf\u00e4ltige Dinge rund um den Schulgarten und den Umweltgedanken vorbereitet und an ihren St\u00e4nden auf dem Schulhof angeboten. Gro\u00dfen Dank an alle Beteiligten, die zum harmonischen Gelingen beigetragen haben. Insbesondere die hohe Teilnahme aus der Elternschaft incl. Gro\u00dfeltern und Angeh\u00f6rigen hat uns erfreut, so dass sich Jung und Alt begegnen konnten. Die Kinder der Jahrg\u00e4nge 2 und 4 er\u00f6ffneten mit ihrer Lehrerin das Schulfest mit musikalischen Darbietungen. Der Eiswagen stand ebenfalls wieder bereit und sorgte f\u00fcr eine abwechslungsreiche Erfrischung. Die B\u00fcrgerstiftung mit der Volker-Brumme-Stiftung waren vertreten und der Schulverein der Grundschule Klint hat mit einer besonders umfangreichen Tombola wieder einen gro\u00dfen Umsatz erzielt; DANKE an alle Sponsoren aus dem Magniviertel und Umgebung sowie die vielen helfenden H\u00e4nde der Elternschaft!<\/p>\n<p>Am Freitag, 16. Mai fand das <strong>Kinderkirchenfest<\/strong> auf dem Schulgel\u00e4nde der Grundschule Klint\u00a0 statt. Unsere Schulgemeinschaft war begeistert; viele Angebote auf dem Schulhof und ein Theaterst\u00fcck in der Aula erfreuten Schulkinder und Eltern. Das Team der KOGS Ganztagsbetreuung unter der Mitwirkung von Pfarrer B\u00f6ger, dem Kinder- und Jugendzentrum St. Magni und der Leitung der Ganztagsbetreuung Frau Metzger freuten sich \u00fcber die gro\u00dfe Resonanz des gelungenen Nachmittages.<\/p>\n<p>Am 4. Dezember 2024 fand in unserer Sch\u00fclerb\u00fccherei ein spannender NDR &#8211; TV &#8211; Pressetermin statt; Thema: <em>Wie wirken <strong>B\u00fcrgerstiftungen am Beispiel von Lesef\u00f6rderung<\/strong> an Grundschulen. <\/em><\/p>\n<p>F\u00fcr die gelungene und nachhaltige Kooperation mit der B\u00fcrgerstiftung Braunschweig m\u00f6chten wir uns herzlich bedanken! Am 13.12.2024 wurde dieser Beitrag im Rahmen einer TV-Sendung ab 20:15 Uhr auf NDR Niedersachsen kurz gesendet; in der Mediathek sollte er f\u00fcr eine gewisse Zeit noch abrufbar sein.<\/p>\n<hr \/>\n<p>Die Adventszeit soll die Grundschulkinder auch an besinnliche Momente heranf\u00fchren und die Unterrichtsalltage abrunden und erweitern.<\/p>\n<p>Neben der regul\u00e4ren Unterrichtszeit fanden vor Weihnachten gemeinsames Singen von Weihnachtsliedern, Theaterbesuche und weitere adventliche Aktivit\u00e4ten in vielen Schulklassen statt wie z.B. Bastelnachmittage, Musizieren oder Beisammensein mit Eltern und Schulklassen.<\/p>\n<hr \/>\n<p>Zu unserem Schulfest am 20. September 2024, dem &#8222;Weltkindertag&#8220;, hatten wir strahlenden Sonnenschein auf unserem Schulhof &#8211; viele Kinder, Eltern und Angeh\u00f6rige haben die Spielstationen, das Kaffee- und Kuchenbuffet bei guter Laune und kurzweiligen Gespr\u00e4chen aufgesucht und beisammen verweilt.<\/p>\n<p>Unser Team ist dankbar, dass wieder so viele Eltern mit Kuchenspenden den Tag unterst\u00fctzt und f\u00fcr einen reibungslosen Service gesorgt haben. Das Kollegium und die Mitarbeitenden der Ganztagsbetreuung haben gemeinsam die Aktivit\u00e4ten an den St\u00e4nden f\u00fcr unsere Schulgemeinschaft betreut und durchgef\u00fchrt &#8211; einen herzlichen Dank im Namen unseres Schulpersonals an alle, die sich hierf\u00fcr eingebracht haben!<\/p>\n<ul>\n<li>Unser 3. <strong>Umwelt- und Schulgartentag<\/strong> am 12. Juni\u00a0 2024 war wieder gut besucht: Nicht nur unsere Schulgemeinschaft, auch G\u00e4ste aus Bildung, Politik und Verwaltung waren dabei &#8211; vielen Dank f\u00fcr Ihr Interesse und Ihre aktive Teilnahme! Dank auch an die vielen ehrenamtlichen Eltern mit ihren internationalen Kuchen- und Geb\u00e4ckspenden, unserem F\u00f6rderverein und die externen Partner, die die Grundschule Klint bisher so gro\u00dfartig unterst\u00fctzt haben.<\/li>\n<\/ul>\n<ul>\n<li>Das <strong>Kinderkirchenfest<\/strong> am Freitag, 14. Juni\u00a0 2024 war ebenfalls gut besucht; nicht nur von vielen Familien unserer Schule, sondern auch von Ehemaligen, die sich nach Jahren wieder an ihre Grundschulzeit erinnert haben und einen gemeinsamen Nachmittag mit Singen, Basteln und vielerlei Angeboten erlebt haben. Gro\u00dfen Dank an das Team unseres Kooperationspartners, der evangelischen Kirchengemeinde St. Magni, die mit ihren engagierten Mitarbeiterinnen wieder ein\u00a0 gelungenes Fest auf die Beine gestellt und mit einem Theaterst\u00fcck in der Aula gezeigt haben, welche Schauspieltalente bereits in vielen Grundschulkindern schlummern. Besonderer Dank gilt Frau Croneberg f\u00fcr die Theaterproben, Pastor B\u00f6ger f\u00fcr die wertvollen Worte und seine Organisation aus dem Hintergrund sowie Frau Burgdorff f\u00fcr die Gesamtplanung dieses sch\u00f6nen, sonnigen Tages!<\/li>\n<\/ul>\n<p>Am 16. November 2023 fand unser <strong>Herbst- \/ Wintermarkt<\/strong> in der Schule statt.<\/p>\n<p>Es war ein Schulfest mit selbst gebastelten Klassenangeboten f\u00fcr die Weihnachtszeit, einer gro\u00dfen Tombola mit Spenden vieler Gesch\u00e4fte unseres Magniviertels und Umgebung sowie lecker duftenden Waffeln. Wir danken allen Beteiligten f\u00fcr Ihr Engagement und die sch\u00f6ne gemeinsame Zeit im Rahmen unserer Schulgemeinschaft. Unser Schulverein hat sich wieder hervorragend in die Planung und Durchf\u00fchrung eingebracht &#8211; herzlichen Dank an die vielen Eltern f\u00fcr dieses Ehrenamt!<\/p>\n<p>Auch mit unserem <strong>Umweltprojekt &#8222;E &#8211; Waste &#8211; Race&#8220;<\/strong> waren wir erfolgreich und sind <strong>landesweit als Sieger<\/strong> hervorgegangen, bundesweit auf Platz 3.<\/p>\n<p>Unsere Lehrerinnen Frau Meier und Frau Wicke hatten dieses Projekt ma\u00dfgeblich begleitet und gef\u00f6rdert &#8211; ein toller Erfolg, f\u00fcr den am 28. September 2023 neben unserem Oberb\u00fcrgermeister Herrn Dr. Kornblum auch die Stiftungsmanagerin der Peter Jensen Stiftung Frau Thiemann aus Hamburg angereist waren sowie die Herren Rosenbaum (Gesch\u00e4ftsf\u00fchrer Eintracht Braunschweig) und Fricke (Gesch\u00e4ftsf\u00fchrer ALBA\u00a0 BS), um in der Aula unserer Schule zu gratulieren. Im Mittelpunkt standen die Schulkinder, die dieses Umweltprojekt &#8211; Sammeln von alten Elektroger\u00e4ten &#8211; so erfolgreich durchgef\u00fchrt haben. Als &#8222;Umweltschule in Europa&#8220; wollten wir mit dieser Aktion einen kleinen Beitrag f\u00fcr mehr Umweltschutz in und um Braunschweig leisten.<\/p>\n<p>Am 15. Juni 2023 hatten wir zum 2. Mal unser <strong>Tag des &#8222;Umwelt- und Schulgartens&#8220;<\/strong> auf dem Schulgel\u00e4nde. Neben den Schulkindern waren viele Eltern, Gro\u00dfeltern und Angeh\u00f6rige dabei, um diesen Sommertag auf unserem Schulgel\u00e4nde gemeinsam mit dem Schulpersonal zu erleben. Ebenfalls viele geladene G\u00e4ste, F\u00f6rderer und unser Schulverein sorgten f\u00fcr einen aktiven Austausch, vielf\u00e4ltige Angebote und spannende Gespr\u00e4che rund um die Themen Umwelt und Natur. Wir danken unserer gesamten Schulgemeinschaft f\u00fcr diese gemeinsame, wertvolle Zeit in der Grundschule Klint.<\/p>\n<p>Am 2. M\u00e4rz 2023 besuchte unsere <strong>Nieders\u00e4chsische Kultusministerin Frau Hamburg<\/strong> die Grundschule Klint. Das <strong>Sch\u00fclerparlament hatte sie eingeladen<\/strong>, um ihr im Gespr\u00e4ch den Schulalltag unserer Grundschule n\u00e4herzubringen. Dabei konnten die Kinder zahlreiche Ideen weitergeben und ebenso viele Anregungen seitens der Ministerin entgegennehmen.<\/p>\n<p>Herzlichen Dank Frau Ministerin Hamburg f\u00fcr Ihren Besuch!<\/p>\n<p>F\u00fcr das Team der Grundschule Klint<\/p>\n<p>Rektor Holfeld\u00a0 \u00a0 \u00a0 \u00a0 \u00a0 \u00a0 \u00a0 \u00a0 \u00a0 \u00a0 \u00a0 \u00a0 \u00a0 \u00a0 \u00a0 \u00a0 \u00a0 \u00a0 \u00a0 \u00a0 \u00a0 \u00a0 \u00a0 \u00a0 \u00a0 \u00a0 \u00a0 \u00a0 \u00a0 \u00a0 \u00a0 \u00a0 \u00a0 \u00a0 \u00a0 \u00a0 \u00a0 \u00a0 \u00a0 \u00a0 \u00a0 \u00a0 \u00a0 \u00a0 \u00a0 \u00a0 \u00a0 \u00a0Braunschweig,\u00a0 im April 2026<\/p>\n<p>&nbsp;<\/p>\n<p>&nbsp;<\/p>\n<p>&nbsp;<\/p>\n<p>&nbsp;<\/p>\n","protected":false},"excerpt":{"rendered":"<p>&nbsp; &nbsp; Sehr geehrte Eltern, wir hoffen, Sie und Ihre Familie hatten eine sch\u00f6ne und erholsame Osterzeit! Nun ist der Schulalltag wieder eingekehrt und wir m\u00f6chten Ihrem Kind \/ Ihren Kindern weiterhin eine sch\u00f6ne, spannende und lernwirksame Grundschulzeit erm\u00f6glichen. &nbsp; Allgemeine Hinweise: Wenn Sie an einer Ganztagsbetreuung interessiert sind (f\u00fcr Ihr\u00a0 bereits eingeschultes Kind bzw. &hellip; <a href=\"https:\/\/wordpress.nibis.de\/gs-klint\/\" class=\"more-link\"><span class=\"screen-reader-text\">Herzlich Willkommen!<\/span> weiterlesen <span class=\"meta-nav\">&rarr;<\/span><\/a><\/p>\n","protected":false},"author":9192438,"featured_media":0,"parent":0,"menu_order":0,"comment_status":"closed","ping_status":"closed","template":"","meta":{"footnotes":""},"class_list":["post-4","page","type-page","status-publish","hentry"],"_links":{"self":[{"href":"https:\/\/wordpress.nibis.de\/gs-klint\/wp-json\/wp\/v2\/pages\/4","targetHints":{"allow":["GET"]}}],"collection":[{"href":"https:\/\/wordpress.nibis.de\/gs-klint\/wp-json\/wp\/v2\/pages"}],"about":[{"href":"https:\/\/wordpress.nibis.de\/gs-klint\/wp-json\/wp\/v2\/types\/page"}],"author":[{"embeddable":true,"href":"https:\/\/wordpress.nibis.de\/gs-klint\/wp-json\/wp\/v2\/users\/9192438"}],"replies":[{"embeddable":true,"href":"https:\/\/wordpress.nibis.de\/gs-klint\/wp-json\/wp\/v2\/comments?post=4"}],"version-history":[{"count":487,"href":"https:\/\/wordpress.nibis.de\/gs-klint\/wp-json\/wp\/v2\/pages\/4\/revisions"}],"predecessor-version":[{"id":4935,"href":"https:\/\/wordpress.nibis.de\/gs-klint\/wp-json\/wp\/v2\/pages\/4\/revisions\/4935"}],"wp:attachment":[{"href":"https:\/\/wordpress.nibis.de\/gs-klint\/wp-json\/wp\/v2\/media?parent=4"}],"curies":[{"name":"wp","href":"https:\/\/api.w.org\/{rel}","templated":true}]}}