{"id":40,"date":"2014-02-18T17:04:43","date_gmt":"2014-02-18T16:04:43","guid":{"rendered":"http:\/\/wordpress.nibis.de\/gs-klint\/?page_id=40"},"modified":"2024-02-11T20:09:44","modified_gmt":"2024-02-11T19:09:44","slug":"schulverein","status":"publish","type":"page","link":"https:\/\/wordpress.nibis.de\/gs-klint\/schulverein\/","title":{"rendered":"Schulverein"},"content":{"rendered":"<p style=\"text-align: justify\"><strong>Schulverein der Grundschule Klint<br \/><\/strong>Unser Schulverein erm\u00f6glicht und unterst\u00fctzt viele Aktionen und Projekte, in dem sich Eltern unserer Sch\u00fclerinnen und Sch\u00fcler engagieren. Der Schulverein der Grundschule Klint e. V. ist ein gemeinn\u00fctziger, unabh\u00e4ngiger Verein.<\/p>\r\n<p style=\"text-align: justify\"><strong><span style=\"text-decoration: underline\">Die neue Internetseite unseres engagierten Schulvereins lautet<\/span>:\u00a0 \u00a0<\/strong><\/p>\r\n<p style=\"text-align: justify\"><a href=\"https:\/\/schulverein-klint.de\" target=\"_blank\" rel=\"noopener\"><strong>https:\/\/schulverein-klint.de<\/strong><\/a><\/p>\r\n<p style=\"text-align: justify\">Eltern, Lehr- und Betreuungskr\u00e4fte haben sich hier zusammengeschlossen, um das Schulleben \u00fcber den Unterricht hinaus engagiert zu erweitern und attraktiver zu gestalten.<\/p>\r\n<p style=\"text-align: justify\">Viele Eltern unterst\u00fctzen bereits die Arbeit des Schulvereins durch Mitgliedsbeitr\u00e4ge, Spenden oder mit praktischer Hilfe. Durch diese Unterst\u00fctzung und die Einnahmen aus verschiedenen Veranstaltungen werden in enger Abstimmung mit der Schulleitung und dem Lehrerkollegium j\u00e4hrlich diverse Investitionen get\u00e4tigt und verschiedene Projekte verwirklicht:<\/p>\r\n<p style=\"text-align: justify\">Unsere Projekte:<\/p>\r\n<ul style=\"text-align: justify\">\r\n<li>B\u00fccher f\u00fcr die Sch\u00fclerb\u00fccherei \u201eVilla Lesebunt\u201c<\/li>\r\n<li>Projektf\u00f6rderung, z.B. Forscherkisten<\/li>\r\n<li>Sportf\u00f6rderung<\/li>\r\n<li>Schulhofgestaltung<\/li>\r\n<li>Anschaffung von Spielger\u00e4ten f\u00fcr die Pausen<\/li>\r\n<li>Anschaffung von Musikinstrumenten<\/li>\r\n<li>Zusch\u00fcsse f\u00fcr Klassenaktionen<\/li>\r\n<li>Bastel- und Materialzusch\u00fcsse f\u00fcr Kreatives<\/li>\r\n<li>Schulshirts<\/li>\r\n<li>Startgeb\u00fchren zum Braunschweiger Nachtlauf<\/li>\r\n<li>Raum der guten L\u00f6sungen<\/li>\r\n<\/ul>\r\n<p style=\"text-align: justify\">Auch in den n\u00e4chsten Jahren stehen viele Projekte an, die den Schullalltag unserer Kinder sch\u00f6ner und\/oder besser gestalten sollen. Um dies leisten zu k\u00f6nnen, ben\u00f6tigt der Schulverein die Hilfe aller Eltern. Ob als Mitglied, durch eine Geld- oder Sachspende oder durch Ihre tatkr\u00e4ftige Hilfe: Sie sind immer willkommen im Schulverein der Grundschule Klint e.V.<\/p>\r\n<p style=\"text-align: justify\">Der Beitrag ist klein, n\u00e4mlich nur 10 \u20ac im Schuljahr. Sie k\u00f6nnen den Beitrag auch als Spende von der Steuer absetzen. Um dem Schulverein beizutreten, einfach das Anmeldeformular ausf\u00fcllen und im Sekretariat ins Schulverein-Fach legen oder per Mail schicken an:<\/p>\r\n<p style=\"text-align: justify\"><a href=\"&#x6d;&#x61;&#x69;&#108;&#116;o:&#x73;&#x63;&#x68;&#117;&#108;ve&#x72;&#x65;&#x69;&#110;&#64;gs&#x2d;&#x6b;&#x6c;&#105;&#110;t&#46;&#x64;&#x65;\">&#105;&#x6e;&#102;&#x6f;&#64;&#x73;c&#104;&#x75;&#108;&#x76;&#101;&#x72;e&#x69;n&#45;&#x6b;&#108;&#x69;n&#x74;&#46;&#x64;&#x65;\u00a0 \u00a0<\/a><\/p>\r\n<p>Auch bei Fragen, Ideen und Anregungen k\u00f6nnen Sie uns gerne eine Mail schicken.<\/p>\r\n<p><a href=\"https:\/\/wordpress.nibis.de\/gs-klint\/files\/Formular_Mitgliedsantrag_SEPA_2022.pdf\">Formular_Mitgliedsantrag_Schulverein_SEPA_2022\u00a0 <\/a><\/p>\r\n<p style=\"text-align: justify\"><strong>Bankverbindung<\/strong><\/p>\r\n<p style=\"text-align: justify\">Volksbank BraWoBIC: GENODEF 1WOB<br \/>IBAN: DE84 2699 1066 171 309 4000<\/p>\r\n\r\n<div class=\"wp-block-file\"><em>aktualisiert: Juli 2022<\/em><\/div>\r\n","protected":false},"excerpt":{"rendered":"<p>Schulverein der Grundschule KlintUnser Schulverein erm\u00f6glicht und unterst\u00fctzt viele Aktionen und Projekte, in dem sich Eltern unserer Sch\u00fclerinnen und Sch\u00fcler engagieren. Der Schulverein der Grundschule Klint e. V. ist ein gemeinn\u00fctziger, unabh\u00e4ngiger Verein. Die neue Internetseite unseres engagierten Schulvereins lautet:\u00a0 \u00a0 https:\/\/schulverein-klint.de Eltern, Lehr- und Betreuungskr\u00e4fte haben sich hier zusammengeschlossen, um das Schulleben \u00fcber den &hellip; <a href=\"https:\/\/wordpress.nibis.de\/gs-klint\/schulverein\/\" class=\"more-link\"><span class=\"screen-reader-text\">Schulverein<\/span> weiterlesen <span class=\"meta-nav\">&rarr;<\/span><\/a><\/p>\n","protected":false},"author":9192438,"featured_media":0,"parent":0,"menu_order":0,"comment_status":"closed","ping_status":"closed","template":"","meta":{"footnotes":""},"class_list":["post-40","page","type-page","status-publish","hentry"],"_links":{"self":[{"href":"https:\/\/wordpress.nibis.de\/gs-klint\/wp-json\/wp\/v2\/pages\/40","targetHints":{"allow":["GET"]}}],"collection":[{"href":"https:\/\/wordpress.nibis.de\/gs-klint\/wp-json\/wp\/v2\/pages"}],"about":[{"href":"https:\/\/wordpress.nibis.de\/gs-klint\/wp-json\/wp\/v2\/types\/page"}],"author":[{"embeddable":true,"href":"https:\/\/wordpress.nibis.de\/gs-klint\/wp-json\/wp\/v2\/users\/9192438"}],"replies":[{"embeddable":true,"href":"https:\/\/wordpress.nibis.de\/gs-klint\/wp-json\/wp\/v2\/comments?post=40"}],"version-history":[{"count":30,"href":"https:\/\/wordpress.nibis.de\/gs-klint\/wp-json\/wp\/v2\/pages\/40\/revisions"}],"predecessor-version":[{"id":2537,"href":"https:\/\/wordpress.nibis.de\/gs-klint\/wp-json\/wp\/v2\/pages\/40\/revisions\/2537"}],"wp:attachment":[{"href":"https:\/\/wordpress.nibis.de\/gs-klint\/wp-json\/wp\/v2\/media?parent=40"}],"curies":[{"name":"wp","href":"https:\/\/api.w.org\/{rel}","templated":true}]}}