{"id":4014,"date":"2023-09-27T15:37:57","date_gmt":"2023-09-27T14:37:57","guid":{"rendered":"https:\/\/wordpress.nibis.de\/gs-klint\/?page_id=4014"},"modified":"2024-02-14T13:20:46","modified_gmt":"2024-02-14T12:20:46","slug":"umwelt-und-schulgartentag","status":"publish","type":"page","link":"https:\/\/wordpress.nibis.de\/gs-klint\/umwelt-und-schulgartentag\/","title":{"rendered":"Umwelt- und Schulgartentag"},"content":{"rendered":"<p>Die Grundschule Klint hat zum dritten Mal an der Aktion \u201eTag des Schulgartens\u201c teilgenommen, eine Initiative der Bundesarbeitsgemeinschaft Schulgarten e.V.<\/p>\n<p>Wir sind sehr stolz, dass wir uns seit November 2022 Umweltschule in Europa\u201c nennen d\u00fcrfen. Im Zuge dessen, diese Auszeichnung auch weiterhin zu erhalten, werden regelm\u00e4\u00dfig nachhaltige Projekte und Aktionen in den Schulalltag integriert, um bei den J\u00fcngsten ein Bewusstsein f\u00fcr Natur-, Umwelt- und Klimaschutz zu initiieren und zu entwickeln.<\/p>\n<p>Um die Vielf\u00e4ltigkeit unserer T\u00e4tigkeit zu unterstreichen, haben wir in diesem Jahr unsere auf den \u201eTag des Schulgartens\u201c bezogene Veranstaltung in \u201e<strong>Umwelt- und Schulgartentag<\/strong>\u201c umbenannt.<\/p>\n<p>&nbsp;<\/p>\n<p>Der \u201eUmwelt- und Schulgartentag\u201c am 15.06.2023 war auch in diesem Jahr ein voller Erfolg. An diesem sonnigen Nachmittag kamen viele Eltern, Geschwister, Gro\u00dfeltern, eingeladene G\u00e4ste und auch Anwohner aus dem Magniviertel. Zu bestaunen gab es vielf\u00e4ltige Pr\u00e4sentationen der Grundsch\u00fcler aus allen Jahrg\u00e4ngen. An den Mitmachstationen unterschiedliche Aktionen zum Bauen und Auszuprobieren angeboten.<\/p>\n<p>Besonders gefreut haben wir uns \u00fcber den Besuch von Frau Volker-Brumme (Volker-Brumme Stiftung) und Herr Scheunemann (B\u00fcrgerstiftung Braunschweig). Unsere Schulgartenpaten f\u00fchrten beide G\u00e4ste durch die Pr\u00e4sentationen und Mitmachaktionen. Wir danken Frau Volker- Brumme und Herrn Scheunemann sehr, dass sie als F\u00f6rderer u.a. diese Schulveranstaltung seit Jahren begleiten und unterst\u00fctzen.<\/p>\n<div id='gallery-1' class='gallery galleryid-4014 gallery-columns-4 gallery-size-thumbnail'><figure class='gallery-item'>\n\t\t\t<div class='gallery-icon portrait'>\n\t\t\t\t<a href='https:\/\/wordpress.nibis.de\/gs-klint\/aktion_jg1_insektenlehmhotels_img_20230918_203038\/'><img loading=\"lazy\" decoding=\"async\" width=\"141\" height=\"141\" src=\"https:\/\/wordpress.nibis.de\/gs-klint\/files\/Aktion_JG1_InsektenLehmhotels_IMG_20230918_203038-150x150.jpg\" class=\"attachment-thumbnail size-thumbnail\" alt=\"\" \/><\/a>\n\t\t\t<\/div><\/figure><figure class='gallery-item'>\n\t\t\t<div class='gallery-icon landscape'>\n\t\t\t\t<a href='https:\/\/wordpress.nibis.de\/gs-klint\/aktion_jg2_ohrenkriecher\/'><img loading=\"lazy\" decoding=\"async\" width=\"141\" height=\"141\" src=\"https:\/\/wordpress.nibis.de\/gs-klint\/files\/Aktion_JG2_Ohrenkriecher-150x150.jpg\" class=\"attachment-thumbnail size-thumbnail\" alt=\"\" \/><\/a>\n\t\t\t<\/div><\/figure><figure class='gallery-item'>\n\t\t\t<div class='gallery-icon landscape'>\n\t\t\t\t<a href='https:\/\/wordpress.nibis.de\/gs-klint\/aktion_jg3_kraeutersalz\/'><img loading=\"lazy\" decoding=\"async\" width=\"141\" height=\"141\" src=\"https:\/\/wordpress.nibis.de\/gs-klint\/files\/Aktion_JG3_Kraeutersalz-150x150.jpg\" class=\"attachment-thumbnail size-thumbnail\" alt=\"\" \/><\/a>\n\t\t\t<\/div><\/figure><figure class='gallery-item'>\n\t\t\t<div class='gallery-icon portrait'>\n\t\t\t\t<a href='https:\/\/wordpress.nibis.de\/gs-klint\/aktion_jg3_lavendelzucker\/'><img loading=\"lazy\" decoding=\"async\" width=\"141\" height=\"141\" src=\"https:\/\/wordpress.nibis.de\/gs-klint\/files\/Aktion_JG3_Lavendelzucker-150x150.jpg\" class=\"attachment-thumbnail size-thumbnail\" alt=\"\" \/><\/a>\n\t\t\t<\/div><\/figure><figure class='gallery-item'>\n\t\t\t<div class='gallery-icon landscape'>\n\t\t\t\t<a href='https:\/\/wordpress.nibis.de\/gs-klint\/aktion_jg4_raumfreundliche-zimmerpflanzen\/'><img loading=\"lazy\" decoding=\"async\" width=\"141\" height=\"141\" src=\"https:\/\/wordpress.nibis.de\/gs-klint\/files\/Aktion_JG4_Raumfreundliche-Zimmerpflanzen-150x150.jpg\" class=\"attachment-thumbnail size-thumbnail\" alt=\"\" \/><\/a>\n\t\t\t<\/div><\/figure><figure class='gallery-item'>\n\t\t\t<div class='gallery-icon landscape'>\n\t\t\t\t<a href='https:\/\/wordpress.nibis.de\/gs-klint\/aktion_jg4_saatkugeln\/'><img loading=\"lazy\" decoding=\"async\" width=\"141\" height=\"141\" src=\"https:\/\/wordpress.nibis.de\/gs-klint\/files\/Aktion_JG4_Saatkugeln-150x150.jpg\" class=\"attachment-thumbnail size-thumbnail\" alt=\"\" \/><\/a>\n\t\t\t<\/div><\/figure><figure class='gallery-item'>\n\t\t\t<div class='gallery-icon landscape'>\n\t\t\t\t<a href='https:\/\/wordpress.nibis.de\/gs-klint\/pr_imker\/'><img loading=\"lazy\" decoding=\"async\" width=\"141\" height=\"141\" src=\"https:\/\/wordpress.nibis.de\/gs-klint\/files\/Pr_Imker-150x150.jpg\" class=\"attachment-thumbnail size-thumbnail\" alt=\"\" \/><\/a>\n\t\t\t<\/div><\/figure><figure class='gallery-item'>\n\t\t\t<div class='gallery-icon landscape'>\n\t\t\t\t<a href='https:\/\/wordpress.nibis.de\/gs-klint\/pr_jg1_feuerwanze_20230918_143845539\/'><img loading=\"lazy\" decoding=\"async\" width=\"141\" height=\"141\" src=\"https:\/\/wordpress.nibis.de\/gs-klint\/files\/PR_JG1_Feuerwanze_20230918_143845539-150x150.jpg\" class=\"attachment-thumbnail size-thumbnail\" alt=\"\" \/><\/a>\n\t\t\t<\/div><\/figure><figure class='gallery-item'>\n\t\t\t<div class='gallery-icon landscape'>\n\t\t\t\t<a href='https:\/\/wordpress.nibis.de\/gs-klint\/pr_jg1_hummeln_bienen_img_20230920_221313\/'><img loading=\"lazy\" decoding=\"async\" width=\"141\" height=\"141\" src=\"https:\/\/wordpress.nibis.de\/gs-klint\/files\/PR_JG1_Hummeln_Bienen_IMG_20230920_221313-150x150.jpg\" class=\"attachment-thumbnail size-thumbnail\" alt=\"\" \/><\/a>\n\t\t\t<\/div><\/figure><figure class='gallery-item'>\n\t\t\t<div class='gallery-icon landscape'>\n\t\t\t\t<a href='https:\/\/wordpress.nibis.de\/gs-klint\/pr_jg2_ohrenkriecherschlafplaetze_1_img_20230915_204932\/'><img loading=\"lazy\" decoding=\"async\" width=\"141\" height=\"141\" src=\"https:\/\/wordpress.nibis.de\/gs-klint\/files\/PR_JG2_Ohrenkriecherschlafplaetze_1_IMG_20230915_204932-150x150.jpg\" class=\"attachment-thumbnail size-thumbnail\" alt=\"\" \/><\/a>\n\t\t\t<\/div><\/figure><figure class='gallery-item'>\n\t\t\t<div class='gallery-icon landscape'>\n\t\t\t\t<a href='https:\/\/wordpress.nibis.de\/gs-klint\/pr_jg2_ohrenkriecherschlafplaetze_2_img_20230915_205431-1\/'><img loading=\"lazy\" decoding=\"async\" width=\"141\" height=\"141\" src=\"https:\/\/wordpress.nibis.de\/gs-klint\/files\/PR_JG2_Ohrenkriecherschlafplaetze_2_IMG_20230915_205431-1-150x150.jpg\" class=\"attachment-thumbnail size-thumbnail\" alt=\"\" \/><\/a>\n\t\t\t<\/div><\/figure><figure class='gallery-item'>\n\t\t\t<div class='gallery-icon landscape'>\n\t\t\t\t<a href='https:\/\/wordpress.nibis.de\/gs-klint\/pr_jg3_kraeutersalz_lavendelzucker_1_img_20230915_230612\/'><img loading=\"lazy\" decoding=\"async\" width=\"141\" height=\"141\" src=\"https:\/\/wordpress.nibis.de\/gs-klint\/files\/PR_JG3_Kraeutersalz_Lavendelzucker_1_IMG_20230915_230612-150x150.jpg\" class=\"attachment-thumbnail size-thumbnail\" alt=\"\" \/><\/a>\n\t\t\t<\/div><\/figure><figure class='gallery-item'>\n\t\t\t<div class='gallery-icon landscape'>\n\t\t\t\t<a href='https:\/\/wordpress.nibis.de\/gs-klint\/2023\/09\/27\/rueckblick-umwelt-und-schulgartentag\/pr_jg3_schmetterlinge_2_image17384\/'><img loading=\"lazy\" decoding=\"async\" width=\"141\" height=\"141\" src=\"https:\/\/wordpress.nibis.de\/gs-klint\/files\/PR_JG3_ScHmetterlinge_2_image17384-150x150.png\" class=\"attachment-thumbnail size-thumbnail\" alt=\"\" srcset=\"https:\/\/wordpress.nibis.de\/gs-klint\/files\/PR_JG3_ScHmetterlinge_2_image17384-150x150.png 150w, https:\/\/wordpress.nibis.de\/gs-klint\/files\/PR_JG3_ScHmetterlinge_2_image17384-300x300.png 300w, https:\/\/wordpress.nibis.de\/gs-klint\/files\/PR_JG3_ScHmetterlinge_2_image17384-1024x1024.png 1024w, https:\/\/wordpress.nibis.de\/gs-klint\/files\/PR_JG3_ScHmetterlinge_2_image17384-768x768.png 768w, https:\/\/wordpress.nibis.de\/gs-klint\/files\/PR_JG3_ScHmetterlinge_2_image17384.png 1536w\" sizes=\"auto, (max-width: 141px) 100vw, 141px\" \/><\/a>\n\t\t\t<\/div><\/figure><figure class='gallery-item'>\n\t\t\t<div class='gallery-icon portrait'>\n\t\t\t\t<a href='https:\/\/wordpress.nibis.de\/gs-klint\/pr_jg4_3_ag-space-seeds_vermutungen_1_img_20230610_180155\/'><img loading=\"lazy\" decoding=\"async\" width=\"141\" height=\"141\" src=\"https:\/\/wordpress.nibis.de\/gs-klint\/files\/PR_JG4_3_AG-Space-Seeds_Vermutungen_1_IMG_20230610_180155-150x150.jpg\" class=\"attachment-thumbnail size-thumbnail\" alt=\"\" \/><\/a>\n\t\t\t<\/div><\/figure><figure class='gallery-item'>\n\t\t\t<div class='gallery-icon landscape'>\n\t\t\t\t<a href='https:\/\/wordpress.nibis.de\/gs-klint\/pr_jg4_3_ag_space-seeds_auszaehlung_4_img_20230921_180803\/'><img loading=\"lazy\" decoding=\"async\" width=\"141\" height=\"141\" src=\"https:\/\/wordpress.nibis.de\/gs-klint\/files\/PR_JG4_3_AG_Space-Seeds_Auszaehlung_4_IMG_20230921_180803-150x150.jpg\" class=\"attachment-thumbnail size-thumbnail\" alt=\"\" \/><\/a>\n\t\t\t<\/div><\/figure><figure class='gallery-item'>\n\t\t\t<div class='gallery-icon landscape'>\n\t\t\t\t<a href='https:\/\/wordpress.nibis.de\/gs-klint\/pr_jg4_3_ag_space-seeds_buergerstiftung_3_4545-jpg\/'><img loading=\"lazy\" decoding=\"async\" width=\"141\" height=\"141\" src=\"https:\/\/wordpress.nibis.de\/gs-klint\/files\/Pr_JG4_3_AG_Space-Seeds_Buergerstiftung_3_4545.jpg-150x150.jpg\" class=\"attachment-thumbnail size-thumbnail\" alt=\"\" \/><\/a>\n\t\t\t<\/div><\/figure>\n\t\t<\/div>\n\n<p>Der Schulverein unterst\u00fctzte diese Veranstaltung tatkr\u00e4ftig mit einem vielf\u00e4ltigen interkulturellen Kuchenbuffet, Kaffee, Tee und Getr\u00e4nken und einem rollenden Eisstand.<\/p>\n<p>Ein Teil der Geldspenden aus den Mitmachaktionen und dem Elternbuffet wird zuk\u00fcnftige Projekte unterst\u00fctzen, die die Bildung nachhaltiger Entwicklung f\u00f6rdern und die Grundschule Klint darin unterst\u00fctzt, weiterhin die Auszeichnung zur \u201eUmweltschule in Europa\u201c erhalten zu k\u00f6nnen.<\/p>\n<p>F\u00fcr das n\u00e4chste Jahr ist der \u201eUmwelt- und Schulgartentag\u201c unserer Grundschule am Mittwoch, den 12.06.2024 geplant.<\/p>\n<p>Wir freuen uns auf Sie!<\/p>\n<p>&nbsp;<\/p>\n<p><a href=\"https:\/\/wordpress.nibis.de\/gs-klint\/tag-des-schulgartens\/\" target=\"_blank\" rel=\"noopener\">Hier geht es zum Tag des Schulgartens 2021<\/a><\/p>\n<p>&nbsp;<\/p>\n<p>Unsere diesj\u00e4hrige Anmeldung\/ Veranstaltung ist \u00fcber folgenden Link zu erreichen:<\/p>\n<p><a href=\"https:\/\/www.bag-schulgarten.de\/aktuelles\/tag-des-schulgartens-2023\">https:\/\/www.bag-schulgarten.de\/aktuelles\/tag-des-schulgartens-2023<\/a><\/p>\n","protected":false},"excerpt":{"rendered":"<p>Die Grundschule Klint hat zum dritten Mal an der Aktion \u201eTag des Schulgartens\u201c teilgenommen, eine Initiative der Bundesarbeitsgemeinschaft Schulgarten e.V. Wir sind sehr stolz, dass wir uns seit November 2022 Umweltschule in Europa\u201c nennen d\u00fcrfen. Im Zuge dessen, diese Auszeichnung auch weiterhin zu erhalten, werden regelm\u00e4\u00dfig nachhaltige Projekte und Aktionen in den Schulalltag integriert, um &hellip; <a href=\"https:\/\/wordpress.nibis.de\/gs-klint\/umwelt-und-schulgartentag\/\" class=\"more-link\"><span class=\"screen-reader-text\">Umwelt- und Schulgartentag<\/span> weiterlesen <span class=\"meta-nav\">&rarr;<\/span><\/a><\/p>\n","protected":false},"author":9192438,"featured_media":0,"parent":0,"menu_order":0,"comment_status":"closed","ping_status":"closed","template":"","meta":{"footnotes":""},"class_list":["post-4014","page","type-page","status-publish","hentry"],"_links":{"self":[{"href":"https:\/\/wordpress.nibis.de\/gs-klint\/wp-json\/wp\/v2\/pages\/4014","targetHints":{"allow":["GET"]}}],"collection":[{"href":"https:\/\/wordpress.nibis.de\/gs-klint\/wp-json\/wp\/v2\/pages"}],"about":[{"href":"https:\/\/wordpress.nibis.de\/gs-klint\/wp-json\/wp\/v2\/types\/page"}],"author":[{"embeddable":true,"href":"https:\/\/wordpress.nibis.de\/gs-klint\/wp-json\/wp\/v2\/users\/9192438"}],"replies":[{"embeddable":true,"href":"https:\/\/wordpress.nibis.de\/gs-klint\/wp-json\/wp\/v2\/comments?post=4014"}],"version-history":[{"count":8,"href":"https:\/\/wordpress.nibis.de\/gs-klint\/wp-json\/wp\/v2\/pages\/4014\/revisions"}],"predecessor-version":[{"id":4106,"href":"https:\/\/wordpress.nibis.de\/gs-klint\/wp-json\/wp\/v2\/pages\/4014\/revisions\/4106"}],"wp:attachment":[{"href":"https:\/\/wordpress.nibis.de\/gs-klint\/wp-json\/wp\/v2\/media?parent=4014"}],"curies":[{"name":"wp","href":"https:\/\/api.w.org\/{rel}","templated":true}]}}