{"id":4236,"date":"2024-05-07T18:30:28","date_gmt":"2024-05-07T17:30:28","guid":{"rendered":"https:\/\/wordpress.nibis.de\/gs-klint\/?page_id=4236"},"modified":"2025-08-25T07:35:46","modified_gmt":"2025-08-25T06:35:46","slug":"mitarbeiter","status":"publish","type":"page","link":"https:\/\/wordpress.nibis.de\/gs-klint\/mitarbeiter\/","title":{"rendered":"Kollegium"},"content":{"rendered":"<p><strong>Schulleitung<br \/>\n<\/strong>Rektor Holfeld<\/p>\n<p>Komm. Konrektorin<br \/>\nFrau Wicke<\/p>\n<p><strong>Lehrkr\u00e4fte<br \/>\n<\/strong>Unser Kollegium besteht aus rund 20 Lehrkr\u00e4ften, die als Klassen- und Fachlehrer:innen eingesetzt sind.<br \/>\nDar\u00fcber hinaus geh\u00f6ren eine F\u00f6rderschullehrerin und zwei Lehramtsanw\u00e4rter:innen im Vorbereitungsdienst zu unserem Team.<\/p>\n<p><strong>Sekretariat<\/strong><br \/>\nFrau Brechmacher<\/p>\n<p><strong>Hausmeister<br \/>\n<\/strong>Herr Akkoyun<\/p>\n<p><strong>P\u00e4dagogische Mitarbeiter:innen<br \/>\n<\/strong>F\u00fcr Betreuungsstunden, AG Angebote und Vertretungsunterricht arbeiten bei uns sieben p\u00e4dagogische Mitarbeiter:innen.<\/p>\n<p><strong>Mitarbeiter:innen Ganztag<br \/>\n<\/strong>Leitung: Frau Metzger<\/p>\n<p>Der Ganztagsbereich besteht aus rund 15 Mitarbeiter:innen. Sie betreuen die Kinder beim Mittagessen in der Mensa, bieten unterschiedliche Mitmachangebote an und begleiten die Kindern in der Lernzeit.<\/p>\n<p><strong>K\u00fcche und Reinigung<br \/>\n<\/strong>Hier werden wir von vielen flei\u00dfigen und motivierten Mitarbeiter:innen unterst\u00fctzt.<\/p>\n<p><strong>Ehrenamt<\/strong><br \/>\nIm Schulalltag begleiten uns qualifizierte und erfahrene Fachkr\u00e4fte beispielsweise beim Schwimmunterricht und bieten F\u00f6rder- und Forderunterricht an.<br \/>\nDes Weiteren bieten ausgebildete Mediatoren (Seniorpartner in School) ein Angebot zur gewaltfreien Konfliktl\u00f6sung f\u00fcr Sch\u00fcler:innen.<\/p>\n","protected":false},"excerpt":{"rendered":"<p>Schulleitung Rektor Holfeld Komm. Konrektorin Frau Wicke Lehrkr\u00e4fte Unser Kollegium besteht aus rund 20 Lehrkr\u00e4ften, die als Klassen- und Fachlehrer:innen eingesetzt sind. Dar\u00fcber hinaus geh\u00f6ren eine F\u00f6rderschullehrerin und zwei Lehramtsanw\u00e4rter:innen im Vorbereitungsdienst zu unserem Team. Sekretariat Frau Brechmacher Hausmeister Herr Akkoyun P\u00e4dagogische Mitarbeiter:innen F\u00fcr Betreuungsstunden, AG Angebote und Vertretungsunterricht arbeiten bei uns sieben p\u00e4dagogische Mitarbeiter:innen. &hellip; <a href=\"https:\/\/wordpress.nibis.de\/gs-klint\/mitarbeiter\/\" class=\"more-link\"><span class=\"screen-reader-text\">Kollegium<\/span> weiterlesen <span class=\"meta-nav\">&rarr;<\/span><\/a><\/p>\n","protected":false},"author":9192438,"featured_media":0,"parent":0,"menu_order":0,"comment_status":"closed","ping_status":"closed","template":"","meta":{"footnotes":""},"class_list":["post-4236","page","type-page","status-publish","hentry"],"_links":{"self":[{"href":"https:\/\/wordpress.nibis.de\/gs-klint\/wp-json\/wp\/v2\/pages\/4236","targetHints":{"allow":["GET"]}}],"collection":[{"href":"https:\/\/wordpress.nibis.de\/gs-klint\/wp-json\/wp\/v2\/pages"}],"about":[{"href":"https:\/\/wordpress.nibis.de\/gs-klint\/wp-json\/wp\/v2\/types\/page"}],"author":[{"embeddable":true,"href":"https:\/\/wordpress.nibis.de\/gs-klint\/wp-json\/wp\/v2\/users\/9192438"}],"replies":[{"embeddable":true,"href":"https:\/\/wordpress.nibis.de\/gs-klint\/wp-json\/wp\/v2\/comments?post=4236"}],"version-history":[{"count":19,"href":"https:\/\/wordpress.nibis.de\/gs-klint\/wp-json\/wp\/v2\/pages\/4236\/revisions"}],"predecessor-version":[{"id":4465,"href":"https:\/\/wordpress.nibis.de\/gs-klint\/wp-json\/wp\/v2\/pages\/4236\/revisions\/4465"}],"wp:attachment":[{"href":"https:\/\/wordpress.nibis.de\/gs-klint\/wp-json\/wp\/v2\/media?parent=4236"}],"curies":[{"name":"wp","href":"https:\/\/api.w.org\/{rel}","templated":true}]}}