{"id":4291,"date":"2024-06-26T09:24:11","date_gmt":"2024-06-26T08:24:11","guid":{"rendered":"https:\/\/wordpress.nibis.de\/gs-klint\/?page_id=4291"},"modified":"2026-02-05T09:40:52","modified_gmt":"2026-02-05T08:40:52","slug":"begabtenfoerderung","status":"publish","type":"page","link":"https:\/\/wordpress.nibis.de\/gs-klint\/begabtenfoerderung\/","title":{"rendered":"Begabtenf\u00f6rderung"},"content":{"rendered":"<p><strong>F\u00f6rderung besonderer Begabungen <\/strong><\/p>\n<p>An unserer Grundschule Klint bieten wir besondere Angebote f\u00fcr eine ausgew\u00e4hlte, zielgerichtete Begabtenf\u00f6rderung wie z.B.:<\/p>\n<ul>\n<li>Sportf\u00f6rderung in besonderen F\u00f6rdergruppen f\u00fcr gezielten Bewegungsaufbau<\/li>\n<li>Lesef\u00f6rderung mittels gro\u00dfer Sch\u00fclerb\u00fccherei mit stets aktuellen Leseangeboten in Kooperation mit der B\u00fcrgerstiftung Braunschweig, die auch Lesepaten zur Verf\u00fcgung stellt.<\/li>\n<li>Singen in der Chor-AG mit Auftritten bei schulischen Rahmenveranstaltungen<\/li>\n<li>Darstellende Spiele \/ Theater-Auff\u00fchrungen<\/li>\n<li>Herausfordernde Wettbewerbe: Mathematik-Olympiade, Pangea-Mathematik-Wettbewerb<\/li>\n<li>Lernen in Form von \u201eMathe-Knobel-Runden\u201c<\/li>\n<li>Naturwissenschaftliche AGs f\u00fcr Jahrgang 4 in Kooperation mit dem Wilhelm-Gymnasium am Standort des &#8222;WG&#8220;<\/li>\n<li>Sch\u00fcler-Lesepatenschaften in Kooperation mit der Kita St. Magni<\/li>\n<li>Pflege unseres Schulgartens mit Beeten in geometrischen Grundformen (F\u00e4cher\u00fcbergriff zum Mathematikunterricht) wie Trapez, Parallelogramm, Quadrat<\/li>\n<li>Lernwerkstatt Naturwissenschaftliche Experimente<\/li>\n<li>Schulhockey-AG<\/li>\n<li>Schach-AG mit Teilnahme am Schachturnier im Februar 2026 im Schloss B\u00fcndheim. Grundschule Klint: Platz 4 von 27 Mannschaften aus Niedersachsen<\/li>\n<\/ul>\n","protected":false},"excerpt":{"rendered":"<p>F\u00f6rderung besonderer Begabungen An unserer Grundschule Klint bieten wir besondere Angebote f\u00fcr eine ausgew\u00e4hlte, zielgerichtete Begabtenf\u00f6rderung wie z.B.: Sportf\u00f6rderung in besonderen F\u00f6rdergruppen f\u00fcr gezielten Bewegungsaufbau Lesef\u00f6rderung mittels gro\u00dfer Sch\u00fclerb\u00fccherei mit stets aktuellen Leseangeboten in Kooperation mit der B\u00fcrgerstiftung Braunschweig, die auch Lesepaten zur Verf\u00fcgung stellt. Singen in der Chor-AG mit Auftritten bei schulischen Rahmenveranstaltungen Darstellende &hellip; <a href=\"https:\/\/wordpress.nibis.de\/gs-klint\/begabtenfoerderung\/\" class=\"more-link\"><span class=\"screen-reader-text\">Begabtenf\u00f6rderung<\/span> weiterlesen <span class=\"meta-nav\">&rarr;<\/span><\/a><\/p>\n","protected":false},"author":9192438,"featured_media":0,"parent":0,"menu_order":0,"comment_status":"closed","ping_status":"closed","template":"","meta":{"footnotes":""},"class_list":["post-4291","page","type-page","status-publish","hentry"],"_links":{"self":[{"href":"https:\/\/wordpress.nibis.de\/gs-klint\/wp-json\/wp\/v2\/pages\/4291","targetHints":{"allow":["GET"]}}],"collection":[{"href":"https:\/\/wordpress.nibis.de\/gs-klint\/wp-json\/wp\/v2\/pages"}],"about":[{"href":"https:\/\/wordpress.nibis.de\/gs-klint\/wp-json\/wp\/v2\/types\/page"}],"author":[{"embeddable":true,"href":"https:\/\/wordpress.nibis.de\/gs-klint\/wp-json\/wp\/v2\/users\/9192438"}],"replies":[{"embeddable":true,"href":"https:\/\/wordpress.nibis.de\/gs-klint\/wp-json\/wp\/v2\/comments?post=4291"}],"version-history":[{"count":6,"href":"https:\/\/wordpress.nibis.de\/gs-klint\/wp-json\/wp\/v2\/pages\/4291\/revisions"}],"predecessor-version":[{"id":4865,"href":"https:\/\/wordpress.nibis.de\/gs-klint\/wp-json\/wp\/v2\/pages\/4291\/revisions\/4865"}],"wp:attachment":[{"href":"https:\/\/wordpress.nibis.de\/gs-klint\/wp-json\/wp\/v2\/media?parent=4291"}],"curies":[{"name":"wp","href":"https:\/\/api.w.org\/{rel}","templated":true}]}}