{"id":47,"date":"2014-02-18T18:06:55","date_gmt":"2014-02-18T16:06:55","guid":{"rendered":"http:\/\/wordpress.nibis.de\/gs-klint\/?page_id=47"},"modified":"2019-11-25T15:32:39","modified_gmt":"2019-11-25T14:32:39","slug":"uebersicht-kooperationen","status":"publish","type":"page","link":"https:\/\/wordpress.nibis.de\/gs-klint\/ueber-uns\/uebersicht-kooperationen\/","title":{"rendered":"Partner und Kooperationen"},"content":{"rendered":"<p>Kooperationen<\/p>\n<p>Kooperationen mit anderen Schulen und mit au\u00dferschulischen Partnern bieten eine wichtige Erg\u00e4nzung zum schuleigenen Angebot und bereichern das Schulleben. Einige Kooperationen werden hier beispielhaft vorgestellt:<\/p>\n<table style=\"width: 618px\" border=\"0\">\n<tbody>\n<tr>\n<td style=\"width: 155.1875px\">\u00a0Eltern<\/td>\n<td style=\"width: 440.8125px\">Die Zusammenarbeit mit Eltern, nat\u00fcrlich auch Pflegeeltern oder anderen Erziehungsberechtigten, liegt uns besonders am Herzen. Wir wollen uns in einer Erziehungspartnerschaftgemeinsam f\u00fcr die Entwicklung der Kinder engagieren.<\/td>\n<\/tr>\n<tr>\n<td style=\"width: 155.1875px\">\u00a0Kindertageseinrichtungen<\/td>\n<td style=\"width: 440.8125px\">Aufgrund der zentrale Lage der Grundschule Klint kommen unsere Kinder aus vielen verschiedenen vorschulischen Einrichtungen. Besonders eng arbeiten wir mit dem ev.-luth. Kindergarten St. Magni zusammen.<\/td>\n<\/tr>\n<tr>\n<td style=\"width: 155.1875px\">\u00a0Ganztagsschule<br \/>\nSchulkindbetreuung<\/td>\n<td style=\"width: 440.8125px\">F\u00fcr das Nachmittagsangebot der offenen Ganztagsschule haben die ev.-luth. Propstei Braunschweig und die Kirchengemeinde St. Magni die Tr\u00e4gerschaft \u00fcbernommen.<\/td>\n<\/tr>\n<tr>\n<td style=\"width: 155.1875px\">Netzwerk Grundschulen \/<br \/>\nweiterf\u00fchrende Schulen<\/td>\n<td style=\"width: 440.8125px\">Die Grundschule \u00a0Klint hat sich mit\u00a0sieben\u00a0weiteren eigenverantwortlichen Grundschulen im S\u00fcden und S\u00fcdosten Braunschweigs zu einem Netzwerk zusammen geschlossen: GS Bebelhof, GS Heidberg, GS Klint, GS Linden-bergsiedlung, GS Mascheroder Holz, GS Melverode, GS Rautheim, GS St\u00f6ckheim-Leiferde.\u00a0Ziele: Gegenseitige Unterst\u00fctzung der beteiligten Schulen bei der Qualit\u00e4tsentwicklung und -sicherung und\u00a0 gemeinsame Schwerpunktsetzung in der Unterrichtsentwicklung und bei der Zusammenarbeit mit den weiterf\u00fchrenden Schulen.<\/td>\n<\/tr>\n<tr>\n<td style=\"width: 155.1875px\">\u00a0Begabtenf\u00f6rderung<\/td>\n<td style=\"width: 440.8125px\">\u00a0Die Grundschule Klint ist Mitglied im Kooperationsverbund Hochbegabtenf\u00f6rderung\u00a0Braunschweig 1.<br \/>\nZu diesem\u00a0Verbund geh\u00f6ren:<br \/>\n&#8211; Kindergarten St. Magni<br \/>\n&#8211; GS Comeniusstra\u00dfe<br \/>\n&#8211; GS Heinrichstra\u00dfe<br \/>\n&#8211; GS Edith-Stein<br \/>\n&#8211;\u00a0Wilhelm-Gymnasium.<\/td>\n<\/tr>\n<tr>\n<td style=\"width: 155.1875px\">\u00a0F\u00f6rderschulen<\/td>\n<td style=\"width: 440.8125px\">\u00a0Inklusion ist an der Grundschule Klint nicht neu. Kinder mit einem besonderen Unterst\u00fctzungsbedarf k\u00f6nnen an unserer Schule gemeinsam mit den anderen Kindern aus dem Schulbezirk den Unterricht besuchen. Zu ihrer Unterst\u00fctzung sind F\u00f6rderschullehrkr\u00e4fte an unserer Schule eingesetzt und wir arbeiten eng mit den F\u00f6rderschulen zusammen.<\/td>\n<\/tr>\n<tr>\n<td style=\"width: 155.1875px\">\u00a0Seniorpartner in School<\/td>\n<td style=\"width: 440.8125px\">\u00a0Senioren\u00a0haben sich zu Mediatoren ausbilden lassen und sind im Zweierteam an vier Tagen der Woche bei uns im &#8222;Raum der guten L\u00f6sungen&#8220; t\u00e4tig.<\/td>\n<\/tr>\n<tr>\n<td style=\"width: 155.1875px\">\u00a0Studienseminar<\/td>\n<td style=\"width: 440.8125px\">\u00a0Lehrerinnen und Lehrer im Vorbereitungsdienst werden bei uns regelm\u00e4\u00dfig ausgebildet.<\/td>\n<\/tr>\n<tr>\n<td style=\"width: 155.1875px\">\u00a0TU Braunschweig<\/td>\n<td style=\"width: 440.8125px\">\u00a0Klassen besuchen das Agnes-Pockels-Labor.<br \/>\nEinige Sch\u00fclerinnen und Sch\u00fcler nehmen an der mathematischen Lernwerkstatt f\u00fcr besonders begabte Sch\u00fcler teil.<br \/>\nLehrkr\u00e4fte nutzen das Fortbildungsangebot.<br \/>\nStudierende leisten Praktika in unserer Schule ab (insbesondere das Allgemeine Schulpraktikum ASP\u00a0und die Ausbildung\u00a0 GHR 300).<br \/>\nZuk\u00fcnftige Sportlehrkr\u00e4fte arbeiten im Rahmen des Studiums phasenweise im Sportf\u00f6rderunterricht der GS Klint mit.<\/td>\n<\/tr>\n<tr>\n<td style=\"width: 155.1875px\">\u00a0Sportvereine<\/td>\n<td style=\"width: 440.8125px\">\u00a0Schule und Sportverein kooperieren und bieten Trainingsgruppen an:<br \/>\nTischtennis (RSV) <a href=\"https:\/\/www.tischtennis-beim-rsv.de\/\" target=\"_blank\" rel=\"noopener noreferrer\">https:\/\/www.tischtennis-beim-rsv.de\/<\/a><br \/>\nHockey (BTHC) <a href=\"https:\/\/www.bthc.de\/hockey\/\" target=\"_blank\" rel=\"noopener noreferrer\">https:\/\/www.bthc.de\/hockey\/<\/a><\/td>\n<\/tr>\n<tr>\n<td style=\"width: 155.1875px\">\u00a0Jugendhilfe<\/td>\n<td style=\"width: 440.8125px\">\u00a0Eine Kooperationsvereinbarung bietet Hilfen zum fr\u00fchzeitigen Erkennen von &#8222;Kindeswohlgef\u00e4hrdung&#8220;.<\/td>\n<\/tr>\n<tr>\n<td style=\"width: 155.1875px\">B\u00fcrgerstiftung<\/td>\n<td style=\"width: 440.8125px\">\u00a0Freiwillige engagieren sich als Lesepaten. Sie werden durch Angebote der B\u00fcrgerstiftung begleitet und unterst\u00fctzt.<\/p>\n<p>Beispiele von Kooperationsprojekten mit der Grundschule Klint:<br \/>\nAuf dem Weg zum Buch<br \/>\nBeratung des Netzwerks Grundschulen<\/td>\n<\/tr>\n<\/tbody>\n<\/table>\n<p>&nbsp;<\/p>\n","protected":false},"excerpt":{"rendered":"<p>Kooperationen Kooperationen mit anderen Schulen und mit au\u00dferschulischen Partnern bieten eine wichtige Erg\u00e4nzung zum schuleigenen Angebot und bereichern das Schulleben. Einige Kooperationen werden hier beispielhaft vorgestellt: \u00a0Eltern Die Zusammenarbeit mit Eltern, nat\u00fcrlich auch Pflegeeltern oder anderen Erziehungsberechtigten, liegt uns besonders am Herzen. Wir wollen uns in einer Erziehungspartnerschaftgemeinsam f\u00fcr die Entwicklung der Kinder engagieren. \u00a0Kindertageseinrichtungen &hellip; <a href=\"https:\/\/wordpress.nibis.de\/gs-klint\/ueber-uns\/uebersicht-kooperationen\/\" class=\"more-link\"><span class=\"screen-reader-text\">Partner und Kooperationen<\/span> weiterlesen <span class=\"meta-nav\">&rarr;<\/span><\/a><\/p>\n","protected":false},"author":9192438,"featured_media":0,"parent":16,"menu_order":0,"comment_status":"closed","ping_status":"closed","template":"","meta":{"footnotes":""},"class_list":["post-47","page","type-page","status-publish","hentry"],"_links":{"self":[{"href":"https:\/\/wordpress.nibis.de\/gs-klint\/wp-json\/wp\/v2\/pages\/47","targetHints":{"allow":["GET"]}}],"collection":[{"href":"https:\/\/wordpress.nibis.de\/gs-klint\/wp-json\/wp\/v2\/pages"}],"about":[{"href":"https:\/\/wordpress.nibis.de\/gs-klint\/wp-json\/wp\/v2\/types\/page"}],"author":[{"embeddable":true,"href":"https:\/\/wordpress.nibis.de\/gs-klint\/wp-json\/wp\/v2\/users\/9192438"}],"replies":[{"embeddable":true,"href":"https:\/\/wordpress.nibis.de\/gs-klint\/wp-json\/wp\/v2\/comments?post=47"}],"version-history":[{"count":13,"href":"https:\/\/wordpress.nibis.de\/gs-klint\/wp-json\/wp\/v2\/pages\/47\/revisions"}],"predecessor-version":[{"id":2766,"href":"https:\/\/wordpress.nibis.de\/gs-klint\/wp-json\/wp\/v2\/pages\/47\/revisions\/2766"}],"up":[{"embeddable":true,"href":"https:\/\/wordpress.nibis.de\/gs-klint\/wp-json\/wp\/v2\/pages\/16"}],"wp:attachment":[{"href":"https:\/\/wordpress.nibis.de\/gs-klint\/wp-json\/wp\/v2\/media?parent=47"}],"curies":[{"name":"wp","href":"https:\/\/api.w.org\/{rel}","templated":true}]}}