{"id":50,"date":"2014-02-18T18:10:59","date_gmt":"2014-02-18T17:10:59","guid":{"rendered":"http:\/\/wordpress.nibis.de\/gs-klint\/?page_id=50"},"modified":"2024-02-11T20:01:05","modified_gmt":"2024-02-11T19:01:05","slug":"schulvorstand","status":"publish","type":"page","link":"https:\/\/wordpress.nibis.de\/gs-klint\/schulvorstand\/","title":{"rendered":"Schulvorstand"},"content":{"rendered":"<p>Der Schulvorstand ist das oberste schulische Gremium.<\/p>\n<p>Es besteht aus je vier Mitgliedern der Elternschaft<\/p>\n<p>und vier Mitgliedern des Lehrkr\u00e4ftekollegiums unter dem Vorsitz des Schulleiters.<\/p>\n<p>Der Schulvorstand wird f\u00fcr zwei Jahre gew\u00e4hlt.<\/p>\n","protected":false},"excerpt":{"rendered":"<p>Der Schulvorstand ist das oberste schulische Gremium. Es besteht aus je vier Mitgliedern der Elternschaft und vier Mitgliedern des Lehrkr\u00e4ftekollegiums unter dem Vorsitz des Schulleiters. Der Schulvorstand wird f\u00fcr zwei Jahre gew\u00e4hlt.<\/p>\n","protected":false},"author":9192438,"featured_media":0,"parent":0,"menu_order":0,"comment_status":"closed","ping_status":"closed","template":"","meta":{"footnotes":""},"class_list":["post-50","page","type-page","status-publish","hentry"],"_links":{"self":[{"href":"https:\/\/wordpress.nibis.de\/gs-klint\/wp-json\/wp\/v2\/pages\/50","targetHints":{"allow":["GET"]}}],"collection":[{"href":"https:\/\/wordpress.nibis.de\/gs-klint\/wp-json\/wp\/v2\/pages"}],"about":[{"href":"https:\/\/wordpress.nibis.de\/gs-klint\/wp-json\/wp\/v2\/types\/page"}],"author":[{"embeddable":true,"href":"https:\/\/wordpress.nibis.de\/gs-klint\/wp-json\/wp\/v2\/users\/9192438"}],"replies":[{"embeddable":true,"href":"https:\/\/wordpress.nibis.de\/gs-klint\/wp-json\/wp\/v2\/comments?post=50"}],"version-history":[{"count":29,"href":"https:\/\/wordpress.nibis.de\/gs-klint\/wp-json\/wp\/v2\/pages\/50\/revisions"}],"predecessor-version":[{"id":4099,"href":"https:\/\/wordpress.nibis.de\/gs-klint\/wp-json\/wp\/v2\/pages\/50\/revisions\/4099"}],"wp:attachment":[{"href":"https:\/\/wordpress.nibis.de\/gs-klint\/wp-json\/wp\/v2\/media?parent=50"}],"curies":[{"name":"wp","href":"https:\/\/api.w.org\/{rel}","templated":true}]}}