{"id":959,"date":"2015-10-22T09:37:38","date_gmt":"2015-10-22T08:37:38","guid":{"rendered":"http:\/\/wordpress.nibis.de\/gs-klint\/?page_id=959"},"modified":"2024-06-11T19:48:12","modified_gmt":"2024-06-11T18:48:12","slug":"sponsoren","status":"publish","type":"page","link":"https:\/\/wordpress.nibis.de\/gs-klint\/sponsoren\/","title":{"rendered":"B\u00fcrgerstiftung"},"content":{"rendered":"<p style=\"text-align: center\"><strong>Wir freuen uns \u00fcber Ihre Unterst\u00fctzung! Danke!<\/strong><\/p>\n<p><a href=\"http:\/\/wordpress.nibis.de\/gs-klint\/files\/buergerstiftung.png\"><img loading=\"lazy\" decoding=\"async\" class=\"alignleft size-medium wp-image-676\" src=\"http:\/\/wordpress.nibis.de\/gs-klint\/files\/buergerstiftung-300x100.png\" alt=\"buergerstiftung\" width=\"300\" height=\"100\" srcset=\"https:\/\/wordpress.nibis.de\/gs-klint\/files\/buergerstiftung-300x100.png 300w, https:\/\/wordpress.nibis.de\/gs-klint\/files\/buergerstiftung-1024x340.png 1024w, https:\/\/wordpress.nibis.de\/gs-klint\/files\/buergerstiftung.png 1391w\" sizes=\"auto, (max-width: 300px) 100vw, 300px\" \/><\/a>Die <a href=\"https:\/\/www.buergerstiftungbraunschweig.de\/start\/\" target=\"_blank\" rel=\"noopener noreferrer\">B\u00fcrgerstiftung Braunschweig<\/a> unterst\u00fctzt unsere Sch\u00fclerbibliothek &#8211;\u00a0VILLA LESEBUNT &#8211;\u00a0 im Rahmen ihres Projektes &#8222;Auf dem Weg zum Buch&#8220;.<\/p>\n<p>&nbsp;<\/p>\n<p>In vielen Klassen unserer Schule sind ehrenamtliche \u201eLesepaten\u201c und &#8222;Mathepaten&#8220; im Einsatz. Sie werden uns \u00fcber die B\u00fcrgerstiftung vermittelt.<\/p>\n<p>Weitere Informationen zu unseren Lesepaten erhalten Sie <strong><span style=\"color: #800000\"><a style=\"color: #800000\" href=\"https:\/\/wordpress.nibis.de\/gs-klint\/lesepaten\/\" target=\"_blank\" rel=\"noopener noreferrer\">hier<\/a><\/span><\/strong>.<\/p>\n","protected":false},"excerpt":{"rendered":"<p>Wir freuen uns \u00fcber Ihre Unterst\u00fctzung! Danke! Die B\u00fcrgerstiftung Braunschweig unterst\u00fctzt unsere Sch\u00fclerbibliothek &#8211;\u00a0VILLA LESEBUNT &#8211;\u00a0 im Rahmen ihres Projektes &#8222;Auf dem Weg zum Buch&#8220;. &nbsp; In vielen Klassen unserer Schule sind ehrenamtliche \u201eLesepaten\u201c und &#8222;Mathepaten&#8220; im Einsatz. Sie werden uns \u00fcber die B\u00fcrgerstiftung vermittelt. Weitere Informationen zu unseren Lesepaten erhalten Sie hier.<\/p>\n","protected":false},"author":9192438,"featured_media":0,"parent":0,"menu_order":0,"comment_status":"closed","ping_status":"closed","template":"","meta":{"footnotes":""},"class_list":["post-959","page","type-page","status-publish","hentry"],"_links":{"self":[{"href":"https:\/\/wordpress.nibis.de\/gs-klint\/wp-json\/wp\/v2\/pages\/959","targetHints":{"allow":["GET"]}}],"collection":[{"href":"https:\/\/wordpress.nibis.de\/gs-klint\/wp-json\/wp\/v2\/pages"}],"about":[{"href":"https:\/\/wordpress.nibis.de\/gs-klint\/wp-json\/wp\/v2\/types\/page"}],"author":[{"embeddable":true,"href":"https:\/\/wordpress.nibis.de\/gs-klint\/wp-json\/wp\/v2\/users\/9192438"}],"replies":[{"embeddable":true,"href":"https:\/\/wordpress.nibis.de\/gs-klint\/wp-json\/wp\/v2\/comments?post=959"}],"version-history":[{"count":11,"href":"https:\/\/wordpress.nibis.de\/gs-klint\/wp-json\/wp\/v2\/pages\/959\/revisions"}],"predecessor-version":[{"id":4272,"href":"https:\/\/wordpress.nibis.de\/gs-klint\/wp-json\/wp\/v2\/pages\/959\/revisions\/4272"}],"wp:attachment":[{"href":"https:\/\/wordpress.nibis.de\/gs-klint\/wp-json\/wp\/v2\/media?parent=959"}],"curies":[{"name":"wp","href":"https:\/\/api.w.org\/{rel}","templated":true}]}}