{"id":116,"date":"2021-09-22T08:18:44","date_gmt":"2021-09-22T06:18:44","guid":{"rendered":"https:\/\/wordpress.nibis.de\/gs-kroge\/?page_id=116"},"modified":"2025-08-20T17:06:10","modified_gmt":"2025-08-20T15:06:10","slug":"schulsozialarbeit","status":"publish","type":"page","link":"https:\/\/wordpress.nibis.de\/gs-kroge\/schulsozialarbeit\/","title":{"rendered":"Schulsozialarbeit"},"content":{"rendered":"\n<div class=\"wp-block-media-text alignwide is-stacked-on-mobile is-style-tw-shadow\" style=\"grid-template-columns:26% auto\"><figure class=\"wp-block-media-text__media\"><img loading=\"lazy\" decoding=\"async\" width=\"683\" height=\"1024\" src=\"https:\/\/wordpress.nibis.de\/gs-kroge\/files\/2025\/08\/Kollegium-13-683x1024.jpg\" alt=\"\" class=\"wp-image-1565 size-full\" srcset=\"https:\/\/wordpress.nibis.de\/gs-kroge\/files\/2025\/08\/Kollegium-13-683x1024.jpg 683w, https:\/\/wordpress.nibis.de\/gs-kroge\/files\/2025\/08\/Kollegium-13-200x300.jpg 200w, https:\/\/wordpress.nibis.de\/gs-kroge\/files\/2025\/08\/Kollegium-13-768x1151.jpg 768w, https:\/\/wordpress.nibis.de\/gs-kroge\/files\/2025\/08\/Kollegium-13-1025x1536.jpg 1025w, https:\/\/wordpress.nibis.de\/gs-kroge\/files\/2025\/08\/Kollegium-13-1366x2048.jpg 1366w, https:\/\/wordpress.nibis.de\/gs-kroge\/files\/2025\/08\/Kollegium-13-scaled.jpg 1708w\" sizes=\"auto, (max-width: 683px) 100vw, 683px\" \/><\/figure><div class=\"wp-block-media-text__content\">\n<p> Seit September 2021 d\u00fcrfen wir Frau Melanie St\u00f6ver als Schulsozialarbeiterin an der Grundschule Kroge begr\u00fc\u00dfen. Frau St\u00f6ver steht den Sch\u00fclerInnen bei Konflikten mit anderen Sch\u00fclerInnen, Lernschwierigkeiten oder h\u00e4uslichen Problemen zur Seite.  Auch werden f\u00fcr einzelne oder mehrere Sch\u00fclerInnen unterschiedliche soziale Kompetenztrainingseinheiten (zu Themen wie beispielsweise Aggression, Selbstwert oder Konfliktbew\u00e4ltigung) angeboten. <\/p>\n\n\n\n<p>Frau St\u00f6ver steht den Sch\u00fclerInnen, LehrerInnen und Eltern am Dienstag und Freitag in der Zeit von 08:00 Uhr bis 12:30 Uhr und alle geraden Kalenderwochen Montags in der 3. und 4. Stunde zur Verf\u00fcgung. Erreichbar ist sie an den genannten Tagen vor Ort oder unter der Telefonnummer: 04442 \/ 9583066 . Des Weiteren ist sie jederzeit unter folgender Mail Adresse zu erreichen: <a href=\"&#x6d;&#x61;&#x69;&#x6c;&#x74;&#x6f;&#x3a;&#x6d;&#x65;&#x6c;&#x61;&#x6e;&#x69;&#x65;&#x2e;&#x73;&#x74;&#x6f;&#x65;&#x76;&#x65;&#x72;&#x40;&#x67;&#x73;&#x2d;&#x6b;&#x72;&#x6f;&#x67;&#x65;&#x2e;&#x64;&#x65;\">melanie&#46;stoe&#118;&#101;&#114;&#64;&#103;&#115;&#45;&#107;&#114;&#111;&#103;&#101;&#46;&#100;&#101;<\/a><\/p>\n<\/div><\/div>\n\n\n\n<p><\/p>\n\n\n\n<p><\/p>\n","protected":false},"excerpt":{"rendered":"<p>Seit September 2021 d\u00fcrfen wir Frau Melanie St\u00f6ver als Schulsozialarbeiterin an der Grundschule Kroge begr\u00fc\u00dfen. Frau St\u00f6ver steht den Sch\u00fclerInnen bei Konflikten mit anderen Sch\u00fclerInnen, Lernschwierigkeiten oder h\u00e4uslichen Problemen zur <a class=\"more-link\" href=\"https:\/\/wordpress.nibis.de\/gs-kroge\/schulsozialarbeit\/\">Continue Reading &rarr;<\/a><\/p>\n","protected":false},"author":9193400,"featured_media":0,"parent":0,"menu_order":0,"comment_status":"closed","ping_status":"closed","template":"","meta":{"footnotes":""},"class_list":["post-116","page","type-page","status-publish","hentry"],"_links":{"self":[{"href":"https:\/\/wordpress.nibis.de\/gs-kroge\/wp-json\/wp\/v2\/pages\/116","targetHints":{"allow":["GET"]}}],"collection":[{"href":"https:\/\/wordpress.nibis.de\/gs-kroge\/wp-json\/wp\/v2\/pages"}],"about":[{"href":"https:\/\/wordpress.nibis.de\/gs-kroge\/wp-json\/wp\/v2\/types\/page"}],"author":[{"embeddable":true,"href":"https:\/\/wordpress.nibis.de\/gs-kroge\/wp-json\/wp\/v2\/users\/9193400"}],"replies":[{"embeddable":true,"href":"https:\/\/wordpress.nibis.de\/gs-kroge\/wp-json\/wp\/v2\/comments?post=116"}],"version-history":[{"count":6,"href":"https:\/\/wordpress.nibis.de\/gs-kroge\/wp-json\/wp\/v2\/pages\/116\/revisions"}],"predecessor-version":[{"id":1567,"href":"https:\/\/wordpress.nibis.de\/gs-kroge\/wp-json\/wp\/v2\/pages\/116\/revisions\/1567"}],"wp:attachment":[{"href":"https:\/\/wordpress.nibis.de\/gs-kroge\/wp-json\/wp\/v2\/media?parent=116"}],"curies":[{"name":"wp","href":"https:\/\/api.w.org\/{rel}","templated":true}]}}