{"id":182,"date":"2021-11-17T08:04:28","date_gmt":"2021-11-17T07:04:28","guid":{"rendered":"https:\/\/wordpress.nibis.de\/gs-kroge\/?page_id=182"},"modified":"2022-01-13T12:17:44","modified_gmt":"2022-01-13T11:17:44","slug":"impressum","status":"publish","type":"page","link":"https:\/\/wordpress.nibis.de\/gs-kroge\/impressum\/","title":{"rendered":"Impressum"},"content":{"rendered":"\n<h6>Land Niedersachsen (Dienstanbieter im Sinne des Telemediengesetzes)<br \/><br \/>Das Land Niedersachsen ist eine juristische Person des \u00f6ffentlichen Rechtes vertreten durch<\/h6>\n<p>\u00a0<\/p>\n<h6><strong>Schulleitung:<\/strong><br \/>Kerstin Bokern<br \/>Kroger Stra\u00dfe 43<br \/>49393 Lohne<br \/>Tel.: 04442-2170<\/h6>\n<h6>\u00a0<\/h6>\n<h6><br \/>Verantwortlich f\u00fcr redaktionelle- journalistische Angebote i. S. d. \u00a7 55 Abs. 2 Rundfunkstaatsvertrag:<\/h6>\n<h6><br \/>Christina Lohmann<br \/>Grundschule Kroge- Ehrendorf<br \/>Kroger Stra\u00dfe 43<br \/>49393 Lohne<br \/>Tel.: 04442-2170<\/h6>\n<p>\u00a0<\/p>\n<p>\u00a0<\/p>\n<h6><strong>Urheberrecht<\/strong><\/h6>\n<p>\u00a0<\/p>\n<h6>Texte, Bilder, Grafiken und Fotos sowie die Gestaltung dieser Internetseiten unterliegen dem Urheberrecht. Sie du\u0308rfen von Ihnen nur zum privaten und sonstigen eigenen Gebrauch im Rahmen des \u00a7 53 Urheberrechtsgesetz (UrhG) ohne jede A\u0308nderung vervielfa\u0308ltigt werden. Eine Verbreitung von Kopien (analog oder digital) oder Auszu\u0308gen ist nur mit schriftlicher Genehmigung zula\u0308ssig. Der Nachdruck und die Auswertung von Pressemitteilungen und Reden sind mit Quellenangabe gestattet. Texte, Bilder, Grafiken und sonstige Materialien ko\u0308nnen ganz oder teilweise dem Urheberrecht Dritter unterliegen. Die Inhalte Dritter sind als solche kenntlich gemacht und du\u0308rfen ohne Einwilligung des Rechteinhabers nicht vervielfa\u0308ltigt, o\u0308ffentlich zuga\u0308nglich gemacht oder o\u0308ffentlich wiedergegeben werden.<\/h6>\n<p>\u00a0<\/p>\n<h6><strong>Haftung f\u00fcr Inhalte<\/strong><\/h6>\n<p>\u00a0<\/p>\n<h6>Diese Webseite beinhaltet externe Links. Deren Inhalte entziehen sich unserer Einflussnahme, sodass eine Gew\u00e4hr f\u00fcr solche Inhalte von uns nicht \u00fcbernommen werden kann.<\/h6>\n<h6>Die Verantwortung liegt stets beim jeweiligen Betreiber der externen Seite. Zum Zeitpunkt der Verkn\u00fcpfung der externen Links waren keine Rechtsverst\u00f6\u00dfe ersichtlich. Die permanente \u00dcberwachung fremder Inhalte auf Rechtsverst\u00f6\u00dfe ohne konkrete Hinweise ist uns nicht zumutbar.<\/h6>\n<h6>Sollten wir Kenntnis von Rechtsverletzungen erlangen, werden wir die entsprechenden externen Links unverz\u00fcglich entfernen.<\/h6>\n<p>\u00a0<\/p>\n","protected":false},"excerpt":{"rendered":"<p>Land Niedersachsen (Dienstanbieter im Sinne des Telemediengesetzes) Das Land Niedersachsen ist eine juristische Person des \u00f6ffentlichen Rechtes vertreten durch \u00a0 Schulleitung:Kerstin BokernKroger Stra\u00dfe 4349393 LohneTel.: 04442-2170 \u00a0 Verantwortlich f\u00fcr redaktionelle- <a class=\"more-link\" href=\"https:\/\/wordpress.nibis.de\/gs-kroge\/impressum\/\">Continue Reading &rarr;<\/a><\/p>\n","protected":false},"author":9193400,"featured_media":0,"parent":0,"menu_order":0,"comment_status":"closed","ping_status":"closed","template":"","meta":{"footnotes":""},"class_list":["post-182","page","type-page","status-publish","hentry"],"_links":{"self":[{"href":"https:\/\/wordpress.nibis.de\/gs-kroge\/wp-json\/wp\/v2\/pages\/182","targetHints":{"allow":["GET"]}}],"collection":[{"href":"https:\/\/wordpress.nibis.de\/gs-kroge\/wp-json\/wp\/v2\/pages"}],"about":[{"href":"https:\/\/wordpress.nibis.de\/gs-kroge\/wp-json\/wp\/v2\/types\/page"}],"author":[{"embeddable":true,"href":"https:\/\/wordpress.nibis.de\/gs-kroge\/wp-json\/wp\/v2\/users\/9193400"}],"replies":[{"embeddable":true,"href":"https:\/\/wordpress.nibis.de\/gs-kroge\/wp-json\/wp\/v2\/comments?post=182"}],"version-history":[{"count":12,"href":"https:\/\/wordpress.nibis.de\/gs-kroge\/wp-json\/wp\/v2\/pages\/182\/revisions"}],"predecessor-version":[{"id":289,"href":"https:\/\/wordpress.nibis.de\/gs-kroge\/wp-json\/wp\/v2\/pages\/182\/revisions\/289"}],"wp:attachment":[{"href":"https:\/\/wordpress.nibis.de\/gs-kroge\/wp-json\/wp\/v2\/media?parent=182"}],"curies":[{"name":"wp","href":"https:\/\/api.w.org\/{rel}","templated":true}]}}