{"id":5,"date":"2021-06-22T13:21:12","date_gmt":"2021-06-22T11:21:12","guid":{"rendered":"https:\/\/wordpress.nibis.de\/gs-kroge\/?page_id=5"},"modified":"2025-09-10T07:35:52","modified_gmt":"2025-09-10T05:35:52","slug":"aktuelle-meldungen","status":"publish","type":"page","link":"https:\/\/wordpress.nibis.de\/gs-kroge\/aktuelle-meldungen\/","title":{"rendered":"Aktuelle Meldungen"},"content":{"rendered":"\n<p>Auf dieser Seite finden Sie alle aktuellen Meldungen zu unserem Schulleben.<\/p>\n<p>Unser Schulleben ist davon gepr\u00e4gt gemeinsam viele sch\u00f6ne Momente zusammeln. Einige Eindr\u00fccke davon finden Sie unter dem Punkt Ausfl\u00fcge.<\/p>\n<p>&nbsp;<\/p>\n<h1><strong><img loading=\"lazy\" decoding=\"async\" class=\"wp-image-693 aligncenter\" src=\"https:\/\/wordpress.nibis.de\/gs-kroge\/files\/2023\/02\/FSJ.jpg\" alt=\"\" width=\"582\" height=\"326\"><\/strong><\/h1>\n\n\n\n<p align=\"center\">Interessierst du dich f\u00fcr ein Lehramtsstudium oder ein Studium der Sozialen Arbeit?<\/p>\n<p align=\"center\">Hast du Lust, Schule mal ganz anders kennenzulernen?<\/p>\n<p align=\"center\">Dann haben wir die L\u00f6sung!<\/p>\n<p align=\"center\">Absolviere ein Freiwilliges Soziales Jahr bei uns. Wir sind eine kleine Grundschule der Stadt Lohne im Ortsteil Kroge mit einem tollen Team und richtig viel Platz f\u00fcr Kinder!<\/p>\n<p align=\"center\">Wenn auch du viele eigene Ideen hast, Kinder magst und dich im sozialen und vor allem kreativen Bereich engagieren m\u00f6chtest, dann bist du bei uns genau richtig!<\/p>\n<p align=\"center\">Melde dich einfach bei der Schulleitung<\/p>\n<p align=\"center\">Kerstin Bokern<\/p>\n<p align=\"center\">und werde Teil der Schulgemeinschaft!<\/p>\n<p align=\"center\">\u00a0Wir freuen uns schon sehr auf dich!<\/p>\n<p align=\"center\">\u00a0<\/p>\n<p align=\"center\">\u00a0<\/p>\n<p align=\"center\">\u00a0<\/p>\n<h1>Kroger Grundschule ist jetzt <br \/>fit f\u00fcr Ganztag und mehr<\/h1>\n<h2>Sanierung des Schulgeb\u00e4udes erfolgreich abgeschlossen<\/h2>\n<p><strong>Kroge<\/strong>&#8211;<strong>Ehrendorf<\/strong> \u2013 Mit dem Abschluss der Sanierungs- und Erweiterungsarbeiten an der Grundschule Kroge-Ehrendorf setzt die Stadt Lohne ihre Bildungsstrategie konsequent fort. Mehr als 1,5 Millionen Euro wurden investiert, um den Standort fit f\u00fcr die kommenden Anforderungen zu machen \u2013 etwa im Hinblick auf die Ganztagsbetreuung, Barrierefreiheit und moderne Lernumgebungen.<\/p>\n<p>\u201eDie Sanierung der Grundschule Kroge-Ehrendorf ist ein klares Bekenntnis zu unserem Schulstandort hier im Ort\u201c, betonte B\u00fcrgermeisterin Dr. Henrike Voet bei einem Ortstermin \u201eWir bereiten unsere Schulen gezielt auf die kommenden Anforderungen vor \u2013 insbesondere auf den Rechtsanspruch auf Ganztagsbetreuung, der ab 2026 sukzessive eingef\u00fchrt wird.\u201c<\/p>\n<p>Tats\u00e4chlich ist Kroge nicht der erste, aber der aktuellste Baustein im schulischen Investitionsprogramm der Stadt. Im vergangenen Jahr wurde die umfassende Modernisierung und Erweiterung der Gertrudenschule abgeschlossen \u2013 ebenfalls unter anspruchsvollen Bedingungen. Das \u00fcber 100 Jahre alte, denkmalgesch\u00fctzte Geb\u00e4ude stellte hohe Anforderungen an Brandschutz, Barrierefreiheit und Technik. Jetzt folgte Kroge \u2013 und demn\u00e4chst stehen die Grundschulen in Brockdorf und die Ketteler-Schule auf dem st\u00e4dtischen Bauplan.<\/p>\n<h3>Was wurde gemacht?<\/h3>\n<p>Die Sanierungsma\u00dfnahme in Kroge umfasste den Ausbau des Dachgeschosses im ehemaligen Lehrerhaus. Dort sind heute ein Werkraum sowie R\u00e4ume f\u00fcr die Ganztagsbetreuung untergebracht. Zudem wurde im Hauptgeb\u00e4ude ein neues Lehrerzimmer mit WC-Anlage angebaut, die Pausenhalle erweitert und ein Aufzug eingebaut, der einen barrierefreien Zugang zum Obergeschoss erm\u00f6glicht.<\/p>\n<p>Auch im Bestand wurde umfassend umgebaut: Musikraum, Bibliothek, ein Raum f\u00fcr Schulsozialarbeit sowie Verwaltungsbereiche entstanden neu. Besonders herausfordernd waren dabei die brandschutztechnischen Anforderungen: \u201eWir mussten T\u00fcren und Durchg\u00e4nge vergr\u00f6\u00dfern und an mehreren Stellen neue Fluchttreppen installieren \u2013 sowohl am Lehrerwohnhaus als auch am Schulgeb\u00e4ude\u201c, erl\u00e4utert Martin Hinxlage von der st\u00e4dtischen Hochbauabteilung.<\/p>\n<p>Der Lohner Architekt Timo Langfermann lobte die Entscheidung f\u00fcr den Umbau statt eines kompletten Neubaus: \u201eSanieren im Bestand ist technisch herausfordernd \u2013 aber es hat auch Charme. Ein Neubau w\u00e4re einfacher, aber nicht so nachhaltig. Ich bin ein Freund davon, Bestehendes weiterzunutzen.\u201c<\/p>\n<p>Die Grundschule Kroge-Ehrendorf z\u00e4hlt aktuell 52 Sch\u00fclerinnen und Sch\u00fcler in den Klassen 1 bis 4. F\u00fcr Schulleiterin Kerstin Bokern ist die abgeschlossene Ma\u00dfnahme ein gro\u00dfer Schritt: \u201eWir sind eine kleine Schule mit vielen Vorteilen \u2013 jeder kennt jeden, jeder spielt mit jedem. Dank der Investitionen ist unsere Schule jetzt nicht nur moderner, sondern auch ein noch sch\u00f6nerer Ort zum Lernen geworden. Daf\u00fcr sind wir sehr dankbar.\u201c<\/p>\n<p>Die Grundschule in Kroge blickt auf eine lange Geschichte zur\u00fcck: Bereits seit 1909 ist der Ort Schulstandort. Das heutige Schulgeb\u00e4ude wurde in den 1950er Jahren erbaut und Anfang der 1960er Jahre erstmals erweitert. Vor rund 25 Jahren folgte eine zus\u00e4tzliche Erweiterung durch den Ausbau des Dachgeschosses mit einer Zugangstreppe. In den folgenden Jahrzehnten gab es weitere kleinere Anpassungen \u2013 zuletzt vor f\u00fcnf Jahren. Die nun abgeschlossene Bauma\u00dfnahme stellt den gr\u00f6\u00dften baulichen Eingriff seit Jahrzehnten dar \u2013 und markiert zugleich einen wichtigen Neuanfang.<\/p>\n\n\n\n<div class=\"wp-block-media-text is-stacked-on-mobile is-vertically-aligned-center is-style-tw-overlap\" style=\"grid-template-columns:68% auto\"><figure class=\"wp-block-media-text__media\"><img loading=\"lazy\" decoding=\"async\" width=\"1024\" height=\"683\" src=\"https:\/\/wordpress.nibis.de\/gs-kroge\/files\/2025\/09\/20250901_Grundschule-Kroge_Sanierung_4-2-1024x683.jpg\" alt=\"\" class=\"wp-image-1620 size-full\" srcset=\"https:\/\/wordpress.nibis.de\/gs-kroge\/files\/2025\/09\/20250901_Grundschule-Kroge_Sanierung_4-2-1024x683.jpg 1024w, https:\/\/wordpress.nibis.de\/gs-kroge\/files\/2025\/09\/20250901_Grundschule-Kroge_Sanierung_4-2-300x200.jpg 300w, https:\/\/wordpress.nibis.de\/gs-kroge\/files\/2025\/09\/20250901_Grundschule-Kroge_Sanierung_4-2-768x512.jpg 768w, https:\/\/wordpress.nibis.de\/gs-kroge\/files\/2025\/09\/20250901_Grundschule-Kroge_Sanierung_4-2-1536x1024.jpg 1536w, https:\/\/wordpress.nibis.de\/gs-kroge\/files\/2025\/09\/20250901_Grundschule-Kroge_Sanierung_4-2-2048x1365.jpg 2048w, https:\/\/wordpress.nibis.de\/gs-kroge\/files\/2025\/09\/20250901_Grundschule-Kroge_Sanierung_4-2-750x499.jpg 750w, https:\/\/wordpress.nibis.de\/gs-kroge\/files\/2025\/09\/20250901_Grundschule-Kroge_Sanierung_4-2-360x240.jpg 360w\" sizes=\"auto, (max-width: 1024px) 100vw, 1024px\" \/><\/figure><div class=\"wp-block-media-text__content\">\n<p class=\"has-large-font-size\"><\/p>\n<\/div><\/div>\n","protected":false},"excerpt":{"rendered":"<p>Auf dieser Seite finden Sie alle aktuellen Meldungen zu unserem Schulleben. Unser Schulleben ist davon gepr\u00e4gt gemeinsam viele sch\u00f6ne Momente zusammeln. Einige Eindr\u00fccke davon finden Sie unter dem Punkt Ausfl\u00fcge. <a class=\"more-link\" href=\"https:\/\/wordpress.nibis.de\/gs-kroge\/aktuelle-meldungen\/\">Continue Reading &rarr;<\/a><\/p>\n","protected":false},"author":9193400,"featured_media":0,"parent":0,"menu_order":0,"comment_status":"closed","ping_status":"closed","template":"","meta":{"footnotes":""},"class_list":["post-5","page","type-page","status-publish","hentry"],"_links":{"self":[{"href":"https:\/\/wordpress.nibis.de\/gs-kroge\/wp-json\/wp\/v2\/pages\/5","targetHints":{"allow":["GET"]}}],"collection":[{"href":"https:\/\/wordpress.nibis.de\/gs-kroge\/wp-json\/wp\/v2\/pages"}],"about":[{"href":"https:\/\/wordpress.nibis.de\/gs-kroge\/wp-json\/wp\/v2\/types\/page"}],"author":[{"embeddable":true,"href":"https:\/\/wordpress.nibis.de\/gs-kroge\/wp-json\/wp\/v2\/users\/9193400"}],"replies":[{"embeddable":true,"href":"https:\/\/wordpress.nibis.de\/gs-kroge\/wp-json\/wp\/v2\/comments?post=5"}],"version-history":[{"count":13,"href":"https:\/\/wordpress.nibis.de\/gs-kroge\/wp-json\/wp\/v2\/pages\/5\/revisions"}],"predecessor-version":[{"id":1621,"href":"https:\/\/wordpress.nibis.de\/gs-kroge\/wp-json\/wp\/v2\/pages\/5\/revisions\/1621"}],"wp:attachment":[{"href":"https:\/\/wordpress.nibis.de\/gs-kroge\/wp-json\/wp\/v2\/media?parent=5"}],"curies":[{"name":"wp","href":"https:\/\/api.w.org\/{rel}","templated":true}]}}