{"id":7,"date":"2021-06-22T13:25:58","date_gmt":"2021-06-22T11:25:58","guid":{"rendered":"https:\/\/wordpress.nibis.de\/gs-kroge\/?page_id=7"},"modified":"2024-09-13T12:53:43","modified_gmt":"2024-09-13T10:53:43","slug":"unsere-schule","status":"publish","type":"page","link":"https:\/\/wordpress.nibis.de\/gs-kroge\/unsere-schule\/","title":{"rendered":"Unsere Schule"},"content":{"rendered":"\n<p>Unsere Grundschule Kroge- Ehrendorf liegt im Au\u00dfenbereich der Stadt Lohne (Oldenburg). Unser kleines D\u00f6rfchen Kroge ist eines mit ganz besonders viel Charme. Das Verbundenheitsgef\u00fchl und die harmonische Lebensart unserer Einwohner spiegelt sich auch in unserer Sch\u00fclerschaft wieder.<\/p>\n\n\n\n<p>Zur Zeit besuchen 61 Sch\u00fclerinnen und Sch\u00fcler unsere Schule. Unsere Jahrg\u00e4nge sind durchg\u00e4ngig Einz\u00fcgig, wodurch eine sehr enge Sch\u00fcler- Lehrer Beziehung entsteht.<\/p>\n\n\n\n<figure class=\"wp-block-image size-large\"><img loading=\"lazy\" decoding=\"async\" width=\"1024\" height=\"709\" src=\"https:\/\/wordpress.nibis.de\/gs-kroge\/files\/2024\/09\/Folie1-1024x709.jpg\" alt=\"\" class=\"wp-image-1248\" srcset=\"https:\/\/wordpress.nibis.de\/gs-kroge\/files\/2024\/09\/Folie1-1024x709.jpg 1024w, https:\/\/wordpress.nibis.de\/gs-kroge\/files\/2024\/09\/Folie1-300x208.jpg 300w, https:\/\/wordpress.nibis.de\/gs-kroge\/files\/2024\/09\/Folie1-768x532.jpg 768w, https:\/\/wordpress.nibis.de\/gs-kroge\/files\/2024\/09\/Folie1.jpg 1040w\" sizes=\"auto, (max-width: 1024px) 100vw, 1024px\" \/><\/figure>\n\n\n\n<h3><strong>Neue Schulordnung<\/strong><\/h3>\n<p><a href=\"https:\/\/wordpress.nibis.de\/gs-kroge\/files\/2024\/05\/Schulordnung.pdf\">Schulordnung<\/a><\/p>\n\n\n\n<h3><strong>Informationen zu Infektionskrankheiten<\/strong><\/h3>\n<p><a href=\"https:\/\/www.gesundheitsregion-vechta.de\/fileadmin\/gesundheitsregion\/dokumente\/Projekte\/Infektionskrankheiten\/2024_LKV_Flyer_Gesundheitsregion_Infektionskrankheiten_DE_WEB.pdf\">https:\/\/www.gesundheitsregion-vechta.de\/fileadmin\/gesundheitsregion\/dokumente\/Projekte\/Infektionskrankheiten\/2024_LKV_Flyer_Gesundheitsregion_Infektionskrankheiten_DE_WEB.pdf<\/a><\/p>\n","protected":false},"excerpt":{"rendered":"<p>Unsere Grundschule Kroge- Ehrendorf liegt im Au\u00dfenbereich der Stadt Lohne (Oldenburg). Unser kleines D\u00f6rfchen Kroge ist eines mit ganz besonders viel Charme. Das Verbundenheitsgef\u00fchl und die harmonische Lebensart unserer Einwohner <a class=\"more-link\" href=\"https:\/\/wordpress.nibis.de\/gs-kroge\/unsere-schule\/\">Continue Reading &rarr;<\/a><\/p>\n","protected":false},"author":9193400,"featured_media":0,"parent":0,"menu_order":0,"comment_status":"closed","ping_status":"closed","template":"","meta":{"footnotes":""},"class_list":["post-7","page","type-page","status-publish","hentry"],"_links":{"self":[{"href":"https:\/\/wordpress.nibis.de\/gs-kroge\/wp-json\/wp\/v2\/pages\/7","targetHints":{"allow":["GET"]}}],"collection":[{"href":"https:\/\/wordpress.nibis.de\/gs-kroge\/wp-json\/wp\/v2\/pages"}],"about":[{"href":"https:\/\/wordpress.nibis.de\/gs-kroge\/wp-json\/wp\/v2\/types\/page"}],"author":[{"embeddable":true,"href":"https:\/\/wordpress.nibis.de\/gs-kroge\/wp-json\/wp\/v2\/users\/9193400"}],"replies":[{"embeddable":true,"href":"https:\/\/wordpress.nibis.de\/gs-kroge\/wp-json\/wp\/v2\/comments?post=7"}],"version-history":[{"count":10,"href":"https:\/\/wordpress.nibis.de\/gs-kroge\/wp-json\/wp\/v2\/pages\/7\/revisions"}],"predecessor-version":[{"id":1249,"href":"https:\/\/wordpress.nibis.de\/gs-kroge\/wp-json\/wp\/v2\/pages\/7\/revisions\/1249"}],"wp:attachment":[{"href":"https:\/\/wordpress.nibis.de\/gs-kroge\/wp-json\/wp\/v2\/media?parent=7"}],"curies":[{"name":"wp","href":"https:\/\/api.w.org\/{rel}","templated":true}]}}