{"id":9,"date":"2021-06-22T13:25:19","date_gmt":"2021-06-22T11:25:19","guid":{"rendered":"https:\/\/wordpress.nibis.de\/gs-kroge\/?page_id=9"},"modified":"2026-02-18T08:32:52","modified_gmt":"2026-02-18T07:32:52","slug":"kollegium","status":"publish","type":"page","link":"https:\/\/wordpress.nibis.de\/gs-kroge\/kollegium\/","title":{"rendered":"Kollegium"},"content":{"rendered":"\n<figure class=\"wp-block-image size-large\"><img loading=\"lazy\" decoding=\"async\" width=\"1024\" height=\"729\" src=\"https:\/\/wordpress.nibis.de\/gs-kroge\/files\/2025\/08\/Kollegium-29-1024x729.jpg\" alt=\"\" class=\"wp-image-1600\" srcset=\"https:\/\/wordpress.nibis.de\/gs-kroge\/files\/2025\/08\/Kollegium-29-1024x729.jpg 1024w, https:\/\/wordpress.nibis.de\/gs-kroge\/files\/2025\/08\/Kollegium-29-300x214.jpg 300w, https:\/\/wordpress.nibis.de\/gs-kroge\/files\/2025\/08\/Kollegium-29-768x547.jpg 768w, https:\/\/wordpress.nibis.de\/gs-kroge\/files\/2025\/08\/Kollegium-29-1536x1094.jpg 1536w, https:\/\/wordpress.nibis.de\/gs-kroge\/files\/2025\/08\/Kollegium-29-2048x1458.jpg 2048w\" sizes=\"auto, (max-width: 1024px) 100vw, 1024px\" \/><\/figure>\n\n\n\n<p><\/p>\n\n\n\n<p><\/p>\n\n\n\n<p><\/p>\n\n\n\n<p><\/p>\n\n\n\n<p><\/p>\n\n\n\n<p><\/p>\n\n\n\n<div class=\"wp-block-media-text alignwide is-stacked-on-mobile\" style=\"grid-template-columns:21% auto\"><figure class=\"wp-block-media-text__media\"><img loading=\"lazy\" decoding=\"async\" width=\"731\" height=\"1024\" src=\"https:\/\/wordpress.nibis.de\/gs-kroge\/files\/2025\/08\/Kollegium-3-731x1024.jpg\" alt=\"\" class=\"wp-image-1580 size-full\" srcset=\"https:\/\/wordpress.nibis.de\/gs-kroge\/files\/2025\/08\/Kollegium-3-731x1024.jpg 731w, https:\/\/wordpress.nibis.de\/gs-kroge\/files\/2025\/08\/Kollegium-3-214x300.jpg 214w, https:\/\/wordpress.nibis.de\/gs-kroge\/files\/2025\/08\/Kollegium-3-768x1076.jpg 768w, https:\/\/wordpress.nibis.de\/gs-kroge\/files\/2025\/08\/Kollegium-3-1097x1536.jpg 1097w, https:\/\/wordpress.nibis.de\/gs-kroge\/files\/2025\/08\/Kollegium-3-1462x2048.jpg 1462w, https:\/\/wordpress.nibis.de\/gs-kroge\/files\/2025\/08\/Kollegium-3-scaled.jpg 1828w\" sizes=\"auto, (max-width: 731px) 100vw, 731px\" \/><\/figure><div class=\"wp-block-media-text__content\">\n<p style=\"font-size:30px\">Klassenleitung Klasse 1<\/p>\n\n\n\n<p>Birgit von der Heide<\/p>\n<\/div><\/div>\n\n\n\n<div class=\"wp-block-media-text alignwide is-stacked-on-mobile\" style=\"grid-template-columns:21% auto\"><figure class=\"wp-block-media-text__media\"><img loading=\"lazy\" decoding=\"async\" width=\"683\" height=\"1024\" src=\"https:\/\/wordpress.nibis.de\/gs-kroge\/files\/2025\/08\/Kollegium-6-683x1024.jpg\" alt=\"\" class=\"wp-image-1562 size-full\" srcset=\"https:\/\/wordpress.nibis.de\/gs-kroge\/files\/2025\/08\/Kollegium-6-683x1024.jpg 683w, https:\/\/wordpress.nibis.de\/gs-kroge\/files\/2025\/08\/Kollegium-6-200x300.jpg 200w, https:\/\/wordpress.nibis.de\/gs-kroge\/files\/2025\/08\/Kollegium-6-768x1151.jpg 768w, https:\/\/wordpress.nibis.de\/gs-kroge\/files\/2025\/08\/Kollegium-6-1025x1536.jpg 1025w, https:\/\/wordpress.nibis.de\/gs-kroge\/files\/2025\/08\/Kollegium-6-1366x2048.jpg 1366w, https:\/\/wordpress.nibis.de\/gs-kroge\/files\/2025\/08\/Kollegium-6-scaled.jpg 1708w\" sizes=\"auto, (max-width: 683px) 100vw, 683px\" \/><\/figure><div class=\"wp-block-media-text__content\">\n<p style=\"font-size:30px\">Klassenleitung Klasse 2<\/p>\n\n\n\n<p>Christina Lohmann<\/p>\n<\/div><\/div>\n\n\n\n<div class=\"wp-block-media-text alignwide is-stacked-on-mobile\" style=\"grid-template-columns:21% auto\"><figure class=\"wp-block-media-text__media\"><img loading=\"lazy\" decoding=\"async\" width=\"832\" height=\"1024\" src=\"https:\/\/wordpress.nibis.de\/gs-kroge\/files\/2025\/08\/Kollegium-1-1-832x1024.jpg\" alt=\"\" class=\"wp-image-1576 size-full\" srcset=\"https:\/\/wordpress.nibis.de\/gs-kroge\/files\/2025\/08\/Kollegium-1-1-832x1024.jpg 832w, https:\/\/wordpress.nibis.de\/gs-kroge\/files\/2025\/08\/Kollegium-1-1-244x300.jpg 244w, https:\/\/wordpress.nibis.de\/gs-kroge\/files\/2025\/08\/Kollegium-1-1-768x945.jpg 768w, https:\/\/wordpress.nibis.de\/gs-kroge\/files\/2025\/08\/Kollegium-1-1-1249x1536.jpg 1249w, https:\/\/wordpress.nibis.de\/gs-kroge\/files\/2025\/08\/Kollegium-1-1-1665x2048.jpg 1665w\" sizes=\"auto, (max-width: 832px) 100vw, 832px\" \/><\/figure><div class=\"wp-block-media-text__content\">\n<p style=\"font-size:30px\">Klassenleitung Klasse 3 und 4<\/p>\n\n\n\n<p>Birgit Sieve<\/p>\n<\/div><\/div>\n\n\n\n<div class=\"wp-block-media-text alignwide is-stacked-on-mobile\" style=\"grid-template-columns:21% auto\"><figure class=\"wp-block-media-text__media\"><img loading=\"lazy\" decoding=\"async\" width=\"683\" height=\"1024\" src=\"https:\/\/wordpress.nibis.de\/gs-kroge\/files\/2025\/08\/Kollegium-17-683x1024.jpg\" alt=\"\" class=\"wp-image-1582 size-full\" srcset=\"https:\/\/wordpress.nibis.de\/gs-kroge\/files\/2025\/08\/Kollegium-17-683x1024.jpg 683w, https:\/\/wordpress.nibis.de\/gs-kroge\/files\/2025\/08\/Kollegium-17-200x300.jpg 200w, https:\/\/wordpress.nibis.de\/gs-kroge\/files\/2025\/08\/Kollegium-17-768x1151.jpg 768w, https:\/\/wordpress.nibis.de\/gs-kroge\/files\/2025\/08\/Kollegium-17-1025x1536.jpg 1025w, https:\/\/wordpress.nibis.de\/gs-kroge\/files\/2025\/08\/Kollegium-17-1366x2048.jpg 1366w, https:\/\/wordpress.nibis.de\/gs-kroge\/files\/2025\/08\/Kollegium-17-scaled.jpg 1708w\" sizes=\"auto, (max-width: 683px) 100vw, 683px\" \/><\/figure><div class=\"wp-block-media-text__content\">\n<p style=\"font-size:30px\">F\u00f6rderschullehrerin<\/p>\n\n\n\n<p>Sabrina Sontag<\/p>\n<\/div><\/div>\n\n\n\n<div class=\"wp-block-media-text alignwide is-stacked-on-mobile\" style=\"grid-template-columns:21% auto\"><figure class=\"wp-block-media-text__media\"><img loading=\"lazy\" decoding=\"async\" width=\"683\" height=\"1024\" src=\"https:\/\/wordpress.nibis.de\/gs-kroge\/files\/2025\/08\/Kollegium-23-683x1024.jpg\" alt=\"\" class=\"wp-image-1584 size-full\" srcset=\"https:\/\/wordpress.nibis.de\/gs-kroge\/files\/2025\/08\/Kollegium-23-683x1024.jpg 683w, https:\/\/wordpress.nibis.de\/gs-kroge\/files\/2025\/08\/Kollegium-23-200x300.jpg 200w, https:\/\/wordpress.nibis.de\/gs-kroge\/files\/2025\/08\/Kollegium-23-768x1151.jpg 768w, https:\/\/wordpress.nibis.de\/gs-kroge\/files\/2025\/08\/Kollegium-23-1025x1536.jpg 1025w, https:\/\/wordpress.nibis.de\/gs-kroge\/files\/2025\/08\/Kollegium-23-1366x2048.jpg 1366w, https:\/\/wordpress.nibis.de\/gs-kroge\/files\/2025\/08\/Kollegium-23-scaled.jpg 1708w\" sizes=\"auto, (max-width: 683px) 100vw, 683px\" \/><\/figure><div class=\"wp-block-media-text__content\">\n<p style=\"font-size:25px\">P\u00e4dagogische Mitarbeiterin<\/p>\n\n\n\n<p>Tessa Horn<\/p>\n<\/div><\/div>\n\n\n\n<div class=\"wp-block-media-text alignwide is-stacked-on-mobile\" style=\"grid-template-columns:21% auto\"><figure class=\"wp-block-media-text__media\"><img loading=\"lazy\" decoding=\"async\" width=\"683\" height=\"1024\" src=\"https:\/\/wordpress.nibis.de\/gs-kroge\/files\/2025\/08\/Kollegium-7-683x1024.jpg\" alt=\"\" class=\"wp-image-1595 size-full\" srcset=\"https:\/\/wordpress.nibis.de\/gs-kroge\/files\/2025\/08\/Kollegium-7-683x1024.jpg 683w, https:\/\/wordpress.nibis.de\/gs-kroge\/files\/2025\/08\/Kollegium-7-200x300.jpg 200w, https:\/\/wordpress.nibis.de\/gs-kroge\/files\/2025\/08\/Kollegium-7-768x1151.jpg 768w, https:\/\/wordpress.nibis.de\/gs-kroge\/files\/2025\/08\/Kollegium-7-1024x1536.jpg 1024w, https:\/\/wordpress.nibis.de\/gs-kroge\/files\/2025\/08\/Kollegium-7-1366x2048.jpg 1366w, https:\/\/wordpress.nibis.de\/gs-kroge\/files\/2025\/08\/Kollegium-7-scaled.jpg 1707w\" sizes=\"auto, (max-width: 683px) 100vw, 683px\" \/><\/figure><div class=\"wp-block-media-text__content\">\n<p style=\"font-size:25px\">P\u00e4dagogische Mitarbeiterin<\/p>\n\n\n\n<p>Ute Groenhagen<\/p>\n<\/div><\/div>\n\n\n\n<div class=\"wp-block-media-text alignwide is-stacked-on-mobile\" style=\"grid-template-columns:22% auto\"><figure class=\"wp-block-media-text__media\"><img loading=\"lazy\" decoding=\"async\" width=\"692\" height=\"1024\" src=\"https:\/\/wordpress.nibis.de\/gs-kroge\/files\/2025\/08\/Kollegium-19-692x1024.jpg\" alt=\"\" class=\"wp-image-1588 size-full\" srcset=\"https:\/\/wordpress.nibis.de\/gs-kroge\/files\/2025\/08\/Kollegium-19-692x1024.jpg 692w, https:\/\/wordpress.nibis.de\/gs-kroge\/files\/2025\/08\/Kollegium-19-203x300.jpg 203w, https:\/\/wordpress.nibis.de\/gs-kroge\/files\/2025\/08\/Kollegium-19-768x1137.jpg 768w, https:\/\/wordpress.nibis.de\/gs-kroge\/files\/2025\/08\/Kollegium-19-1038x1536.jpg 1038w, https:\/\/wordpress.nibis.de\/gs-kroge\/files\/2025\/08\/Kollegium-19-1384x2048.jpg 1384w, https:\/\/wordpress.nibis.de\/gs-kroge\/files\/2025\/08\/Kollegium-19-scaled.jpg 1730w\" sizes=\"auto, (max-width: 692px) 100vw, 692px\" \/><\/figure><div class=\"wp-block-media-text__content\">\n<p style=\"font-size:25px\">P\u00e4dagogische Mitarbeiterin<\/p>\n\n\n\n<p>Natalie Rolfes<\/p>\n<\/div><\/div>\n\n\n\n<div class=\"wp-block-media-text alignwide is-stacked-on-mobile\" style=\"grid-template-columns:22% auto\"><figure class=\"wp-block-media-text__media\"><img loading=\"lazy\" decoding=\"async\" width=\"683\" height=\"1024\" src=\"https:\/\/wordpress.nibis.de\/gs-kroge\/files\/2025\/08\/Kollegium-21-683x1024.jpg\" alt=\"\" class=\"wp-image-1596 size-full\" srcset=\"https:\/\/wordpress.nibis.de\/gs-kroge\/files\/2025\/08\/Kollegium-21-683x1024.jpg 683w, https:\/\/wordpress.nibis.de\/gs-kroge\/files\/2025\/08\/Kollegium-21-200x300.jpg 200w, https:\/\/wordpress.nibis.de\/gs-kroge\/files\/2025\/08\/Kollegium-21-768x1151.jpg 768w, https:\/\/wordpress.nibis.de\/gs-kroge\/files\/2025\/08\/Kollegium-21-1025x1536.jpg 1025w, https:\/\/wordpress.nibis.de\/gs-kroge\/files\/2025\/08\/Kollegium-21-1366x2048.jpg 1366w, https:\/\/wordpress.nibis.de\/gs-kroge\/files\/2025\/08\/Kollegium-21-scaled.jpg 1708w\" sizes=\"auto, (max-width: 683px) 100vw, 683px\" \/><\/figure><div class=\"wp-block-media-text__content\">\n<p style=\"font-size:25px\">P\u00e4dagogische Mitarbeiterin<\/p>\n\n\n\n<p>Amelie Rohe<\/p>\n<\/div><\/div>\n\n\n\n<div class=\"wp-block-media-text alignwide is-stacked-on-mobile\" style=\"grid-template-columns:22% auto\"><figure class=\"wp-block-media-text__media\"><img loading=\"lazy\" decoding=\"async\" width=\"654\" height=\"1024\" src=\"https:\/\/wordpress.nibis.de\/gs-kroge\/files\/2025\/08\/Kollegium-15-654x1024.jpg\" alt=\"\" class=\"wp-image-1599 size-full\" srcset=\"https:\/\/wordpress.nibis.de\/gs-kroge\/files\/2025\/08\/Kollegium-15-654x1024.jpg 654w, https:\/\/wordpress.nibis.de\/gs-kroge\/files\/2025\/08\/Kollegium-15-192x300.jpg 192w, https:\/\/wordpress.nibis.de\/gs-kroge\/files\/2025\/08\/Kollegium-15-768x1202.jpg 768w, https:\/\/wordpress.nibis.de\/gs-kroge\/files\/2025\/08\/Kollegium-15-982x1536.jpg 982w, https:\/\/wordpress.nibis.de\/gs-kroge\/files\/2025\/08\/Kollegium-15-1309x2048.jpg 1309w, https:\/\/wordpress.nibis.de\/gs-kroge\/files\/2025\/08\/Kollegium-15-scaled.jpg 1636w\" sizes=\"auto, (max-width: 654px) 100vw, 654px\" \/><\/figure><div class=\"wp-block-media-text__content\">\n<p style=\"font-size:25px\">FSJ-lerin<\/p>\n\n\n\n<p>Anna Heitmann<\/p>\n<\/div><\/div>\n\n\n\n<p style=\"font-size:20px\">Vielen Dank an <a href=\"https:\/\/www.andrewempe.de\/\" target=\"_blank\" rel=\"noreferrer noopener\">Photography Andr\u00e9 Wempe.<\/a><\/p>\n","protected":false},"excerpt":{"rendered":"<p>Klassenleitung Klasse 1 Birgit von der Heide Klassenleitung Klasse 2 Christina Lohmann Klassenleitung Klasse 3 und 4 Birgit Sieve F\u00f6rderschullehrerin Sabrina Sontag P\u00e4dagogische Mitarbeiterin Tessa Horn P\u00e4dagogische Mitarbeiterin Ute Groenhagen <a class=\"more-link\" href=\"https:\/\/wordpress.nibis.de\/gs-kroge\/kollegium\/\">Continue Reading &rarr;<\/a><\/p>\n","protected":false},"author":9193400,"featured_media":0,"parent":0,"menu_order":0,"comment_status":"closed","ping_status":"closed","template":"","meta":{"footnotes":""},"class_list":["post-9","page","type-page","status-publish","hentry"],"_links":{"self":[{"href":"https:\/\/wordpress.nibis.de\/gs-kroge\/wp-json\/wp\/v2\/pages\/9","targetHints":{"allow":["GET"]}}],"collection":[{"href":"https:\/\/wordpress.nibis.de\/gs-kroge\/wp-json\/wp\/v2\/pages"}],"about":[{"href":"https:\/\/wordpress.nibis.de\/gs-kroge\/wp-json\/wp\/v2\/types\/page"}],"author":[{"embeddable":true,"href":"https:\/\/wordpress.nibis.de\/gs-kroge\/wp-json\/wp\/v2\/users\/9193400"}],"replies":[{"embeddable":true,"href":"https:\/\/wordpress.nibis.de\/gs-kroge\/wp-json\/wp\/v2\/comments?post=9"}],"version-history":[{"count":27,"href":"https:\/\/wordpress.nibis.de\/gs-kroge\/wp-json\/wp\/v2\/pages\/9\/revisions"}],"predecessor-version":[{"id":1737,"href":"https:\/\/wordpress.nibis.de\/gs-kroge\/wp-json\/wp\/v2\/pages\/9\/revisions\/1737"}],"wp:attachment":[{"href":"https:\/\/wordpress.nibis.de\/gs-kroge\/wp-json\/wp\/v2\/media?parent=9"}],"curies":[{"name":"wp","href":"https:\/\/api.w.org\/{rel}","templated":true}]}}