{"id":1660,"date":"2024-03-30T23:23:32","date_gmt":"2024-03-30T22:23:32","guid":{"rendered":"https:\/\/wordpress.nibis.de\/gs-ro-schwi\/?page_id=1660"},"modified":"2026-01-12T10:46:21","modified_gmt":"2026-01-12T09:46:21","slug":"nachschulische-betreuung","status":"publish","type":"page","link":"https:\/\/wordpress.nibis.de\/gs-ro-schwi\/nachschulische-betreuung\/","title":{"rendered":"Nachschulische Betreuung"},"content":{"rendered":"\n<p>Der F\u00f6rderverein Grundschule Rosenthal-Schwicheldt e.V. organisiert und leitet seit dem Schuljahr 2008\/ 2009 die Nachschulische Betreuung in den Nebenr\u00e4umen der gleichnamigen Grundschule.<\/p>\n\n\n\n<p>&nbsp;Betreuungszeiten:<\/p>\n\n\n\n<ul class=\"wp-block-list\">\n<li>Montag bis Donnerstag von 15:30 Uhr bis 17:00 Uhr<\/li>\n\n\n\n<li>Freitag von 12:45 Uhr bis 17:00 Uhr<\/li>\n\n\n\n<li>In den Ferien an Betreuungstagen von 8:00 Uhr bis 17:00 Uhr<br>(Osterferien, Herbstferien und maximal drei Wochen in den Sommerferien)<\/li>\n<\/ul>\n\n\n\n<p>Nachmittags erwartet die Kinder zur Teepause eine kleine St\u00e4rkung.&nbsp; An Freitagen und in den Ferien wird zus\u00e4tzlich eine warme Mittagsmahlzeit angeboten.<\/p>\n\n\n\n<p>Den Kindern unterschiedlichen Alters werden die M\u00f6glichkeiten, der Raum und die Zeit geboten sich sowohl einzeln als auch in Gruppen kreativ und sportlich ausleben zu k\u00f6nnen.<\/p>\n\n\n\n<figure class=\"wp-block-table\"><table><tbody><tr><td><strong>Betreuungszeiten<\/strong><\/td><td><strong>Geb\u00fchr\/ Monat<\/strong><\/td><\/tr><tr><td>Montag bis Freitag einschlie\u00dflich Ferienbetreuung<\/td><td>74,00 Euro<\/td><\/tr><tr><td>Freitag einschlie\u00dflich Ferienbetreuung<\/td><td>48, 00 Euro<\/td><\/tr><tr><td>Freitags ohne Ferienbetreuung<\/td><td>17,50 Euro<\/td><\/tr><tr><td>Ferienbetreuung<\/td><td>30,50 Euro<\/td><\/tr><\/tbody><\/table><\/figure>\n\n\n\n<p>Wenn Sie sich eine Betreuung f\u00fcr Ihr(e) Kind(er) w\u00fcnschen, kontaktieren Sie uns bitte unter den folgenden M\u00f6glichkeiten:<\/p>\n\n\n\n<p>E-Mail: &#x66;&#x6f;&#101;rd&#x65;&#x72;&#118;&#101;r&#x65;&#x69;&#110;&#64;g&#x73;&#x2d;&#x72;&#111;se&#x6e;&#x74;&#104;&#97;l&#x2d;&#x73;&#99;&#104;w&#x69;&#x63;&#104;&#101;l&#x64;&#x74;&#x2e;&#100;e<\/p>\n\n\n\n<p>Telefon: 05171 499656 (w\u00e4hrend der angegeben Betreuungszeiten)<\/p>\n\n\n\n<p>Wir freuen uns darauf Sie und Ihr(e) Kind(er) kennenzulernen!<\/p>\n","protected":false},"excerpt":{"rendered":"<p>Der F\u00f6rderverein Grundschule Rosenthal-Schwicheldt e.V. organisiert und leitet seit dem Schuljahr 2008\/ 2009 die Nachschulische Betreuung in den Nebenr\u00e4umen der gleichnamigen Grundschule. &nbsp;Betreuungszeiten: Nachmittags erwartet die Kinder zur Teepause eine kleine St\u00e4rkung.&nbsp; An Freitagen und in den Ferien wird zus\u00e4tzlich eine warme Mittagsmahlzeit angeboten. Den Kindern unterschiedlichen Alters werden die M\u00f6glichkeiten, der Raum und die &hellip; <a href=\"https:\/\/wordpress.nibis.de\/gs-ro-schwi\/nachschulische-betreuung\/\" class=\"more-link\">Weiterlesen <span class=\"screen-reader-text\">Nachschulische Betreuung<\/span><\/a><\/p>\n","protected":false},"author":9194354,"featured_media":0,"parent":0,"menu_order":0,"comment_status":"closed","ping_status":"closed","template":"","meta":{"footnotes":""},"class_list":["post-1660","page","type-page","status-publish","hentry","without-featured-image"],"_links":{"self":[{"href":"https:\/\/wordpress.nibis.de\/gs-ro-schwi\/wp-json\/wp\/v2\/pages\/1660","targetHints":{"allow":["GET"]}}],"collection":[{"href":"https:\/\/wordpress.nibis.de\/gs-ro-schwi\/wp-json\/wp\/v2\/pages"}],"about":[{"href":"https:\/\/wordpress.nibis.de\/gs-ro-schwi\/wp-json\/wp\/v2\/types\/page"}],"author":[{"embeddable":true,"href":"https:\/\/wordpress.nibis.de\/gs-ro-schwi\/wp-json\/wp\/v2\/users\/9194354"}],"replies":[{"embeddable":true,"href":"https:\/\/wordpress.nibis.de\/gs-ro-schwi\/wp-json\/wp\/v2\/comments?post=1660"}],"version-history":[{"count":4,"href":"https:\/\/wordpress.nibis.de\/gs-ro-schwi\/wp-json\/wp\/v2\/pages\/1660\/revisions"}],"predecessor-version":[{"id":2249,"href":"https:\/\/wordpress.nibis.de\/gs-ro-schwi\/wp-json\/wp\/v2\/pages\/1660\/revisions\/2249"}],"wp:attachment":[{"href":"https:\/\/wordpress.nibis.de\/gs-ro-schwi\/wp-json\/wp\/v2\/media?parent=1660"}],"curies":[{"name":"wp","href":"https:\/\/api.w.org\/{rel}","templated":true}]}}