{"id":192,"date":"2021-03-01T21:02:59","date_gmt":"2021-03-01T20:02:59","guid":{"rendered":"https:\/\/wordpress.nibis.de\/gs-ro-schwi\/?page_id=192"},"modified":"2022-09-08T10:58:23","modified_gmt":"2022-09-08T08:58:23","slug":"aus-dem-schulleben","status":"publish","type":"page","link":"https:\/\/wordpress.nibis.de\/gs-ro-schwi\/aus-dem-schulleben\/","title":{"rendered":"Aus dem Schulleben"},"content":{"rendered":"<ul class=\"wp-block-latest-posts__list has-dates wp-block-latest-posts\"><li><a class=\"wp-block-latest-posts__post-title\" href=\"https:\/\/wordpress.nibis.de\/gs-ro-schwi\/2021\/07\/07\/volksbank-foerdert-grundschule-rosenthal-schwicheldt-mit-3000-euro\/\">Volksbank f\u00f6rdert Grundschule Rosenthal-Schwicheldt mit 3000 Euro<\/a><time datetime=\"2021-07-07T08:19:57+02:00\" class=\"wp-block-latest-posts__post-date\">7. Juli 2021<\/time><div class=\"wp-block-latest-posts__post-full-content\"><!-- wp:paragraph -->\n<p><\/p>\n<!-- \/wp:paragraph -->\n\n<!-- wp:tadv\/classic-paragraph -->\n<div class=\"pdb-richtext-field\">\n<p>Klettern, Toben, ausgelassen sein: Die Sch\u00fcler der Grundschule Rosenthal-Schwicheldt k\u00f6nnen in den Pausen endlich wieder ihrem nat\u00fcrlichen Bewegungsdrang nachkommen. Der Schulhof, der mithilfe des schuleigenen F\u00f6rdervereins, vieler Sponsoren und tatkr\u00e4ftiger Eltern gestaltet wurde, steht bereit.<\/p>\n<p>Auch die Volksbank Brawo hat das Projekt mit 3000 Euro aus den Gewinnspar-Ertr\u00e4gen unterst\u00fctzt. Bei einem Ortstermin machten sich Stefan Honrath, Leiter der Brawo-Direktion Peine, und Melanie Ernst, Filialleiterin in Schwicheldt, ein Bild von den neuen M\u00f6glichkeiten des Austobens. \u201eDas, was hier entstanden ist, ist schon au\u00dfergew\u00f6hnlich f\u00fcr einen Schulhof\u201c, staunt Stefan Honrath.<\/p>\n<\/div>\n<!-- \/wp:tadv\/classic-paragraph -->\n\n<!-- wp:image {\"align\":\"center\",\"id\":980,\"width\":940,\"height\":470,\"sizeSlug\":\"large\"} -->\n<div class=\"wp-block-image\"><figure class=\"aligncenter size-large is-resized\"><img loading=\"lazy\" decoding=\"async\" src=\"https:\/\/wordpress.nibis.de\/gs-ro-schwi\/files\/2021\/07\/Volksbank-foerdert-Grundschule-Rosenthal-Schwicheldt-mit-3000-Euro_big_teaser_article.jpg\" alt=\"\" class=\"wp-image-980\" width=\"940\" height=\"470\" srcset=\"https:\/\/wordpress.nibis.de\/gs-ro-schwi\/files\/2021\/07\/Volksbank-foerdert-Grundschule-Rosenthal-Schwicheldt-mit-3000-Euro_big_teaser_article.jpg 760w, https:\/\/wordpress.nibis.de\/gs-ro-schwi\/files\/2021\/07\/Volksbank-foerdert-Grundschule-Rosenthal-Schwicheldt-mit-3000-Euro_big_teaser_article-300x150.jpg 300w\" sizes=\"auto, (max-width: 940px) 100vw, 940px\" \/><\/figure><\/div>\n<!-- \/wp:image -->\n\n<!-- wp:tadv\/classic-paragraph -->\n<h2>Baumstamm-Mikado<\/h2>\n<p>Jahrelang gab es nur ein einziges Kletterger\u00fcst. Nun gibt es eine Kletter- und Balancieranlage, eine Schaukel und ein Baumstamm-Mikado. Das Baumstamm-Mikado ist genau der Teil, der durch die Gewinnsparertr\u00e4ge der Brawo-Gewinnsparer finanziert wurde. Besonders erw\u00e4hnenswert ist die Tatkraft der Eltern, der Spenderinnen und Spender oder die vielen Vereine und Institutionen, die bei der Finanzierung geholfen haben. Der neue Schulhof ist ein gutes Beispiel, dass man gemeinsam viel erreichen kann.<\/p>\n<!-- \/wp:tadv\/classic-paragraph --><\/div><\/li>\n<li><a class=\"wp-block-latest-posts__post-title\" href=\"https:\/\/wordpress.nibis.de\/gs-ro-schwi\/2021\/04\/11\/besuch-des-osterhasen\/\">Besuch des Osterhasen&#8230;<\/a><time datetime=\"2021-04-11T19:28:59+02:00\" class=\"wp-block-latest-posts__post-date\">11. April 2021<\/time><div class=\"wp-block-latest-posts__post-full-content\"><!-- wp:paragraph {\"textColor\":\"very-dark-gray\"} -->\n<p class=\"has-text-color has-very-dark-gray-color\">&#8230;allem Anschein nach haben die Sch\u00fclerinnen und Sch\u00fcler unserer Schule ein dickes, fettes Osterei geschenkt bekommen. Dort wo einstmals viele triste, graue Steine herumlagen, l\u00e4dt nun ein riesengro\u00dfes Baumstamm-Mikado zum Sitzen, Klettern und Balancieren ein. Danke an alle Helfer*innen, die dem Osterhasen zur Hand gegangen sind&#8230;<\/p>\n<!-- \/wp:paragraph -->\n\n<!-- wp:image {\"id\":913,\"sizeSlug\":\"full\",\"linkDestination\":\"media\"} -->\n<figure class=\"wp-block-image size-full\"><a href=\"https:\/\/wordpress.nibis.de\/gs-ro-schwi\/files\/2021\/04\/IMG_20210410_142312-scaled.jpg\"><img decoding=\"async\" src=\"https:\/\/wordpress.nibis.de\/gs-ro-schwi\/files\/2021\/04\/IMG_20210410_142312-scaled.jpg\" alt=\"\" class=\"wp-image-913\" \/><\/a><\/figure>\n<!-- \/wp:image -->\n\n<!-- wp:image {\"id\":896,\"sizeSlug\":\"full\",\"linkDestination\":\"media\"} -->\n<figure class=\"wp-block-image size-full\"><a href=\"https:\/\/wordpress.nibis.de\/gs-ro-schwi\/files\/2021\/04\/IMG_20210410_142424-scaled.jpg\"><img decoding=\"async\" src=\"https:\/\/wordpress.nibis.de\/gs-ro-schwi\/files\/2021\/04\/IMG_20210410_142424-scaled.jpg\" alt=\"\" class=\"wp-image-896\" \/><\/a><\/figure>\n<!-- \/wp:image -->\n\n<!-- wp:gallery {\"ids\":[892,904,905,893,910,913],\"columns\":3,\"linkTo\":\"media\",\"sizeSlug\":\"thumbnail\"} -->\n<figure class=\"wp-block-gallery columns-3 is-cropped\"><ul class=\"blocks-gallery-grid\"><li class=\"blocks-gallery-item\"><figure><a href=\"https:\/\/wordpress.nibis.de\/gs-ro-schwi\/files\/2021\/04\/IMG_20210409_1017572-scaled.jpg\"><img decoding=\"async\" src=\"https:\/\/wordpress.nibis.de\/gs-ro-schwi\/files\/2021\/04\/IMG_20210409_1017572-150x150.jpg\" alt=\"\" data-id=\"892\" data-full-url=\"https:\/\/wordpress.nibis.de\/gs-ro-schwi\/files\/2021\/04\/IMG_20210409_1017572-scaled.jpg\" data-link=\"https:\/\/wordpress.nibis.de\/gs-ro-schwi\/img_20210409_1017572\/\" class=\"wp-image-892\" \/><\/a><\/figure><\/li><li class=\"blocks-gallery-item\"><figure><a href=\"https:\/\/wordpress.nibis.de\/gs-ro-schwi\/files\/2021\/04\/IMG_20210409_101904-scaled.jpg\"><img decoding=\"async\" src=\"https:\/\/wordpress.nibis.de\/gs-ro-schwi\/files\/2021\/04\/IMG_20210409_101904-150x150.jpg\" alt=\"\" data-id=\"904\" data-full-url=\"https:\/\/wordpress.nibis.de\/gs-ro-schwi\/files\/2021\/04\/IMG_20210409_101904-scaled.jpg\" data-link=\"https:\/\/wordpress.nibis.de\/gs-ro-schwi\/img_20210409_101904\/\" class=\"wp-image-904\" \/><\/a><\/figure><\/li><li class=\"blocks-gallery-item\"><figure><a href=\"https:\/\/wordpress.nibis.de\/gs-ro-schwi\/files\/2021\/04\/IMG_20210409_101920-scaled.jpg\"><img decoding=\"async\" src=\"https:\/\/wordpress.nibis.de\/gs-ro-schwi\/files\/2021\/04\/IMG_20210409_101920-150x150.jpg\" alt=\"\" data-id=\"905\" data-full-url=\"https:\/\/wordpress.nibis.de\/gs-ro-schwi\/files\/2021\/04\/IMG_20210409_101920-scaled.jpg\" data-link=\"https:\/\/wordpress.nibis.de\/gs-ro-schwi\/img_20210409_101920\/\" class=\"wp-image-905\" \/><\/a><\/figure><\/li><li class=\"blocks-gallery-item\"><figure><a href=\"https:\/\/wordpress.nibis.de\/gs-ro-schwi\/files\/2021\/04\/IMG_20210409_101834-scaled.jpg\"><img decoding=\"async\" src=\"https:\/\/wordpress.nibis.de\/gs-ro-schwi\/files\/2021\/04\/IMG_20210409_101834-150x150.jpg\" alt=\"\" data-id=\"893\" data-full-url=\"https:\/\/wordpress.nibis.de\/gs-ro-schwi\/files\/2021\/04\/IMG_20210409_101834-scaled.jpg\" data-link=\"https:\/\/wordpress.nibis.de\/gs-ro-schwi\/img_20210409_101834\/\" class=\"wp-image-893\" \/><\/a><\/figure><\/li><li class=\"blocks-gallery-item\"><figure><a href=\"https:\/\/wordpress.nibis.de\/gs-ro-schwi\/files\/2021\/04\/IMG_20210410_135402_1-scaled.jpg\"><img decoding=\"async\" src=\"https:\/\/wordpress.nibis.de\/gs-ro-schwi\/files\/2021\/04\/IMG_20210410_135402_1-150x150.jpg\" alt=\"\" data-id=\"910\" data-full-url=\"https:\/\/wordpress.nibis.de\/gs-ro-schwi\/files\/2021\/04\/IMG_20210410_135402_1-scaled.jpg\" data-link=\"https:\/\/wordpress.nibis.de\/gs-ro-schwi\/img_20210410_135402_1\/\" class=\"wp-image-910\" \/><\/a><\/figure><\/li><li class=\"blocks-gallery-item\"><figure><a href=\"https:\/\/wordpress.nibis.de\/gs-ro-schwi\/files\/2021\/04\/IMG_20210410_142312-scaled.jpg\"><img loading=\"lazy\" decoding=\"async\" width=\"150\" height=\"150\" src=\"https:\/\/wordpress.nibis.de\/gs-ro-schwi\/files\/2021\/04\/IMG_20210410_142312-150x150.jpg\" alt=\"\" data-id=\"913\" data-full-url=\"https:\/\/wordpress.nibis.de\/gs-ro-schwi\/files\/2021\/04\/IMG_20210410_142312-scaled.jpg\" data-link=\"https:\/\/wordpress.nibis.de\/gs-ro-schwi\/img_20210410_142312\/\" class=\"wp-image-913\" \/><\/a><\/figure><\/li><\/ul><\/figure>\n<!-- \/wp:gallery --><\/div><\/li>\n<\/ul>\n\n\n<h2 class=\"wp-block-heading\">Abschluss der Umgestaltung des Schulhofes<\/h2>\n\n\n\n<div class=\"wp-block-columns is-layout-flex wp-container-core-columns-is-layout-abceabcf wp-block-columns-is-layout-flex\">\n<div class=\"wp-block-column is-layout-flow wp-block-column-is-layout-flow\" style=\"--col-width:100%;flex-basis:100%\">\n<p>Hier ein Einblick in die letzten Bauma\u00dfnahmen auf dem Schulhof, die am Ende der Sommerferien mit vielen helfenden Kinder- und Elternh\u00e4nden fertiggestellt werden konnten:<\/p>\n\n\n\n<figure class=\"wp-block-gallery has-nested-images columns-default is-cropped wp-block-gallery-1 is-layout-flex wp-block-gallery-is-layout-flex\">\n<figure class=\"wp-block-image size-large\"><img decoding=\"async\" data-id=\"1086\" src=\"https:\/\/wordpress.nibis.de\/gs-ro-schwi\/files\/2022\/09\/Schulhof_Theatrium.jpeg\" alt=\"\" class=\"wp-image-1086\" \/><figcaption>Theatrium mit Bepflanzung<\/figcaption><\/figure>\n\n\n\n<figure class=\"wp-block-image size-large\"><img decoding=\"async\" data-id=\"1085\" src=\"https:\/\/wordpress.nibis.de\/gs-ro-schwi\/files\/2022\/09\/Schulhof_Sitzbank.jpeg\" alt=\"\" class=\"wp-image-1085\" \/><figcaption>Sitzbank<\/figcaption><\/figure>\n\n\n\n<figure class=\"wp-block-image size-large\"><img loading=\"lazy\" decoding=\"async\" width=\"1536\" height=\"2048\" data-id=\"1084\" src=\"https:\/\/wordpress.nibis.de\/gs-ro-schwi\/files\/2022\/09\/Schulhof_Affenfelsen.jpeg\" alt=\"\" class=\"wp-image-1084\" srcset=\"https:\/\/wordpress.nibis.de\/gs-ro-schwi\/files\/2022\/09\/Schulhof_Affenfelsen.jpeg 1536w, https:\/\/wordpress.nibis.de\/gs-ro-schwi\/files\/2022\/09\/Schulhof_Affenfelsen-225x300.jpeg 225w, https:\/\/wordpress.nibis.de\/gs-ro-schwi\/files\/2022\/09\/Schulhof_Affenfelsen-768x1024.jpeg 768w, https:\/\/wordpress.nibis.de\/gs-ro-schwi\/files\/2022\/09\/Schulhof_Affenfelsen-1152x1536.jpeg 1152w\" sizes=\"auto, (max-width: 1536px) 100vw, 1536px\" \/><figcaption>Affenfelsen<\/figcaption><\/figure>\n<\/figure>\n<\/div>\n<\/div>\n","protected":false},"excerpt":{"rendered":"<p>Abschluss der Umgestaltung des Schulhofes Hier ein Einblick in die letzten Bauma\u00dfnahmen auf dem Schulhof, die am Ende der Sommerferien mit vielen helfenden Kinder- und Elternh\u00e4nden fertiggestellt werden konnten:<\/p>\n","protected":false},"author":9193590,"featured_media":0,"parent":0,"menu_order":0,"comment_status":"closed","ping_status":"closed","template":"","meta":{"footnotes":""},"class_list":["post-192","page","type-page","status-publish","hentry","without-featured-image"],"_links":{"self":[{"href":"https:\/\/wordpress.nibis.de\/gs-ro-schwi\/wp-json\/wp\/v2\/pages\/192","targetHints":{"allow":["GET"]}}],"collection":[{"href":"https:\/\/wordpress.nibis.de\/gs-ro-schwi\/wp-json\/wp\/v2\/pages"}],"about":[{"href":"https:\/\/wordpress.nibis.de\/gs-ro-schwi\/wp-json\/wp\/v2\/types\/page"}],"author":[{"embeddable":true,"href":"https:\/\/wordpress.nibis.de\/gs-ro-schwi\/wp-json\/wp\/v2\/users\/9193590"}],"replies":[{"embeddable":true,"href":"https:\/\/wordpress.nibis.de\/gs-ro-schwi\/wp-json\/wp\/v2\/comments?post=192"}],"version-history":[{"count":5,"href":"https:\/\/wordpress.nibis.de\/gs-ro-schwi\/wp-json\/wp\/v2\/pages\/192\/revisions"}],"predecessor-version":[{"id":1091,"href":"https:\/\/wordpress.nibis.de\/gs-ro-schwi\/wp-json\/wp\/v2\/pages\/192\/revisions\/1091"}],"wp:attachment":[{"href":"https:\/\/wordpress.nibis.de\/gs-ro-schwi\/wp-json\/wp\/v2\/media?parent=192"}],"curies":[{"name":"wp","href":"https:\/\/api.w.org\/{rel}","templated":true}]}}