{"id":117,"date":"2023-08-29T12:35:48","date_gmt":"2023-08-29T10:35:48","guid":{"rendered":"https:\/\/www.grundschule-rueschendorf.de\/?page_id=117"},"modified":"2023-09-01T09:34:39","modified_gmt":"2023-09-01T07:34:39","slug":"allgemeine-informationen","status":"publish","type":"page","link":"https:\/\/wordpress.nibis.de\/gs-ruesch\/allgemeine-informationen\/","title":{"rendered":"Allgemeine Informationen"},"content":{"rendered":"\n<p><\/p>\n\n\n\n<p style=\"font-size:14px\"><strong><span style=\"background-color:#ffffff\" class=\"tadv-background-color\">Schulkindergarten \u2013 Was ist das?<\/span><\/strong><\/p>\n\n\n\n<p>Die Bezeichnung \u201eSchulkindergarten\u201c bringt die p\u00e4dagogische Idee zum Ausdruck, zwischen dem Kindergarten und der Schule zu vermitteln und den Einstieg in die Grundschule zu erleichtern.<\/p>\n\n\n\n<p><strong>Aufgabe des Schulkindergartens<\/strong><\/p>\n\n\n\n<p>&#8222;Die Aufgabe des Schulkindergartens ist es, alle Kinder ihren individuellen M\u00f6glichkeiten entsprechend in ihrer gesamten Pers\u00f6nlichkeit zu f\u00f6rdern sowie Entwicklungsr\u00fcckst\u00e4nde bzw. St\u00f6rungen in sozialen, emotionalen, motorischen oder kognitiven Bereichen aufzuarbeiten.&#8220;<\/p>\n\n\n\n<p class=\"has-small-font-size\">(Empfehlungen f\u00fcr die Arbeit im Schulkindergarten, MK 1990)<\/p>\n\n\n\n<p><strong>Zielgruppe \u2013 Wer besucht den Schulkindergarten?<\/strong><\/p>\n\n\n\n<p><strong>Schulpflichtige Kinder, <\/strong><strong>die aufgrund ihrer k\u00f6rperlichen, sozialen oder geistigen Entwicklung noch nicht schulf\u00e4hig sind<\/strong><strong> <\/strong><strong>und somit noch nicht in der Lage sind, erfolgreich am Unterricht der 1.Klasse der Grundschule teilzunehmen, k\u00f6nnen f\u00fcr ein Schuljahr den Schulkindergarten besuchen.<\/strong> \u00dcber die Aufnahme in den Schulkindergarten entscheidet die Schulleitung nach R\u00fccksprache mit den jeweiligen Kindertagesst\u00e4tten und den Ergebnissen der schul\u00e4rztlichen Untersuchung und der Schuleingangsdiagnostik.<\/p>\n\n\n\n<p><strong>Die Arbeit im Schulkindergarten<\/strong><\/p>\n\n\n\n<p><strong>Im Schulkindergarten sollen die Kinder nach und nach auf unterrichtliche Abl\u00e4ufe, schulische Arbeitsweisen und Lernbereiche vorbereitet werden, ohne dabei inhaltlich dem Unterricht der 1.Klasse vorzugreifen.<\/strong> Sie werden &#8211; ausgehend von den Formen des vorschulischen Lernens &#8211; an die Formen des Lernens in der Grundschule herangef\u00fchrt.<\/p>\n\n\n\n<p>Neben dem freien Spiel werden bestimmte Lernbereiche aufgegriffen:<\/p>\n\n\n\n<ul class=\"wp-block-list\"><li>Sprache, Sprechen und (Zu-) H\u00f6ren<\/li><li>Vorbereitung auf das Lesen und Schreiben<\/li><li>Spielerischer Umgang mit Mengen, Zahlen, Formen und Gr\u00f6\u00dfen<\/li><li>Natur- und Sachbegegnungen<\/li><li>Musik und Rhythmik<\/li><li>Religi\u00f6se Erziehung<\/li><li>Kunst<\/li><li>Sport<\/li><\/ul>\n\n\n\n<p><strong>Au\u00dferdem sollen Konzentration, Ausdauer und Lernbereitschaft gef\u00f6rdert werden.<\/strong><\/p>\n\n\n\n<p><strong>Der Standort des Schulkindergartens<\/strong><strong><\/strong><\/p>\n\n\n\n<p>Die Stadt Damme hat 2019 in der Grundschule R\u00fcschendorf einen Schulkindergarten eingerichtet. Der Schulkindergarten ist als eigenst\u00e4ndige Lerngruppe Teil der Grundschule. Organisatorisch ist er in den Ablauf der Grundschule R\u00fcschendorf eingebunden. Der Schulkindergarten besteht aus 2 R\u00e4umen, die in Spiel- und Lernbereiche aufgeteilt sind.<\/p>\n\n\n\n<p><strong>Sch\u00fclerbef\u00f6rderung \u2013 Wie kommen die Sch\u00fcler zum Schulkindergarten?&nbsp;<\/strong><\/p>\n\n\n\n<p>Die Kinder kommen entweder mit dem Bus oder mit dem Taxi nach R\u00fcschendorf. Die Entscheidung hier\u00fcber trifft der Landkreis, der f\u00fcr die Sch\u00fclerbef\u00f6rderung zust\u00e4ndig ist.<\/p>\n","protected":false},"excerpt":{"rendered":"<p>Schulkindergarten \u2013 Was ist das? Die Bezeichnung \u201eSchulkindergarten\u201c bringt die p\u00e4dagogische Idee zum Ausdruck, zwischen dem Kindergarten und der Schule zu vermitteln und den Einstieg in die Grundschule zu erleichtern. Aufgabe des Schulkindergartens &#8222;Die Aufgabe des Schulkindergartens ist es, alle Kinder ihren individuellen M\u00f6glichkeiten entsprechend in ihrer gesamten Pers\u00f6nlichkeit zu f\u00f6rdern sowie Entwicklungsr\u00fcckst\u00e4nde bzw. St\u00f6rungen [&hellip;]<\/p>\n","protected":false},"author":9194248,"featured_media":0,"parent":0,"menu_order":0,"comment_status":"closed","ping_status":"closed","template":"","meta":{"footnotes":""},"class_list":["post-117","page","type-page","status-publish","hentry"],"_links":{"self":[{"href":"https:\/\/wordpress.nibis.de\/gs-ruesch\/wp-json\/wp\/v2\/pages\/117","targetHints":{"allow":["GET"]}}],"collection":[{"href":"https:\/\/wordpress.nibis.de\/gs-ruesch\/wp-json\/wp\/v2\/pages"}],"about":[{"href":"https:\/\/wordpress.nibis.de\/gs-ruesch\/wp-json\/wp\/v2\/types\/page"}],"author":[{"embeddable":true,"href":"https:\/\/wordpress.nibis.de\/gs-ruesch\/wp-json\/wp\/v2\/users\/9194248"}],"replies":[{"embeddable":true,"href":"https:\/\/wordpress.nibis.de\/gs-ruesch\/wp-json\/wp\/v2\/comments?post=117"}],"version-history":[{"count":6,"href":"https:\/\/wordpress.nibis.de\/gs-ruesch\/wp-json\/wp\/v2\/pages\/117\/revisions"}],"predecessor-version":[{"id":305,"href":"https:\/\/wordpress.nibis.de\/gs-ruesch\/wp-json\/wp\/v2\/pages\/117\/revisions\/305"}],"wp:attachment":[{"href":"https:\/\/wordpress.nibis.de\/gs-ruesch\/wp-json\/wp\/v2\/media?parent=117"}],"curies":[{"name":"wp","href":"https:\/\/api.w.org\/{rel}","templated":true}]}}