{"id":38,"date":"2023-08-24T13:46:15","date_gmt":"2023-08-24T11:46:15","guid":{"rendered":"https:\/\/www.grundschule-rueschendorf.de\/?page_id=38"},"modified":"2023-12-28T14:36:56","modified_gmt":"2023-12-28T13:36:56","slug":"leitbild","status":"publish","type":"page","link":"https:\/\/wordpress.nibis.de\/gs-ruesch\/leitbild\/","title":{"rendered":"Leitbild"},"content":{"rendered":"\n<div class=\"wp-block-image\"><figure class=\"aligncenter size-full\"><img loading=\"lazy\" decoding=\"async\" width=\"288\" height=\"252\" src=\"https:\/\/www.grundschule-rueschendorf.de\/files\/2023\/08\/logo.png\" alt=\"\" class=\"wp-image-143\" \/><\/figure><\/div>\n\n\n\n<p><\/p>\n\n\n<p style=\"text-align: justify\" align=\"\u201djustify\u201d\"><strong><span class=\"tadv-color\" style=\"color: #407ea5\">Leben<\/span><\/strong> &#8211; In unserer \u201eSchulfamilie\u201c soll sich jeder wohlf\u00fchlen und durch einen offenen, angstfreien und fairen Umgang Gemeinschaft erfahren. Als katholische Bekenntnisschule ist es uns ein Anliegen, die christlichen Werte zu leben und weiterzugeben.<\/p>\n<p style=\"text-align: justify\" align=\"justify\"><strong><span class=\"tadv-color\" style=\"color: #b1196c\">Entdecken<\/span><\/strong> &#8211; Wir wollen Schule als Lebensraum so gestalten, dass den Kindern die M\u00f6glichkeit gegeben wird, eigene F\u00e4higkeiten, St\u00e4rken und Bed\u00fcrfnisse zu entdecken, um sie so f\u00fcr eigenst\u00e4ndiges lebenslanges Lernen zu motivieren.<\/p>\n<p style=\"text-align: justify\" align=\"\u201djustify\u201d\"><strong><span class=\"tadv-color\" style=\"color: #c3cb3a\">Lachen<\/span><\/strong> &#8211; Die nat\u00fcrliche Freude am Lernen wollen wir im Unterricht nutzen, f\u00f6rdern und durch eine verl\u00e4ssliche Beziehung zwischen Lehrpersonen und Sch\u00fcler\/innen st\u00e4rken. Dar\u00fcber hinaus m\u00f6chten wir den Kindern durch verschiedene Aktivit\u00e4ten im Jahresverlauf vermitteln, dass Schule mehr als Unterricht ist.<\/p>\n<p style=\"text-align: justify\" align=\"justify\"><strong><span class=\"tadv-color\" style=\"color: #8ed1fc\">Forschen<\/span><\/strong> &#8211; Kinder haben gro\u00dfes Interesse daran, die Welt zu begreifen und zu erforschen. Dabei m\u00f6chten wir sie sowohl im Unterricht als auch an au\u00dferschulischen Lernorten unterst\u00fctzen. \u00a0<\/p>\n<p style=\"text-align: justify\" align=\"justify\"><strong><span class=\"tadv-color\" style=\"color: #fcb900\">Lernen<\/span><\/strong> &#8211; Lernen soll auf das Leben vorbereiten. Das bedeutet f\u00fcr uns, das Bereitstellen einer positiven Lernumgebung, in der Lehrpersonen und Kinder voneinander und miteinander lernen. So wollen wir den Weg zur Selbstst\u00e4ndigkeit f\u00f6rdern.<\/p>\n\n\n<p><\/p>\n","protected":false},"excerpt":{"rendered":"<p>Leben &#8211; In unserer \u201eSchulfamilie\u201c soll sich jeder wohlf\u00fchlen und durch einen offenen, angstfreien und fairen Umgang Gemeinschaft erfahren. Als katholische Bekenntnisschule ist es uns ein Anliegen, die christlichen Werte zu leben und weiterzugeben. Entdecken &#8211; Wir wollen Schule als Lebensraum so gestalten, dass den Kindern die M\u00f6glichkeit gegeben wird, eigene F\u00e4higkeiten, St\u00e4rken und Bed\u00fcrfnisse [&hellip;]<\/p>\n","protected":false},"author":9194248,"featured_media":0,"parent":0,"menu_order":0,"comment_status":"closed","ping_status":"closed","template":"","meta":{"footnotes":""},"class_list":["post-38","page","type-page","status-publish","hentry"],"_links":{"self":[{"href":"https:\/\/wordpress.nibis.de\/gs-ruesch\/wp-json\/wp\/v2\/pages\/38","targetHints":{"allow":["GET"]}}],"collection":[{"href":"https:\/\/wordpress.nibis.de\/gs-ruesch\/wp-json\/wp\/v2\/pages"}],"about":[{"href":"https:\/\/wordpress.nibis.de\/gs-ruesch\/wp-json\/wp\/v2\/types\/page"}],"author":[{"embeddable":true,"href":"https:\/\/wordpress.nibis.de\/gs-ruesch\/wp-json\/wp\/v2\/users\/9194248"}],"replies":[{"embeddable":true,"href":"https:\/\/wordpress.nibis.de\/gs-ruesch\/wp-json\/wp\/v2\/comments?post=38"}],"version-history":[{"count":16,"href":"https:\/\/wordpress.nibis.de\/gs-ruesch\/wp-json\/wp\/v2\/pages\/38\/revisions"}],"predecessor-version":[{"id":453,"href":"https:\/\/wordpress.nibis.de\/gs-ruesch\/wp-json\/wp\/v2\/pages\/38\/revisions\/453"}],"wp:attachment":[{"href":"https:\/\/wordpress.nibis.de\/gs-ruesch\/wp-json\/wp\/v2\/media?parent=38"}],"curies":[{"name":"wp","href":"https:\/\/api.w.org\/{rel}","templated":true}]}}