{"id":41,"date":"2023-08-24T13:46:16","date_gmt":"2023-08-24T11:46:16","guid":{"rendered":"https:\/\/www.grundschule-rueschendorf.de\/?page_id=41"},"modified":"2025-04-10T21:40:12","modified_gmt":"2025-04-10T19:40:12","slug":"sv","status":"publish","type":"page","link":"https:\/\/wordpress.nibis.de\/gs-ruesch\/sv\/","title":{"rendered":"Sch\u00fclervertretung"},"content":{"rendered":"\n<p>Auch an unserer Schule bekommt die Arbeit der Sch\u00fclervertretung Raum, Zeit und Geh\u00f6r. Zu Beginn eines jeden Schuljahres wird in den Jahrg\u00e4ngen 2 bis 4 eine Klassensprecherwahl durchgef\u00fchrt. Gew\u00e4hlt werden jeweils ein weiblicher und ein m\u00e4nnlicher Klassensprecher sowie dessen Vertreter. Die Klassensprecher\/innen der Klassen bilden schlie\u00dflich die Sch\u00fclervertretung, die sich einmal im Monat treffen. Die Sch\u00fclersprecherin sowie der Sch\u00fclersprecher werden auf der ersten Sitzung des Sch\u00fclerrates im neuen Jahr gew\u00e4hlt. Wahlberechtigt sind dabei alle Klassensprecher\/innen der Schuljahrg\u00e4nge 2 bis 4.<\/p>\n\n\n\n<p>Die SV-Sitzungen finden in regelm\u00e4\u00dfigen Abst\u00e4nden statt. Die Sch\u00fclervertretung wird in ihrer Arbeit von einer Lehrkraft unterst\u00fctzt.<\/p>\n\n\n\n<p>Grunds\u00e4tzlich wirken die Mitglieder der Sch\u00fclervertretung an der Gestaltung ihrer&nbsp;Schule&nbsp;und des Schulwesens mit. Dabei vertreten sie vorrangig die Interessen ihrer Mitsch\u00fcler\/innen. Bei wichtigen Themen d\u00fcrfen die Kinder der Sch\u00fclervertretung mitreden und entscheiden (z.B. Anschaffungen neuer Pausenspielger\u00e4te). Auch bei der Durchf\u00fchrung von Aktionen und Projekten ist die Sch\u00fclervertretung dabei.<\/p>\n\n\n\n\n\n<div class=\"wp-block-group\"><div class=\"wp-block-group__inner-container is-layout-flow wp-block-group-is-layout-flow\">\n<div class=\"wp-block-group\"><div class=\"wp-block-group__inner-container is-layout-flow wp-block-group-is-layout-flow\">\n<div class=\"wp-block-group\"><div class=\"wp-block-group__inner-container is-layout-flow wp-block-group-is-layout-flow\">\n<p style=\"text-align: center\">\u00a0<\/p>\n<p>\u00a0 \u00a0 \u00a0 \u00a0 \u00a0 \u00a0 \u00a0 \u00a0 \u00a0 \u00a0 \u00a0 \u00a0 \u00a0 \u00a0 \u00a0 \u00a0\u00a0<\/p>\n<\/div><\/div>\n<\/div><\/div>\n<\/div><\/div>\n","protected":false},"excerpt":{"rendered":"<p>Auch an unserer Schule bekommt die Arbeit der Sch\u00fclervertretung Raum, Zeit und Geh\u00f6r. Zu Beginn eines jeden Schuljahres wird in den Jahrg\u00e4ngen 2 bis 4 eine Klassensprecherwahl durchgef\u00fchrt. Gew\u00e4hlt werden jeweils ein weiblicher und ein m\u00e4nnlicher Klassensprecher sowie dessen Vertreter. Die Klassensprecher\/innen der Klassen bilden schlie\u00dflich die Sch\u00fclervertretung, die sich einmal im Monat treffen. Die [&hellip;]<\/p>\n","protected":false},"author":9194248,"featured_media":0,"parent":0,"menu_order":0,"comment_status":"closed","ping_status":"closed","template":"","meta":{"footnotes":""},"class_list":["post-41","page","type-page","status-publish","hentry"],"_links":{"self":[{"href":"https:\/\/wordpress.nibis.de\/gs-ruesch\/wp-json\/wp\/v2\/pages\/41","targetHints":{"allow":["GET"]}}],"collection":[{"href":"https:\/\/wordpress.nibis.de\/gs-ruesch\/wp-json\/wp\/v2\/pages"}],"about":[{"href":"https:\/\/wordpress.nibis.de\/gs-ruesch\/wp-json\/wp\/v2\/types\/page"}],"author":[{"embeddable":true,"href":"https:\/\/wordpress.nibis.de\/gs-ruesch\/wp-json\/wp\/v2\/users\/9194248"}],"replies":[{"embeddable":true,"href":"https:\/\/wordpress.nibis.de\/gs-ruesch\/wp-json\/wp\/v2\/comments?post=41"}],"version-history":[{"count":8,"href":"https:\/\/wordpress.nibis.de\/gs-ruesch\/wp-json\/wp\/v2\/pages\/41\/revisions"}],"predecessor-version":[{"id":783,"href":"https:\/\/wordpress.nibis.de\/gs-ruesch\/wp-json\/wp\/v2\/pages\/41\/revisions\/783"}],"wp:attachment":[{"href":"https:\/\/wordpress.nibis.de\/gs-ruesch\/wp-json\/wp\/v2\/media?parent=41"}],"curies":[{"name":"wp","href":"https:\/\/api.w.org\/{rel}","templated":true}]}}