{"id":55,"date":"2023-08-24T13:48:11","date_gmt":"2023-08-24T11:48:11","guid":{"rendered":"https:\/\/www.grundschule-rueschendorf.de\/?page_id=55"},"modified":"2023-08-29T20:30:17","modified_gmt":"2023-08-29T18:30:17","slug":"tagesstruktur","status":"publish","type":"page","link":"https:\/\/wordpress.nibis.de\/gs-ruesch\/tagesstruktur\/","title":{"rendered":"Tagesstruktur"},"content":{"rendered":"\n<p>An der Kath. Grundschule R\u00fcschendorf wird gew\u00e4hrleistet, dass die Kinder f\u00fcr mindestens f\u00fcnf Zeitstunden in der Schule betreut werden. Im Anschluss an den Unterricht k\u00f6nnen die Kinder bis 15.00 Uhr das Angebot des Offenen Ganztages nutzen.<\/p>\n\n\n\n<p><strong><u>Unser Schulvormittag im \u00dcberblick:<\/u><\/strong><\/p>\n\n\n\n<figure class=\"wp-block-table is-style-stripes\"><table class=\"has-fixed-layout\"><tbody><tr><td>07.30 bis 07.55 Uhr<\/td><td>Betreuungszeit<\/td><\/tr><tr><td>07.55 bis 08.40 Uhr<\/td><td>1. Unterrichtsstunde<\/td><\/tr><tr><td>08.40 bis 08.50 Uhr<\/td><td>Fr\u00fchst\u00fcckspause<\/td><\/tr><tr><td>08.50 bis 09.35 Uhr&nbsp;<\/td><td>2. Unterrichtsstunde<\/td><\/tr><tr><td>09.35 bis 09.55 Uhr<\/td><td>Bewegungspause<\/td><\/tr><tr><td>09.55 bis 10.40 Uhr<\/td><td>3. Unterrichtsstunde<\/td><\/tr><tr><td>10.40 bis 10.45 Uhr<\/td><td>Wechselpause<\/td><\/tr><tr><td>10.45 bis 11.30 Uhr<\/td><td>4. Unterrichtsstunde<\/td><\/tr><tr><td>11.30 bis 11.45 Uhr<\/td><td>Bewegungspause<\/td><\/tr><tr><td>11.45 bis 12.30 Uhr<\/td><td>5. Unterrichtsstunde<\/td><\/tr><tr><td>12.30 bis 12.35 Uhr<\/td><td>Wechselpause<\/td><\/tr><tr><td>12.35 bis 13.20 Uhr<\/td><td>6. Unterrichtsstunde (Mo und Do f\u00fcr Klasse 3 und 4)<\/td><\/tr><tr><td><\/td><td>Im Anschluss findet die Ganztagsbetreuung statt.<\/td><\/tr><\/tbody><\/table><\/figure>\n","protected":false},"excerpt":{"rendered":"<p>An der Kath. Grundschule R\u00fcschendorf wird gew\u00e4hrleistet, dass die Kinder f\u00fcr mindestens f\u00fcnf Zeitstunden in der Schule betreut werden. Im Anschluss an den Unterricht k\u00f6nnen die Kinder bis 15.00 Uhr das Angebot des Offenen Ganztages nutzen. Unser Schulvormittag im \u00dcberblick: 07.30 bis 07.55 Uhr Betreuungszeit 07.55 bis 08.40 Uhr 1. Unterrichtsstunde 08.40 bis 08.50 Uhr [&hellip;]<\/p>\n","protected":false},"author":9194248,"featured_media":0,"parent":0,"menu_order":0,"comment_status":"closed","ping_status":"closed","template":"","meta":{"footnotes":""},"class_list":["post-55","page","type-page","status-publish","hentry"],"_links":{"self":[{"href":"https:\/\/wordpress.nibis.de\/gs-ruesch\/wp-json\/wp\/v2\/pages\/55","targetHints":{"allow":["GET"]}}],"collection":[{"href":"https:\/\/wordpress.nibis.de\/gs-ruesch\/wp-json\/wp\/v2\/pages"}],"about":[{"href":"https:\/\/wordpress.nibis.de\/gs-ruesch\/wp-json\/wp\/v2\/types\/page"}],"author":[{"embeddable":true,"href":"https:\/\/wordpress.nibis.de\/gs-ruesch\/wp-json\/wp\/v2\/users\/9194248"}],"replies":[{"embeddable":true,"href":"https:\/\/wordpress.nibis.de\/gs-ruesch\/wp-json\/wp\/v2\/comments?post=55"}],"version-history":[{"count":7,"href":"https:\/\/wordpress.nibis.de\/gs-ruesch\/wp-json\/wp\/v2\/pages\/55\/revisions"}],"predecessor-version":[{"id":290,"href":"https:\/\/wordpress.nibis.de\/gs-ruesch\/wp-json\/wp\/v2\/pages\/55\/revisions\/290"}],"wp:attachment":[{"href":"https:\/\/wordpress.nibis.de\/gs-ruesch\/wp-json\/wp\/v2\/media?parent=55"}],"curies":[{"name":"wp","href":"https:\/\/api.w.org\/{rel}","templated":true}]}}