{"id":57,"date":"2023-08-24T13:48:11","date_gmt":"2023-08-24T11:48:11","guid":{"rendered":"https:\/\/www.grundschule-rueschendorf.de\/?page_id=57"},"modified":"2023-08-29T17:30:23","modified_gmt":"2023-08-29T15:30:23","slug":"ganztag","status":"publish","type":"page","link":"https:\/\/wordpress.nibis.de\/gs-ruesch\/ganztag\/","title":{"rendered":"Ganztag"},"content":{"rendered":"\n<p>Die Katholische Grundschule R\u00fcschendorf bietet neben der Verl\u00e4sslichen Grundschule den Offenen Ganztag an. Die Offene Ganztagsschule gew\u00e4hrleistet eine Betreuung im Anschluss an den Unterricht von Montag bis Donnerstag.<\/p>\n\n\n\n<p>Der Zeitplan und m\u00f6gliche Angebote in der \u00dcbersicht:<\/p>\n\n\n\n<figure class=\"wp-block-table is-style-stripes\"><table><tbody><tr><td>07.55 bis 11.30\/12:30 Uhr<\/td><td>Unterricht<\/td><\/tr><tr><td>11.45 bis 12.30 Uhr<\/td><td>Betreuung VGS<\/td><\/tr><tr><td>12.30 bis 13.15 Uhr<\/td><td>Mittagessen im Pfarrheim<\/td><\/tr><tr><td>13.15 bis 13.30 Uhr&nbsp;<\/td><td>Spielpause<\/td><\/tr><tr><td>13.30 bis 14.15 Uhr<\/td><td>Hausaufgaben\/F\u00f6rderung\/Forderung<\/td><\/tr><tr><td>14.15 bis 15.00 Uhr<\/td><td>Freizeitbereich<\/td><\/tr><\/tbody><\/table><\/figure>\n","protected":false},"excerpt":{"rendered":"<p>Die Katholische Grundschule R\u00fcschendorf bietet neben der Verl\u00e4sslichen Grundschule den Offenen Ganztag an. Die Offene Ganztagsschule gew\u00e4hrleistet eine Betreuung im Anschluss an den Unterricht von Montag bis Donnerstag. Der Zeitplan und m\u00f6gliche Angebote in der \u00dcbersicht: 07.55 bis 11.30\/12:30 Uhr Unterricht 11.45 bis 12.30 Uhr Betreuung VGS 12.30 bis 13.15 Uhr Mittagessen im Pfarrheim 13.15 [&hellip;]<\/p>\n","protected":false},"author":9194248,"featured_media":0,"parent":0,"menu_order":0,"comment_status":"closed","ping_status":"closed","template":"","meta":{"footnotes":""},"class_list":["post-57","page","type-page","status-publish","hentry"],"_links":{"self":[{"href":"https:\/\/wordpress.nibis.de\/gs-ruesch\/wp-json\/wp\/v2\/pages\/57","targetHints":{"allow":["GET"]}}],"collection":[{"href":"https:\/\/wordpress.nibis.de\/gs-ruesch\/wp-json\/wp\/v2\/pages"}],"about":[{"href":"https:\/\/wordpress.nibis.de\/gs-ruesch\/wp-json\/wp\/v2\/types\/page"}],"author":[{"embeddable":true,"href":"https:\/\/wordpress.nibis.de\/gs-ruesch\/wp-json\/wp\/v2\/users\/9194248"}],"replies":[{"embeddable":true,"href":"https:\/\/wordpress.nibis.de\/gs-ruesch\/wp-json\/wp\/v2\/comments?post=57"}],"version-history":[{"count":6,"href":"https:\/\/wordpress.nibis.de\/gs-ruesch\/wp-json\/wp\/v2\/pages\/57\/revisions"}],"predecessor-version":[{"id":248,"href":"https:\/\/wordpress.nibis.de\/gs-ruesch\/wp-json\/wp\/v2\/pages\/57\/revisions\/248"}],"wp:attachment":[{"href":"https:\/\/wordpress.nibis.de\/gs-ruesch\/wp-json\/wp\/v2\/media?parent=57"}],"curies":[{"name":"wp","href":"https:\/\/api.w.org\/{rel}","templated":true}]}}