{"id":685,"date":"2024-11-08T09:18:02","date_gmt":"2024-11-08T08:18:02","guid":{"rendered":"https:\/\/www.grundschule-rueschendorf.de\/?page_id=685"},"modified":"2024-11-08T09:39:00","modified_gmt":"2024-11-08T08:39:00","slug":"patenprojekt","status":"publish","type":"page","link":"https:\/\/wordpress.nibis.de\/gs-ruesch\/patenprojekt\/","title":{"rendered":"Patenprojekt"},"content":{"rendered":"\n<p>\u00a0<\/p>\n<p><strong>Zielsetzung <\/strong><\/p>\n<p>Ziel des Patenprojektes ist es, den \u00dcbergang vom Kindergarten in die Grundschule zu erleichtern. F\u00fcr die neuen Erstkl\u00e4ssler \u00fcbernehmen die Sch\u00fcler\/-innen der zweiten Klassen die Aufgaben eines Paten. Sie stehen den \u201eNeuen\u201c als Ansprechpartner zur Verf\u00fcgung, bahnen Kontakte an, sind Spielpartner und erleichtern ihnen so den Start in den neuen und noch fremden (Grundschul-)Alltag.<\/p>\n<p>\u00a0<\/p>\n<p><strong>Ablauf<\/strong><\/p>\n<p>Das Patenprojekt beginnt bereits vor der Einschulung. Daher kommen die Kinder an den Tagen, an denen das Patenprojekt stattfindet, entweder mit den Erzieherinnen oder einem Elternteil zu uns an die Schule.<br \/>Die Koordinierung der individuellen Patenschaften und die Festlegung der Aktivit\u00e4ten \u00fcbernehmen die jeweiligen Klassenlehrer\/-innen des zweiten Jahrgangs. An drei bis vier Terminen besuchen dann die zuk\u00fcnftigen Erstkl\u00e4ssler die Sch\u00fcler\/-innen des zweiten Schuljahrganges zu gemeinsamen Aktivit\u00e4ten in die Schule.<br \/>Dabei k\u00f6nnen folgende Aktivit\u00e4ten Teil des Patenprojekts sein: Sportstunde \u2013 Spiele und \u00dcbungen in der Turnhalle, Spielen auf dem Schulhof, gemeinsame Lesestunde, gemeinsames Basteln und Malen, usw.<\/p>\n<p>\u00a0<\/p>\n<p><strong>Terminierung und Bekanntgabe<\/strong><\/p>\n<p>Das Patenprojekt findet an unserer Schule immer im zweiten Schulhalbjahr (in der Regel im Mai\/Juni) statt, da zu diesem Zeitpunkt sicher feststeht, welche Kinder neu eingeschult werden. Die Termine setzen sich dann je nach Angebot aus drei oder ggf. auch vier 45-min\u00fctigen Schulstunden zusammen.<br \/>Die Eltern der zuk\u00fcnftigen Erstkl\u00e4ssler werden rechtzeitig schriftlich durch die Schule \u00fcber die genauen Termine des Patenprojektes informiert. Zudem werden die Termine, wenn sie festgelegt sind, auch im Kalender auf dieser Homepage ver\u00f6ffentlicht.<\/p>\n\n\n\n<p><\/p>\n","protected":false},"excerpt":{"rendered":"<p>\u00a0 Zielsetzung Ziel des Patenprojektes ist es, den \u00dcbergang vom Kindergarten in die Grundschule zu erleichtern. F\u00fcr die neuen Erstkl\u00e4ssler \u00fcbernehmen die Sch\u00fcler\/-innen der zweiten Klassen die Aufgaben eines Paten. Sie stehen den \u201eNeuen\u201c als Ansprechpartner zur Verf\u00fcgung, bahnen Kontakte an, sind Spielpartner und erleichtern ihnen so den Start in den neuen und noch fremden [&hellip;]<\/p>\n","protected":false},"author":9194248,"featured_media":0,"parent":0,"menu_order":0,"comment_status":"closed","ping_status":"closed","template":"","meta":{"footnotes":""},"class_list":["post-685","page","type-page","status-publish","hentry"],"_links":{"self":[{"href":"https:\/\/wordpress.nibis.de\/gs-ruesch\/wp-json\/wp\/v2\/pages\/685","targetHints":{"allow":["GET"]}}],"collection":[{"href":"https:\/\/wordpress.nibis.de\/gs-ruesch\/wp-json\/wp\/v2\/pages"}],"about":[{"href":"https:\/\/wordpress.nibis.de\/gs-ruesch\/wp-json\/wp\/v2\/types\/page"}],"author":[{"embeddable":true,"href":"https:\/\/wordpress.nibis.de\/gs-ruesch\/wp-json\/wp\/v2\/users\/9194248"}],"replies":[{"embeddable":true,"href":"https:\/\/wordpress.nibis.de\/gs-ruesch\/wp-json\/wp\/v2\/comments?post=685"}],"version-history":[{"count":6,"href":"https:\/\/wordpress.nibis.de\/gs-ruesch\/wp-json\/wp\/v2\/pages\/685\/revisions"}],"predecessor-version":[{"id":693,"href":"https:\/\/wordpress.nibis.de\/gs-ruesch\/wp-json\/wp\/v2\/pages\/685\/revisions\/693"}],"wp:attachment":[{"href":"https:\/\/wordpress.nibis.de\/gs-ruesch\/wp-json\/wp\/v2\/media?parent=685"}],"curies":[{"name":"wp","href":"https:\/\/api.w.org\/{rel}","templated":true}]}}