{"id":122,"date":"2025-05-20T12:36:37","date_gmt":"2025-05-20T10:36:37","guid":{"rendered":"https:\/\/wordpress.nibis.de\/gs-uchte\/?page_id=122"},"modified":"2025-05-21T15:51:38","modified_gmt":"2025-05-21T13:51:38","slug":"schulsozialarbeit","status":"publish","type":"page","link":"https:\/\/wordpress.nibis.de\/gs-uchte\/schulsozialarbeit\/","title":{"rendered":"Schulsozialarbeit"},"content":{"rendered":"\n<div class=\"wp-block-group alignfull\"><div class=\"wp-block-group__inner-container is-layout-flow wp-block-group-is-layout-flow\">\n<h1 class=\"alignwide has-text-align-center wp-block-heading\">&#8230; an der Grundschule Uchte<\/h1>\n\n\n\n<p class=\"has-drop-cap\">Seit dem Jahr 2021 ist eine Fachkraft f\u00fcr schulische Sozialarbeit an der Grundschule Uchte angestellt. Sie \u00fcbernimmt eine Vielzahl von Aufgaben, die darauf abzielen, das Wohl der Sch\u00fclerinnen und Sch\u00fcler zu f\u00f6rdern und eine positive Lernumgebung zu schaffen. Ebenso st\u00e4rkt sie auch die langfristige Entwicklung der Kinder und erm\u00f6glicht es ihnen, ihr volles Potenzial sowohl im schulischen als auch im sozialen Kontext auszusch\u00f6pfen.<\/p>\n\n\n\n<p style=\"font-size:15px\">Die zentralen Aufgaben der Fachkraft in schulischer Sozialarbeit sind:<\/p>\n<\/div><\/div>\n\n\n\n<div class=\"wp-block-group alignfull has-subtle-background-color has-background\"><div class=\"wp-block-group__inner-container is-layout-flow wp-block-group-is-layout-flow\">\n<div class=\"wp-block-media-text alignwide is-stacked-on-mobile tw-stack-md\" style=\"grid-template-columns:49% auto\"><figure class=\"wp-block-media-text__media\"><img loading=\"lazy\" decoding=\"async\" width=\"768\" height=\"1024\" src=\"https:\/\/wordpress.nibis.de\/gs-uchte\/files\/2025\/05\/IMG_8361-768x1024.jpg\" alt=\"\" class=\"wp-image-130 size-full\" srcset=\"https:\/\/wordpress.nibis.de\/gs-uchte\/files\/2025\/05\/IMG_8361-768x1024.jpg 768w, https:\/\/wordpress.nibis.de\/gs-uchte\/files\/2025\/05\/IMG_8361-225x300.jpg 225w, https:\/\/wordpress.nibis.de\/gs-uchte\/files\/2025\/05\/IMG_8361-1152x1536.jpg 1152w, https:\/\/wordpress.nibis.de\/gs-uchte\/files\/2025\/05\/IMG_8361-1536x2048.jpg 1536w, https:\/\/wordpress.nibis.de\/gs-uchte\/files\/2025\/05\/IMG_8361-624x832.jpg 624w, https:\/\/wordpress.nibis.de\/gs-uchte\/files\/2025\/05\/IMG_8361-scaled.jpg 1920w\" sizes=\"auto, (max-width: 768px) 100vw, 768px\" \/><\/figure><div class=\"wp-block-media-text__content\">\n<h2 class=\"wp-block-heading\">Beratung<\/h2>\n\n\n\n<p style=\"font-size:15px\">Schulsozialarbeit richtet sich als ein freiwilliges, vertrauliches und kostenloses Beratungsangebot an alle Sch\u00fclerinnen und Sch\u00fcler, Eltern und das Schulpersonal. Sie bietet Unterst\u00fctzung bei: <\/p>\n\n\n\n<ul class=\"is-style-tw-border wp-block-list\" style=\"font-size:15px\"><li>Konfliktsituationen<\/li><li>schulischen Angelegenheiten<\/li><li>Erziehungsfragen<\/li><li>der Beantragung von Leistungen aus dem Bildungspaket<\/li><li>Kontakt zu anderen Beratungsangeboten und sozialen Einrichtungen<\/li><\/ul>\n<\/div><\/div>\n\n\n\n<div class=\"wp-block-media-text alignwide has-media-on-the-right is-stacked-on-mobile tw-stack-md\" style=\"grid-template-columns:auto 49%\"><figure class=\"wp-block-media-text__media\"><img loading=\"lazy\" decoding=\"async\" width=\"1024\" height=\"1024\" src=\"https:\/\/wordpress.nibis.de\/gs-uchte\/files\/2025\/05\/IMG_4578-1024x1024.jpg\" alt=\"\" class=\"wp-image-158 size-full\" srcset=\"https:\/\/wordpress.nibis.de\/gs-uchte\/files\/2025\/05\/IMG_4578-1024x1024.jpg 1024w, https:\/\/wordpress.nibis.de\/gs-uchte\/files\/2025\/05\/IMG_4578-300x300.jpg 300w, https:\/\/wordpress.nibis.de\/gs-uchte\/files\/2025\/05\/IMG_4578-150x150.jpg 150w, https:\/\/wordpress.nibis.de\/gs-uchte\/files\/2025\/05\/IMG_4578-768x768.jpg 768w, https:\/\/wordpress.nibis.de\/gs-uchte\/files\/2025\/05\/IMG_4578-1536x1536.jpg 1536w, https:\/\/wordpress.nibis.de\/gs-uchte\/files\/2025\/05\/IMG_4578-2048x2048.jpg 2048w, https:\/\/wordpress.nibis.de\/gs-uchte\/files\/2025\/05\/IMG_4578-624x624.jpg 624w\" sizes=\"auto, (max-width: 1024px) 100vw, 1024px\" \/><\/figure><div class=\"wp-block-media-text__content\">\n<h2 class=\"wp-block-heading\">Netzwerkarbeit<\/h2>\n\n\n\n<p style=\"font-size:15px\">Die Fachkraft f\u00fcr schulische Sozialarbeit ist die Ansprechpartnerin f\u00fcr alle, die das t\u00e4gliche Schulleben mitgestalten. Neben den Kindern, deren Eltern und dem Schulpersonal z\u00e4hlen auch die au\u00dferschulischen Partner dazu. Ihre Aufgaben umfassen die Netzwerkarbeit, also die Kooperation und den regelm\u00e4\u00dfigen Austausch mit externen Partnern wie dem Jugendamt, den \u00f6rtlichen Jugendhilfetr\u00e4gern, Vereinen, Organisationen, anderen Schulsozialarbeitern und Einrichtungen. <\/p>\n<\/div><\/div>\n\n\n\n<div class=\"wp-block-media-text alignwide is-stacked-on-mobile is-style-default tw-stack-md\" style=\"grid-template-columns:49% auto\"><figure class=\"wp-block-media-text__media\"><img loading=\"lazy\" decoding=\"async\" width=\"1024\" height=\"1022\" src=\"https:\/\/wordpress.nibis.de\/gs-uchte\/files\/2025\/05\/Handabdruecke-1024x1022.jpg\" alt=\"\" class=\"wp-image-120 size-full\" srcset=\"https:\/\/wordpress.nibis.de\/gs-uchte\/files\/2025\/05\/Handabdruecke-1024x1022.jpg 1024w, https:\/\/wordpress.nibis.de\/gs-uchte\/files\/2025\/05\/Handabdruecke-300x300.jpg 300w, https:\/\/wordpress.nibis.de\/gs-uchte\/files\/2025\/05\/Handabdruecke-150x150.jpg 150w, https:\/\/wordpress.nibis.de\/gs-uchte\/files\/2025\/05\/Handabdruecke-768x766.jpg 768w, https:\/\/wordpress.nibis.de\/gs-uchte\/files\/2025\/05\/Handabdruecke-1536x1533.jpg 1536w, https:\/\/wordpress.nibis.de\/gs-uchte\/files\/2025\/05\/Handabdruecke-2048x2044.jpg 2048w, https:\/\/wordpress.nibis.de\/gs-uchte\/files\/2025\/05\/Handabdruecke-624x623.jpg 624w\" sizes=\"auto, (max-width: 1024px) 100vw, 1024px\" \/><\/figure><div class=\"wp-block-media-text__content\">\n<h2 class=\"wp-block-heading\">Pr\u00e4vention<\/h2>\n\n\n\n<p style=\"font-size:15px\">Pr\u00e4vention bedeutet Vorbeugung. Das Ziel besteht darin, herausforderndes Verhalten oder destruktive Entwicklungen fr\u00fchzeitig zu verhindern. Um dies zu erreichen, entwickelt die Fachkraft f\u00fcr schulische Sozialarbeit Sozialtrainings f\u00fcr verschiedene Schulklassen, die darauf abzielen, die Sozialkompetenz der Kinder zu st\u00e4rken. In Zusammenarbeit mit dem Lehrpersonal setzt sie die erarbeiteten Einheiten um. Ihr Ziel ist es, gemeinsam mit den Lehrkr\u00e4ften, den Eltern und den Kindern Lern- und Lebensprobleme zu l\u00f6sen, die Pers\u00f6nlichkeitsentwicklung zu f\u00f6rdern und Ressourcen im sozialen Umfeld zu erschlie\u00dfen.<\/p>\n<\/div><\/div>\n<\/div><\/div>\n\n\n\n<div class=\"wp-block-group alignfull\"><div class=\"wp-block-group__inner-container is-layout-flow wp-block-group-is-layout-flow\">\n<div class=\"wp-block-buttons is-content-justification-center is-layout-flex wp-container-core-buttons-is-layout-16018d1d wp-block-buttons-is-layout-flex\"><\/div>\n<\/div><\/div>\n\n\n\n<div class=\"wp-block-group alignfull\"><div class=\"wp-block-group__inner-container is-layout-flow wp-block-group-is-layout-flow\">\n<blockquote class=\"wp-block-quote has-text-align-center is-style-tw-icon is-layout-flow wp-block-quote-is-layout-flow\"><p>Wie die Welt von morgen aussehen wird, h\u00e4ngt im gro\u00dfen Ma\u00dfe von der Einbildungskraft jener ab, die gerade jetzt lesen und schreiben lernen.<\/p><cite>&#8211; Astrid Lindgren<\/cite><\/blockquote>\n\n\n\n<p><\/p>\n<\/div><\/div>\n\n\n\n<div class=\"wp-block-group alignfull\"><div class=\"wp-block-group__inner-container is-layout-flow wp-block-group-is-layout-flow\">\n<h2 class=\"has-text-align-center wp-block-heading\">Kontaktdaten<\/h2>\n\n\n\n<p class=\"has-text-align-center\" style=\"font-size:15px\">Nele Bertram<br><em>Sozialarbeiterin (B.A.)<\/em><\/p>\n\n\n\n<p class=\"has-text-align-center\" style=\"font-size:15px\">05763 942367<br><a href=\"&#x6d;&#x61;&#105;l&#x74;&#x6f;&#58;&#99;o&#x6e;&#x74;&#97;&#99;t&#x40;&#x65;&#120;am&#x70;&#x6c;&#101;&#46;&#x63;&#x6f;&#109;\">&#x73;&#x6f;&#x7a;&#x69;&#x61;&#x6c;&#x61;&#x72;&#x62;&#x65;&#x69;&#116;&#64;&#103;&#115;&#45;&#117;&#99;hte&#46;de<\/a><\/p>\n<\/div><\/div>\n\n\n\n<p><\/p>\n","protected":false},"excerpt":{"rendered":"<p>&#8230; an der Grundschule Uchte Seit dem Jahr 2021 ist eine Fachkraft f\u00fcr schulische Sozialarbeit an der Grundschule Uchte angestellt. Sie \u00fcbernimmt eine Vielzahl von Aufgaben, die darauf abzielen, das Wohl der Sch\u00fclerinnen und Sch\u00fcler zu f\u00f6rdern und eine positive Lernumgebung zu schaffen. Ebenso st\u00e4rkt sie auch die langfristige Entwicklung der Kinder und erm\u00f6glicht es [&hellip;]<\/p>\n","protected":false},"author":9194617,"featured_media":0,"parent":0,"menu_order":0,"comment_status":"closed","ping_status":"closed","template":"","meta":{"footnotes":""},"class_list":["post-122","page","type-page","status-publish","hentry"],"_links":{"self":[{"href":"https:\/\/wordpress.nibis.de\/gs-uchte\/wp-json\/wp\/v2\/pages\/122","targetHints":{"allow":["GET"]}}],"collection":[{"href":"https:\/\/wordpress.nibis.de\/gs-uchte\/wp-json\/wp\/v2\/pages"}],"about":[{"href":"https:\/\/wordpress.nibis.de\/gs-uchte\/wp-json\/wp\/v2\/types\/page"}],"author":[{"embeddable":true,"href":"https:\/\/wordpress.nibis.de\/gs-uchte\/wp-json\/wp\/v2\/users\/9194617"}],"replies":[{"embeddable":true,"href":"https:\/\/wordpress.nibis.de\/gs-uchte\/wp-json\/wp\/v2\/comments?post=122"}],"version-history":[{"count":10,"href":"https:\/\/wordpress.nibis.de\/gs-uchte\/wp-json\/wp\/v2\/pages\/122\/revisions"}],"predecessor-version":[{"id":159,"href":"https:\/\/wordpress.nibis.de\/gs-uchte\/wp-json\/wp\/v2\/pages\/122\/revisions\/159"}],"wp:attachment":[{"href":"https:\/\/wordpress.nibis.de\/gs-uchte\/wp-json\/wp\/v2\/media?parent=122"}],"curies":[{"name":"wp","href":"https:\/\/api.w.org\/{rel}","templated":true}]}}