{"id":149,"date":"2025-05-21T15:37:16","date_gmt":"2025-05-21T13:37:16","guid":{"rendered":"https:\/\/wordpress.nibis.de\/gs-uchte\/?page_id=149"},"modified":"2025-06-02T20:49:19","modified_gmt":"2025-06-02T18:49:19","slug":"unsere-schulhuendin-wilma","status":"publish","type":"page","link":"https:\/\/wordpress.nibis.de\/gs-uchte\/unsere-schulhuendin-wilma\/","title":{"rendered":"Unsere Schulh\u00fcndin Wilma"},"content":{"rendered":"\n<div class=\"wp-block-group alignfull\"><div class=\"wp-block-group__inner-container is-layout-flow wp-block-group-is-layout-flow\">\n<h2 class=\"has-text-align-center wp-block-heading\">&#8230; eine besondere Freundin im Schulleben<\/h2>\n\n\n\n<figure class=\"wp-block-image size-large\"><img loading=\"lazy\" decoding=\"async\" width=\"914\" height=\"1024\" src=\"https:\/\/wordpress.nibis.de\/gs-uchte\/files\/2025\/05\/WILMA-1-914x1024.jpg\" alt=\"\" class=\"wp-image-151\" srcset=\"https:\/\/wordpress.nibis.de\/gs-uchte\/files\/2025\/05\/WILMA-1-914x1024.jpg 914w, https:\/\/wordpress.nibis.de\/gs-uchte\/files\/2025\/05\/WILMA-1-268x300.jpg 268w, https:\/\/wordpress.nibis.de\/gs-uchte\/files\/2025\/05\/WILMA-1-768x861.jpg 768w, https:\/\/wordpress.nibis.de\/gs-uchte\/files\/2025\/05\/WILMA-1-1370x1536.jpg 1370w, https:\/\/wordpress.nibis.de\/gs-uchte\/files\/2025\/05\/WILMA-1-1827x2048.jpg 1827w, https:\/\/wordpress.nibis.de\/gs-uchte\/files\/2025\/05\/WILMA-1-624x699.jpg 624w\" sizes=\"auto, (max-width: 914px) 100vw, 914px\" \/><\/figure>\n<\/div><\/div>\n\n\n\n<p class=\"has-drop-cap\">Seit 2022 begleitet uns eine ganz besondere &#8222;Kollegin&#8220; durch den Schulalltag: unsere Schulh\u00fcndin Wilma! Mit ihrer ruhigen und immerzu freundlichen Art tr\u00e4gt sie zu einem positiven Schulklima bei und unterst\u00fctzt unsere p\u00e4dagogische Arbeit auf vielf\u00e4ltige Weise.<\/p>\n\n\n\n<p>Wilma kann Kindern durch blo\u00dfe Anwesenheit helfen, Stress abzubauen, \u00c4ngste zu reduzieren und das soziale Miteinander zu st\u00e4rken. Viele Sch\u00fclerinnen und Sch\u00fcler f\u00fchlen sich in der N\u00e4he eines Tieres sicherer und entspannter \u2013 das schafft Raum f\u00fcr Vertrauen, Konzentration und emotionale Entwicklung.<\/p>\n\n\n\n<p>Ob als geduldige Zuh\u00f6rerin beim Vorlesen, als Trostspenderin in schwierigen Momenten oder einfach als freundliche Begleitung im Schulgeb\u00e4ude \u2013 Wilma ist f\u00fcr viele Kinder ein echtes Highlight im Schulalltag.<\/p>\n\n\n\n<p><br><strong>Im Umgang mit Wilma gibt es aber auch einiges zu beachten:<\/strong><\/p>\n\n\n\n<ul class=\"is-style-tw-border wp-block-list\"><li>Wilma entscheidet selbst, bei wem und wo sie sich aufh\u00e4lt<\/li><li>Wilma sch\u00e4tzt es, wenn es ruhig ist \u2013 laute Ger\u00e4usche mag sie nicht so gerne<\/li><li>Bitte f\u00fcttere Wilma nur, wenn du dazu die Erlaubnis hast.<\/li><li>Damit es Wilma nicht zu viel wird, streichelt sie bitte immer nur ein Kind<\/li><li>Ruf Wilmas Namen bitte nicht auf dem Flur oder Pausenhof, das verwirrt sie<\/li><li>Es ist wichtig, dass jedes Kind seinen M\u00fcll in die M\u00fclleimer wirft &#8211; Wilma frisst n\u00e4mlich alles, was so auf dem Boden herumliegt<\/li><\/ul>\n\n\n\n<p><\/p>\n","protected":false},"excerpt":{"rendered":"<p>&#8230; eine besondere Freundin im Schulleben Seit 2022 begleitet uns eine ganz besondere &#8222;Kollegin&#8220; durch den Schulalltag: unsere Schulh\u00fcndin Wilma! Mit ihrer ruhigen und immerzu freundlichen Art tr\u00e4gt sie zu einem positiven Schulklima bei und unterst\u00fctzt unsere p\u00e4dagogische Arbeit auf vielf\u00e4ltige Weise. Wilma kann Kindern durch blo\u00dfe Anwesenheit helfen, Stress abzubauen, \u00c4ngste zu reduzieren und [&hellip;]<\/p>\n","protected":false},"author":9194617,"featured_media":0,"parent":0,"menu_order":0,"comment_status":"closed","ping_status":"closed","template":"","meta":{"footnotes":""},"class_list":["post-149","page","type-page","status-publish","hentry"],"_links":{"self":[{"href":"https:\/\/wordpress.nibis.de\/gs-uchte\/wp-json\/wp\/v2\/pages\/149","targetHints":{"allow":["GET"]}}],"collection":[{"href":"https:\/\/wordpress.nibis.de\/gs-uchte\/wp-json\/wp\/v2\/pages"}],"about":[{"href":"https:\/\/wordpress.nibis.de\/gs-uchte\/wp-json\/wp\/v2\/types\/page"}],"author":[{"embeddable":true,"href":"https:\/\/wordpress.nibis.de\/gs-uchte\/wp-json\/wp\/v2\/users\/9194617"}],"replies":[{"embeddable":true,"href":"https:\/\/wordpress.nibis.de\/gs-uchte\/wp-json\/wp\/v2\/comments?post=149"}],"version-history":[{"count":3,"href":"https:\/\/wordpress.nibis.de\/gs-uchte\/wp-json\/wp\/v2\/pages\/149\/revisions"}],"predecessor-version":[{"id":224,"href":"https:\/\/wordpress.nibis.de\/gs-uchte\/wp-json\/wp\/v2\/pages\/149\/revisions\/224"}],"wp:attachment":[{"href":"https:\/\/wordpress.nibis.de\/gs-uchte\/wp-json\/wp\/v2\/media?parent=149"}],"curies":[{"name":"wp","href":"https:\/\/api.w.org\/{rel}","templated":true}]}}