{"id":179,"date":"2025-06-02T08:59:41","date_gmt":"2025-06-02T06:59:41","guid":{"rendered":"https:\/\/wordpress.nibis.de\/gs-uchte\/?page_id=179"},"modified":"2025-06-02T09:23:23","modified_gmt":"2025-06-02T07:23:23","slug":"die-klassen","status":"publish","type":"page","link":"https:\/\/wordpress.nibis.de\/gs-uchte\/die-klassen\/","title":{"rendered":"Die Klassen"},"content":{"rendered":"\n<p><\/p>\n\n\n\n<figure class=\"wp-block-image size-large\"><img loading=\"lazy\" decoding=\"async\" width=\"1024\" height=\"768\" src=\"https:\/\/wordpress.nibis.de\/gs-uchte\/files\/2025\/05\/IMG_4472-1024x768.jpg\" alt=\"\" class=\"wp-image-28\" srcset=\"https:\/\/wordpress.nibis.de\/gs-uchte\/files\/2025\/05\/IMG_4472-1024x768.jpg 1024w, https:\/\/wordpress.nibis.de\/gs-uchte\/files\/2025\/05\/IMG_4472-300x225.jpg 300w, https:\/\/wordpress.nibis.de\/gs-uchte\/files\/2025\/05\/IMG_4472-768x576.jpg 768w, https:\/\/wordpress.nibis.de\/gs-uchte\/files\/2025\/05\/IMG_4472-1536x1152.jpg 1536w, https:\/\/wordpress.nibis.de\/gs-uchte\/files\/2025\/05\/IMG_4472-2048x1536.jpg 2048w\" sizes=\"auto, (max-width: 1024px) 100vw, 1024px\" \/><\/figure>\n\n\n\n<p class=\"has-drop-cap\">Hier finden Sie aktuelle Informationen rund um die einzelnen Schulklassen \u2013 bereitgestellt von unseren Lehrkr\u00e4ften und den Sch\u00fclerinnen und Sch\u00fclern.<\/p>\n\n\n\n<p>Ob interne Mitteilungen, spannende Themen, die im Unterricht erarbeitet wurden, oder Neuigkeiten, die nur die jeweilige Klasse betreffen \u2013 all das wird hier gesammelt und regelm\u00e4\u00dfig aktualisiert.<\/p>\n\n\n\n<p>Ein Blick lohnt sich \u2013 bleiben Sie informiert!<\/p>\n\n\n<nav class=\"is-responsive wp-block-navigation is-layout-flex wp-block-navigation-is-layout-flex\" aria-label=\"Navigation 4\" \n\t\t data-wp-interactive=\"core\/navigation\" data-wp-context='{\"overlayOpenedBy\":{\"click\":false,\"hover\":false,\"focus\":false},\"type\":\"overlay\",\"roleAttribute\":\"\",\"ariaLabel\":\"Men\\u00fc\"}'><button aria-haspopup=\"dialog\" aria-label=\"Men\u00fc \u00f6ffnen\" class=\"wp-block-navigation__responsive-container-open\" \n\t\t\t\tdata-wp-on--click=\"actions.openMenuOnClick\"\n\t\t\t\tdata-wp-on--keydown=\"actions.handleMenuKeydown\"\n\t\t\t><svg width=\"24\" height=\"24\" xmlns=\"http:\/\/www.w3.org\/2000\/svg\" viewBox=\"0 0 24 24\" aria-hidden=\"true\" focusable=\"false\"><path d=\"M4 7.5h16v1.5H4z\"><\/path><path d=\"M4 15h16v1.5H4z\"><\/path><\/svg><\/button>\n\t\t\t\t<div class=\"wp-block-navigation__responsive-container\"  id=\"modal-1\" \n\t\t\t\tdata-wp-class--has-modal-open=\"state.isMenuOpen\"\n\t\t\t\tdata-wp-class--is-menu-open=\"state.isMenuOpen\"\n\t\t\t\tdata-wp-watch=\"callbacks.initMenu\"\n\t\t\t\tdata-wp-on--keydown=\"actions.handleMenuKeydown\"\n\t\t\t\tdata-wp-on--focusout=\"actions.handleMenuFocusout\"\n\t\t\t\ttabindex=\"-1\"\n\t\t\t>\n\t\t\t\t\t<div class=\"wp-block-navigation__responsive-close\" tabindex=\"-1\">\n\t\t\t\t\t\t<div class=\"wp-block-navigation__responsive-dialog\" \n\t\t\t\tdata-wp-bind--aria-modal=\"state.ariaModal\"\n\t\t\t\tdata-wp-bind--aria-label=\"state.ariaLabel\"\n\t\t\t\tdata-wp-bind--role=\"state.roleAttribute\"\n\t\t\t>\n\t\t\t\t\t\t\t<button aria-label=\"Men\u00fc schlie\u00dfen\" class=\"wp-block-navigation__responsive-container-close\" \n\t\t\t\tdata-wp-on--click=\"actions.closeMenuOnClick\"\n\t\t\t><svg xmlns=\"http:\/\/www.w3.org\/2000\/svg\" viewBox=\"0 0 24 24\" width=\"24\" height=\"24\" aria-hidden=\"true\" focusable=\"false\"><path d=\"m13.06 12 6.47-6.47-1.06-1.06L12 10.94 5.53 4.47 4.47 5.53 10.94 12l-6.47 6.47 1.06 1.06L12 13.06l6.47 6.47 1.06-1.06L13.06 12Z\"><\/path><\/svg><\/button>\n\t\t\t\t\t\t\t<div class=\"wp-block-navigation__responsive-container-content\" \n\t\t\t\tdata-wp-watch=\"callbacks.focusFirstElement\"\n\t\t\t id=\"modal-1-content\">\n\t\t\t\t\t\t\t\t<ul class=\"wp-block-navigation__container is-responsive wp-block-navigation\"><li class=\" wp-block-navigation-item wp-block-navigation-link\"><a class=\"wp-block-navigation-item__content\"  href=\"https:\/\/wordpress.nibis.de\/gs-uchte\/category\/klasse-1a\/\"><span class=\"wp-block-navigation-item__label\">Klasse 1a<\/span><\/a><\/li><li class=\" wp-block-navigation-item wp-block-navigation-link\"><a class=\"wp-block-navigation-item__content\"  href=\"https:\/\/wordpress.nibis.de\/gs-uchte\/category\/klasse-1b\/\"><span class=\"wp-block-navigation-item__label\">Klasse 1b<\/span><\/a><\/li><li class=\" wp-block-navigation-item wp-block-navigation-link\"><a class=\"wp-block-navigation-item__content\"  href=\"https:\/\/wordpress.nibis.de\/gs-uchte\/category\/klasse-1c\/\"><span class=\"wp-block-navigation-item__label\">Klasse 1c<\/span><\/a><\/li><li class=\" wp-block-navigation-item wp-block-navigation-link\"><a class=\"wp-block-navigation-item__content\"  href=\"https:\/\/wordpress.nibis.de\/gs-uchte\/category\/klasse-2a\/\"><span class=\"wp-block-navigation-item__label\">Klasse 2a<\/span><\/a><\/li><li class=\" wp-block-navigation-item wp-block-navigation-link\"><a class=\"wp-block-navigation-item__content\"  href=\"https:\/\/wordpress.nibis.de\/gs-uchte\/category\/klasse-2b\/\"><span class=\"wp-block-navigation-item__label\">Klasse 2b<\/span><\/a><\/li><li class=\" wp-block-navigation-item wp-block-navigation-link\"><a class=\"wp-block-navigation-item__content\"  href=\"https:\/\/wordpress.nibis.de\/gs-uchte\/category\/klasse-2c\/\"><span class=\"wp-block-navigation-item__label\">Klasse 2c<\/span><\/a><\/li><li class=\" wp-block-navigation-item wp-block-navigation-link\"><a class=\"wp-block-navigation-item__content\"  href=\"https:\/\/wordpress.nibis.de\/gs-uchte\/category\/klasse-3a\/\"><span class=\"wp-block-navigation-item__label\">Klasse 3a<\/span><\/a><\/li><li class=\" wp-block-navigation-item wp-block-navigation-link\"><a class=\"wp-block-navigation-item__content\"  href=\"https:\/\/wordpress.nibis.de\/gs-uchte\/category\/klasse-3b\/\"><span class=\"wp-block-navigation-item__label\">Klasse 3b<\/span><\/a><\/li><li class=\" wp-block-navigation-item wp-block-navigation-link\"><a class=\"wp-block-navigation-item__content\"  href=\"https:\/\/wordpress.nibis.de\/gs-uchte\/category\/klasse-3c\/\"><span class=\"wp-block-navigation-item__label\">Klasse 3c<\/span><\/a><\/li><li class=\" wp-block-navigation-item wp-block-navigation-link\"><a class=\"wp-block-navigation-item__content\"  href=\"https:\/\/wordpress.nibis.de\/gs-uchte\/category\/klasse-4a\/\"><span class=\"wp-block-navigation-item__label\">Klasse 4a<\/span><\/a><\/li><li class=\" wp-block-navigation-item wp-block-navigation-link\"><a class=\"wp-block-navigation-item__content\"  href=\"https:\/\/wordpress.nibis.de\/gs-uchte\/category\/klasse-4b\/\"><span class=\"wp-block-navigation-item__label\">Klasse 4b<\/span><\/a><\/li><li class=\" wp-block-navigation-item wp-block-navigation-link\"><a class=\"wp-block-navigation-item__content\"  href=\"https:\/\/wordpress.nibis.de\/gs-uchte\/category\/klasse-4c\/\"><span class=\"wp-block-navigation-item__label\">Klasse 4c<\/span><\/a><\/li><\/ul>\n\t\t\t\t\t\t\t<\/div>\n\t\t\t\t\t\t<\/div>\n\t\t\t\t\t<\/div>\n\t\t\t\t<\/div><\/nav>","protected":false},"excerpt":{"rendered":"<p>Hier finden Sie aktuelle Informationen rund um die einzelnen Schulklassen \u2013 bereitgestellt von unseren Lehrkr\u00e4ften und den Sch\u00fclerinnen und Sch\u00fclern. Ob interne Mitteilungen, spannende Themen, die im Unterricht erarbeitet wurden, oder Neuigkeiten, die nur die jeweilige Klasse betreffen \u2013 all das wird hier gesammelt und regelm\u00e4\u00dfig aktualisiert. Ein Blick lohnt sich \u2013 bleiben Sie informiert!<\/p>\n","protected":false},"author":9194617,"featured_media":0,"parent":0,"menu_order":0,"comment_status":"closed","ping_status":"closed","template":"","meta":{"footnotes":""},"class_list":["post-179","page","type-page","status-publish","hentry"],"_links":{"self":[{"href":"https:\/\/wordpress.nibis.de\/gs-uchte\/wp-json\/wp\/v2\/pages\/179","targetHints":{"allow":["GET"]}}],"collection":[{"href":"https:\/\/wordpress.nibis.de\/gs-uchte\/wp-json\/wp\/v2\/pages"}],"about":[{"href":"https:\/\/wordpress.nibis.de\/gs-uchte\/wp-json\/wp\/v2\/types\/page"}],"author":[{"embeddable":true,"href":"https:\/\/wordpress.nibis.de\/gs-uchte\/wp-json\/wp\/v2\/users\/9194617"}],"replies":[{"embeddable":true,"href":"https:\/\/wordpress.nibis.de\/gs-uchte\/wp-json\/wp\/v2\/comments?post=179"}],"version-history":[{"count":7,"href":"https:\/\/wordpress.nibis.de\/gs-uchte\/wp-json\/wp\/v2\/pages\/179\/revisions"}],"predecessor-version":[{"id":208,"href":"https:\/\/wordpress.nibis.de\/gs-uchte\/wp-json\/wp\/v2\/pages\/179\/revisions\/208"}],"wp:attachment":[{"href":"https:\/\/wordpress.nibis.de\/gs-uchte\/wp-json\/wp\/v2\/media?parent=179"}],"curies":[{"name":"wp","href":"https:\/\/api.w.org\/{rel}","templated":true}]}}