{"id":220,"date":"2025-06-02T15:26:10","date_gmt":"2025-06-02T13:26:10","guid":{"rendered":"https:\/\/wordpress.nibis.de\/gs-uchte\/?page_id=220"},"modified":"2025-06-02T20:50:51","modified_gmt":"2025-06-02T18:50:51","slug":"impressum","status":"publish","type":"page","link":"https:\/\/wordpress.nibis.de\/gs-uchte\/impressum\/","title":{"rendered":"Impressum"},"content":{"rendered":"\n<p><strong>Grundschule Uchte<\/strong><strong><br><\/strong><br>Schulleitung:<br>Antje Kuschnick, Schulleiterin<br>Sonja Feegel, komm. stellvert. Schulleiterin<\/p>\n\n\n\n<p>Hambruch 2<br>31600 Uchte<br><br>Telefon: (0 5763) 1507<a href=\"http:\/\/www.gs-maschen.de\/fotos\/maschen\/luftbildausschnitt.jpg\"><br><br><\/a>E-Mail: &#105;n&#102;o&#64;g&#x73;-&#x75;c&#x68;t&#x65;&#46;&#x64;e<br><br>Schultr\u00e4ger&nbsp;(Diensteanbieter im Sinne des TDG\/MDStV):<br>Samtgemeinde Uchte<br>vertreten durch den B\u00fcrgermeister<br>Balkenkamp 1&nbsp;<br>31600 Uchte<br>Telefon: (0 5763) 183-0<br><br>E-Mail: &#114;&#x61;&#x74;&#104;&#x61;&#x75;&#115;&#x40;&#x73;&#103;&#x2d;&#x75;&#99;&#x68;&#x74;&#101;&#x2e;&#x64;&#101;<\/p>\n\n\n\n<p>Verantwortlich f\u00fcr journalistisch-redaktionelle Beitr\u00e4ge i.S.d. \u00a7 10 Abs. 3 MDStV:<br>Antje Kuschnick<br>Grundschule Uchte<br>(Anschrift wie oben)<\/p>\n\n\n\n<p>Webmaster:&nbsp;Antje Kuschnick<\/p>\n\n\n\n<p><strong>Disclaimer<\/strong><br><br>Diese Website beinhaltet externe Links. Deren Inhalten entziehen sich unserer Einflussnahme, sodass eine Gew\u00e4hr f\u00fcr solche Inhalte von uns nicht \u00fcbernommen werden kann. <br><br>Die Verantwortung liegt stets beim jeweiligen Betreiber der externen Seiten. Zum Zeitpunkt der Verkn\u00fcpfung der externen Links waren keine Rechtsverst\u00f6\u00dfe ersichtlich. Die permanente \u00dcberwachung fremder Inhalte auf Rechtsverst\u00f6\u00dfe ohne konkrete Hinweise ist uns nicht zumutbar. <br><br>Sollten wir Kenntnis von Rechtsverletzungen erlangen, werden wir die entsprechenden Links unverz\u00fcglich entfernen. <\/p>\n\n\n\n<p><\/p>\n","protected":false},"excerpt":{"rendered":"<p>Grundschule UchteSchulleitung:Antje Kuschnick, SchulleiterinSonja Feegel, komm. stellvert. Schulleiterin Hambruch 231600 Uchte Telefon: (0 5763) 1507 E-Mail: i&#110;&#x66;&#x6f;&#x40;g&#115;&#45;&#x75;&#x63;h&#116;&#101;&#x2e;&#x64;e Schultr\u00e4ger&nbsp;(Diensteanbieter im Sinne des TDG\/MDStV):Samtgemeinde Uchtevertreten durch den B\u00fcrgermeisterBalkenkamp 1&nbsp;31600 UchteTelefon: (0 5763) 183-0 E-Mail: rathau&#115;&#64;&#115;&#103;&#45;&#117;&#99;&#x68;&#x74;&#x65;&#x2e;&#x64;&#x65; Verantwortlich f\u00fcr journalistisch-redaktionelle Beitr\u00e4ge i.S.d. \u00a7 10 Abs. 3 MDStV:Antje KuschnickGrundschule Uchte(Anschrift wie oben) Webmaster:&nbsp;Antje Kuschnick Disclaimer Diese Website beinhaltet externe Links. [&hellip;]<\/p>\n","protected":false},"author":9194617,"featured_media":0,"parent":0,"menu_order":0,"comment_status":"closed","ping_status":"closed","template":"","meta":{"footnotes":""},"class_list":["post-220","page","type-page","status-publish","hentry"],"_links":{"self":[{"href":"https:\/\/wordpress.nibis.de\/gs-uchte\/wp-json\/wp\/v2\/pages\/220","targetHints":{"allow":["GET"]}}],"collection":[{"href":"https:\/\/wordpress.nibis.de\/gs-uchte\/wp-json\/wp\/v2\/pages"}],"about":[{"href":"https:\/\/wordpress.nibis.de\/gs-uchte\/wp-json\/wp\/v2\/types\/page"}],"author":[{"embeddable":true,"href":"https:\/\/wordpress.nibis.de\/gs-uchte\/wp-json\/wp\/v2\/users\/9194617"}],"replies":[{"embeddable":true,"href":"https:\/\/wordpress.nibis.de\/gs-uchte\/wp-json\/wp\/v2\/comments?post=220"}],"version-history":[{"count":2,"href":"https:\/\/wordpress.nibis.de\/gs-uchte\/wp-json\/wp\/v2\/pages\/220\/revisions"}],"predecessor-version":[{"id":225,"href":"https:\/\/wordpress.nibis.de\/gs-uchte\/wp-json\/wp\/v2\/pages\/220\/revisions\/225"}],"wp:attachment":[{"href":"https:\/\/wordpress.nibis.de\/gs-uchte\/wp-json\/wp\/v2\/media?parent=220"}],"curies":[{"name":"wp","href":"https:\/\/api.w.org\/{rel}","templated":true}]}}