{"id":332,"date":"2025-12-18T10:46:45","date_gmt":"2025-12-18T09:46:45","guid":{"rendered":"https:\/\/wordpress.nibis.de\/gs-uchte\/?page_id=332"},"modified":"2025-12-18T10:46:45","modified_gmt":"2025-12-18T09:46:45","slug":"__trashed","status":"publish","type":"page","link":"https:\/\/wordpress.nibis.de\/gs-uchte\/__trashed\/","title":{"rendered":"Unsere Beratungslehrkraft an der Grundschule Uchte"},"content":{"rendered":"\n<div class=\"wp-block-group alignfull\"><div class=\"wp-block-group__inner-container is-layout-flow wp-block-group-is-layout-flow\">\n<p class=\"has-drop-cap\">Die Beratungslehrkraft ist Ansprechperson f\u00fcr alle Sch\u00fclerinnen und Sch\u00fcler, Eltern und Mitarbeitende bei Fragen rund um das Lernen und das Verhalten. Sie unterst\u00fctzt insbesondere bei Lern- und Leistungsproblemen, Verhaltensauff\u00e4lligkeiten, und Motivationsfragen. <br>Der Schwerpunkt der Beratungslehrkraft liegt auf dem p\u00e4dagogisch-psychologischen Bereich <strong>innerhalb der Schule.<\/strong><\/p>\n\n\n\n<p>Die Beratung ist freiwillig, vertraulich und l\u00f6sungsorientiert. Ziel ist es, gemeinsam Wege zu finden, wie Kinder im Schulalltag gut begleitet und individuell gef\u00f6rdert werden k\u00f6nnen.<\/p>\n<\/div><\/div>\n\n\n\n<p><\/p>\n\n\n\n<div class=\"wp-block-group alignfull\"><div class=\"wp-block-group__inner-container is-layout-flow wp-block-group-is-layout-flow\">\n<div class=\"wp-block-columns alignwide are-vertically-aligned-center tw-cols-stack-md tw-gutter-large is-layout-flex wp-container-core-columns-is-layout-abceabcf wp-block-columns-is-layout-flex\">\n<div class=\"wp-block-column is-vertically-aligned-center is-layout-flow wp-block-column-is-layout-flow\">\n<h2 class=\"wp-block-heading\">Beratungszeiten<\/h2>\n\n\n\n<p>Mo.: 12.25 &#8211; 13.10 Uhr<br>Mi.:  09.45 &#8211; 10.30 Uhr<br>Do.: 12.25 &#8211; 13.10 Uhr<\/p>\n\n\n\n<p>&amp; nach Vereinbarung<\/p>\n<\/div>\n\n\n\n<div class=\"wp-block-column is-vertically-aligned-center is-layout-flow wp-block-column-is-layout-flow\">\n<div class=\"wp-block-group has-white-background-color has-background tw-shadow\"><div class=\"wp-block-group__inner-container is-layout-flow wp-block-group-is-layout-flow\">\n<p class=\"has-text-align-center\">_______________________________<\/p>\n\n\n\n<p class=\"has-text-align-center\"><strong>Kord Lampe<\/strong><br><em>Beratungslehrer<\/em><\/p>\n\n\n\n<p class=\"has-text-align-center\">05763 1507<\/p>\n\n\n\n<p class=\"has-text-align-center\"><a href=\"&#109;a&#x69;l&#x74;o&#x3a;k&#x2e;l&#x61;m&#x70;&#101;&#x40;&#103;&#x73;&#45;&#x75;&#99;&#x68;&#116;&#x65;&#46;&#x64;&#101;\">&#x6b;&#x2e;&#x6c;&#x61;&#109;&#112;e&#64;g&#x73;&#x2d;&#x75;&#x63;&#104;&#116;e&#46;d&#x65;<\/a><\/p>\n\n\n\n<p class=\"has-text-align-center\">_______________________________<\/p>\n<\/div><\/div>\n<\/div>\n<\/div>\n<\/div><\/div>\n","protected":false},"excerpt":{"rendered":"<p>Die Beratungslehrkraft ist Ansprechperson f\u00fcr alle Sch\u00fclerinnen und Sch\u00fcler, Eltern und Mitarbeitende bei Fragen rund um das Lernen und das Verhalten. Sie unterst\u00fctzt insbesondere bei Lern- und Leistungsproblemen, Verhaltensauff\u00e4lligkeiten, und Motivationsfragen. Der Schwerpunkt der Beratungslehrkraft liegt auf dem p\u00e4dagogisch-psychologischen Bereich innerhalb der Schule. Die Beratung ist freiwillig, vertraulich und l\u00f6sungsorientiert. Ziel ist es, gemeinsam Wege [&hellip;]<\/p>\n","protected":false},"author":9194617,"featured_media":0,"parent":0,"menu_order":0,"comment_status":"closed","ping_status":"closed","template":"","meta":{"footnotes":""},"class_list":["post-332","page","type-page","status-publish","hentry"],"_links":{"self":[{"href":"https:\/\/wordpress.nibis.de\/gs-uchte\/wp-json\/wp\/v2\/pages\/332","targetHints":{"allow":["GET"]}}],"collection":[{"href":"https:\/\/wordpress.nibis.de\/gs-uchte\/wp-json\/wp\/v2\/pages"}],"about":[{"href":"https:\/\/wordpress.nibis.de\/gs-uchte\/wp-json\/wp\/v2\/types\/page"}],"author":[{"embeddable":true,"href":"https:\/\/wordpress.nibis.de\/gs-uchte\/wp-json\/wp\/v2\/users\/9194617"}],"replies":[{"embeddable":true,"href":"https:\/\/wordpress.nibis.de\/gs-uchte\/wp-json\/wp\/v2\/comments?post=332"}],"version-history":[{"count":10,"href":"https:\/\/wordpress.nibis.de\/gs-uchte\/wp-json\/wp\/v2\/pages\/332\/revisions"}],"predecessor-version":[{"id":417,"href":"https:\/\/wordpress.nibis.de\/gs-uchte\/wp-json\/wp\/v2\/pages\/332\/revisions\/417"}],"wp:attachment":[{"href":"https:\/\/wordpress.nibis.de\/gs-uchte\/wp-json\/wp\/v2\/media?parent=332"}],"curies":[{"name":"wp","href":"https:\/\/api.w.org\/{rel}","templated":true}]}}