{"id":43,"date":"2025-05-14T14:38:39","date_gmt":"2025-05-14T12:38:39","guid":{"rendered":"https:\/\/wordpress.nibis.de\/gs-uchte\/?page_id=43"},"modified":"2025-09-23T10:13:52","modified_gmt":"2025-09-23T08:13:52","slug":"das-team-der-grundschule-uchte","status":"publish","type":"page","link":"https:\/\/wordpress.nibis.de\/gs-uchte\/das-team-der-grundschule-uchte\/","title":{"rendered":"Das Team"},"content":{"rendered":"\n<div class=\"wp-block-group alignfull\"><div class=\"wp-block-group__inner-container is-layout-flow wp-block-group-is-layout-flow\">\n<h2 class=\"has-text-align-center wp-block-heading\">&#8230; der Grundschule Uchte<\/h2>\n\n\n\n<blockquote class=\"wp-block-quote has-text-align-center is-style-tw-icon is-layout-flow wp-block-quote-is-layout-flow\"><p><strong>Alleine k\u00f6nnen wir so wenig tun, zusammen k\u00f6nnen wir so viel tun.<\/strong><\/p><cite>&#8211; Helen Keller<\/cite><\/blockquote>\n\n\n\n<figure class=\"wp-block-image size-large\"><img loading=\"lazy\" decoding=\"async\" width=\"1024\" height=\"740\" src=\"https:\/\/wordpress.nibis.de\/gs-uchte\/files\/2025\/05\/IMG_0995-1024x740.jpg\" alt=\"\" class=\"wp-image-147\" srcset=\"https:\/\/wordpress.nibis.de\/gs-uchte\/files\/2025\/05\/IMG_0995-1024x740.jpg 1024w, https:\/\/wordpress.nibis.de\/gs-uchte\/files\/2025\/05\/IMG_0995-300x217.jpg 300w, https:\/\/wordpress.nibis.de\/gs-uchte\/files\/2025\/05\/IMG_0995-768x555.jpg 768w, https:\/\/wordpress.nibis.de\/gs-uchte\/files\/2025\/05\/IMG_0995-1536x1109.jpg 1536w, https:\/\/wordpress.nibis.de\/gs-uchte\/files\/2025\/05\/IMG_0995-2048x1479.jpg 2048w, https:\/\/wordpress.nibis.de\/gs-uchte\/files\/2025\/05\/IMG_0995-624x451.jpg 624w\" sizes=\"auto, (max-width: 1024px) 100vw, 1024px\" \/><\/figure>\n<\/div><\/div>\n\n\n\n<figure class=\"wp-block-table is-style-tw-border-h-inner\"><table><tbody><tr><td>Herr<\/td><td>G. Auf dem Berge<\/td><td>Hausmeister<\/td><\/tr><tr><td>Frau<\/td><td>K. Behrendt<\/td><td>p\u00e4dagogische Mitarbeiterin<\/td><\/tr><tr><td>Frau<\/td><td>L. Bente<\/td><td>Lehrerin im Vorbereitungsdienst<\/td><\/tr><tr><td>Frau<\/td><td>N. Bertram<\/td><td>Fachkraft f\u00fcr schulische Sozialarbeit<\/td><\/tr><tr><td>Frau<\/td><td>U. Bodtke<\/td><td>Lehrerin<\/td><\/tr><tr><td>Frau<\/td><td>H. Buhre<\/td><td>F\u00f6rderschullehrerin<\/td><\/tr><tr><td>Frau<\/td><td>L. Drews<\/td><td>komm. stellvertretende Schulleiterin<\/td><\/tr><tr><td>Frau<\/td><td>M. Dreyer<\/td><td>F\u00f6rderschullehrerin<\/td><\/tr><tr><td>Frau<\/td><td>S. Feegel<\/td><td>Lehrerin<\/td><\/tr><tr><td>Frau<\/td><td>J. Franke<\/td><td>Bundesfreiwilligendienstleistende<\/td><\/tr><tr><td>Frau<\/td><td>C. Gellwitz<\/td><td>Lehrerin<\/td><\/tr><tr><td>Herr<\/td><td>J. Gerling<\/td><td>Lehrer<\/td><\/tr><tr><td>Frau<\/td><td>D. Grote<\/td><td>Mensamitarbeiterin<\/td><\/tr><tr><td>Frau<\/td><td>U. Heidemeier<\/td><td>Praktikantin<\/td><\/tr><tr><td>Frau<\/td><td>M. Herold<\/td><td>p\u00e4dagogische Mitarbeiterin<\/td><\/tr><tr><td>Frau<\/td><td>K. Hille<\/td><td>Lehrerin<\/td><\/tr><tr><td>Frau<\/td><td>T. Jacobi<\/td><td>Lehrerin<\/td><\/tr><tr><td>Herr<\/td><td>T. John<\/td><td>Lehrer<\/td><\/tr><tr><td>Frau<\/td><td>S. Kothe<\/td><td>Lehrerin<\/td><\/tr><tr><td>Frau<\/td><td>K. K\u00f6nemann<\/td><td>p\u00e4dagogische Mitarbeiterin<\/td><\/tr><tr><td>Frau<\/td><td>D. Kruse<\/td><td>Mitarbeiterin im Ganztag<\/td><\/tr><tr><td>Frau<\/td><td>S. Kr\u00fcger<\/td><td>Lehrerin<\/td><\/tr><tr><td>Frau<\/td><td>A. Kuschnick<\/td><td>Schulleiterin<\/td><\/tr><tr><td>Herr<\/td><td>K. Lampe<\/td><td>Beratungslehrer<\/td><\/tr><tr><td>Frau<\/td><td>S. L\u00fcttge<\/td><td>Lehrerin<\/td><\/tr><tr><td>Herr<\/td><td>A. Meyer<\/td><td>Bundesfreiwilligendienstleistender<\/td><\/tr><tr><td>Frau<\/td><td>P. Meyer<\/td><td>p\u00e4dagogische Mitarbeiterin<\/td><\/tr><tr><td>Frau<\/td><td>T. Meyer-Barner<\/td><td>Mitarbeiterin im Ganztag<\/td><\/tr><tr><td>Frau<\/td><td>N. Peglow<\/td><td>Mitarbeiterin im Ganztag<\/td><\/tr><tr><td>Frau<\/td><td>D. Pohl<\/td><td>Lehrerin<\/td><\/tr><tr><td>Frau<\/td><td>A. Pscheidt<\/td><td>Lehrerin<\/td><\/tr><tr><td>Frau<\/td><td>J. Pasold<\/td><td>Lehrerin<\/td><\/tr><tr><td>Frau<\/td><td>D. Rauschenberger<\/td><td>Mensamitarbeiterin<\/td><\/tr><tr><td>Frau<\/td><td>S. Schneider<\/td><td>Schulverwaltungskraft<\/td><\/tr><tr><td>Frau<\/td><td>H. Szudra<\/td><td>p\u00e4dagogische Mitarbeiterin<\/td><\/tr><tr><td>Frau<\/td><td>K. Th\u00e4te<\/td><td>Mensamitarbeiterin<\/td><\/tr><tr><td>Frau<\/td><td>H. Vogt<\/td><td>Mitarbeiterin im Ganztag<\/td><\/tr><tr><td>Frau<\/td><td>J. Wolting<\/td><td>Lehrerin<\/td><\/tr><\/tbody><\/table><\/figure>\n\n\n\n<p>Das Team der Grundschule Uchte wird zus\u00e4tzlich unterst\u00fctzt von: <\/p>\n\n\n\n<ul class=\"is-style-tw-table wp-block-list\"><li>dem <a rel=\"noreferrer noopener\" href=\"https:\/\/muetterzentrum-uchte.de\/\" data-type=\"URL\" data-id=\"https:\/\/muetterzentrum-uchte.de\/\" target=\"_blank\">M\u00fctterzentrum Uchte<\/a> im Ganztagsbereich<\/li><li>dem Reinigungspersonal<\/li><li>den Integrationshelferinnen und -helfern<\/li><\/ul>\n\n\n\n<p><\/p>\n\n\n\n<p><strong>Sie haben eine Idee, wie Sie unseren Ganztag mitgestalten und\/oder bereichern k\u00f6nnen? Dann freuen wir uns, von Ihnen zu h\u00f6ren &#8211; melden Sie sich einfach <a href=\"https:\/\/wordpress.nibis.de\/gs-uchte\/kontakt\/\" data-type=\"URL\" data-id=\"https:\/\/wordpress.nibis.de\/gs-uchte\/kontakt\/\">hier<\/a>.<\/strong><\/p>\n","protected":false},"excerpt":{"rendered":"<p>&#8230; der Grundschule Uchte Alleine k\u00f6nnen wir so wenig tun, zusammen k\u00f6nnen wir so viel tun. &#8211; Helen Keller Herr G. Auf dem Berge Hausmeister Frau K. Behrendt p\u00e4dagogische Mitarbeiterin Frau L. Bente Lehrerin im Vorbereitungsdienst Frau N. Bertram Fachkraft f\u00fcr schulische Sozialarbeit Frau U. Bodtke Lehrerin Frau H. Buhre F\u00f6rderschullehrerin Frau L. Drews komm. [&hellip;]<\/p>\n","protected":false},"author":9194617,"featured_media":0,"parent":0,"menu_order":0,"comment_status":"closed","ping_status":"closed","template":"","meta":{"footnotes":""},"class_list":["post-43","page","type-page","status-publish","hentry"],"_links":{"self":[{"href":"https:\/\/wordpress.nibis.de\/gs-uchte\/wp-json\/wp\/v2\/pages\/43","targetHints":{"allow":["GET"]}}],"collection":[{"href":"https:\/\/wordpress.nibis.de\/gs-uchte\/wp-json\/wp\/v2\/pages"}],"about":[{"href":"https:\/\/wordpress.nibis.de\/gs-uchte\/wp-json\/wp\/v2\/types\/page"}],"author":[{"embeddable":true,"href":"https:\/\/wordpress.nibis.de\/gs-uchte\/wp-json\/wp\/v2\/users\/9194617"}],"replies":[{"embeddable":true,"href":"https:\/\/wordpress.nibis.de\/gs-uchte\/wp-json\/wp\/v2\/comments?post=43"}],"version-history":[{"count":8,"href":"https:\/\/wordpress.nibis.de\/gs-uchte\/wp-json\/wp\/v2\/pages\/43\/revisions"}],"predecessor-version":[{"id":326,"href":"https:\/\/wordpress.nibis.de\/gs-uchte\/wp-json\/wp\/v2\/pages\/43\/revisions\/326"}],"wp:attachment":[{"href":"https:\/\/wordpress.nibis.de\/gs-uchte\/wp-json\/wp\/v2\/media?parent=43"}],"curies":[{"name":"wp","href":"https:\/\/api.w.org\/{rel}","templated":true}]}}