{"id":45,"date":"2025-05-14T14:39:56","date_gmt":"2025-05-14T12:39:56","guid":{"rendered":"https:\/\/wordpress.nibis.de\/gs-uchte\/?page_id=45"},"modified":"2025-05-26T14:57:10","modified_gmt":"2025-05-26T12:57:10","slug":"ganztagsschule","status":"publish","type":"page","link":"https:\/\/wordpress.nibis.de\/gs-uchte\/ganztagsschule\/","title":{"rendered":"Ganztagsschule"},"content":{"rendered":"\n<p><strong>Unser Ganztagsangebot \u2013 flexibel, verl\u00e4sslich und vielseitig<\/strong><\/p>\n\n\n\n<p class=\"has-drop-cap\">Seit August 2013 bietet unsere Schule ein offenes Ganztagsangebot an, das Kindern von Montag bis Donnerstag eine strukturierte und zugleich abwechslungsreiche Betreuung bis 15:20 Uhr erm\u00f6glicht.<\/p>\n\n\n\n<p>Nach dem regul\u00e4ren Unterricht haben die Kinder die M\u00f6glichkeit, in unserem modernen und liebevoll gestalteten Schulrestaurant ein warmes Mittagessen zu genie\u00dfen. Die Teilnahme daran ist freiwillig \u2013 das Essen kostet 3,95\u202f\u20ac pro Tag und wird im Voraus f\u00fcr etwa zwei Monate per \u00dcberweisung bezahlt. Beliefert werden wir von der Firma <a rel=\"noreferrer noopener\" href=\"https:\/\/erste-sahne-catering.de\/\" data-type=\"URL\" data-id=\"https:\/\/erste-sahne-catering.de\/\" target=\"_blank\">Erste Sahne<\/a> aus Minden. Alternativ k\u00f6nnen die Kinder selbstverst\u00e4ndlich auch ohne bestelltes Mittagessen am Ganztag teilnehmen \u2013 in diesem Fall sorgen Sie als Eltern bitte selbst f\u00fcr eine ausreichende Verpflegung.<\/p>\n\n\n\n<p>Ab 12:20 Uhr beginnt die betreute Hausaufgabenzeit. Lehrkr\u00e4fte und p\u00e4dagogische Mitarbeiterinnen unterst\u00fctzen die Kinder bei ihren Aufgaben. Eine vollst\u00e4ndige Kontrolle auf Richtigkeit und Vollst\u00e4ndigkeit ist allerdings nicht immer m\u00f6glich \u2013 wir empfehlen daher, die Hausaufgaben auch zu Hause noch einmal durchzusehen.<\/p>\n\n\n\n<p>Ab 13:45 Uhr wechseln die Kinder in die Nachmittagsangebote. Die Kinder w\u00e4hlen zu Beginn jedes Halbjahres ihr Wunschangebot. Nach der Wahl ist die Teilnahme f\u00fcr das Halbjahr verbindlich.<\/p>\n\n\n\n<p>Als \u201eoffene\u201c Ganztagsschule ist unser Angebot freiwillig: Sie k\u00f6nnen Ihr Kind an einzelnen oder mehreren Wochentagen anmelden \u2013 die Teilnahme ist dann an diesen Tagen verbindlich. Vor jedem neuen Halbjahr erhalten Sie einen Wahlzettel zur Auswahl der gew\u00fcnschten Tage.<\/p>\n\n\n\n<p>F\u00fcr unsere Buskinder stehen die Schulbusse wie gewohnt bereit und bringen sie ab 15:20 Uhr nach Hause.<\/p>\n\n\n\n<p>\u00dcbrigens: Unser Schulrestaurant wird bei besonderen Gelegenheiten auch f\u00fcr schulische Veranstaltungen genutzt und ist ein zentraler Ort des Miteinanders in unserem Schulalltag.<\/p>\n","protected":false},"excerpt":{"rendered":"<p>Unser Ganztagsangebot \u2013 flexibel, verl\u00e4sslich und vielseitig Seit August 2013 bietet unsere Schule ein offenes Ganztagsangebot an, das Kindern von Montag bis Donnerstag eine strukturierte und zugleich abwechslungsreiche Betreuung bis 15:20 Uhr erm\u00f6glicht. Nach dem regul\u00e4ren Unterricht haben die Kinder die M\u00f6glichkeit, in unserem modernen und liebevoll gestalteten Schulrestaurant ein warmes Mittagessen zu genie\u00dfen. Die [&hellip;]<\/p>\n","protected":false},"author":9194617,"featured_media":0,"parent":0,"menu_order":0,"comment_status":"closed","ping_status":"closed","template":"","meta":{"footnotes":""},"class_list":["post-45","page","type-page","status-publish","hentry"],"_links":{"self":[{"href":"https:\/\/wordpress.nibis.de\/gs-uchte\/wp-json\/wp\/v2\/pages\/45","targetHints":{"allow":["GET"]}}],"collection":[{"href":"https:\/\/wordpress.nibis.de\/gs-uchte\/wp-json\/wp\/v2\/pages"}],"about":[{"href":"https:\/\/wordpress.nibis.de\/gs-uchte\/wp-json\/wp\/v2\/types\/page"}],"author":[{"embeddable":true,"href":"https:\/\/wordpress.nibis.de\/gs-uchte\/wp-json\/wp\/v2\/users\/9194617"}],"replies":[{"embeddable":true,"href":"https:\/\/wordpress.nibis.de\/gs-uchte\/wp-json\/wp\/v2\/comments?post=45"}],"version-history":[{"count":3,"href":"https:\/\/wordpress.nibis.de\/gs-uchte\/wp-json\/wp\/v2\/pages\/45\/revisions"}],"predecessor-version":[{"id":177,"href":"https:\/\/wordpress.nibis.de\/gs-uchte\/wp-json\/wp\/v2\/pages\/45\/revisions\/177"}],"wp:attachment":[{"href":"https:\/\/wordpress.nibis.de\/gs-uchte\/wp-json\/wp\/v2\/media?parent=45"}],"curies":[{"name":"wp","href":"https:\/\/api.w.org\/{rel}","templated":true}]}}