{"id":51,"date":"2025-05-14T14:41:33","date_gmt":"2025-05-14T12:41:33","guid":{"rendered":"https:\/\/wordpress.nibis.de\/gs-uchte\/?page_id=51"},"modified":"2025-05-26T13:55:22","modified_gmt":"2025-05-26T11:55:22","slug":"foerderverein","status":"publish","type":"page","link":"https:\/\/wordpress.nibis.de\/gs-uchte\/foerderverein\/","title":{"rendered":"F\u00f6rderverein"},"content":{"rendered":"\n<div class=\"wp-block-group alignfull\"><div class=\"wp-block-group__inner-container is-layout-flow wp-block-group-is-layout-flow\">\n<h2 class=\"has-text-align-center wp-block-heading\">Unser F\u00f6rderverein &#8211; gemeinsam f\u00fcr die Grundschule Uchte!<\/h2>\n\n\n\n<figure class=\"wp-block-image size-large\"><img loading=\"lazy\" decoding=\"async\" width=\"1024\" height=\"768\" src=\"https:\/\/wordpress.nibis.de\/gs-uchte\/files\/2025\/05\/20240513_083105-1024x768.jpg\" alt=\"\" class=\"wp-image-164\" srcset=\"https:\/\/wordpress.nibis.de\/gs-uchte\/files\/2025\/05\/20240513_083105-1024x768.jpg 1024w, https:\/\/wordpress.nibis.de\/gs-uchte\/files\/2025\/05\/20240513_083105-300x225.jpg 300w, https:\/\/wordpress.nibis.de\/gs-uchte\/files\/2025\/05\/20240513_083105-768x576.jpg 768w, https:\/\/wordpress.nibis.de\/gs-uchte\/files\/2025\/05\/20240513_083105-1536x1152.jpg 1536w, https:\/\/wordpress.nibis.de\/gs-uchte\/files\/2025\/05\/20240513_083105-2048x1536.jpg 2048w, https:\/\/wordpress.nibis.de\/gs-uchte\/files\/2025\/05\/20240513_083105-624x468.jpg 624w\" sizes=\"auto, (max-width: 1024px) 100vw, 1024px\" \/><figcaption>Die Klasse 2a tr\u00e4gt Kleidung vom F\u00f6rderverein<\/figcaption><\/figure>\n\n\n\n<p class=\"has-drop-cap\">Seit 1994 gibt es an unserer Schule einen engagierten F\u00f6rderverein, der unsere Schulgemeinschaft auf vielf\u00e4ltige Weise unterst\u00fctzt. Ob bei der Gestaltung des Schulhofs, der Anschaffung von Materialien oder der F\u00f6rderung wichtiger Projekte \u2013 der F\u00f6rderverein tr\u00e4gt ma\u00dfgeblich dazu bei, dass unsere Schule ein lebens- und lernenswerter Ort bleibt.<\/p>\n\n\n\n<p>Ein besonderes Anliegen ist dem Verein auch die Unterst\u00fctzung von Veranstaltungen des Pr\u00e4ventionsrates gegen Gewalt und Missbrauch in den vierten Klassen. Hier leistet der F\u00f6rderverein regelm\u00e4\u00dfig finanzielle Zusch\u00fcsse und zeigt damit, wie wichtig ihm die Sicherheit und das Wohlergehen unserer Sch\u00fclerinnen und Sch\u00fcler ist.<\/p>\n\n\n\n<p>Dar\u00fcber hinaus bietet der F\u00f6rderverein T-Shirts, Sweatshirts, Handt\u00fccher und Base-Caps in verschiedenen Farben mit dem eingestickten Schullogo an \u2013 eine tolle M\u00f6glichkeit, unsere Schulgemeinschaft auch nach au\u00dfen hin sichtbar zu machen.<\/p>\n\n\n\n<p>Wenn Sie Interesse an einer Mitgliedschaft oder an den angebotenen Artikeln haben, wenden Sie sich gerne an unsere Vorsitzende <strong><a href=\"https:\/\/wordpress.nibis.de\/gs-uchte\/kontakt\/\" data-type=\"URL\" data-id=\"https:\/\/wordpress.nibis.de\/gs-uchte\/kontakt\/\">Tina Heinecke<\/a><\/strong>. <br>Jede Unterst\u00fctzung \u2013 sei es finanziell oder durch pers\u00f6nliches Engagement \u2013 ist herzlich willkommen!<\/p>\n<\/div><\/div>\n\n\n\n<figure class=\"wp-block-image size-large\"><img loading=\"lazy\" decoding=\"async\" width=\"1024\" height=\"787\" src=\"https:\/\/wordpress.nibis.de\/gs-uchte\/files\/2025\/05\/20240513_083328-1024x787.jpg\" alt=\"\" class=\"wp-image-166\" srcset=\"https:\/\/wordpress.nibis.de\/gs-uchte\/files\/2025\/05\/20240513_083328-1024x787.jpg 1024w, https:\/\/wordpress.nibis.de\/gs-uchte\/files\/2025\/05\/20240513_083328-300x231.jpg 300w, https:\/\/wordpress.nibis.de\/gs-uchte\/files\/2025\/05\/20240513_083328-768x591.jpg 768w, https:\/\/wordpress.nibis.de\/gs-uchte\/files\/2025\/05\/20240513_083328-1536x1181.jpg 1536w, https:\/\/wordpress.nibis.de\/gs-uchte\/files\/2025\/05\/20240513_083328-2048x1575.jpg 2048w, https:\/\/wordpress.nibis.de\/gs-uchte\/files\/2025\/05\/20240513_083328-624x480.jpg 624w\" sizes=\"auto, (max-width: 1024px) 100vw, 1024px\" \/><\/figure>\n\n\n\n<p><\/p>\n","protected":false},"excerpt":{"rendered":"<p>Unser F\u00f6rderverein &#8211; gemeinsam f\u00fcr die Grundschule Uchte! Seit 1994 gibt es an unserer Schule einen engagierten F\u00f6rderverein, der unsere Schulgemeinschaft auf vielf\u00e4ltige Weise unterst\u00fctzt. Ob bei der Gestaltung des Schulhofs, der Anschaffung von Materialien oder der F\u00f6rderung wichtiger Projekte \u2013 der F\u00f6rderverein tr\u00e4gt ma\u00dfgeblich dazu bei, dass unsere Schule ein lebens- und lernenswerter Ort [&hellip;]<\/p>\n","protected":false},"author":9194617,"featured_media":0,"parent":0,"menu_order":0,"comment_status":"closed","ping_status":"closed","template":"","meta":{"footnotes":""},"class_list":["post-51","page","type-page","status-publish","hentry"],"_links":{"self":[{"href":"https:\/\/wordpress.nibis.de\/gs-uchte\/wp-json\/wp\/v2\/pages\/51","targetHints":{"allow":["GET"]}}],"collection":[{"href":"https:\/\/wordpress.nibis.de\/gs-uchte\/wp-json\/wp\/v2\/pages"}],"about":[{"href":"https:\/\/wordpress.nibis.de\/gs-uchte\/wp-json\/wp\/v2\/types\/page"}],"author":[{"embeddable":true,"href":"https:\/\/wordpress.nibis.de\/gs-uchte\/wp-json\/wp\/v2\/users\/9194617"}],"replies":[{"embeddable":true,"href":"https:\/\/wordpress.nibis.de\/gs-uchte\/wp-json\/wp\/v2\/comments?post=51"}],"version-history":[{"count":3,"href":"https:\/\/wordpress.nibis.de\/gs-uchte\/wp-json\/wp\/v2\/pages\/51\/revisions"}],"predecessor-version":[{"id":167,"href":"https:\/\/wordpress.nibis.de\/gs-uchte\/wp-json\/wp\/v2\/pages\/51\/revisions\/167"}],"wp:attachment":[{"href":"https:\/\/wordpress.nibis.de\/gs-uchte\/wp-json\/wp\/v2\/media?parent=51"}],"curies":[{"name":"wp","href":"https:\/\/api.w.org\/{rel}","templated":true}]}}