{"id":183,"date":"2023-09-18T22:02:38","date_gmt":"2023-09-18T20:02:38","guid":{"rendered":"https:\/\/wordpress.nibis.de\/gs-wini\/?page_id=183"},"modified":"2025-01-10T09:51:29","modified_gmt":"2025-01-10T08:51:29","slug":"foerderkreis-der-wini","status":"publish","type":"page","link":"https:\/\/wordpress.nibis.de\/gs-wini\/foerderkreis-der-wini\/","title":{"rendered":"Der F\u00f6rderkreis der Wilhelm-Niermann-Schule"},"content":{"rendered":"\n<p>In einer Zeit, in der die finanziellen Mittel immer knapper werden, nimmt der F\u00f6rderkreis der Wilhelm-Niermann-Schule eine entscheidende Rolle ein.<\/p>\n\n\n\n<p>Der F\u00f6rderkreis tr\u00e4gt dazu bei, wichtige Ressourcen f\u00fcr die Schule zu schaffen, wie beispielsweise Spielger\u00e4te, B\u00fccher f\u00fcr die B\u00fccherei, Teppiche in den Klassenr\u00e4umen und vieles mehr.<\/p>\n\n\n\n<p>Dieser F\u00f6rderkreis ist auf Ihre Mithilfe angewiesen und lebt von Ihrem Engagement als Eltern.<\/p>\n\n\n\n<p><strong>Was k\u00f6nnen Sie tun?<\/strong><\/p>\n\n\n\n<p>Falls Sie noch kein Mitglied sind, haben Sie die M\u00f6glichkeit, dem F\u00f6rderkreis beizutreten.<\/p>\n\n\n\n<p>Schon ab einem frei w\u00e4hlbaren Jahresbeitrag ab 15,00 \u20ac k\u00f6nnen Sie dabei sein!<\/p>\n\n\n\n<p>Dar\u00fcber hinaus haben Sie die Chance, sich aktiv einzubringen. Auf unserer Jahreshauptversammlung (jedes Jahr im Herbst) werden aktuelle Themen besprochen. Seien Sie dabei und bringen Sie Ihre Ideen ein.<\/p>\n\n\n\n<p>Wir freuen uns auf Ihre Unterst\u00fctzung!<\/p>\n\n\n\n<ol class=\"wp-block-list\"><li>Vorsitzende: Juliana Cicek<\/li><li>Vorsitzende: Anita Hemken<\/li><\/ol>\n\n\n\n<p>Kontakt zum F\u00f6rderkreis: Wini&#45;&#102;&#111;&#101;&#114;&#x64;&#x65;&#x72;&#x6b;&#x72;&#x65;&#x69;s&#64;gm&#120;&#46;&#100;&#101;<\/p>\n","protected":false},"excerpt":{"rendered":"<p>In einer Zeit, in der die finanziellen Mittel immer knapper werden, nimmt der F\u00f6rderkreis der Wilhelm-Niermann-Schule eine entscheidende Rolle ein. Der F\u00f6rderkreis tr\u00e4gt dazu bei, wichtige Ressourcen f\u00fcr die Schule <a class=\"more-link\" href=\"https:\/\/wordpress.nibis.de\/gs-wini\/foerderkreis-der-wini\/\">Continue Reading &rarr;<\/a><\/p>\n","protected":false},"author":9194251,"featured_media":0,"parent":0,"menu_order":0,"comment_status":"closed","ping_status":"closed","template":"","meta":{"footnotes":""},"class_list":["post-183","page","type-page","status-publish","hentry"],"_links":{"self":[{"href":"https:\/\/wordpress.nibis.de\/gs-wini\/wp-json\/wp\/v2\/pages\/183","targetHints":{"allow":["GET"]}}],"collection":[{"href":"https:\/\/wordpress.nibis.de\/gs-wini\/wp-json\/wp\/v2\/pages"}],"about":[{"href":"https:\/\/wordpress.nibis.de\/gs-wini\/wp-json\/wp\/v2\/types\/page"}],"author":[{"embeddable":true,"href":"https:\/\/wordpress.nibis.de\/gs-wini\/wp-json\/wp\/v2\/users\/9194251"}],"replies":[{"embeddable":true,"href":"https:\/\/wordpress.nibis.de\/gs-wini\/wp-json\/wp\/v2\/comments?post=183"}],"version-history":[{"count":5,"href":"https:\/\/wordpress.nibis.de\/gs-wini\/wp-json\/wp\/v2\/pages\/183\/revisions"}],"predecessor-version":[{"id":1048,"href":"https:\/\/wordpress.nibis.de\/gs-wini\/wp-json\/wp\/v2\/pages\/183\/revisions\/1048"}],"wp:attachment":[{"href":"https:\/\/wordpress.nibis.de\/gs-wini\/wp-json\/wp\/v2\/media?parent=183"}],"curies":[{"name":"wp","href":"https:\/\/api.w.org\/{rel}","templated":true}]}}