{"id":243,"date":"2023-09-27T23:15:30","date_gmt":"2023-09-27T21:15:30","guid":{"rendered":"https:\/\/wordpress.nibis.de\/gs-wini\/?page_id=243"},"modified":"2025-02-21T09:17:28","modified_gmt":"2025-02-21T08:17:28","slug":"schulleitung-und-ansprechpartner","status":"publish","type":"page","link":"https:\/\/wordpress.nibis.de\/gs-wini\/schulleitung-und-ansprechpartner\/","title":{"rendered":"Kontakt"},"content":{"rendered":"\n<p><strong>Adresse:<\/strong><br>Wilhelm-Niermann-Schule<br>Geibelweg 7<br>27755 Delmenhorst<br>Telefon: 04221 50682<br>Fax: 04221 490470<br>E-Mail: sek&#114;&#101;&#116;&#x61;&#x72;&#x69;&#x61;&#x74;&#x40;gsw&#105;&#110;&#105;&#45;&#x64;&#x65;&#x6c;&#x2e;&#x64;&#x65;<\/p>\n\n\n\n<p><strong>Schulleitung:<\/strong><br>Birgit S\u00fc\u00dfmuth<br>E-Mail: &#115;&#99;&#x68;u&#108;&#x6c;&#x65;i&#116;&#x75;&#x6e;g&#64;&#x67;&#x73;w&#105;&#x6e;&#x69;-&#100;&#x65;&#x6c;&#46;&#100;&#x65;<\/p>\n\n\n\n<p>Das Land Niedersachsen ist eine juristische Person des \u00f6ffentlichen Rechts und wird vertreten durch Frau Birgit S\u00fc\u00dfmuth, Schulleiterin der Wilhelm-Niermann-Schule, Delmenhorst.<\/p>\n\n\n\n<p><strong>Schultr\u00e4ger (Dienstanbieter im Sinne des TDG\/MDStV):<\/strong><br>Stadt Delmenhorst vertreten durch die:<br>Oberb\u00fcrgermeisterin<br>Rathausplatz 1<br>27749 Delmenhorst<\/p>\n\n\n\n<p><strong>Datenschutzbeauftragter:<\/strong><br>In Arbeit<\/p>\n\n\n\n<p><strong>Homepage:<\/strong><\/p>\n\n\n\n<p>Kristof Seelhorst<br>E-Mail: &#x6b;&#114;&#105;&#x73;&#x74;&#111;&#102;&#x2e;&#x73;&#101;&#101;&#x6c;&#x68;&#111;&#114;&#x73;&#x74;&#64;&#103;&#x73;&#x77;&#105;&#110;&#x69;&#x2d;&#100;&#101;&#x6c;&#x2e;&#100;&#101;<\/p>\n\n\n\n<p><strong>Haftungsausschluss f\u00fcr verlinkte Webseiten-Inhalte:<\/strong><\/p>\n\n\n\n<p>Wir m\u00f6chten darauf hinweisen, dass wir keinerlei Einfluss auf die Gestaltung und Inhalte der verlinkten Seiten haben. Wir distanzieren uns ausdr\u00fccklich von s\u00e4mtlichen Inhalten auf den verlinkten Seiten und machen uns diese nicht zu eigen. Diese Distanzierung gilt f\u00fcr alle Links auf unserer Internetpr\u00e4senz.<\/p>\n\n\n\n<p>Gem\u00e4\u00df dem Urteil des Landgerichts Hamburg vom 12. Mai 1998 k\u00f6nnte ein Webseitenanbieter unter Umst\u00e4nden f\u00fcr die Inhalte der verlinkten Seiten mitverantwortlich gemacht werden. Um dem vorzubeugen, distanzieren wir uns ausdr\u00fccklich von diesen Inhalten. Dies dient dazu, unsere klare Trennung von den Inhalten der verlinkten Seiten zu verdeutlichen.<\/p>\n","protected":false},"excerpt":{"rendered":"<p>Adresse:Wilhelm-Niermann-SchuleGeibelweg 727755 DelmenhorstTelefon: 04221 50682Fax: 04221 490470E-Mail: &#115;e&#x6b;r&#x65;&#116;&#x61;&#114;&#x69;&#97;t&#x40;g&#x73;&#119;&#x69;&#110;&#x69;&#45;&#x64;&#101;l&#x2e;d&#x65; Schulleitung:Birgit S\u00fc\u00dfmuthE-Mail: &#x73;c&#x68;&#117;&#x6c;&#108;e&#x69;t&#x75;&#110;&#x67;&#64;g&#x73;&#119;&#x69;&#110;i&#x2d;d&#x65;&#108;&#x2e;&#100;e Das Land Niedersachsen ist eine juristische Person des \u00f6ffentlichen Rechts und wird vertreten durch Frau Birgit S\u00fc\u00dfmuth, Schulleiterin der <a class=\"more-link\" href=\"https:\/\/wordpress.nibis.de\/gs-wini\/schulleitung-und-ansprechpartner\/\">Continue Reading &rarr;<\/a><\/p>\n","protected":false},"author":9194251,"featured_media":0,"parent":0,"menu_order":0,"comment_status":"closed","ping_status":"closed","template":"","meta":{"footnotes":""},"class_list":["post-243","page","type-page","status-publish","hentry"],"_links":{"self":[{"href":"https:\/\/wordpress.nibis.de\/gs-wini\/wp-json\/wp\/v2\/pages\/243","targetHints":{"allow":["GET"]}}],"collection":[{"href":"https:\/\/wordpress.nibis.de\/gs-wini\/wp-json\/wp\/v2\/pages"}],"about":[{"href":"https:\/\/wordpress.nibis.de\/gs-wini\/wp-json\/wp\/v2\/types\/page"}],"author":[{"embeddable":true,"href":"https:\/\/wordpress.nibis.de\/gs-wini\/wp-json\/wp\/v2\/users\/9194251"}],"replies":[{"embeddable":true,"href":"https:\/\/wordpress.nibis.de\/gs-wini\/wp-json\/wp\/v2\/comments?post=243"}],"version-history":[{"count":12,"href":"https:\/\/wordpress.nibis.de\/gs-wini\/wp-json\/wp\/v2\/pages\/243\/revisions"}],"predecessor-version":[{"id":1066,"href":"https:\/\/wordpress.nibis.de\/gs-wini\/wp-json\/wp\/v2\/pages\/243\/revisions\/1066"}],"wp:attachment":[{"href":"https:\/\/wordpress.nibis.de\/gs-wini\/wp-json\/wp\/v2\/media?parent=243"}],"curies":[{"name":"wp","href":"https:\/\/api.w.org\/{rel}","templated":true}]}}