{"id":294,"date":"2023-11-06T22:16:48","date_gmt":"2023-11-06T21:16:48","guid":{"rendered":"https:\/\/wordpress.nibis.de\/gs-wini\/?page_id=294"},"modified":"2024-08-05T16:37:21","modified_gmt":"2024-08-05T14:37:21","slug":"sozialarbeit-an-schulen","status":"publish","type":"page","link":"https:\/\/wordpress.nibis.de\/gs-wini\/sozialarbeit-an-schulen\/","title":{"rendered":"Sozialarbeit an Schule"},"content":{"rendered":"\n<p><strong>Schule ist nicht nur Lernort, sondern auch Lebensort<\/strong><\/p>\n\n\n\n<p>Seit 2020&nbsp;gibt es den Arbeitsbereich \u201eSozialarbeit an Schulen\u201c an der Wilhelm-Niermann-Schule.<\/p>\n\n\n\n<p>Dieses Angebot ist eine Kooperation der Stadt Delmenhorst mit der Delmenhorster-Jugendhilfe-Stiftung als Tr\u00e4ger und den Delmenhorster Grundschulen.&nbsp;<\/p>\n\n\n\n<p>Sozialarbeit an Schulen ist eine pr\u00e4ventive Form der Jugendhilfe zur F\u00f6rderung und Unterst\u00fctzung von Kindern und Jugendlichen im schulpflichtigen Alter und deren Familien.&nbsp;<\/p>\n\n\n\n<p class=\"has-text-align-center\"><strong>Ziele:<\/strong><\/p>\n\n\n\n<p class=\"has-text-align-center\">\u2022&nbsp;Integration aller Sch\u00fclerInnen                                                                                                                        \u2022&nbsp;Vermittlung von Sozialkompetenz und Konfliktf\u00e4higkeit                                                                               \u2022&nbsp;Gewaltfreie Schule                                                                                                                                       \u2022&nbsp;Zeitnahe Intervention                                                                                                                                   \u2022&nbsp;Pr\u00e4ventive Projekte                                                                                                                                       \u2022&nbsp;Elternarbeit                                                                                                                                                   \u2022&nbsp;Aktive Unterst\u00fctzung an der Schulentwicklung<\/p>\n\n\n\n<p class=\"has-text-align-center\"><strong>Arbeitsschwerpunkt:<\/strong><\/p>\n\n\n\n<p class=\"has-text-align-center\">\u2022&nbsp;Sozialp\u00e4dagogische&nbsp;Einzelfallhilfe                                                                                                                   \u2022&nbsp;Krisenintervention                                                                                                                                                \u2022&nbsp;Konfliktschlichtung                                                                                                                                           \u2022&nbsp;Sozialtrainings im Klassenverband                                                                                                                      \u2022&nbsp;Beratung                                                                                                                                                        \u2022&nbsp;Kooperation und Vernetzung                                                                                                                          \u2022&nbsp;Ferienangebote<\/p>\n\n\n\n<p><strong>Kontaktdaten:&nbsp;<\/strong><\/p>\n\n\n\n<p class=\"has-text-align-left\">Munise Ildem                                                                                                                                            <\/p>\n\n\n\n<p class=\"has-text-align-left\">IServ:&nbsp;<a href=\"&#109;&#x61;&#x69;l&#116;&#x6f;:&#109;&#x75;n&#105;&#x73;e&#46;&#x69;&#x6c;&#100;&#x65;&#x6d;&#64;&#103;&#x73;w&#105;&#x6e;i&#45;&#x64;&#x65;&#108;&#x2e;&#x64;e\">&#x6d;&#x75;&#110;i&#x73;&#x65;&#x2e;&#105;l&#x64;&#x65;&#x6d;&#64;g&#x73;&#x77;&#x69;&#110;i&#x2d;&#x64;&#x65;&#108;&#46;&#x64;&#x65;<\/a>                                                                                                              <\/p>\n\n\n\n<p class=\"has-text-align-left\">E-Mail:&nbsp;<a href=\"&#x6d;&#x61;&#105;l&#x74;&#x6f;&#58;&#105;l&#x64;&#x65;&#109;&#64;s&#x6f;&#x7a;&#105;al&#x61;&#x72;&#98;e&#x69;&#x74;&#45;&#97;n&#x2d;&#x73;&#99;&#104;u&#x6c;&#x65;&#110;&#46;d&#x65;\">&#x69;&#108;d&#x65;&#109;&#64;&#x73;&#111;z&#x69;&#97;l&#x61;&#114;b&#x65;&#x69;t&#x2d;&#x61;&#110;&#x2d;&#x73;&#99;&#x68;&#x75;&#108;e&#x6e;&#46;d&#x65;<\/a>                                                                                                       <\/p>\n\n\n\n<p class=\"has-text-align-left\">Tel.: 04221\/490472 oder 01726759279<\/p>\n\n\n\n<p>Sprechzeiten: nach Vereinbarung<\/p>\n\n\n<h2 class=\"wp-block-post-title\">Sozialarbeit an Schule<\/h2>","protected":false},"excerpt":{"rendered":"<p>Schule ist nicht nur Lernort, sondern auch Lebensort Seit 2020&nbsp;gibt es den Arbeitsbereich \u201eSozialarbeit an Schulen\u201c an der Wilhelm-Niermann-Schule. Dieses Angebot ist eine Kooperation der Stadt Delmenhorst mit der Delmenhorster-Jugendhilfe-Stiftung <a class=\"more-link\" href=\"https:\/\/wordpress.nibis.de\/gs-wini\/sozialarbeit-an-schulen\/\">Continue Reading &rarr;<\/a><\/p>\n","protected":false},"author":9194251,"featured_media":0,"parent":0,"menu_order":0,"comment_status":"closed","ping_status":"closed","template":"","meta":{"footnotes":""},"class_list":["post-294","page","type-page","status-publish","hentry"],"_links":{"self":[{"href":"https:\/\/wordpress.nibis.de\/gs-wini\/wp-json\/wp\/v2\/pages\/294","targetHints":{"allow":["GET"]}}],"collection":[{"href":"https:\/\/wordpress.nibis.de\/gs-wini\/wp-json\/wp\/v2\/pages"}],"about":[{"href":"https:\/\/wordpress.nibis.de\/gs-wini\/wp-json\/wp\/v2\/types\/page"}],"author":[{"embeddable":true,"href":"https:\/\/wordpress.nibis.de\/gs-wini\/wp-json\/wp\/v2\/users\/9194251"}],"replies":[{"embeddable":true,"href":"https:\/\/wordpress.nibis.de\/gs-wini\/wp-json\/wp\/v2\/comments?post=294"}],"version-history":[{"count":19,"href":"https:\/\/wordpress.nibis.de\/gs-wini\/wp-json\/wp\/v2\/pages\/294\/revisions"}],"predecessor-version":[{"id":943,"href":"https:\/\/wordpress.nibis.de\/gs-wini\/wp-json\/wp\/v2\/pages\/294\/revisions\/943"}],"wp:attachment":[{"href":"https:\/\/wordpress.nibis.de\/gs-wini\/wp-json\/wp\/v2\/media?parent=294"}],"curies":[{"name":"wp","href":"https:\/\/api.w.org\/{rel}","templated":true}]}}