{"id":349,"date":"2023-12-04T23:28:43","date_gmt":"2023-12-04T22:28:43","guid":{"rendered":"https:\/\/wordpress.nibis.de\/gs-wini\/?page_id=349"},"modified":"2023-12-04T23:28:44","modified_gmt":"2023-12-04T22:28:44","slug":"datenschutz","status":"publish","type":"page","link":"https:\/\/wordpress.nibis.de\/gs-wini\/datenschutz\/","title":{"rendered":"Datenschutz"},"content":{"rendered":"\n<p><strong>Datenschutzerkl\u00e4rung<\/strong><\/p>\n\n\n\n<p>Verantwortlich:<br>Wilhelm-Niermann-Schule<br>Geibelweg 7<br>27753 Delmenhorst<br>Telefon: 04221 50682<br>Fax: 04221 490470<br>E-Mail: <a href=\"&#109;a&#x69;l&#x74;o&#x3a;&#83;&#x63;&#104;&#x75;&#108;l&#x65;i&#x74;u&#x6e;&#103;&#x40;&#103;&#x73;&#119;&#x69;&#110;i&#x2d;d&#x65;l&#x2e;&#100;&#x65;\">&#x53;&#99;h&#x75;&#108;l&#x65;&#105;t&#x75;&#110;g&#x40;&#103;s&#x77;&#x69;n&#x69;&#x2d;&#100;&#x65;&#x6c;&#46;&#x64;&#x65;<\/a><\/p>\n\n\n\n<p>Vertretungsberechtigt:<br>Birgit S\u00fc\u00dfmuth, Schulleiterin<\/p>\n\n\n\n<p><strong>2. Datenschutzbeauftragter<\/strong>:<\/p>\n\n\n\n<p>Wilhelm-Niermann-Schule<br>Geibelweg 7<br>27753 Delmenhorst<br>Telefon: 04221 50682<br>Fax: 04221 490470<br>E-Mail: &#8211;<\/p>\n\n\n\n<p><strong>3. Bereitstellung der Website und Logfiles:<\/strong><br>Beim Aufruf unserer Website erfasst unser System automatisch Daten vom Rechner des Nutzers, darunter Datum, Uhrzeit, Fehlermeldungen, IP-Adresse, Betriebssystem, Browsertyp und aufgerufene Seiten. Diese Daten werden in Logfiles gespeichert, jedoch nicht mit personenbezogenen Daten verkn\u00fcpft. Der Zweck ist die technische Optimierung der Website. Die Speicherung erfolgt f\u00fcr 52 Wochen zu statistischen Zwecken und wird danach gel\u00f6scht.<\/p>\n\n\n\n<p><strong>4. Verwendung von Cookies:<\/strong><br>Beim Seitenbesuch wird ein Session-Cookie gesetzt, das die Browser-Sitzung auf Ihrem Rechner identifiziert und nach Sitzungsende gel\u00f6scht wird. Diese Cookies dienen der technischen Optimierung der Website. Sie haben die M\u00f6glichkeit, Cookies zu blockieren, was jedoch die Nutzung der Website beeintr\u00e4chtigen k\u00f6nnte.<\/p>\n\n\n\n<p><strong>5. Speicherung personenbezogener Daten bei Kontaktaufnahme:<\/strong><br>Kontaktieren Sie uns per E-Mail, werden Ihre \u00fcbermittelten Daten automatisch gespeichert, um Ihre Anfrage zu bearbeiten. Bei Nutzung des Kontaktformulars werden Name, Adresse und E-Mail-Adresse gespeichert. Die Daten werden gel\u00f6scht, wenn sie nicht mehr f\u00fcr die Anfragebearbeitung ben\u00f6tigt werden.<\/p>\n\n\n\n<p><strong>6. Betroffenenrechte<\/strong>:<br>Sie haben das Recht auf Auskunft, Berichtigung, L\u00f6schung, Einschr\u00e4nkung der Verarbeitung, Widerspruch, Daten\u00fcbertragbarkeit und Widerruf Ihrer Einwilligung gem\u00e4\u00df DSGVO. Beschwerden k\u00f6nnen an die Landesbeauftragte f\u00fcr den Datenschutz Niedersachsen gerichtet werden.<\/p>\n","protected":false},"excerpt":{"rendered":"<p>Datenschutzerkl\u00e4rung Verantwortlich:Wilhelm-Niermann-SchuleGeibelweg 727753 DelmenhorstTelefon: 04221 50682Fax: 04221 490470E-Mail: &#x53;&#x63;&#x68;&#x75;&#108;&#108;&#101;&#105;tun&#x67;&#x40;&#x67;&#x73;&#x77;&#105;&#110;&#105;-de&#x6c;&#x2e;&#x64;&#x65; Vertretungsberechtigt:Birgit S\u00fc\u00dfmuth, Schulleiterin 2. Datenschutzbeauftragter: Wilhelm-Niermann-SchuleGeibelweg 727753 DelmenhorstTelefon: 04221 50682Fax: 04221 490470E-Mail: &#8211; 3. Bereitstellung der Website und Logfiles:Beim Aufruf unserer <a class=\"more-link\" href=\"https:\/\/wordpress.nibis.de\/gs-wini\/datenschutz\/\">Continue Reading &rarr;<\/a><\/p>\n","protected":false},"author":9194251,"featured_media":0,"parent":0,"menu_order":0,"comment_status":"closed","ping_status":"closed","template":"","meta":{"footnotes":""},"class_list":["post-349","page","type-page","status-publish","hentry"],"_links":{"self":[{"href":"https:\/\/wordpress.nibis.de\/gs-wini\/wp-json\/wp\/v2\/pages\/349","targetHints":{"allow":["GET"]}}],"collection":[{"href":"https:\/\/wordpress.nibis.de\/gs-wini\/wp-json\/wp\/v2\/pages"}],"about":[{"href":"https:\/\/wordpress.nibis.de\/gs-wini\/wp-json\/wp\/v2\/types\/page"}],"author":[{"embeddable":true,"href":"https:\/\/wordpress.nibis.de\/gs-wini\/wp-json\/wp\/v2\/users\/9194251"}],"replies":[{"embeddable":true,"href":"https:\/\/wordpress.nibis.de\/gs-wini\/wp-json\/wp\/v2\/comments?post=349"}],"version-history":[{"count":1,"href":"https:\/\/wordpress.nibis.de\/gs-wini\/wp-json\/wp\/v2\/pages\/349\/revisions"}],"predecessor-version":[{"id":350,"href":"https:\/\/wordpress.nibis.de\/gs-wini\/wp-json\/wp\/v2\/pages\/349\/revisions\/350"}],"wp:attachment":[{"href":"https:\/\/wordpress.nibis.de\/gs-wini\/wp-json\/wp\/v2\/media?parent=349"}],"curies":[{"name":"wp","href":"https:\/\/api.w.org\/{rel}","templated":true}]}}