{"id":392,"date":"2023-12-13T20:48:19","date_gmt":"2023-12-13T19:48:19","guid":{"rendered":"https:\/\/wordpress.nibis.de\/gs-wini\/?page_id=392"},"modified":"2024-01-28T16:06:51","modified_gmt":"2024-01-28T15:06:51","slug":"kooperationen-an-der-wini","status":"publish","type":"page","link":"https:\/\/wordpress.nibis.de\/gs-wini\/kooperationen-an-der-wini\/","title":{"rendered":"Kooperationen an und mit der Wini"},"content":{"rendered":"\n<p><strong>St.Marien Kirche Delmenhorst<\/strong><\/p>\n\n\n\n<p>Dr\u00fccken sie den Kirchen-Emoji-Button rechts \u201eSt.Marien Kirche Delmenhorst\u201c <a rel=\"noreferrer noopener\" href=\"https:\/\/www.st-marien-delmenhorst.de\/start\" data-type=\"URL\" data-id=\"https:\/\/www.st-marien-delmenhorst.de\/start\" target=\"_blank\">\ud83d\udc92<\/a>.<\/p>\n\n\n\n<p>Dr\u00fccken sie den Kirchen-Emoji-Button rechts \u201eChristliche Events\u201c an der Wini <a href=\"https:\/\/wordpress.nibis.de\/gs-wini\/christliche-events\/\" data-type=\"URL\" data-id=\"https:\/\/wordpress.nibis.de\/gs-wini\/christliche-events\/\" target=\"_blank\" rel=\"noreferrer noopener\">\u26ea\ufe0f.<\/a><\/p>\n\n\n\n<p><strong>Interessen Gemeinschaft \u201eIG\u201c KOV Delmenhorst<\/strong><\/p>\n\n\n\n<figure class=\"wp-block-image size-large\"><img loading=\"lazy\" decoding=\"async\" width=\"1024\" height=\"413\" src=\"https:\/\/wordpress.nibis.de\/gs-wini\/files\/2024\/01\/IMG_0877-1024x413.jpeg\" alt=\"\" class=\"wp-image-550\" srcset=\"https:\/\/wordpress.nibis.de\/gs-wini\/files\/2024\/01\/IMG_0877-1024x413.jpeg 1024w, https:\/\/wordpress.nibis.de\/gs-wini\/files\/2024\/01\/IMG_0877-300x121.jpeg 300w, https:\/\/wordpress.nibis.de\/gs-wini\/files\/2024\/01\/IMG_0877-768x310.jpeg 768w, https:\/\/wordpress.nibis.de\/gs-wini\/files\/2024\/01\/IMG_0877-1536x620.jpeg 1536w, https:\/\/wordpress.nibis.de\/gs-wini\/files\/2024\/01\/IMG_0877.jpeg 1993w\" sizes=\"auto, (max-width: 1024px) 100vw, 1024px\" \/><\/figure>\n\n\n\n<p>Die IG &#8222;Comic&#8220; durchgef\u00fchrt von Herrn Frank Jan\u00dfen, richtet sich an Kinder aus dem KOV-Bereich und anderen Grundschulen. Sie trifft sich vierzehnt\u00e4gig dienstags von 14:00 bis 15:30 Uhr. Voraussetzungen sind Interesse an Comics, Kenntnisse im Tablet-Umgang, Einfallsreichtum, Zeichen- oder Fotografieinteresse sowie fortgeschrittene Lese- und Schreibkenntnisse. Die Inhalte umfassen den Austausch \u00fcber Comics, die eigene Autorrolle, Tablet-Comicplanung mit &#8222;Book Creator&#8220; und die abschlie\u00dfende Pr\u00e4sentation.<\/p>\n\n\n\n<p>Die IG &#8222;Natur und Technik&#8220; durchgef\u00fchrt von Herrn Kristof Seelhorst, steht ebenfalls offen f\u00fcr Kinder aus dem KOV-Bereich sowie anderen Grundschulen und findet zur gleichen Zeit wie die &#8222;Comic&#8220;-IG statt. Sie erfordert gro\u00dfes Interesse an sachunterrichtlichen Themen, Freude am Basteln und T\u00fcfteln, technisches Grundverst\u00e4ndnis sowie Neugier. Die Inhalte konzentrieren sich auf Experimente und Forschung zu Naturph\u00e4nomenen und Technik. Das Ziel ist die F\u00f6rderung der F\u00e4higkeiten zur selbstst\u00e4ndigen Problemdarstellung, Materialsuche, -verarbeitung und kritischen Auseinandersetzung.<\/p>\n\n\n\n<p>\u201e<strong>Schulobst an der Wini\u201c EU unterst\u00fctzes Programm<\/strong><\/p>\n\n\n\n<p><a href=\"https:\/\/www.schulprogramm.niedersachsen.de\/\" data-type=\"URL\" data-id=\"https:\/\/www.schulprogramm.niedersachsen.de\/\" target=\"_blank\" rel=\"noreferrer noopener\">Das EU-Schulprogramm \u201eSchulobst\u201c<\/a>, das die kostenlose Verteilung von Obst, Gem\u00fcse und Milch in der gesamten Europ\u00e4ischen Union unterst\u00fctzt, kooperiert mit den regionalen Landwirten im Umkreis der Bildungseinrichtungen.<\/p>\n\n\n\n<p>Trotz bestehender Empfehlungen f\u00fcr eine ausgewogene Ern\u00e4hrung erhalten Kinder bis 11 Jahre immer noch nicht die empfohlene Menge an Obst und Gem\u00fcse. Zus\u00e4tzlich zum Obst und Gem\u00fcse ist Milch wichtig, welches reich an leicht absorbierbaren Mineralstoffen ist, und spielt eine wesentliche Rolle f\u00fcr die gesunde Entwicklung, insbesondere im Kindesalter.<\/p>\n\n\n\n<p>Die Wini Lehrenden stellen vermehrt fest, dass Kinder entweder ohne Fr\u00fchst\u00fcck und ohne eine gesundheitsf\u00f6rdernde Vormittagsverpflegung zur Wini kommen. Die Teilnahme am EU-Schulprogramm erm\u00f6glicht der Wini, aktiv zur Erreichung der empfohlenen Tagesdosis an Obst, Gem\u00fcse und Milch beizutragen, wodurch die F\u00f6rderung gesunder Essgewohnheiten unterst\u00fctzt wird.<\/p>\n\n\n\n<p><strong>Evangelische Kindertagesst\u00e4tte Zach\u00e4us<\/strong><\/p>\n\n\n\n<p>Viermal im Jahr bereiten die Jahrg\u00e4nge der 1., 2., 3. und 4. Klassen jeweils f\u00fcr die Vorschulkinder des Zach\u00e4us Kindergartens ein besonderes Br\u00fccken-Event vor, das sie auf die Vorbereitung f\u00fcr die Grundschule vorbereitet. Hier erleben die Kinder verschiedene Aktivit\u00e4ten, die ihnen helfen, sich als Vorschulkind auf den Weg zur Schule vorzubereiten und zu lernen. Dies umfasst unter anderem Kompetenzen in den F\u00e4chern Sport, Musik, Kunst, Religion, Deutsch und Mathematik.<\/p>\n\n\n\n<p><strong>Matheolympiade<\/strong><\/p>\n\n\n\n<p>Die <a href=\"https:\/\/www.mo-ni.de\/infos\">Mathematik-Olympiade in Niedersachse<\/a><a rel=\"noreferrer noopener\" href=\"https:\/\/www.mo-ni.de\/infos\" target=\"_blank\">n<\/a> ist ein j\u00e4hrlicher Einzelwettbewerb, der getrennt nach Klassenstufen stattfindet. Obwohl sie bundesweit organisiert wird, erfolgt die Durchf\u00fchrung in jedem Bundesland autonom \u2013 so auch in Niedersachsen.<\/p>\n\n\n\n<p>In bis zu vier Runden haben die Teilnehmer die Aufgabe, drei bis sechs mathematische Probleme zu l\u00f6sen. Dabei sind vor allem logisches Denken, Kombinationsf\u00e4higkeit und kreativer Umgang mit mathematischen Methoden gefragt.<\/p>\n\n\n\n<p>Die Mathematik-Olympiade in Niedersachsen ist als gef\u00f6rderter Sch\u00fclerwettbewerb vom nieders\u00e4chsischen Kultusministerium anerkannt. Diese Olympiade ist Teil des deutschlandweiten Wettbewerbs und bietet Sch\u00fclern die M\u00f6glichkeit, ihre mathematischen F\u00e4higkeiten auf anspruchsvolle Weise zu testen und weiterzuentwickeln.<\/p>\n","protected":false},"excerpt":{"rendered":"<p>St.Marien Kirche Delmenhorst Dr\u00fccken sie den Kirchen-Emoji-Button rechts \u201eSt.Marien Kirche Delmenhorst\u201c \ud83d\udc92. Dr\u00fccken sie den Kirchen-Emoji-Button rechts \u201eChristliche Events\u201c an der Wini \u26ea\ufe0f. Interessen Gemeinschaft \u201eIG\u201c KOV Delmenhorst Die IG <a class=\"more-link\" href=\"https:\/\/wordpress.nibis.de\/gs-wini\/kooperationen-an-der-wini\/\">Continue Reading &rarr;<\/a><\/p>\n","protected":false},"author":9194251,"featured_media":0,"parent":0,"menu_order":0,"comment_status":"closed","ping_status":"closed","template":"","meta":{"footnotes":""},"class_list":["post-392","page","type-page","status-publish","hentry"],"_links":{"self":[{"href":"https:\/\/wordpress.nibis.de\/gs-wini\/wp-json\/wp\/v2\/pages\/392","targetHints":{"allow":["GET"]}}],"collection":[{"href":"https:\/\/wordpress.nibis.de\/gs-wini\/wp-json\/wp\/v2\/pages"}],"about":[{"href":"https:\/\/wordpress.nibis.de\/gs-wini\/wp-json\/wp\/v2\/types\/page"}],"author":[{"embeddable":true,"href":"https:\/\/wordpress.nibis.de\/gs-wini\/wp-json\/wp\/v2\/users\/9194251"}],"replies":[{"embeddable":true,"href":"https:\/\/wordpress.nibis.de\/gs-wini\/wp-json\/wp\/v2\/comments?post=392"}],"version-history":[{"count":12,"href":"https:\/\/wordpress.nibis.de\/gs-wini\/wp-json\/wp\/v2\/pages\/392\/revisions"}],"predecessor-version":[{"id":632,"href":"https:\/\/wordpress.nibis.de\/gs-wini\/wp-json\/wp\/v2\/pages\/392\/revisions\/632"}],"wp:attachment":[{"href":"https:\/\/wordpress.nibis.de\/gs-wini\/wp-json\/wp\/v2\/media?parent=392"}],"curies":[{"name":"wp","href":"https:\/\/api.w.org\/{rel}","templated":true}]}}