{"id":396,"date":"2023-12-13T20:44:46","date_gmt":"2023-12-13T19:44:46","guid":{"rendered":"https:\/\/wordpress.nibis.de\/gs-wini\/?page_id=396"},"modified":"2024-01-28T15:57:07","modified_gmt":"2024-01-28T14:57:07","slug":"bewegungs-events","status":"publish","type":"page","link":"https:\/\/wordpress.nibis.de\/gs-wini\/bewegungs-events\/","title":{"rendered":"Bewegungs-Events"},"content":{"rendered":"\n<p><strong>Bewegungspass<\/strong> <strong>Niedersachsen<\/strong><\/p>\n\n\n\n<p>Der <a rel=\"noreferrer noopener\" href=\"https:\/\/del-ol.bewegungspass-nds.de\/so-gehts\/\" data-type=\"URL\" data-id=\"https:\/\/del-ol.bewegungspass-nds.de\/so-gehts\/\" target=\"_blank\">Bewegungspass<\/a> ist ein Konzept an Kitas und Grundschulen. Die Wini nimmt als gesamte Einrichtung f\u00fcr jeweils zwei unterschiedliche Aktionszeitr\u00e4ume im Kalenderjahr teil. Vor Beginn des ersten Aktionszeitraumes stellt die Sportregion das erforderliche Material den teilnehmenden Kitas und Grundschulen zur Verf\u00fcgung, damit sie es gezielt an die Kinder weiterreichen k\u00f6nnen. Diese praxisorientierte Herangehensweise erm\u00f6glicht eine effektive Umsetzung und F\u00f6rderung des Bewegens.<\/p>\n\n\n\n<p><strong>Verkehrserziehung<\/strong> <strong>und Fahrradf\u00fchrerschein<\/strong><\/p>\n\n\n\n<p>Die Verkehrserziehung ist ein integrierter Bestandteil des Sachunterrichts und beginnt nicht erst mit der Fahrradpr\u00fcfung in der dritten Klasse. Schon von klein auf lernen die Kinder, sich im Stra\u00dfenverkehr korrekt und sicher zu verhalten. Dies umfasst vielf\u00e4ltige Aspekte wie das angemessene Verhalten auf dem Fu\u00df- und Fahrradweg, die sichere \u00dcberquerung der Stra\u00dfe, das Beachten von Beschilderungen sowie die R\u00fccksichtnahme auf andere Verkehrsteilnehmer, unabh\u00e4ngig von ihrer Gr\u00f6\u00dfe.<\/p>\n\n\n\n<p>Die Fahrradpr\u00fcfung, auch als Fahrradf\u00fchrerschein bekannt, bildet den H\u00f6hepunkt dieser Verkehrserziehung. Durchgef\u00fchrt von der Polizei Delmenhorst und unterst\u00fctzt von der Elternschaft des dritten Jahrgangs, markiert sie einen wichtigen Abschluss dieses Bildungsprozesses. Dabei werden sowohl praktische als auch theoretische Kenntnisse vermittelt, die im Sachunterricht erworben werden. Dieser integrierte Ansatz erm\u00f6glicht den Sch\u00fclern ein umfassendes Verst\u00e4ndnis f\u00fcr das korrekte Verhalten im Stra\u00dfenverkehr. Hierzu geh\u00f6rt nicht nur die richtige Fortbewegung, sondern auch das Verhalten auf unterschiedlichen Wegen, die Beachtung von Verkehrszeichen und die R\u00fccksichtnahme auf die Vielfalt der Verkehrsteilnehmer.<\/p>\n\n\n\n<p>Insgesamt stellt die Schule durch ihre ganzheitliche Verkehrserziehung sicher, dass die Sicherheit der Sch\u00fclerinnen und Sch\u00fcler im Stra\u00dfenverkehr kontinuierlich gef\u00f6rdert wird, wobei die Fahrradpr\u00fcfung als bedeutender Meilenstein in diesem Prozess fungiert.<\/p>\n\n\n\n<p><strong>Autofreie Tage (Schule)<\/strong><\/p>\n\n\n\n<p>In einer 4- bis 6-w\u00f6chigen Veranstaltungsphase (meist in den Monaten August\/September) findet der Wettbewerb \u201cAutoFREIE-Schule 20XX\u201d f\u00fcr Grundschulen und F\u00f6rderschulen statt, an dem auch die Wini stets teilnimmt. F\u00fcr mehr Infos dr\u00fccken sie den Verkehrs-Emoji-Button <a rel=\"noreferrer noopener\" href=\"https:\/\/bildungsportal-niedersachsen.de\/mobilitaet\/unterricht-und-praxis\/primarbereich\/wettbewerbe\" target=\"_blank\">\ud83d\udea6<\/a><\/p>\n\n\n\n<p><strong>Schwimmunterricht<\/strong><\/p>\n\n\n\n<p>Der Schwimmunterricht f\u00fcr die Sch\u00fclerinnen und Sch\u00fcler der Wini findet in der <a href=\"https:\/\/www.grafttherme.de\/\" data-type=\"URL\" data-id=\"https:\/\/www.grafttherme.de\/\" target=\"_blank\" rel=\"noreferrer noopener\">Graft Therme<\/a> statt. Gelehrt wird in der Regel in drei Leistungsgruppen:<\/p>\n\n\n\n<ol class=\"wp-block-list\"><li>Wassergew\u00f6hnung\/Seepferdchen im Lehrbecken.<\/li><li>Bronze im 25m Schwimmbecken.<\/li><li>Silber\/Gold im 25m Schwimmbecken.<\/li><\/ol>\n\n\n\n<p>Die Becken sind jeweils mit S\u00fc\u00dfwasser gef\u00fcllt. Die Sch\u00fclerinnen und Sch\u00fcler haben die M\u00f6glichkeit, innerhalb eines Jahres vom Nichtschwimmer zum Inhaber des Schwimmabzeichens Gold zu werden.<\/p>\n\n\n\n<p><strong>DSA und Sportfest<\/strong><\/p>\n\n\n\n<p>Es ist nun offiziell: Die Wini-Schule ist wieder mit dabei bei der <a href=\"https:\/\/deutsches-sportabzeichen.de\/veranstaltungen\/sportabzeichen-tour\" data-type=\"URL\" data-id=\"https:\/\/deutsches-sportabzeichen.de\/veranstaltungen\/sportabzeichen-tour\">\u201eSportabzeichen Tour 2024\u201c<\/a> in Delmenhorst, organisiert vom DOSB am 7. Juni 2024! Unsere 3. und 4. Klassen haben einen spannenden Zeitslot von 8:30 bis 11:30 Uhr. Lasst uns gemeinsam die 3. und 4. Klassen an den Deutschen Sportabzeichen Challenges 2024 unterst\u00fctzen! \ud83c\udfc5\ud83d\udcaa\ud83d\ude03 <\/p>\n","protected":false},"excerpt":{"rendered":"<p>Bewegungspass Niedersachsen Der Bewegungspass ist ein Konzept an Kitas und Grundschulen. Die Wini nimmt als gesamte Einrichtung f\u00fcr jeweils zwei unterschiedliche Aktionszeitr\u00e4ume im Kalenderjahr teil. Vor Beginn des ersten Aktionszeitraumes <a class=\"more-link\" href=\"https:\/\/wordpress.nibis.de\/gs-wini\/bewegungs-events\/\">Continue Reading &rarr;<\/a><\/p>\n","protected":false},"author":9194251,"featured_media":0,"parent":0,"menu_order":0,"comment_status":"closed","ping_status":"closed","template":"","meta":{"footnotes":""},"class_list":["post-396","page","type-page","status-publish","hentry"],"_links":{"self":[{"href":"https:\/\/wordpress.nibis.de\/gs-wini\/wp-json\/wp\/v2\/pages\/396","targetHints":{"allow":["GET"]}}],"collection":[{"href":"https:\/\/wordpress.nibis.de\/gs-wini\/wp-json\/wp\/v2\/pages"}],"about":[{"href":"https:\/\/wordpress.nibis.de\/gs-wini\/wp-json\/wp\/v2\/types\/page"}],"author":[{"embeddable":true,"href":"https:\/\/wordpress.nibis.de\/gs-wini\/wp-json\/wp\/v2\/users\/9194251"}],"replies":[{"embeddable":true,"href":"https:\/\/wordpress.nibis.de\/gs-wini\/wp-json\/wp\/v2\/comments?post=396"}],"version-history":[{"count":11,"href":"https:\/\/wordpress.nibis.de\/gs-wini\/wp-json\/wp\/v2\/pages\/396\/revisions"}],"predecessor-version":[{"id":628,"href":"https:\/\/wordpress.nibis.de\/gs-wini\/wp-json\/wp\/v2\/pages\/396\/revisions\/628"}],"wp:attachment":[{"href":"https:\/\/wordpress.nibis.de\/gs-wini\/wp-json\/wp\/v2\/media?parent=396"}],"curies":[{"name":"wp","href":"https:\/\/api.w.org\/{rel}","templated":true}]}}