{"id":398,"date":"2023-12-13T20:52:11","date_gmt":"2023-12-13T19:52:11","guid":{"rendered":"https:\/\/wordpress.nibis.de\/gs-wini\/?page_id=398"},"modified":"2026-04-07T11:37:00","modified_gmt":"2026-04-07T09:37:00","slug":"schulevents-und-tagesausfluege","status":"publish","type":"page","link":"https:\/\/wordpress.nibis.de\/gs-wini\/schulevents-und-tagesausfluege\/","title":{"rendered":"Schulevents und Tagesausfl\u00fcge"},"content":{"rendered":"\n<p><strong>RUZ Hollen<\/strong><\/p>\n\n\n\n<p>Seit 1996 ist das Regionale Umweltzentrum eine au\u00dferschulische Bildungseinrichtung mit Schwerpunkt auf Bildung f\u00fcr nachhaltige Entwicklung. Unser Standort im malerischen Ortsteil Hollen der Gemeinde Ganderkesee bietet eine ideale Umgebung f\u00fcr unser vielf\u00e4ltiges Kursprogramm. Unsere Angebote konzentrieren sich auf die Schwerpunkte Wald und Natur, Ern\u00e4hrung und Landwirtschaft, Energiesparen sowie Naturwissenschaften.<\/p>\n\n\n\n<p>Im &#8222;Wald und Natur&#8220;-Schwerpunkt erkunden die Teilnehmer die lokale Flora und Fauna, vertiefen ihr Verst\u00e4ndnis \u00f6kologischer Zusammenh\u00e4nge und lernen nachhaltige Waldbewirtschaftung kennen.<\/p>\n\n\n\n<p>Im Bereich &#8222;Ern\u00e4hrung und Landwirtschaft&#8220; liegt der Fokus auf nachhaltiger Ern\u00e4hrung und landwirtschaftlichen Praktiken. Hier erhalten Teilnehmer Einblicke in \u00f6kologische Anbaumethoden sowie Lebensmittelproduktion und -verarbeitung.<\/p>\n\n\n\n<p>Unser &#8222;Energiesparen&#8220;-Kursprogramm vermittelt Wissen \u00fcber nachhaltige Energiequellen und -nutzung. Praktische Ma\u00dfnahmen zur Energieeinsparung im Alltag werden dabei ebenso behandelt.<\/p>\n\n\n\n<p>Im &#8222;Naturwissenschaften&#8220;-Bereich f\u00f6rdern wir das Interesse durch spannende Experimente und Beobachtungen, um grundlegende wissenschaftliche Prinzipien zu vermitteln.<\/p>\n\n\n\n<p>Unser Einzugsgebiet erstreckt sich \u00fcber den Landkreis Oldenburg und die Stadt Delmenhorst. Insgesamt sind wir bestrebt, durch unsere Programme einen Beitrag zur nachhaltigen Bildung und Umweltbewusstsein zu leisten.<\/p>\n\n\n\n<p><strong>Gesundes Fr\u00fchst\u00fcck<\/strong><\/p>\n\n\n\n<p>Die Initiative \u201eGesundes Fr\u00fchst\u00fcck&#8220; wird viermal im Jahr angeboten und ist eine von den jeweiligen Jahrg\u00e4ngen organisierte und durchgef\u00fchrte Veranstaltung. An diesen Tagen haben alle in der Schule Anwesenden die M\u00f6glichkeit, in der zweiten Stunde an einem Buffet ein individuelles Fr\u00fchst\u00fcck zusammenzustellen und f\u00fcr einen symbolischen Betrag zum Unkostenpreis zu bezahlen. An den Kassen stehen dabei die Kinder des jeweiligen Jahrgangs, unterst\u00fctzt von anwesenden Eltern, die den Verkauf koordinieren. Das gemeinsame Essen findet in den Klassenzimmern statt. Diese Aktion verfolgt nicht nur das Ziel, eine gesunde Ern\u00e4hrung kennenzulernen und zu f\u00f6rdern, sondern bietet auch die Gelegenheit, den bewussten Umgang mit Geld zu \u00fcben und somit die finanziellen Kompetenzen der Kinder zu st\u00e4rken.<\/p>\n\n\n\n<p><strong>Fasching an der Wini<\/strong><\/p>\n\n\n\n<p>Fasching an der Wini, insbesondere der traditionelle Rosenmontag, stellt einen integralen Bestandteil des p\u00e4dagogischen Ansatzes dar. Das Konzept erlaubt den Kindern, durch das Schl\u00fcpfen in andere Rollen ihre kreativen F\u00e4higkeiten zu entfalten. In den ersten beiden Stunden verbringen die Klassen gemeinsame Zeit mit Aktivit\u00e4ten wie dem Fr\u00fchst\u00fccken und kleinen Klassenspielen.<\/p>\n\n\n\n<p>Die p\u00e4dagogische Erweiterung zeigt sich in der F\u00f6rderung der sozialen Interaktion, der Teamarbeit und der Entwicklung individueller Pers\u00f6nlichkeiten. In den folgenden Stunden werden den Kindern verschiedene Aktivit\u00e4ten in verschiedenen Bereichen der Wini angeboten, darunter Kinderdisco, Basteln, Malen und Kino. Diese vielf\u00e4ltigen Angebote erm\u00f6glichen es den Kindern, ihre Interessen zu erkunden und ihre kreativen Potenziale zu entfalten.<\/p>\n\n\n\n<p><strong>Arbeitsgemeinschaften \u201eAG\u201c<\/strong><\/p>\n\n\n\n<p>Die Themen der Arbeitsgemeinschaften sollten den Interessen der Kinder widerspiegeln. Die Kinder haben die M\u00f6glichkeit, mit einem Wahlzettel ihr pers\u00f6nliches Ranking von vier AGs f\u00fcr dieses Halbjahr auszuw\u00e4hlen, indem sie ihre Pr\u00e4ferenzen mit 1, 2, 3 bewerten. Nicht immer kann der erste oder zweite Wunsch zugewiesen werden. Die AGs finden jahrgangs\u00fcbergreifend statt, sodass der dritte und vierte Jahrgang gemeinsam am Mittwoch in der 6. Stunde teilnehmen. In diesem Halbjahr werden den Kindern 4 AGs angeboten:<\/p>\n","protected":false},"excerpt":{"rendered":"<p>RUZ Hollen Seit 1996 ist das Regionale Umweltzentrum eine au\u00dferschulische Bildungseinrichtung mit Schwerpunkt auf Bildung f\u00fcr nachhaltige Entwicklung. Unser Standort im malerischen Ortsteil Hollen der Gemeinde Ganderkesee bietet eine ideale <a class=\"more-link\" href=\"https:\/\/wordpress.nibis.de\/gs-wini\/schulevents-und-tagesausfluege\/\">Continue Reading &rarr;<\/a><\/p>\n","protected":false},"author":9194251,"featured_media":0,"parent":0,"menu_order":0,"comment_status":"closed","ping_status":"closed","template":"","meta":{"footnotes":""},"class_list":["post-398","page","type-page","status-publish","hentry"],"_links":{"self":[{"href":"https:\/\/wordpress.nibis.de\/gs-wini\/wp-json\/wp\/v2\/pages\/398","targetHints":{"allow":["GET"]}}],"collection":[{"href":"https:\/\/wordpress.nibis.de\/gs-wini\/wp-json\/wp\/v2\/pages"}],"about":[{"href":"https:\/\/wordpress.nibis.de\/gs-wini\/wp-json\/wp\/v2\/types\/page"}],"author":[{"embeddable":true,"href":"https:\/\/wordpress.nibis.de\/gs-wini\/wp-json\/wp\/v2\/users\/9194251"}],"replies":[{"embeddable":true,"href":"https:\/\/wordpress.nibis.de\/gs-wini\/wp-json\/wp\/v2\/comments?post=398"}],"version-history":[{"count":10,"href":"https:\/\/wordpress.nibis.de\/gs-wini\/wp-json\/wp\/v2\/pages\/398\/revisions"}],"predecessor-version":[{"id":1898,"href":"https:\/\/wordpress.nibis.de\/gs-wini\/wp-json\/wp\/v2\/pages\/398\/revisions\/1898"}],"wp:attachment":[{"href":"https:\/\/wordpress.nibis.de\/gs-wini\/wp-json\/wp\/v2\/media?parent=398"}],"curies":[{"name":"wp","href":"https:\/\/api.w.org\/{rel}","templated":true}]}}