{"id":419,"date":"2023-12-13T21:38:04","date_gmt":"2023-12-13T20:38:04","guid":{"rendered":"https:\/\/wordpress.nibis.de\/gs-wini\/?page_id=419"},"modified":"2024-04-29T21:30:56","modified_gmt":"2024-04-29T19:30:56","slug":"sgv-sonderpaedagogische-grundversorgung","status":"publish","type":"page","link":"https:\/\/wordpress.nibis.de\/gs-wini\/sgv-sonderpaedagogische-grundversorgung\/","title":{"rendered":"SGV \u201eSonderp\u00e4dagogische Grundversorgung\u201c"},"content":{"rendered":"\n<p>Die sonderp\u00e4dagogische Grundversorgung (SGV) an Grundschulen ist ein p\u00e4dagogisches Konzept, das darauf abzielt, Sch\u00fclern mit besonderen Bed\u00fcrfnissen oder spezifischen Lernschwierigkeiten fr\u00fchzeitig Unterst\u00fctzung zu bieten. Dabei erhalten diese Sch\u00fcler zus\u00e4tzliche p\u00e4dagogische Ma\u00dfnahmen und F\u00f6rderung, um ihre individuellen Lernbed\u00fcrfnisse besser zu erf\u00fcllen. Das Ziel ist es, die Integration und das Lernen dieser Sch\u00fcler in einer regul\u00e4ren Grundschulumgebung zu erm\u00f6glichen, indem ihre speziellen Bed\u00fcrfnisse ber\u00fccksichtigt und entsprechende Hilfestellungen bereitgestellt werden.<\/p>\n\n\n\n<figure class=\"wp-block-image size-full is-resized\"><img loading=\"lazy\" decoding=\"async\" src=\"https:\/\/wordpress.nibis.de\/gs-wini\/files\/2024\/01\/IMG_0890.jpeg\" alt=\"\" class=\"wp-image-568\" width=\"267\" height=\"400\" srcset=\"https:\/\/wordpress.nibis.de\/gs-wini\/files\/2024\/01\/IMG_0890.jpeg 533w, https:\/\/wordpress.nibis.de\/gs-wini\/files\/2024\/01\/IMG_0890-200x300.jpeg 200w\" sizes=\"auto, (max-width: 267px) 100vw, 267px\" \/><\/figure>\n\n\n\n<p>Kontakt \u00fcber E-Mail: T&#104;&#x65;&#x72;&#x65;s&#97;&#46;&#x74;&#x68;i&#101;&#114;&#x40;&#x67;sw&#105;&#x6e;&#x69;&#x2d;d&#101;&#x6c;&#x2e;&#x64;e<\/p>\n","protected":false},"excerpt":{"rendered":"<p>Die sonderp\u00e4dagogische Grundversorgung (SGV) an Grundschulen ist ein p\u00e4dagogisches Konzept, das darauf abzielt, Sch\u00fclern mit besonderen Bed\u00fcrfnissen oder spezifischen Lernschwierigkeiten fr\u00fchzeitig Unterst\u00fctzung zu bieten. Dabei erhalten diese Sch\u00fcler zus\u00e4tzliche p\u00e4dagogische <a class=\"more-link\" href=\"https:\/\/wordpress.nibis.de\/gs-wini\/sgv-sonderpaedagogische-grundversorgung\/\">Continue Reading &rarr;<\/a><\/p>\n","protected":false},"author":9194251,"featured_media":0,"parent":0,"menu_order":0,"comment_status":"closed","ping_status":"closed","template":"","meta":{"footnotes":""},"class_list":["post-419","page","type-page","status-publish","hentry"],"_links":{"self":[{"href":"https:\/\/wordpress.nibis.de\/gs-wini\/wp-json\/wp\/v2\/pages\/419","targetHints":{"allow":["GET"]}}],"collection":[{"href":"https:\/\/wordpress.nibis.de\/gs-wini\/wp-json\/wp\/v2\/pages"}],"about":[{"href":"https:\/\/wordpress.nibis.de\/gs-wini\/wp-json\/wp\/v2\/types\/page"}],"author":[{"embeddable":true,"href":"https:\/\/wordpress.nibis.de\/gs-wini\/wp-json\/wp\/v2\/users\/9194251"}],"replies":[{"embeddable":true,"href":"https:\/\/wordpress.nibis.de\/gs-wini\/wp-json\/wp\/v2\/comments?post=419"}],"version-history":[{"count":3,"href":"https:\/\/wordpress.nibis.de\/gs-wini\/wp-json\/wp\/v2\/pages\/419\/revisions"}],"predecessor-version":[{"id":852,"href":"https:\/\/wordpress.nibis.de\/gs-wini\/wp-json\/wp\/v2\/pages\/419\/revisions\/852"}],"wp:attachment":[{"href":"https:\/\/wordpress.nibis.de\/gs-wini\/wp-json\/wp\/v2\/media?parent=419"}],"curies":[{"name":"wp","href":"https:\/\/api.w.org\/{rel}","templated":true}]}}