{"id":61,"date":"2023-09-13T22:01:39","date_gmt":"2023-09-13T20:01:39","guid":{"rendered":"https:\/\/wordpress.nibis.de\/gs-wini\/?page_id=61"},"modified":"2025-03-08T08:32:21","modified_gmt":"2025-03-08T07:32:21","slug":"wir-stellen-uns-vor","status":"publish","type":"page","link":"https:\/\/wordpress.nibis.de\/gs-wini\/wir-stellen-uns-vor\/","title":{"rendered":"Leitbild"},"content":{"rendered":"\n<p><strong>Wir stellen uns vor:<\/strong><\/p>\n\n\n\n<p class=\"has-text-align-center\"><em>\u201eEine katholische Grundschule mit christlicher Orientierung, die Offenheit und Wertsch\u00e4tzung lebt.\u201c<\/em><\/p>\n\n\n\n<hr class=\"wp-block-separator\" \/>\n\n\n\n<h3 class=\"has-text-align-center wp-block-heading\">Die Wilhelm-Niermann-Schule versteht sich als katholische Grundschule, die offen und einladend f\u00fcr alle ist, die eine christliche Orientierung in der Erziehung und Bildung wertsch\u00e4tzen.<\/h3>\n\n\n\n<p class=\"has-text-align-center\">Unser Ziel ist es, die Sch\u00fclerinnen und Sch\u00fcler in ihrer schulischen und menschlichen Entwicklung zu begleiten und ihnen Kompetenzen zu vermitteln, die sie zur Selbstverantwortung und zur Verantwortung f\u00fcr andere bef\u00e4higen.<\/p>\n\n\n\n<hr class=\"wp-block-separator\" \/>\n\n\n\n<h3 class=\"has-text-align-center wp-block-heading\"><strong>Unsere Grunds\u00e4tze<\/strong><\/h3>\n\n\n\n<h4 class=\"has-text-align-center wp-block-heading\"><strong><em>Grundhaltung<\/em><\/strong><\/h4>\n\n\n\n<p class=\"has-text-align-center\">Wir begegnen einander offen und ehrlich in gegenseitiger Wertsch\u00e4tzung.<\/p>\n\n\n\n<h4 class=\"has-text-align-center wp-block-heading\"><strong><em>Verantwortung<\/em><\/strong><\/h4>\n\n\n\n<p class=\"has-text-align-center\">Wir tragen Verantwortung f\u00fcr die individuelle Entfaltung und Entwicklung der Kinder.<\/p>\n\n\n\n<h4 class=\"has-text-align-center wp-block-heading\"><strong><em>Lehren und Lernen<\/em><\/strong><\/h4>\n\n\n\n<p class=\"has-text-align-center\">Wir wollen die Sch\u00fclerinnen und Sch\u00fcler auf zuk\u00fcnftige Aufgaben vorbereiten, Freude am Lernen wecken und ihre Eigeninitiative st\u00e4rken. Ein sch\u00fclergerechtes Umfeld ist dabei essenziell.<\/p>\n\n\n\n<h4 class=\"has-text-align-center wp-block-heading\"><strong><em>Lebensfreude<\/em><\/strong><\/h4>\n\n\n\n<p class=\"has-text-align-center\">Wir schaffen eine freundliche und entspannte Atmosph\u00e4re, damit sich alle in der Schule wohlf\u00fchlen.<\/p>\n\n\n\n<h4 class=\"has-text-align-center wp-block-heading\"><strong><em>Kommunikation<\/em><\/strong><\/h4>\n\n\n\n<p class=\"has-text-align-center\">Wir pflegen eine sachliche, offene und respektvolle Kommunikation mit allen an der Schule Beteiligten.<\/p>\n\n\n\n<h4 class=\"has-text-align-center wp-block-heading\"><strong><em>Qualit\u00e4tssicherung<\/em><\/strong><\/h4>\n\n\n\n<p class=\"has-text-align-center\">Durch regelm\u00e4\u00dfige Reflexion und kritische Auseinandersetzung mit dem Unterricht sichern wir die Qualit\u00e4t unserer Schule.<\/p>\n\n\n\n<h4 class=\"has-text-align-center wp-block-heading\"><strong><em>Zukunftsorientierung<\/em><\/strong><\/h4>\n\n\n\n<p class=\"has-text-align-center\">Wir sind offen f\u00fcr Entwicklungen und Neuerungen und pr\u00fcfen diese kritisch auf ihre Tauglichkeit f\u00fcr unsere Arbeit.<\/p>\n","protected":false},"excerpt":{"rendered":"<p>Wir stellen uns vor: \u201eEine katholische Grundschule mit christlicher Orientierung, die Offenheit und Wertsch\u00e4tzung lebt.\u201c Die Wilhelm-Niermann-Schule versteht sich als katholische Grundschule, die offen und einladend f\u00fcr alle ist, die <a class=\"more-link\" href=\"https:\/\/wordpress.nibis.de\/gs-wini\/wir-stellen-uns-vor\/\">Continue Reading &rarr;<\/a><\/p>\n","protected":false},"author":9194251,"featured_media":0,"parent":0,"menu_order":0,"comment_status":"closed","ping_status":"closed","template":"","meta":{"footnotes":""},"class_list":["post-61","page","type-page","status-publish","hentry"],"_links":{"self":[{"href":"https:\/\/wordpress.nibis.de\/gs-wini\/wp-json\/wp\/v2\/pages\/61","targetHints":{"allow":["GET"]}}],"collection":[{"href":"https:\/\/wordpress.nibis.de\/gs-wini\/wp-json\/wp\/v2\/pages"}],"about":[{"href":"https:\/\/wordpress.nibis.de\/gs-wini\/wp-json\/wp\/v2\/types\/page"}],"author":[{"embeddable":true,"href":"https:\/\/wordpress.nibis.de\/gs-wini\/wp-json\/wp\/v2\/users\/9194251"}],"replies":[{"embeddable":true,"href":"https:\/\/wordpress.nibis.de\/gs-wini\/wp-json\/wp\/v2\/comments?post=61"}],"version-history":[{"count":6,"href":"https:\/\/wordpress.nibis.de\/gs-wini\/wp-json\/wp\/v2\/pages\/61\/revisions"}],"predecessor-version":[{"id":1081,"href":"https:\/\/wordpress.nibis.de\/gs-wini\/wp-json\/wp\/v2\/pages\/61\/revisions\/1081"}],"wp:attachment":[{"href":"https:\/\/wordpress.nibis.de\/gs-wini\/wp-json\/wp\/v2\/media?parent=61"}],"curies":[{"name":"wp","href":"https:\/\/api.w.org\/{rel}","templated":true}]}}