{"id":856,"date":"2024-04-29T22:10:13","date_gmt":"2024-04-29T20:10:13","guid":{"rendered":"https:\/\/wordpress.nibis.de\/gs-wini\/?page_id=856"},"modified":"2025-04-30T07:42:24","modified_gmt":"2025-04-30T05:42:24","slug":"programm-sozialarbeit-an-schule","status":"publish","type":"page","link":"https:\/\/wordpress.nibis.de\/gs-wini\/programm-sozialarbeit-an-schule\/","title":{"rendered":"Programm: Sozialarbeit an Schule"},"content":{"rendered":"\n<h1 class=\"wp-block-heading\">Gemeinsam unterwegs: Unser Osterferienprogramm 2025<\/h1>\n\n\n\n<p id=\"block-527a90f4-ad17-44ec-8021-8661d43f2732\">In diesem Jahr hatten wir im Osterferienprogramm wieder viel Spa\u00df! Auf dem WiNi-Gel\u00e4nde gingen wir gemeinsam auf Ostereiersuche und erlebten spannende Tage. Ein besonderes Highlight war der Besuch im Altenheim: Dort haben wir zusammen mit den Bewohner:innen Waffeln gebacken und durften sogar einen Rollstuhl schieben. Au\u00dferdem stand ein spannender Besuch bei der Polizei auf dem Programm, und beim Eltern-Kind-Caf\u00e9 konnten wir den Ferientag entspannt gemeinsam ausklingen lassen.<\/p>\n\n\n\n<figure class=\"wp-block-gallery has-nested-images columns-default is-cropped wp-block-gallery-1 is-layout-flex wp-block-gallery-is-layout-flex\">\n<figure class=\"wp-block-image size-large\"><img loading=\"lazy\" decoding=\"async\" width=\"240\" height=\"320\" data-id=\"1163\" src=\"https:\/\/wordpress.nibis.de\/gs-wini\/files\/2025\/04\/image05-2-rotated.jpeg\" alt=\"\" class=\"wp-image-1163\" srcset=\"https:\/\/wordpress.nibis.de\/gs-wini\/files\/2025\/04\/image05-2-rotated.jpeg 240w, https:\/\/wordpress.nibis.de\/gs-wini\/files\/2025\/04\/image05-2-106x141.jpeg 106w\" sizes=\"auto, (max-width: 240px) 100vw, 240px\" \/><\/figure>\n\n\n\n<figure class=\"wp-block-image size-large\"><img loading=\"lazy\" decoding=\"async\" width=\"240\" height=\"320\" data-id=\"1162\" src=\"https:\/\/wordpress.nibis.de\/gs-wini\/files\/2025\/04\/image1-2-rotated.jpeg\" alt=\"\" class=\"wp-image-1162\" srcset=\"https:\/\/wordpress.nibis.de\/gs-wini\/files\/2025\/04\/image1-2-rotated.jpeg 240w, https:\/\/wordpress.nibis.de\/gs-wini\/files\/2025\/04\/image1-2-106x141.jpeg 106w\" sizes=\"auto, (max-width: 240px) 100vw, 240px\" \/><\/figure>\n\n\n\n<figure class=\"wp-block-image size-large\"><img loading=\"lazy\" decoding=\"async\" width=\"240\" height=\"320\" data-id=\"1164\" src=\"https:\/\/wordpress.nibis.de\/gs-wini\/files\/2025\/04\/image2-2-rotated.jpeg\" alt=\"\" class=\"wp-image-1164\" srcset=\"https:\/\/wordpress.nibis.de\/gs-wini\/files\/2025\/04\/image2-2-rotated.jpeg 240w, https:\/\/wordpress.nibis.de\/gs-wini\/files\/2025\/04\/image2-2-106x141.jpeg 106w\" sizes=\"auto, (max-width: 240px) 100vw, 240px\" \/><\/figure>\n\n\n\n<figure class=\"wp-block-image size-large\"><img loading=\"lazy\" decoding=\"async\" width=\"240\" height=\"320\" data-id=\"1166\" src=\"https:\/\/wordpress.nibis.de\/gs-wini\/files\/2025\/04\/image3-2-rotated.jpeg\" alt=\"\" class=\"wp-image-1166\" srcset=\"https:\/\/wordpress.nibis.de\/gs-wini\/files\/2025\/04\/image3-2-rotated.jpeg 240w, https:\/\/wordpress.nibis.de\/gs-wini\/files\/2025\/04\/image3-2-106x141.jpeg 106w\" sizes=\"auto, (max-width: 240px) 100vw, 240px\" \/><\/figure>\n\n\n\n<figure class=\"wp-block-image size-large\"><img loading=\"lazy\" decoding=\"async\" width=\"240\" height=\"320\" data-id=\"1167\" src=\"https:\/\/wordpress.nibis.de\/gs-wini\/files\/2025\/04\/image4-2-rotated.jpeg\" alt=\"\" class=\"wp-image-1167\" srcset=\"https:\/\/wordpress.nibis.de\/gs-wini\/files\/2025\/04\/image4-2-rotated.jpeg 240w, https:\/\/wordpress.nibis.de\/gs-wini\/files\/2025\/04\/image4-2-106x141.jpeg 106w\" sizes=\"auto, (max-width: 240px) 100vw, 240px\" \/><\/figure>\n\n\n\n<figure class=\"wp-block-image size-large\"><img loading=\"lazy\" decoding=\"async\" width=\"180\" height=\"320\" data-id=\"1165\" src=\"https:\/\/wordpress.nibis.de\/gs-wini\/files\/2025\/04\/IMG_6890-2.jpg\" alt=\"\" class=\"wp-image-1165\" srcset=\"https:\/\/wordpress.nibis.de\/gs-wini\/files\/2025\/04\/IMG_6890-2.jpg 180w, https:\/\/wordpress.nibis.de\/gs-wini\/files\/2025\/04\/IMG_6890-2-79x141.jpg 79w\" sizes=\"auto, (max-width: 180px) 100vw, 180px\" \/><\/figure>\n<figcaption class=\"blocks-gallery-caption\">(Text und Bild: Munise Ildim)<\/figcaption><\/figure>\n\n\n\n<p><strong>Unsere neuen Streitschlichter sind da!<\/strong><\/p>\n\n\n\n<p>Wir freuen uns sehr, dass ab den Herbstferien unsere neuen Streitschlichter aus den 4. Klassen ihre wichtige Arbeit aufgenommen haben. Insgesamt 10 engagierte Kinder haben in den letzten Wochen flei\u00dfig gelernt, wie man anderen bei Streitigkeiten helfen kann. Nach einer erfolgreichen Pr\u00fcfung sind sie nun offiziell als Streitschlichter im Einsatz!<\/p>\n\n\n\n<p>W\u00e4hrend der Pausen stehen sie euch auf dem Schulhof zur Seite, wenn es mal Unstimmigkeiten oder Konflikte gibt. Mit viel Einf\u00fchlungsverm\u00f6gen und geschulten Methoden sorgen sie daf\u00fcr, dass Probleme friedlich gel\u00f6st werden und das Miteinander auf unserem Schulhof harmonisch bleibt.<\/p>\n\n\n\n<p>Ein gro\u00dfes Dankesch\u00f6n an unsere neuen Streitschlichter f\u00fcr ihren Einsatz &#8211; ihr macht unsere Schule zu einem noch sch\u00f6neren Ort!<\/p>\n\n\n\n<p>Habt ihr einen Streit oder braucht Hilfe? Sprecht die Streitschlichter einfach an. Sie sind da, um euch zu unterst\u00fctzen!<\/p>\n\n\n\n<figure class=\"wp-block-image size-large is-resized\"><img loading=\"lazy\" decoding=\"async\" src=\"https:\/\/wordpress.nibis.de\/gs-wini\/files\/2024\/11\/4c0eae18-d41f-4de5-afeb-1918fcb7b503-1200x675.jpeg\" alt=\"\" class=\"wp-image-1010\" width=\"750\" height=\"422\" srcset=\"https:\/\/wordpress.nibis.de\/gs-wini\/files\/2024\/11\/4c0eae18-d41f-4de5-afeb-1918fcb7b503-1200x675.jpeg 1200w, https:\/\/wordpress.nibis.de\/gs-wini\/files\/2024\/11\/4c0eae18-d41f-4de5-afeb-1918fcb7b503-850x478.jpeg 850w\" sizes=\"auto, (max-width: 750px) 100vw, 750px\" \/><figcaption>Bild: Munise Ildem<\/figcaption><\/figure>\n\n\n\n<p><\/p>\n\n\n\n<p><strong>Sommerferienprogramm 2024: Ein Sommer voller Abenteuer!<\/strong><\/p>\n\n\n\n<figure class=\"wp-block-image size-full\"><img loading=\"lazy\" decoding=\"async\" width=\"1200\" height=\"1200\" src=\"https:\/\/wordpress.nibis.de\/gs-wini\/files\/2024\/08\/IMG_1072.jpeg\" alt=\"\" class=\"wp-image-975\" srcset=\"https:\/\/wordpress.nibis.de\/gs-wini\/files\/2024\/08\/IMG_1072.jpeg 1200w, https:\/\/wordpress.nibis.de\/gs-wini\/files\/2024\/08\/IMG_1072-141x141.jpeg 141w, https:\/\/wordpress.nibis.de\/gs-wini\/files\/2024\/08\/IMG_1072-768x768.jpeg 768w\" sizes=\"auto, (max-width: 1200px) 100vw, 1200px\" \/><\/figure>\n\n\n\n<p>In den Sommerferien 2024 hatten wir jede Menge Spa\u00df und haben viele spannende Aktivit\u00e4ten erlebt! Von einer aufregenden Runde Minigolf \u00fcber kreativen Bastel Stunden bis hin zu einem unvergesslichen Tag auf dem Bauernhof und vieles mehr &#8230; Unsere WiNi-Kinder konnten neue Freundschaften schlie\u00dfen, ihre Kreativit\u00e4t ausleben und die Natur hautnah erleben. Wir freuen uns schon auf die n\u00e4chsten Sommerferien! \ud83c\udf3b Text und Fotos: Munise Ildem<\/p>\n","protected":false},"excerpt":{"rendered":"<p>Gemeinsam unterwegs: Unser Osterferienprogramm 2025 In diesem Jahr hatten wir im Osterferienprogramm wieder viel Spa\u00df! Auf dem WiNi-Gel\u00e4nde gingen wir gemeinsam auf Ostereiersuche und erlebten spannende Tage. Ein besonderes Highlight <a class=\"more-link\" href=\"https:\/\/wordpress.nibis.de\/gs-wini\/programm-sozialarbeit-an-schule\/\">Continue Reading &rarr;<\/a><\/p>\n","protected":false},"author":9194251,"featured_media":0,"parent":0,"menu_order":0,"comment_status":"closed","ping_status":"closed","template":"","meta":{"footnotes":""},"class_list":["post-856","page","type-page","status-publish","hentry"],"_links":{"self":[{"href":"https:\/\/wordpress.nibis.de\/gs-wini\/wp-json\/wp\/v2\/pages\/856","targetHints":{"allow":["GET"]}}],"collection":[{"href":"https:\/\/wordpress.nibis.de\/gs-wini\/wp-json\/wp\/v2\/pages"}],"about":[{"href":"https:\/\/wordpress.nibis.de\/gs-wini\/wp-json\/wp\/v2\/types\/page"}],"author":[{"embeddable":true,"href":"https:\/\/wordpress.nibis.de\/gs-wini\/wp-json\/wp\/v2\/users\/9194251"}],"replies":[{"embeddable":true,"href":"https:\/\/wordpress.nibis.de\/gs-wini\/wp-json\/wp\/v2\/comments?post=856"}],"version-history":[{"count":6,"href":"https:\/\/wordpress.nibis.de\/gs-wini\/wp-json\/wp\/v2\/pages\/856\/revisions"}],"predecessor-version":[{"id":1171,"href":"https:\/\/wordpress.nibis.de\/gs-wini\/wp-json\/wp\/v2\/pages\/856\/revisions\/1171"}],"wp:attachment":[{"href":"https:\/\/wordpress.nibis.de\/gs-wini\/wp-json\/wp\/v2\/media?parent=856"}],"curies":[{"name":"wp","href":"https:\/\/api.w.org\/{rel}","templated":true}]}}