{"id":95,"date":"2023-09-13T22:42:58","date_gmt":"2023-09-13T20:42:58","guid":{"rendered":"https:\/\/wordpress.nibis.de\/gs-wini\/?page_id=95"},"modified":"2024-04-29T21:24:34","modified_gmt":"2024-04-29T19:24:34","slug":"buerozeiten","status":"publish","type":"page","link":"https:\/\/wordpress.nibis.de\/gs-wini\/buerozeiten\/","title":{"rendered":"Unterrichts-, Sprechzeiten und Sekretariat"},"content":{"rendered":"\n<p><strong>Unterrichtszeiten:<\/strong><\/p>\n\n\n\n<p>Der Unterricht beginnt von Montag bis Freitag um 08:00 Uhr. Bitte bringen Sie Ihr Kind p\u00fcnktlich um 8:00 Uhr zur Schule. Die verl\u00e4ssliche Grundschule endet f\u00fcr die 3. und 4. Klasse nach der 5. Stunde um 13:00 Uhr. F\u00fcr die 1. und 2. Klasse endet der Unterricht nach der vierten Stunde um 11:50 Uhr, es wird jedoch eine Betreuung bis 13:00 Uhr angeboten.<\/p>\n\n\n\n<p><strong>Sprechzeiten:<\/strong><\/p>\n\n\n\n<p>Sprechzeiten mit den Lehrkr\u00e4ften werden \u00fcber IServ oder telefonisch vereinbart.<\/p>\n\n\n\n<p><strong>Sekretariat:<\/strong><\/p>\n\n\n\n<p>Das Sekretariat wird von Nicole Meyer verwaltet.<\/p>\n\n\n\n<p>Kontakt \u00fcber E-Mail: &#83;&#x65;&#107;&#x72;&#101;&#x74;&#97;&#x72;&#105;&#x61;&#116;&#x40;&#103;&#x73;&#119;&#x69;&#110;&#x69;&#45;&#x64;&#101;&#x6c;&#46;&#x64;&#101; oder Festnetz: 04221\/50682<\/p>\n\n\n\n<p>Montag: 08.30 bis 11.00 Uhr<br>Dienstag: 08.30 bis 11.00 Uhr<br>Mittwoch: 08.30 bis 11.00 Uhr<br>Donnerstag: 08.30 bis 11.00 Uhr<br>Freitag: 08.30 bis 11.00 Uhr<\/p>\n","protected":false},"excerpt":{"rendered":"<p>Unterrichtszeiten: Der Unterricht beginnt von Montag bis Freitag um 08:00 Uhr. Bitte bringen Sie Ihr Kind p\u00fcnktlich um 8:00 Uhr zur Schule. Die verl\u00e4ssliche Grundschule endet f\u00fcr die 3. und <a class=\"more-link\" href=\"https:\/\/wordpress.nibis.de\/gs-wini\/buerozeiten\/\">Continue Reading &rarr;<\/a><\/p>\n","protected":false},"author":9194251,"featured_media":0,"parent":0,"menu_order":0,"comment_status":"closed","ping_status":"closed","template":"","meta":{"footnotes":""},"class_list":["post-95","page","type-page","status-publish","hentry"],"_links":{"self":[{"href":"https:\/\/wordpress.nibis.de\/gs-wini\/wp-json\/wp\/v2\/pages\/95","targetHints":{"allow":["GET"]}}],"collection":[{"href":"https:\/\/wordpress.nibis.de\/gs-wini\/wp-json\/wp\/v2\/pages"}],"about":[{"href":"https:\/\/wordpress.nibis.de\/gs-wini\/wp-json\/wp\/v2\/types\/page"}],"author":[{"embeddable":true,"href":"https:\/\/wordpress.nibis.de\/gs-wini\/wp-json\/wp\/v2\/users\/9194251"}],"replies":[{"embeddable":true,"href":"https:\/\/wordpress.nibis.de\/gs-wini\/wp-json\/wp\/v2\/comments?post=95"}],"version-history":[{"count":9,"href":"https:\/\/wordpress.nibis.de\/gs-wini\/wp-json\/wp\/v2\/pages\/95\/revisions"}],"predecessor-version":[{"id":850,"href":"https:\/\/wordpress.nibis.de\/gs-wini\/wp-json\/wp\/v2\/pages\/95\/revisions\/850"}],"wp:attachment":[{"href":"https:\/\/wordpress.nibis.de\/gs-wini\/wp-json\/wp\/v2\/media?parent=95"}],"curies":[{"name":"wp","href":"https:\/\/api.w.org\/{rel}","templated":true}]}}