{"id":627,"date":"2025-12-19T15:10:48","date_gmt":"2025-12-19T14:10:48","guid":{"rendered":"https:\/\/wordpress.nibis.de\/gsadloh\/?page_id=627"},"modified":"2026-02-18T11:06:48","modified_gmt":"2026-02-18T10:06:48","slug":"aktuelles-2","status":"publish","type":"page","link":"https:\/\/wordpress.nibis.de\/gsadloh\/aktuelles-2\/","title":{"rendered":"Aktuelles"},"content":{"rendered":"\n<div class=\"wp-block-media-text is-stacked-on-mobile\" style=\"grid-template-columns:65% auto\"><figure class=\"wp-block-media-text__media\"><img loading=\"lazy\" decoding=\"async\" width=\"1024\" height=\"853\" src=\"https:\/\/wordpress.nibis.de\/gsadloh\/files\/2026\/02\/2026_Fasching_Beitrag-2-1024x853.jpeg\" alt=\"\" class=\"wp-image-634 size-full\" srcset=\"https:\/\/wordpress.nibis.de\/gsadloh\/files\/2026\/02\/2026_Fasching_Beitrag-2-1024x853.jpeg 1024w, https:\/\/wordpress.nibis.de\/gsadloh\/files\/2026\/02\/2026_Fasching_Beitrag-2-300x250.jpeg 300w, https:\/\/wordpress.nibis.de\/gsadloh\/files\/2026\/02\/2026_Fasching_Beitrag-2-768x640.jpeg 768w, https:\/\/wordpress.nibis.de\/gsadloh\/files\/2026\/02\/2026_Fasching_Beitrag-2-100x83.jpeg 100w, https:\/\/wordpress.nibis.de\/gsadloh\/files\/2026\/02\/2026_Fasching_Beitrag-2-1536x1280.jpeg 1536w, https:\/\/wordpress.nibis.de\/gsadloh\/files\/2026\/02\/2026_Fasching_Beitrag-2.jpeg 1920w\" sizes=\"auto, (max-width: 1024px) 100vw, 1024px\" \/><\/figure><div class=\"wp-block-media-text__content\">\n<p class=\"has-large-font-size\">Fasching auf dem Loh<\/p>\n\n\n\n<p class=\"has-medium-font-size\">Am Rosenmontag haben wir mit der ganzen Schule Fasching gefeiert. In den Klassen wurde gefr\u00fchst\u00fcckt und es gab eine Modenschau, bei der wir unsere bunten Kost\u00fcme pr\u00e4sentiert haben. In der Turnhalle konnten wir uns bei vielen Spielen ordentlich austoben. In der Aula war unsere Disco. Dort haben wir zu Partymusik so richtig getanzt. Alle hatten viel Spa\u00df und haben viel gelacht. Es war sehr lustig! <\/p>\n<\/div><\/div>\n\n\n\n<div style=\"height:50px\" aria-hidden=\"true\" class=\"wp-block-spacer\"><\/div>\n\n\n\n<div class=\"wp-block-media-text has-media-on-the-right is-stacked-on-mobile is-vertically-aligned-top\" style=\"grid-template-columns:auto 64%\"><div class=\"wp-block-media-text__content\">\n<p class=\"has-large-font-size\">Weihnachten 2025<\/p>\n\n\n\n<p>Vielen Dank an die Aktion Sonnenstrahl, die auch 2025 wieder Kinderw\u00fcnsche erf\u00fcllt hat!<\/p>\n<\/div><figure class=\"wp-block-media-text__media\"><img loading=\"lazy\" decoding=\"async\" width=\"724\" height=\"1024\" src=\"https:\/\/wordpress.nibis.de\/gsadloh\/files\/2025\/12\/2025_Sonnenstrahl_klein-724x1024.jpeg\" alt=\"\" class=\"wp-image-628 size-full\" srcset=\"https:\/\/wordpress.nibis.de\/gsadloh\/files\/2025\/12\/2025_Sonnenstrahl_klein-724x1024.jpeg 724w, https:\/\/wordpress.nibis.de\/gsadloh\/files\/2025\/12\/2025_Sonnenstrahl_klein-212x300.jpeg 212w, https:\/\/wordpress.nibis.de\/gsadloh\/files\/2025\/12\/2025_Sonnenstrahl_klein-768x1086.jpeg 768w, https:\/\/wordpress.nibis.de\/gsadloh\/files\/2025\/12\/2025_Sonnenstrahl_klein-100x141.jpeg 100w, https:\/\/wordpress.nibis.de\/gsadloh\/files\/2025\/12\/2025_Sonnenstrahl_klein-1086x1536.jpeg 1086w, https:\/\/wordpress.nibis.de\/gsadloh\/files\/2025\/12\/2025_Sonnenstrahl_klein-1448x2048.jpeg 1448w, https:\/\/wordpress.nibis.de\/gsadloh\/files\/2025\/12\/2025_Sonnenstrahl_klein-scaled.jpeg 1811w\" sizes=\"auto, (max-width: 724px) 100vw, 724px\" \/><\/figure><\/div>\n\n\n\n<p><\/p>\n","protected":false},"excerpt":{"rendered":"<p>Fasching auf dem Loh Am Rosenmontag haben wir mit der ganzen Schule Fasching gefeiert. In den Klassen wurde gefr\u00fchst\u00fcckt und es gab eine Modenschau, bei der wir unsere bunten Kost\u00fcme pr\u00e4sentiert haben. In der Turnhalle konnten wir uns bei vielen Spielen ordentlich austoben. In der Aula war unsere Disco. Dort haben wir zu Partymusik so [&hellip;]<\/p>\n","protected":false},"author":9194387,"featured_media":0,"parent":0,"menu_order":0,"comment_status":"closed","ping_status":"closed","template":"","meta":{"footnotes":""},"class_list":["post-627","page","type-page","status-publish","hentry"],"_links":{"self":[{"href":"https:\/\/wordpress.nibis.de\/gsadloh\/wp-json\/wp\/v2\/pages\/627","targetHints":{"allow":["GET"]}}],"collection":[{"href":"https:\/\/wordpress.nibis.de\/gsadloh\/wp-json\/wp\/v2\/pages"}],"about":[{"href":"https:\/\/wordpress.nibis.de\/gsadloh\/wp-json\/wp\/v2\/types\/page"}],"author":[{"embeddable":true,"href":"https:\/\/wordpress.nibis.de\/gsadloh\/wp-json\/wp\/v2\/users\/9194387"}],"replies":[{"embeddable":true,"href":"https:\/\/wordpress.nibis.de\/gsadloh\/wp-json\/wp\/v2\/comments?post=627"}],"version-history":[{"count":7,"href":"https:\/\/wordpress.nibis.de\/gsadloh\/wp-json\/wp\/v2\/pages\/627\/revisions"}],"predecessor-version":[{"id":640,"href":"https:\/\/wordpress.nibis.de\/gsadloh\/wp-json\/wp\/v2\/pages\/627\/revisions\/640"}],"wp:attachment":[{"href":"https:\/\/wordpress.nibis.de\/gsadloh\/wp-json\/wp\/v2\/media?parent=627"}],"curies":[{"name":"wp","href":"https:\/\/api.w.org\/{rel}","templated":true}]}}