{"id":95,"date":"2024-05-17T10:41:24","date_gmt":"2024-05-17T08:41:24","guid":{"rendered":"https:\/\/wordpress.nibis.de\/gsadloh\/?page_id=95"},"modified":"2025-12-19T15:07:31","modified_gmt":"2025-12-19T14:07:31","slug":"aktuelles","status":"publish","type":"page","link":"https:\/\/wordpress.nibis.de\/gsadloh\/aktuelles\/","title":{"rendered":"Aktuelles 2024"},"content":{"rendered":"\n<p>Neues auf dem Loh:<\/p>\n\n\n\n<p class=\"has-large-font-size\"><strong>21. Januar 2025<\/strong><\/p>\n\n\n\n<div class=\"wp-block-columns is-layout-flex wp-container-core-columns-is-layout-d0b3c9c8 wp-block-columns-is-layout-flex\">\n<div class=\"wp-block-column is-layout-flow wp-block-column-is-layout-flow\" style=\"--col-width:66.66%;flex-basis:66.66%\">\n<figure class=\"wp-block-image size-large\"><img loading=\"lazy\" decoding=\"async\" width=\"1024\" height=\"629\" src=\"https:\/\/wordpress.nibis.de\/gsadloh\/files\/2024\/12\/24_12_English-theatre-January-25_Seite_2-1024x629.jpg\" alt=\"\" class=\"wp-image-569\" srcset=\"https:\/\/wordpress.nibis.de\/gsadloh\/files\/2024\/12\/24_12_English-theatre-January-25_Seite_2-1024x629.jpg 1024w, https:\/\/wordpress.nibis.de\/gsadloh\/files\/2024\/12\/24_12_English-theatre-January-25_Seite_2-300x184.jpg 300w, https:\/\/wordpress.nibis.de\/gsadloh\/files\/2024\/12\/24_12_English-theatre-January-25_Seite_2-768x472.jpg 768w, https:\/\/wordpress.nibis.de\/gsadloh\/files\/2024\/12\/24_12_English-theatre-January-25_Seite_2-1536x943.jpg 1536w, https:\/\/wordpress.nibis.de\/gsadloh\/files\/2024\/12\/24_12_English-theatre-January-25_Seite_2.jpg 2027w\" sizes=\"auto, (max-width: 1024px) 100vw, 1024px\" \/><\/figure>\n\n\n\n<figure class=\"wp-block-image size-large\"><img loading=\"lazy\" decoding=\"async\" width=\"1024\" height=\"576\" src=\"https:\/\/wordpress.nibis.de\/gsadloh\/files\/2024\/12\/24_12_English-theatre-January-25_Seite_3-1024x576.jpg\" alt=\"\" class=\"wp-image-570\" srcset=\"https:\/\/wordpress.nibis.de\/gsadloh\/files\/2024\/12\/24_12_English-theatre-January-25_Seite_3-1024x576.jpg 1024w, https:\/\/wordpress.nibis.de\/gsadloh\/files\/2024\/12\/24_12_English-theatre-January-25_Seite_3-300x169.jpg 300w, https:\/\/wordpress.nibis.de\/gsadloh\/files\/2024\/12\/24_12_English-theatre-January-25_Seite_3-768x432.jpg 768w, https:\/\/wordpress.nibis.de\/gsadloh\/files\/2024\/12\/24_12_English-theatre-January-25_Seite_3-1536x864.jpg 1536w, https:\/\/wordpress.nibis.de\/gsadloh\/files\/2024\/12\/24_12_English-theatre-January-25_Seite_3-2048x1152.jpg 2048w\" sizes=\"auto, (max-width: 1024px) 100vw, 1024px\" \/><\/figure>\n\n\n\n<figure class=\"wp-block-image size-large\"><img loading=\"lazy\" decoding=\"async\" width=\"1024\" height=\"576\" src=\"https:\/\/wordpress.nibis.de\/gsadloh\/files\/2024\/12\/24_12_English-theatre-January-25_Seite_4-1024x576.jpg\" alt=\"\" class=\"wp-image-571\" srcset=\"https:\/\/wordpress.nibis.de\/gsadloh\/files\/2024\/12\/24_12_English-theatre-January-25_Seite_4-1024x576.jpg 1024w, https:\/\/wordpress.nibis.de\/gsadloh\/files\/2024\/12\/24_12_English-theatre-January-25_Seite_4-300x169.jpg 300w, https:\/\/wordpress.nibis.de\/gsadloh\/files\/2024\/12\/24_12_English-theatre-January-25_Seite_4-768x432.jpg 768w, https:\/\/wordpress.nibis.de\/gsadloh\/files\/2024\/12\/24_12_English-theatre-January-25_Seite_4-1536x864.jpg 1536w, https:\/\/wordpress.nibis.de\/gsadloh\/files\/2024\/12\/24_12_English-theatre-January-25_Seite_4-2048x1152.jpg 2048w\" sizes=\"auto, (max-width: 1024px) 100vw, 1024px\" \/><\/figure>\n<\/div>\n\n\n\n<div class=\"wp-block-column is-layout-flow wp-block-column-is-layout-flow\" style=\"--col-width:33.33%;flex-basis:33.33%\">\n<p class=\"has-large-font-size\"><strong>Vorhang auf!<\/strong><\/p>\n\n\n\n<p>Das neue Jahr begr\u00fc\u00dfen wir mit einem englischen Theaterst\u00fcck f\u00fcr alle 3. und 4. Klassen. Im Rahmen unseres Engagements im Erasmus-Konsortium empfangen wir im Januar eine irische Theatergruppe bei uns auf dem Loh. Der strenge Admiral O \u00b4Huggme und der furchterregende Pirat Jackie werden uns auf hohe See entf\u00fchren. Wir freuen uns auf Besuch aus Irland!<\/p>\n<\/div>\n<\/div>\n\n\n\n<p class=\"has-large-font-size\"><strong>19. Dezember<\/strong><\/p>\n\n\n\n<div class=\"wp-block-columns is-layout-flex wp-container-core-columns-is-layout-d0b3c9c8 wp-block-columns-is-layout-flex\">\n<div class=\"wp-block-column is-layout-flow wp-block-column-is-layout-flow\">\n<p>Heute haben wir eine ganz besondere Weihnachtsfeier gehabt. Dank der <a href=\"https:\/\/www.aktionsonnenstrahl.de\" data-type=\"URL\" data-id=\"https:\/\/www.aktionsonnenstrahl.de\">Aktion Sonnenstrahl e.V.<\/a> hat jedes Kind einen Wunsch erf\u00fcllt bekommen. Wir sagen im Namen aller Kinder auf dem Loh: Vielen Dank!! <\/p>\n<\/div>\n\n\n\n<div class=\"wp-block-column is-layout-flow wp-block-column-is-layout-flow\">\n<figure class=\"wp-block-image size-large\"><img loading=\"lazy\" decoding=\"async\" width=\"1024\" height=\"1024\" src=\"https:\/\/wordpress.nibis.de\/gsadloh\/files\/2025\/01\/24_12_Weihnachtsaktion-1024x1024.jpeg\" alt=\"\" class=\"wp-image-579\" srcset=\"https:\/\/wordpress.nibis.de\/gsadloh\/files\/2025\/01\/24_12_Weihnachtsaktion-1024x1024.jpeg 1024w, https:\/\/wordpress.nibis.de\/gsadloh\/files\/2025\/01\/24_12_Weihnachtsaktion-300x300.jpeg 300w, https:\/\/wordpress.nibis.de\/gsadloh\/files\/2025\/01\/24_12_Weihnachtsaktion-150x150.jpeg 150w, https:\/\/wordpress.nibis.de\/gsadloh\/files\/2025\/01\/24_12_Weihnachtsaktion-768x768.jpeg 768w, https:\/\/wordpress.nibis.de\/gsadloh\/files\/2025\/01\/24_12_Weihnachtsaktion-1536x1536.jpeg 1536w, https:\/\/wordpress.nibis.de\/gsadloh\/files\/2025\/01\/24_12_Weihnachtsaktion-2048x2048.jpeg 2048w\" sizes=\"auto, (max-width: 1024px) 100vw, 1024px\" \/><\/figure>\n<\/div>\n<\/div>\n\n\n\n<p class=\"has-large-font-size\"><strong>4. Dezember<\/strong><\/p>\n\n\n\n<div class=\"wp-block-columns is-layout-flex wp-container-core-columns-is-layout-d0b3c9c8 wp-block-columns-is-layout-flex\">\n<div class=\"wp-block-column is-layout-flow wp-block-column-is-layout-flow\">\n<p><strong><q>Projekttag mit dem Sch\u00fclerrat<\/q><br><\/strong><br><q>Mitten in der trubeligen Vorweihnachtszeit hat sich der Sch\u00fclerrat die Zeit&nbsp;genommen, im Rahmen eines Projekttages \u00fcber kommunale Politik zu lernen.&nbsp;So haben wir diskutiert, welche Politikerinnen und Politiker eigentlich daf\u00fcr&nbsp;zust\u00e4ndig sind, was in den Schulen auf dem Lehrplan steht. Das sind die vom&nbsp;<\/q><br><q>Land Niedersachsen! Wie die Schulgeb\u00e4ude und Schulh\u00f6fe aussehen \u2013 das wird&nbsp;<\/q><br><q>innerhalb der Stadt Hannover entschieden. Und der Bundestag ist dann f\u00fcr die&nbsp;ganz gro\u00dfen Themen zust\u00e4ndig, wie zum Beispiel die Au\u00dfenpolitik.<\/q><br><q>Wir haben Besuch bekommen von Felix M\u00f6nkemeyer. Er sitzt ehrenamtlich im&nbsp;<\/q><q>Stadtrat und bespricht dort mit den anderen gew\u00e4hlten Politikerinnen und&nbsp;<\/q><q>Politikern die Themen, die die Stadt Hannover betreffen: Wie sollen unsere&nbsp;<\/q><br><q>Radwege aussehen? Gibt es ausreichend Parks und Gr\u00fcnfl\u00e4chen und Spielpl\u00e4tze f\u00fcr&nbsp;<\/q><q>die Kinder? Das sind nur einige Bereiche, \u00fcber die dort gesprochen wird.<\/q><\/p>\n\n\n\n<p><q>Wir haben ge\u00fcbt f\u00fcr Antr\u00e4ge, die an den Stadtrat gestellt werden,&nbsp;abzustimmen. Vorher haben wir Argumente daf\u00fcr und dagegen gesammelt. Denn&nbsp;schlie\u00dflich ist es wichtig, sich eine Meinung zu einem Thema zu bilden, \u00fcber&nbsp;das man vielleicht nicht so gut Bescheid wei\u00df.<\/q><br><q>Und wir haben selber Ideen formuliert, die in den \u201eAusschuss f\u00fcr Schule und&nbsp;Bildung\u201c der Stadt Hannover gebracht werden sollen.<\/q><br><q>Vielen Dank an Greta und Martha von Politik zum Anfassen e.V., die f\u00fcr uns&nbsp;diesen spannenden Tag vorbereitet und durchgef\u00fchrt haben.<\/q><\/p>\n<\/div>\n\n\n\n<div class=\"wp-block-column is-layout-flow wp-block-column-is-layout-flow\">\n<figure class=\"wp-block-image size-full\"><img loading=\"lazy\" decoding=\"async\" width=\"1000\" height=\"1000\" src=\"https:\/\/wordpress.nibis.de\/gsadloh\/files\/2024\/12\/24_12_politik_zum_anfassen.jpeg\" alt=\"\" class=\"wp-image-558\" srcset=\"https:\/\/wordpress.nibis.de\/gsadloh\/files\/2024\/12\/24_12_politik_zum_anfassen.jpeg 1000w, https:\/\/wordpress.nibis.de\/gsadloh\/files\/2024\/12\/24_12_politik_zum_anfassen-300x300.jpeg 300w, https:\/\/wordpress.nibis.de\/gsadloh\/files\/2024\/12\/24_12_politik_zum_anfassen-150x150.jpeg 150w, https:\/\/wordpress.nibis.de\/gsadloh\/files\/2024\/12\/24_12_politik_zum_anfassen-768x768.jpeg 768w\" sizes=\"auto, (max-width: 1000px) 100vw, 1000px\" \/><\/figure>\n<\/div>\n<\/div>\n\n\n\n<p class=\"has-large-font-size\" style=\"font-style:normal;font-weight:600\">10. bis 14. Juni<\/p>\n\n\n\n<p>Die Grundschule Auf Dem Loh wird in diesem Jahr 125 Jahre alt. In der Projektwoche erarbeiten alle Kinder der Schule etwas zum Thema &#8222;Schule fr\u00fcher!&#8220;. Am Freitag zeigen wir dann auf dem Schulfest, was wir gemacht haben. Mehr Informationen zum Fest gibt es <a href=\"https:\/\/wordpress.nibis.de\/gsadloh\/2024\/06\/07\/125-grundschule-auf-dem-loh\/\" data-type=\"post\" data-id=\"381\">hier<\/a>. <\/p>\n\n\n\n<p class=\"has-large-font-size\"><strong>17. April<\/strong><\/p>\n\n\n\n<p>Heute wurde das neue Bild f\u00fcr den Schulplaner vorgestellt. Alle Kinder der Schule haben abgestimmt und Eriks Bild wurde ausgesucht. Darauf sieht man einen Schulbus, in dem alle Klassentiere mitfahren. Es haben sehr viele Kinder ein Bild gemalt und es war nicht einfach, nur ein Bild auszusuchen. Vielen Dank f\u00fcr Eure tollen Beitr\u00e4ge!<\/p>\n\n\n\n<div class=\"wp-block-group is-layout-constrained wp-block-group-is-layout-constrained\">\n<figure class=\"wp-block-gallery has-nested-images columns-default is-cropped wp-block-gallery-1 is-layout-flex wp-block-gallery-is-layout-flex\">\n<figure class=\"wp-block-image size-large\"><img decoding=\"async\" data-id=\"4296\" src=\"http:\/\/www.gs-auf-dem-loh.de\/wp-content\/uploads\/2024\/04\/IMG_9119-832x1024.jpeg\" alt=\"\" class=\"wp-image-4296\" \/><\/figure>\n\n\n\n<figure class=\"wp-block-image size-large\"><img decoding=\"async\" data-id=\"4293\" src=\"http:\/\/www.gs-auf-dem-loh.de\/wp-content\/uploads\/2024\/04\/IMG_9110-768x1024.jpeg\" alt=\"\" class=\"wp-image-4293\" \/><\/figure>\n\n\n\n<figure class=\"wp-block-image size-large\"><img decoding=\"async\" data-id=\"4295\" src=\"http:\/\/www.gs-auf-dem-loh.de\/wp-content\/uploads\/2024\/04\/IMG_9112-768x1024.jpeg\" alt=\"\" class=\"wp-image-4295\" \/><\/figure>\n\n\n\n<figure class=\"wp-block-image size-large\"><img decoding=\"async\" data-id=\"4297\" src=\"http:\/\/www.gs-auf-dem-loh.de\/wp-content\/uploads\/2024\/04\/IMG_9109-1024x768.jpeg\" alt=\"\" class=\"wp-image-4297\" \/><\/figure>\n\n\n\n<figure class=\"wp-block-image size-large\"><img decoding=\"async\" data-id=\"4294\" src=\"http:\/\/www.gs-auf-dem-loh.de\/wp-content\/uploads\/2024\/04\/IMG_9107-768x1024.jpeg\" alt=\"\" class=\"wp-image-4294\" \/><\/figure>\n\n\n\n<figure class=\"wp-block-image size-large\"><img decoding=\"async\" data-id=\"4298\" src=\"http:\/\/www.gs-auf-dem-loh.de\/wp-content\/uploads\/2024\/04\/IMG_9103-1024x768.jpeg\" alt=\"\" class=\"wp-image-4298\" \/><\/figure>\n<\/figure>\n<\/div>\n\n\n\n<p class=\"has-large-font-size\"><strong>16. April<\/strong><\/p>\n\n\n\n<p>Heute haben Kinder aus den Klassen 3 und 4 am gro\u00dfen Englisch Wettbewerb \u201e<a href=\"https:\/\/www.thebigchallenge.com\/de\/\">The Big Challenge<\/a>\u201c teilgenommen. In ganz Europa machen bei dem Wettbewerb viele hunderttausende Kinder von Klasse 3 bis 9 mit. Wir sind gespannt auf die Ergebnisse. <\/p>\n\n\n\n<figure class=\"wp-block-gallery has-nested-images columns-default is-cropped wp-block-gallery-2 is-layout-flex wp-block-gallery-is-layout-flex\">\n<figure class=\"wp-block-image size-large\"><img decoding=\"async\" data-id=\"4310\" src=\"http:\/\/www.gs-auf-dem-loh.de\/wp-content\/uploads\/2024\/04\/IMG_9086-768x1024.jpeg\" alt=\"\" class=\"wp-image-4310\" \/><\/figure>\n\n\n\n<figure class=\"wp-block-image size-large\"><img decoding=\"async\" data-id=\"4309\" src=\"http:\/\/www.gs-auf-dem-loh.de\/wp-content\/uploads\/2024\/04\/IMG_9085-1024x768.jpeg\" alt=\"\" class=\"wp-image-4309\" \/><\/figure>\n\n\n\n<figure class=\"wp-block-image size-large\"><img decoding=\"async\" data-id=\"4311\" src=\"http:\/\/www.gs-auf-dem-loh.de\/wp-content\/uploads\/2024\/04\/IMG_9090-1-1024x768.jpeg\" alt=\"\" class=\"wp-image-4311\" \/><\/figure>\n<\/figure>\n\n\n\n<p class=\"has-large-font-size\"><strong>10. Februar <\/strong><\/p>\n\n\n\n<p class=\"has-normal-font-size\">Viele Kinder sind auf der Demo f\u00fcr die Nordstadtbibliothek gewesen. Im Unterricht haben wir Plakate gestaltet und mitgebracht. Hier einige Beispiele:<\/p>\n\n\n\n<figure class=\"wp-block-gallery has-nested-images columns-default is-cropped wp-block-gallery-3 is-layout-flex wp-block-gallery-is-layout-flex\">\n<figure class=\"wp-block-image size-large\"><img decoding=\"async\" data-id=\"4278\" src=\"http:\/\/www.gs-auf-dem-loh.de\/wp-content\/uploads\/2024\/02\/IMG_0287-2-768x1024.jpeg\" alt=\"\" class=\"wp-image-4278\" \/><\/figure>\n\n\n\n<figure class=\"wp-block-image size-large\"><img decoding=\"async\" data-id=\"4277\" src=\"http:\/\/www.gs-auf-dem-loh.de\/wp-content\/uploads\/2024\/02\/IMG_0286-768x1024.jpeg\" alt=\"\" class=\"wp-image-4277\" \/><\/figure>\n<\/figure>\n\n\n\n<p class=\"has-large-font-size\"><strong>31. Januar<\/strong><\/p>\n\n\n\n<figure class=\"wp-block-image size-medium is-style-default\"><img decoding=\"async\" src=\"http:\/\/www.gs-auf-dem-loh.de\/wp-content\/uploads\/2024\/01\/23_01_Demo_Nordstadt-254x300.png\" alt=\"\" class=\"wp-image-4271\" \/><\/figure>\n\n\n\n<p>Unsere Nordstadtbibliothek soll geschlossen werden. Wir sind damit nicht einverstanden und demonstrieren daf\u00fcr, dass die Bibliothek erhalten bleibt. Sie ist wichtig f\u00fcr die Kinder auf dem Loh!<\/p>\n\n\n\n<p class=\"has-large-font-size\"><strong>15. Dezember<\/strong><\/p>\n\n\n\n<p>Feiern auf dem Loh! Gem\u00fctliches Beisammensein mit Punsch, Feuer und Gesang. Heute war die Weihnachtsfeier des Kollegiums auf dem Loh. Vielen Dank an alle, die auch in diesem Jahr das Leben und Lernen auf dem Loh erm\u00f6glicht haben. Wir w\u00fcnschen allen sch\u00f6ne Feiertage und einen Guten Rutsch in das neue Jahr!<\/p>\n\n\n\n<p><strong><p><strong>No Images.<\/strong><br\/>Please upload images in images manager section. Click on Manage Images button on the right side of the gallery settings.<br \/><strong>Please make sure that you didn't enabled option: Images of the Current Gallery. Option should have Show value to show images.<\/strong><\/p><\/strong><\/p>\n\n\n\n<p class=\"has-large-font-size\"><strong>01. Dezember <\/strong><\/p>\n\n\n\n<p>Heute haben wir wieder gebastelt. Vielen Dank an alle helfenden H\u00e4nde!<\/p>\n\n\n\n<p><strong><p><strong>No Images.<\/strong><br\/>Please upload images in images manager section. Click on Manage Images button on the right side of the gallery settings.<br \/><strong>Please make sure that you didn't enabled option: Images of the Current Gallery. Option should have Show value to show images.<\/strong><\/p><\/strong><\/p>\n\n\n\n<p class=\"has-large-font-size\">Herzlich Willkommen!<\/p>\n\n\n\n<p>Das neue Schuljahr hat begonnen. Wir haben am Samstag den 19. August die Einschulung der neuen ersten Klassen gefeiert. Die vierten Klassen haben eine tolle Feier vorbereitet und uns mit ihrem Zirkus zum Lachen und Staunen gebracht. Vielen Dank an alle, die geholfen haben! <\/p>\n\n\n<p><strong>No Images.<\/strong><br\/>Please upload images in images manager section. Click on Manage Images button on the right side of the gallery settings.<br \/><strong>Please make sure that you didn't enabled option: Images of the Current Gallery. Option should have Show value to show images.<\/strong><\/p>\n","protected":false},"excerpt":{"rendered":"<p>Neues auf dem Loh: 21. Januar 2025 Vorhang auf! Das neue Jahr begr\u00fc\u00dfen wir mit einem englischen Theaterst\u00fcck f\u00fcr alle 3. und 4. Klassen. Im Rahmen unseres Engagements im Erasmus-Konsortium empfangen wir im Januar eine irische Theatergruppe bei uns auf dem Loh. Der strenge Admiral O \u00b4Huggme und der furchterregende Pirat Jackie werden uns auf [&hellip;]<\/p>\n","protected":false},"author":9194387,"featured_media":588,"parent":0,"menu_order":0,"comment_status":"closed","ping_status":"closed","template":"","meta":{"footnotes":""},"class_list":["post-95","page","type-page","status-publish","has-post-thumbnail","hentry"],"_links":{"self":[{"href":"https:\/\/wordpress.nibis.de\/gsadloh\/wp-json\/wp\/v2\/pages\/95","targetHints":{"allow":["GET"]}}],"collection":[{"href":"https:\/\/wordpress.nibis.de\/gsadloh\/wp-json\/wp\/v2\/pages"}],"about":[{"href":"https:\/\/wordpress.nibis.de\/gsadloh\/wp-json\/wp\/v2\/types\/page"}],"author":[{"embeddable":true,"href":"https:\/\/wordpress.nibis.de\/gsadloh\/wp-json\/wp\/v2\/users\/9194387"}],"replies":[{"embeddable":true,"href":"https:\/\/wordpress.nibis.de\/gsadloh\/wp-json\/wp\/v2\/comments?post=95"}],"version-history":[{"count":12,"href":"https:\/\/wordpress.nibis.de\/gsadloh\/wp-json\/wp\/v2\/pages\/95\/revisions"}],"predecessor-version":[{"id":626,"href":"https:\/\/wordpress.nibis.de\/gsadloh\/wp-json\/wp\/v2\/pages\/95\/revisions\/626"}],"wp:featuredmedia":[{"embeddable":true,"href":"https:\/\/wordpress.nibis.de\/gsadloh\/wp-json\/wp\/v2\/media\/588"}],"wp:attachment":[{"href":"https:\/\/wordpress.nibis.de\/gsadloh\/wp-json\/wp\/v2\/media?parent=95"}],"curies":[{"name":"wp","href":"https:\/\/api.w.org\/{rel}","templated":true}]}}