{"id":102,"date":"2018-07-28T13:22:06","date_gmt":"2018-07-28T11:22:06","guid":{"rendered":"http:\/\/wordpress.nibis.de\/gsahlem\/?page_id=102"},"modified":"2026-01-02T22:57:10","modified_gmt":"2026-01-02T21:57:10","slug":"ferienuebersicht","status":"publish","type":"page","link":"https:\/\/wordpress.nibis.de\/gsahlem\/elterninformationen\/ferienuebersicht\/","title":{"rendered":"Ausgabe der Zeugnisse"},"content":{"rendered":"<p><strong>Halbjahres-Zeugnisse (f\u00fcr Schuljahrg\u00e4nge 2, 3 und 4) Freitag, 31. Januar 2025<br \/><\/strong><\/p>\r\n<p>Sch\u00fcler*innen der 1. Klasse erhalten noch kein Zeugnis.<\/p>\r\n<p>&nbsp;<\/p>\r\n<p><strong>Ganzjahres-Zeugnisse (alle Schuljahrg\u00e4nge) Mittwoch, 02. Juli 2025<\/strong><\/p>\r\n<p>&nbsp;<\/p>\r\n<p><strong>Beendigung des Unterrichts am letzten Schultag vor den Ferien<\/strong><br \/>Am letzten Tag vor den Ferien innerhalb eines Schuljahres schlie\u00dft der Unterricht nach der letzten stundenplanm\u00e4\u00dfigen Unterrichtsstunde. Am letzten Schultag vor den Halbjahresferien und vor den Sommerferien ist Unterrichtsschluss nach der 3. Unterrichtsstunde (11:05 Uhr).<\/p>\r\n<p>&nbsp;<\/p>\r\n<!-- \/wp:post-content -->\r\n\r\n<!-- wp:image {\"id\":300} -->\r\n<figure class=\"wp-block-image\"><\/figure>\r\n<!-- wp:paragraph -->\r\n<p>Hier finden sie eine \u00dcbersicht zum Jahreskalender Schulferien und gesetzliche Feiertage in Niedersachsen<\/p>\r\n<!-- \/wp:paragraph -->\r\n\r\n<!-- wp:image {\"id\":300} \/-->\r\n\r\n<!-- wp:paragraph -->\r\n<p><a href=\"https:\/\/www.schulferien.org\/Niedersachsen\/niedersachsen.html\">https:\/\/www.schulferien.org\/Niedersachsen\/niedersachsen.html<\/a><\/p><!-- \/wp:paragraph -->","protected":false},"excerpt":{"rendered":"<p>Halbjahres-Zeugnisse (f\u00fcr Schuljahrg\u00e4nge 2, 3 und 4) Freitag, 31. Januar 2025 Sch\u00fcler*innen der 1. Klasse erhalten noch kein Zeugnis. &nbsp; Ganzjahres-Zeugnisse (alle Schuljahrg\u00e4nge) Mittwoch, 02. Juli 2025 &nbsp; Beendigung des Unterrichts am letzten Schultag vor den FerienAm letzten Tag vor den Ferien innerhalb eines Schuljahres schlie\u00dft der Unterricht nach der letzten stundenplanm\u00e4\u00dfigen Unterrichtsstunde. Am letzten [&hellip;]<\/p>\n","protected":false},"author":9192592,"featured_media":0,"parent":88,"menu_order":0,"comment_status":"closed","ping_status":"closed","template":"","meta":{"footnotes":""},"class_list":["post-102","page","type-page","status-publish","hentry"],"_links":{"self":[{"href":"https:\/\/wordpress.nibis.de\/gsahlem\/wp-json\/wp\/v2\/pages\/102","targetHints":{"allow":["GET"]}}],"collection":[{"href":"https:\/\/wordpress.nibis.de\/gsahlem\/wp-json\/wp\/v2\/pages"}],"about":[{"href":"https:\/\/wordpress.nibis.de\/gsahlem\/wp-json\/wp\/v2\/types\/page"}],"author":[{"embeddable":true,"href":"https:\/\/wordpress.nibis.de\/gsahlem\/wp-json\/wp\/v2\/users\/9192592"}],"replies":[{"embeddable":true,"href":"https:\/\/wordpress.nibis.de\/gsahlem\/wp-json\/wp\/v2\/comments?post=102"}],"version-history":[{"count":24,"href":"https:\/\/wordpress.nibis.de\/gsahlem\/wp-json\/wp\/v2\/pages\/102\/revisions"}],"predecessor-version":[{"id":3769,"href":"https:\/\/wordpress.nibis.de\/gsahlem\/wp-json\/wp\/v2\/pages\/102\/revisions\/3769"}],"up":[{"embeddable":true,"href":"https:\/\/wordpress.nibis.de\/gsahlem\/wp-json\/wp\/v2\/pages\/88"}],"wp:attachment":[{"href":"https:\/\/wordpress.nibis.de\/gsahlem\/wp-json\/wp\/v2\/media?parent=102"}],"curies":[{"name":"wp","href":"https:\/\/api.w.org\/{rel}","templated":true}]}}